{"id":217995,"date":"2024-04-10T17:54:08","date_gmt":"2024-04-10T15:54:08","guid":{"rendered":"https:\/\/desdropi.com\/elparque\/?post_type=product&#038;p=217995"},"modified":"2024-05-17T13:02:59","modified_gmt":"2024-05-17T11:02:59","slug":"smartphone-samsung-s23-fe-8-256-64-purple","status":"publish","type":"product","link":"https:\/\/desdropi.com\/elparque\/smartphone-samsung-s23-fe-8-256-64-purple\/","title":{"rendered":"SMARTPHONE SAMSUNG S23 FE 8\/256 6,4&#8243; PURPLE"},"content":{"rendered":"<div class=\"descripcion-tab\">\n<strong>NOMBRE DEL PRODUCTO<\/strong><br \/>\nMarca SAMSUNG<br \/>\nModelo SM-S711BZPGEUB<br \/>\nEAN8806095137063<br \/>\n<strong>Procesador<\/strong><\/p>\n<ul>\n<li>Familia de procesador Samsung Exynos<\/li>\n<li>Modelo del procesador 2200<\/li>\n<li>N\u00famero de n\u00facleos de procesador 8<\/li>\n<li>Frecuencia del procesador 2,8<\/li>\n<\/ul>\n<p><strong>Exhibici\u00f3n<\/strong><\/p>\n<ul>\n<li>M\u00e1xima velocidad de actualizaci\u00f3n 120<\/li>\n<li>N\u00famero de colores de la pantalla 16 millones de colores<\/li>\n<li>Resoluci\u00f3n de la pantalla 1080 x 2340<\/li>\n<li>Gorilla Glass version Gorilla Glass 5<\/li>\n<li>Forma de la pantalla Plana<\/li>\n<li>Tipo de visualizador AMOLED<\/li>\n<li>Tipo de cristal de pantalla Gorilla Glass<\/li>\n<li>Display technology marketing name Dynamic AMOLED 2X<\/li>\n<li>Tama\u00f1o de la pantalla 16,3<\/li>\n<\/ul>\n<p><strong>Puertos e Interfaces<\/strong><\/p>\n<ul>\n<li>Auriculares USB Tipo C<\/li>\n<li>Conector USB USB Tipo C<\/li>\n<li>Versi\u00f3n USB 3.2 Gen 1 (3.1 Gen 1)<\/li>\n<li>Puerto USB S\u00ed<\/li>\n<\/ul>\n<p><strong>Peso y dimensiones<\/strong><\/p>\n<ul>\n<li>Altura 158<\/li>\n<li>Profundidad 8,2<\/li>\n<li>Ancho 76,5<\/li>\n<li>Peso 209<\/li>\n<\/ul>\n<p><strong>Medios de almacenaje<\/strong><\/p>\n<ul>\n<li>Memoria interna 256<\/li>\n<li>RAM interna 8<\/li>\n<li>Memoria del usuario 219,1<\/li>\n<\/ul>\n<p><strong>Navegaci\u00f3n<\/strong><\/p>\n<ul>\n<li>GLONASS S\u00ed<\/li>\n<li>GPS (sat\u00e9lite) S\u00ed<\/li>\n<li>GPS S\u00ed<\/li>\n<li>Galileo S\u00ed<\/li>\n<li>Sistema por Sat\u00e9lite Quasi-Zenith (QZSS) S\u00ed<\/li>\n<li>BeiDou S\u00ed<\/li>\n<\/ul>\n<p><strong>Software<\/strong><\/p>\n<ul>\n<li>Plataforma Android<\/li>\n<\/ul>\n<p><strong>C\u00e1mara fotogr\u00e1fica<\/strong><\/p>\n<ul>\n<li>Resoluci\u00f3n de captura de video 7680 x 4320<\/li>\n<li>Velocidad m\u00e1xima de cuadro 960<\/li>\n<li>Zoom \u00f3ptico 3<\/li>\n<li>Resoluci\u00f3n de la c\u00e1mara trasera (num\u00e9rica) 50<\/li>\n<li>Resoluci\u00f3n de la c\u00e1mara frontal (num\u00e9rica) 10<\/li>\n<li>Tipo de c\u00e1mara frontal C\u00e1mara \u00fanica<\/li>\n<li>Flash en c\u00e1mara trasera S\u00ed<\/li>\n<li>N\u00famero de diafragma de la tercera c\u00e1mara trasera2,4<\/li>\n<li>Tipo de c\u00e1mara trasera Triple c\u00e1mara<\/li>\n<li>Resoluci\u00f3n de la tercera c\u00e1mara trasera (num\u00e9rica) 8<\/li>\n<li>N\u00famero de apertura de la c\u00e1mara trasera 1,8<\/li>\n<li>Autoenfoque S\u00ed<\/li>\n<li>N\u00famero de apertura de la segunda c\u00e1mara trasera 2,2<\/li>\n<li>N\u00famero de apertura de la c\u00e1mara frontal 2,4<\/li>\n<li>Resoluci\u00f3n de la segunda c\u00e1mara trasera (num\u00e9rica) 12<\/li>\n<li>Zoom digital 30<\/li>\n<\/ul>\n<p><strong>Sensores<\/strong><\/p>\n<ul>\n<li>Sensor magnet\u00f3metro S\u00ed<\/li>\n<li>Giroscopio S\u00ed<\/li>\n<li>Sensor de proximidad S\u00ed<\/li>\n<li>Sensor de luz ambiental S\u00ed<\/li>\n<li>Aceler\u00f3metro S\u00ed<\/li>\n<li>Sensor geomagn\u00e9tico S\u00ed<\/li>\n<li>Bar\u00f3metro S\u00ed<\/li>\n<\/ul>\n<p><strong>Bater\u00eda<\/strong><\/p>\n<ul>\n<li>Tiempo de navegaci\u00f3n (4G) 19<\/li>\n<li>Tiempo de navegaci\u00f3n (Wi-Fi) 20<\/li>\n<li>Tiempo en conversaci\u00f3n (4G) 39<\/li>\n<li>Tiempo continuo de reproducci\u00f3n de audio 69<\/li>\n<li>Tiempo continuo de reproducci\u00f3n de video 22<\/li>\n<li>Capacidad de bater\u00eda 4500<\/li>\n<\/ul>\n<p><strong>Dise\u00f1o<\/strong><\/p>\n<ul>\n<li>Factor de forma Barra<\/li>\n<li>C\u00f3digo IP (International Protection) IP68<\/li>\n<li>Funciones de protecci\u00f3n Resistente al polvo, Resistente al agua<\/li>\n<li>Color del tel\u00e9fono P\u00farpura<\/li>\n<\/ul>\n<p><strong>Desempe\u00f1o<\/strong><\/p>\n<ul>\n<li>Lector de huella digital S\u00ed<\/li>\n<\/ul>\n<p><strong>Multimedia<\/strong><\/p>\n<ul>\n<li>Formatos de audio soportados3G A, AAC, AMR, APE, AWB, DFF, DSF, IMY, Semitorre, MIDI, MXMF, OGA, OGG, OTA, RTTTL, RTX, WAV, XMF<\/li>\n<li>Formatos de v\u00eddeo compatibles3G 2, 3GP, AVI, FLV, H.262, M4V, MKV, WEBM<\/li>\n<\/ul>\n<p><strong>Suscripci\u00f3n<\/strong><\/p>\n<ul>\n<li>Tipo de suscripci\u00f3n Sin suscripci\u00f3n<\/li>\n<\/ul>\n<p><strong>Conexi\u00f3n<\/strong><\/p>\n<ul>\n<li>Tipo de tarjeta SIMNano SIM + eSIM<\/li>\n<li>NFC S\u00ed<\/li>\n<li>Wi-Fi Direct S\u00ed<\/li>\n<li>Versi\u00f3n de Bluetooth5.3<\/li>\n<li>Est\u00e1ndar 5G Sub6 FDD, Sub6 TDD<\/li>\n<li>Est\u00e1ndar 4G LTE-TDD &amp; LTE-FDD<\/li>\n<li>Capacidad de la tarjeta SIM SIM doble<\/li>\n<li>Wi-Fi est\u00e1ndares 802.11a, 802.11b, 802.11g, Wi-Fi 4 (802.11n), Wi-Fi 5 (802.11ac), Wi-Fi 6 (802.11ax)<\/li>\n<li>Est\u00e1ndares 3G UMTS, WCDMA<\/li>\n<li>Wifi S\u00ed<\/li>\n<li>Bandas 3G soportadas 850,900,1900,2100<\/li>\n<li>Mobile network generation 5G<\/li>\n<li>Bandas 5G compatibles 700,800,850,900,1800,2100,2300,2500,2600,3500,3700<\/li>\n<li>Bluetooth S\u00ed<\/li>\n<li>Admite bandas 4G 700,800,850,900,1500,1800,1900,2100,2300,2500,2600<\/li>\n<\/ul>\n<\/div>\n","protected":false},"excerpt":{"rendered":"<p><span style=\"color: #ff0000;\"><strong>\u00a1ENV\u00cdO INCLUIDO!<\/strong><\/span><\/p>\n","protected":false},"featured_media":218007,"comment_status":"open","ping_status":"closed","template":"","meta":{"_joinchat":[]},"product_cat":[825,6479,6476,7133,795],"product_tag":[],"class_list":{"0":"post-217995","1":"product","2":"type-product","3":"status-publish","4":"has-post-thumbnail","6":"product_cat-pequeno-electrodomestico","7":"product_cat-smartphones-telefonos","8":"product_cat-telefonos","9":"product_cat-ofertas-smartphones","10":"product_cat-electronica","12":"first","13":"instock","14":"sale","15":"taxable","16":"shipping-taxable","17":"purchasable","18":"product-type-simple"},"_links":{"self":[{"href":"https:\/\/desdropi.com\/elparque\/wp-json\/wp\/v2\/product\/217995"}],"collection":[{"href":"https:\/\/desdropi.com\/elparque\/wp-json\/wp\/v2\/product"}],"about":[{"href":"https:\/\/desdropi.com\/elparque\/wp-json\/wp\/v2\/types\/product"}],"replies":[{"embeddable":true,"href":"https:\/\/desdropi.com\/elparque\/wp-json\/wp\/v2\/comments?post=217995"}],"version-history":[{"count":0,"href":"https:\/\/desdropi.com\/elparque\/wp-json\/wp\/v2\/product\/217995\/revisions"}],"wp:featuredmedia":[{"embeddable":true,"href":"https:\/\/desdropi.com\/elparque\/wp-json\/wp\/v2\/media\/218007"}],"wp:attachment":[{"href":"https:\/\/desdropi.com\/elparque\/wp-json\/wp\/v2\/media?parent=217995"}],"wp:term":[{"taxonomy":"product_cat","embeddable":true,"href":"https:\/\/desdropi.com\/elparque\/wp-json\/wp\/v2\/product_cat?post=217995"},{"taxonomy":"product_tag","embeddable":true,"href":"https:\/\/desdropi.com\/elparque\/wp-json\/wp\/v2\/product_tag?post=217995"}],"curies":[{"name":"wp","href":"https:\/\/api.w.org\/{rel}","templated":true}]}}