{"id":218015,"date":"2024-04-10T18:35:48","date_gmt":"2024-04-10T16:35:48","guid":{"rendered":"https:\/\/desdropi.com\/elparque\/?post_type=product&#038;p=218015"},"modified":"2024-05-17T13:02:59","modified_gmt":"2024-05-17T11:02:59","slug":"smartphone-redmi-note-13-pro-5g-8-256-667-ocean","status":"publish","type":"product","link":"https:\/\/desdropi.com\/elparque\/smartphone-redmi-note-13-pro-5g-8-256-667-ocean\/","title":{"rendered":"SMARTPHONE REDMI NOTE 13 PRO 5G 8\/256 6,67&#8243; OCEAN"},"content":{"rendered":"<div class=\"descripcion-tab\">\n<strong>NOMBRE DEL PRODUCTO<\/strong><br \/>\nMarca XIAOMI<br \/>\nModelo MZB0FFAEU<br \/>\nEAN6941812750674<br \/>\n<strong>Procesador<\/strong><\/p>\n<ul>\n<li>Familia de procesador Qualcomm Snapdragon<\/li>\n<li>Frecuencia del procesador turbo 2,4<\/li>\n<li>N\u00famero de n\u00facleos de procesador 8<\/li>\n<\/ul>\n<p><strong>Exhibici\u00f3n<\/strong><\/p>\n<ul>\n<li>Tipo de cristal de pantalla Gorilla Glass<\/li>\n<li>Forma de la pantalla Plana<\/li>\n<li>Raz\u00f3n de contraste (t\u00edpica) 5000000:1<\/li>\n<li>M\u00e1xima velocidad de actualizaci\u00f3n 120<\/li>\n<li>Resoluci\u00f3n de la pantalla 2712 x 1220<\/li>\n<li>Gorilla Glass version Gorilla Glass Victus<\/li>\n<li>Densidad del pixel 446<\/li>\n<li>Tama\u00f1o de la pantalla 16,9<\/li>\n<\/ul>\n<p><strong>Puertos e Interfaces<\/strong><\/p>\n<ul>\n<li>Puerto USB S\u00ed<\/li>\n<li>Conector USB USB Tipo C<\/li>\n<\/ul>\n<p><strong>Peso y dimensiones<\/strong><\/p>\n<ul>\n<li>Altura 161,2<\/li>\n<li>Profundidad 7,98<\/li>\n<li>Ancho 74,2<\/li>\n<li>Peso 187<\/li>\n<\/ul>\n<p><strong>Medios de almacenaje<\/strong><\/p>\n<ul>\n<li>RAM interna 8<\/li>\n<li>Memoria interna 256<\/li>\n<\/ul>\n<p><strong>Navegaci\u00f3n<\/strong><\/p>\n<ul>\n<li>Sistema por Sat\u00e9lite Quasi-Zenith (QZSS) S\u00ed<\/li>\n<li>GPS S\u00ed<\/li>\n<li>GLONASS S\u00ed<\/li>\n<li>Br\u00fajula electr\u00f3nica S\u00ed<\/li>\n<li>Posicionamiento de Wi-Fi S\u00ed<\/li>\n<li>BeiDou S\u00ed<\/li>\n<li>Galileo S\u00ed<\/li>\n<li>GPS (sat\u00e9lite) S\u00ed<\/li>\n<\/ul>\n<p><strong>Software<\/strong><\/p>\n<ul>\n<li>Operating system fork MIUI 14<\/li>\n<\/ul>\n<p><strong>C\u00e1mara fotogr\u00e1fica<\/strong><\/p>\n<ul>\n<li>Modo noche S\u00ed<\/li>\n<li>Tama\u00f1o de los p\u00edxeles de la c\u00e1mara trasera 2,24<\/li>\n<li>Modo de lapso de tiempo S\u00ed<\/li>\n<li>Tipo de estabilizador de imagen Optical Image Stabilization (OIS)<\/li>\n<li>Tipo de c\u00e1mara frontal C\u00e1mara \u00fanica<\/li>\n<li>Tama\u00f1o del sensor de la c\u00e1mara trasera 1\/1.4<\/li>\n<li>Tipo de c\u00e1mara trasera Triple c\u00e1mara<\/li>\n<li>Resoluci\u00f3n de la c\u00e1mara frontal (num\u00e9rica) 16<\/li>\n<li>Resoluci\u00f3n de la c\u00e1mara trasera (num\u00e9rica) 200<\/li>\n<li>Estabilizador de imagen S\u00ed<\/li>\n<li>Elementos de la lente de la c\u00e1mara trasera Lente de 7 elementos<\/li>\n<li>N\u00famero de apertura de la c\u00e1mara trasera 1,65<\/li>\n<li>Resoluci\u00f3n de la tercera c\u00e1mara trasera (num\u00e9rica) 2<\/li>\n<li>Flash en c\u00e1mara trasera S\u00ed<\/li>\n<li>Resoluci\u00f3n de la segunda c\u00e1mara trasera (num\u00e9rica) 8<\/li>\n<\/ul>\n<p><strong>Contenido del embalaje<\/strong><\/p>\n<ul>\n<li>Ejection pin S\u00ed<\/li>\n<li>Cables incluidos USB Tipo C<\/li>\n<li>Funda protectora S\u00ed<\/li>\n<li>Gu\u00eda de configuraci\u00f3n r\u00e1pida S\u00ed<\/li>\n<li>Adaptador AC incluido S\u00ed<\/li>\n<\/ul>\n<p><strong>Sensores<\/strong><\/p>\n<ul>\n<li>Sensor de luz ambiental S\u00ed<\/li>\n<li>Giroscopio S\u00ed<\/li>\n<li>Aceler\u00f3metro S\u00ed<\/li>\n<li>Sensor de distancia S\u00ed<\/li>\n<\/ul>\n<p><strong>Bater\u00eda<\/strong><\/p>\n<ul>\n<li>bater\u00eda extra\u00edble No<\/li>\n<li>Tecnolog\u00eda de bater\u00eda Pol\u00edmero de litio<\/li>\n<li>Capacidad de bater\u00eda 5100<\/li>\n<\/ul>\n<p><strong>Dise\u00f1o<\/strong><\/p>\n<ul>\n<li>Factor de forma Barra<\/li>\n<li>Color del tel\u00e9fono Azul<\/li>\n<\/ul>\n<p><strong>Desempe\u00f1o<\/strong><\/p>\n<ul>\n<li>Lector de huella digital S\u00ed<\/li>\n<li>Fast charging technology Power Delivery<\/li>\n<li>Carga r\u00e1pida S\u00ed<\/li>\n<\/ul>\n<p><strong>Multimedia<\/strong><\/p>\n<ul>\n<li>Formatos de audio soportados AAC, AMR, APE, AWB, FLAC, MP3, OGG, WAV<\/li>\n<li>Formatos de v\u00eddeo compatibles 3G P, ASF, AVI, MKV, MP4, WEBM, WMV<\/li>\n<\/ul>\n<p><strong>Conexi\u00f3n<\/strong><\/p>\n<ul>\n<li>NFC S\u00ed<\/li>\n<li>Est\u00e1ndar 4G LTE-TDD &amp; LTE-FDD<\/li>\n<li>Wifi S\u00ed<\/li>\n<li>Perfiles de Bluetooth AAC, LDAC, SBC<\/li>\n<li>Tipo de tarjeta SIM NanoSIM<\/li>\n<li>Versi\u00f3n de Bluetooth 5.2<\/li>\n<li>Mobile network generation 5G<\/li>\n<li>Wi-Fi est\u00e1ndares 802.11a, 802.11b, 802.11g, Wi-Fi 4 (802.11n), Wi-Fi 5 (802.11ac)<\/li>\n<li>Wi-Fi Direct S\u00ed<\/li>\n<li>Bluetooth S\u00ed<\/li>\n<li>Est\u00e1ndares 3G WCDMA<\/li>\n<li>MIMO S\u00ed<\/li>\n<li>Capacidad de la tarjeta SIM SIM doble<\/li>\n<\/ul>\n<p>&lt;\/div&lt;<\/p>\n<\/div>\n","protected":false},"excerpt":{"rendered":"<p><span style=\"color: #ff0000;\"><strong>\u00a1ENV\u00cdO GRATIS!<\/strong><\/span><\/p>\n","protected":false},"featured_media":218016,"comment_status":"open","ping_status":"closed","template":"","meta":{"_joinchat":[]},"product_cat":[825,6479,6476,7133,795],"product_tag":[],"class_list":{"0":"post-218015","1":"product","2":"type-product","3":"status-publish","4":"has-post-thumbnail","6":"product_cat-pequeno-electrodomestico","7":"product_cat-smartphones-telefonos","8":"product_cat-telefonos","9":"product_cat-ofertas-smartphones","10":"product_cat-electronica","12":"first","13":"instock","14":"sale","15":"taxable","16":"shipping-taxable","17":"purchasable","18":"product-type-simple"},"_links":{"self":[{"href":"https:\/\/desdropi.com\/elparque\/wp-json\/wp\/v2\/product\/218015"}],"collection":[{"href":"https:\/\/desdropi.com\/elparque\/wp-json\/wp\/v2\/product"}],"about":[{"href":"https:\/\/desdropi.com\/elparque\/wp-json\/wp\/v2\/types\/product"}],"replies":[{"embeddable":true,"href":"https:\/\/desdropi.com\/elparque\/wp-json\/wp\/v2\/comments?post=218015"}],"version-history":[{"count":0,"href":"https:\/\/desdropi.com\/elparque\/wp-json\/wp\/v2\/product\/218015\/revisions"}],"wp:featuredmedia":[{"embeddable":true,"href":"https:\/\/desdropi.com\/elparque\/wp-json\/wp\/v2\/media\/218016"}],"wp:attachment":[{"href":"https:\/\/desdropi.com\/elparque\/wp-json\/wp\/v2\/media?parent=218015"}],"wp:term":[{"taxonomy":"product_cat","embeddable":true,"href":"https:\/\/desdropi.com\/elparque\/wp-json\/wp\/v2\/product_cat?post=218015"},{"taxonomy":"product_tag","embeddable":true,"href":"https:\/\/desdropi.com\/elparque\/wp-json\/wp\/v2\/product_tag?post=218015"}],"curies":[{"name":"wp","href":"https:\/\/api.w.org\/{rel}","templated":true}]}}