{"id":218035,"date":"2024-04-10T20:08:42","date_gmt":"2024-04-10T18:08:42","guid":{"rendered":"https:\/\/desdropi.com\/elparque\/?post_type=product&#038;p=218035"},"modified":"2024-05-17T13:03:01","modified_gmt":"2024-05-17T11:03:01","slug":"smartphone-tcl-40-nxtpaper-8-256-678-midnight-b","status":"publish","type":"product","link":"https:\/\/desdropi.com\/elparque\/smartphone-tcl-40-nxtpaper-8-256-678-midnight-b\/","title":{"rendered":"SMARTPHONE TCL 40 NXTPAPER 8\/256 6,78&#8243; MIDNIGHT B"},"content":{"rendered":"<div class=\"descripcion-tab\">\n<strong>NOMBRE DEL PRODUCTO<\/strong><br \/>\nMarca TCL<br \/>\nModelo T612B-2ALCA112<br \/>\nEAN4894461975276<br \/>\n<strong>Procesador<\/strong><\/p>\n<ul>\n<li>Modelo del procesador Helio G88<\/li>\n<li>Familia de procesador MediaTek<\/li>\n<li>Arquitectura del procesador ARM Cortex-A75+Cortex-A55<\/li>\n<li>Frecuencia del procesador 2,2<\/li>\n<li>Frecuencia del coprocesador 1,8<\/li>\n<\/ul>\n<p><strong>Exhibici\u00f3n<\/strong><\/p>\n<ul>\n<li>Resoluci\u00f3n de la pantalla 1080 x 2460<\/li>\n<li>Densidad del pixel 369<\/li>\n<li>Brillo de pantalla 450<\/li>\n<li>Raz\u00f3n de contraste (t\u00edpica) 1500:1<\/li>\n<li>Forma de la pantalla Plana<\/li>\n<li>M\u00e1xima velocidad de actualizaci\u00f3n 90<\/li>\n<li>Relaci\u00f3n de aspecto nativa 20.5:9<\/li>\n<li>Tama\u00f1o de la pantalla 6,78&#8243;<\/li>\n<\/ul>\n<p><strong>Puertos e Interfaces<\/strong><\/p>\n<ul>\n<li>Conector USB USB Tipo C<\/li>\n<li>Puerto USB S\u00ed<\/li>\n<li>Auriculares 3,5 mm<\/li>\n<li>Versi\u00f3n USB 2.0<\/li>\n<\/ul>\n<p><strong>Peso y dimensiones<\/strong><\/p>\n<ul>\n<li>Profundidad 7,89<\/li>\n<li>Peso 195<\/li>\n<li>Altura 168,2<\/li>\n<li>Ancho 75,5<\/li>\n<\/ul>\n<p><strong>Medios de almacenaje<\/strong><\/p>\n<ul>\n<li>RAM interna 8<\/li>\n<li>Memoria interna 256<\/li>\n<li>Tarjetas de memoria compatibles MicroSD (TransFlash)<\/li>\n<li>Tama\u00f1o m\u00e1ximo de tarjeta de memoria 2<\/li>\n<\/ul>\n<p><strong>Navegaci\u00f3n<\/strong><\/p>\n<ul>\n<li>BeiDou S\u00ed<\/li>\n<li>GLONASS S\u00ed<\/li>\n<li>GPS (sat\u00e9lite) S\u00ed<\/li>\n<li>Funci\u00f3n de GPS asistida (A-GPS) S\u00ed<\/li>\n<li>Galileo S\u00ed<\/li>\n<li>Br\u00fajula electr\u00f3nica S\u00ed<\/li>\n<li>GPS S\u00ed<\/li>\n<\/ul>\n<p><strong>Software<\/strong><\/p>\n<ul>\n<li>Sistema operativo instalado Android 13<\/li>\n<li>Plataforma Android<\/li>\n<li>Operating system fork TCL UI 5.0<\/li>\n<\/ul>\n<p><strong>C\u00e1mara fotogr\u00e1fica<\/strong><\/p>\n<ul>\n<li>N\u00famero de diafragma de la tercera c\u00e1mara trasera 2,4<\/li>\n<li>AI scene recognition S\u00ed<\/li>\n<li>Tama\u00f1a del sensor de la segunda c\u00e1mara trasera 1\/5<\/li>\n<li>Resoluci\u00f3n de captura de video 1920 x 1080<\/li>\n<li>\u00c1ngulo del campo de visi\u00f3n (FOV) de la c\u00e1mara frontal 71,5<\/li>\n<li>Velocidad m\u00e1xima de cuadro 30<\/li>\n<li>Resoluci\u00f3n de la segunda c\u00e1mara trasera (num\u00e9rica) 5<\/li>\n<li>Tipo de c\u00e1mara frontal C\u00e1mara \u00fanica<\/li>\n<li>Third rear camera field of view (FOV) angle 88,8<\/li>\n<li>\u00c1ngulo del campo de visi\u00f3n (FOV) de la segunda c\u00e1mara trasera 114,9<\/li>\n<li>Modo noche S\u00ed<\/li>\n<li>Tama\u00f1o de los p\u00edxeles de la segunda c\u00e1mara trasera 1,12<\/li>\n<li>Tama\u00f1o de p\u00edxel de la tercera c\u00e1mara trasera 1,75<\/li>\n<li>Resoluci\u00f3n de la c\u00e1mara trasera (num\u00e9rica) 50<\/li>\n<li>Panor\u00e1mica S\u00ed<\/li>\n<li>Resoluci\u00f3n en velocidad de captura 1920&#215;1080@30fps<\/li>\n<li>Detector de rostro S\u00ed<\/li>\n<li>Resoluci\u00f3n de la tercera c\u00e1mara trasera (num\u00e9rica) 2<\/li>\n<li>Tama\u00f1o del sensor de la tercera c\u00e1mara trasera 1\/5<\/li>\n<li>Elementos de la lente de la c\u00e1mara delantera Lente de 5 elementos<\/li>\n<li>Flash en c\u00e1mara trasera S\u00ed<\/li>\n<li>Tipo de c\u00e1mara trasera Triple c\u00e1mara<\/li>\n<li>\u00c1ngulo del campo de visi\u00f3n (FOV) de la c\u00e1mara trasera 74,2<\/li>\n<li>Tama\u00f1o del sensor de la c\u00e1mara trasera 1\/2.76<\/li>\n<li>Modo de alto rango din\u00e1mico (HDR) de la c\u00e1mara S\u00ed<\/li>\n<li>N\u00famero de apertura de la segunda c\u00e1mara trasera 2,2<\/li>\n<li>N\u00famero de apertura de la c\u00e1mara trasera 1,8<\/li>\n<li>Elementos de la lente de la tercera c\u00e1mara traseraLente de 3 elementos<\/li>\n<li>Resoluci\u00f3n de la c\u00e1mara frontal (num\u00e9rica) 32<\/li>\n<li>Tama\u00f1o de los p\u00edxeles de la c\u00e1mara trasera 0,64<\/li>\n<li>Elementos de la lente de la c\u00e1mara trasera Lente de 5 elementos<\/li>\n<li>Elementos de la lente de la segunda c\u00e1mara trasera Lente de 4 elementos<\/li>\n<\/ul>\n<p><strong>Contenido del embalaje<\/strong><\/p>\n<ul>\n<li>Potencia de adaptador AC33<\/li>\n<\/ul>\n<p><strong>Sensores<\/strong><\/p>\n<ul>\n<li>Sensor de luz ambiental S\u00ed<\/li>\n<li>Aceler\u00f3metro S\u00ed<\/li>\n<li>Sensor de proximidad S\u00ed<\/li>\n<\/ul>\n<p><strong>Bater\u00eda<\/strong><\/p>\n<ul>\n<li>Tiempo de recarga de la bater\u00eda 1,67<\/li>\n<li>Capacidad de bater\u00eda 5010<\/li>\n<\/ul>\n<p><strong>Dise\u00f1o<\/strong><\/p>\n<ul>\n<li>Factor de forma Barra<\/li>\n<li>Nombre del color Midnight Blue<\/li>\n<li>Color del tel\u00e9fono Azul<\/li>\n<\/ul>\n<p><strong>Desempe\u00f1o<\/strong><\/p>\n<ul>\n<li>Adaptador gr\u00e1fico Mali-G52 MC2<\/li>\n<li>Carga r\u00e1pida S\u00ed<\/li>\n<li>Lector de huella digital S\u00ed<\/li>\n<li>Reconocimiento de cara S\u00ed<\/li>\n<\/ul>\n<p><strong>Multimedia<\/strong><\/p>\n<ul>\n<li>Formatos de v\u00eddeo compatibles H.263, H.264, H.265, MPEG2, MPEG4, VP8, VP9<\/li>\n<li>Formatos de audio soportados AAC, AAC HE, AMR, FLAC, G.711 A-law, G.711 \u00b5-law, MIDI, MP3, OGG, OPUS, Vorbis, WAV<\/li>\n<\/ul>\n<p><strong>Suscripci\u00f3n<\/strong><\/p>\n<ul>\n<li>Tipo de suscripci\u00f3n Sin suscripci\u00f3n<\/li>\n<\/ul>\n<p><strong>Conexi\u00f3n<\/strong><\/p>\n<ul>\n<li>Est\u00e1ndar 4G LTE<\/li>\n<li>Est\u00e1ndar 5G No compatible<\/li>\n<li>Est\u00e1ndares 2G Edge, GPRS<\/li>\n<li>Mobile network generation 4G<\/li>\n<li>Wifi S\u00ed<\/li>\n<li>Wi-Fi est\u00e1ndares 802.11a, 802.11b, 802.11g, Wi-Fi 4 (802.11n), Wi-Fi 5 (802.11ac)<\/li>\n<li>Tipo de tarjeta SIM NanoSIM<\/li>\n<li>Est\u00e1ndares 3G HSPA+<\/li>\n<li>Bandas 2G (SIM principal)850,900,1800,1900<\/li>\n<li>Bluetooth S\u00ed<\/li>\n<li>Versi\u00f3n de Bluetooth 5.1<\/li>\n<li>Voces superpuestas LTE (VoLTE) compatibles S\u00ed<\/li>\n<li>NFC S\u00ed<\/li>\n<li>Wi-Fi Direct S\u00ed<\/li>\n<\/ul>\n<\/div>\n","protected":false},"excerpt":{"rendered":"<p><span style=\"color: #ff0000;\"><strong>\u00a1ENV\u00cdO GRATIS!<\/strong><\/span><\/p>\n","protected":false},"featured_media":218037,"comment_status":"open","ping_status":"closed","template":"","meta":{"_joinchat":[]},"product_cat":[795,6479,6476,7133,825],"product_tag":[],"class_list":{"0":"post-218035","1":"product","2":"type-product","3":"status-publish","4":"has-post-thumbnail","6":"product_cat-electronica","7":"product_cat-smartphones-telefonos","8":"product_cat-telefonos","9":"product_cat-ofertas-smartphones","10":"product_cat-pequeno-electrodomestico","12":"first","13":"instock","14":"sale","15":"taxable","16":"shipping-taxable","17":"purchasable","18":"product-type-simple"},"_links":{"self":[{"href":"https:\/\/desdropi.com\/elparque\/wp-json\/wp\/v2\/product\/218035"}],"collection":[{"href":"https:\/\/desdropi.com\/elparque\/wp-json\/wp\/v2\/product"}],"about":[{"href":"https:\/\/desdropi.com\/elparque\/wp-json\/wp\/v2\/types\/product"}],"replies":[{"embeddable":true,"href":"https:\/\/desdropi.com\/elparque\/wp-json\/wp\/v2\/comments?post=218035"}],"version-history":[{"count":0,"href":"https:\/\/desdropi.com\/elparque\/wp-json\/wp\/v2\/product\/218035\/revisions"}],"wp:featuredmedia":[{"embeddable":true,"href":"https:\/\/desdropi.com\/elparque\/wp-json\/wp\/v2\/media\/218037"}],"wp:attachment":[{"href":"https:\/\/desdropi.com\/elparque\/wp-json\/wp\/v2\/media?parent=218035"}],"wp:term":[{"taxonomy":"product_cat","embeddable":true,"href":"https:\/\/desdropi.com\/elparque\/wp-json\/wp\/v2\/product_cat?post=218035"},{"taxonomy":"product_tag","embeddable":true,"href":"https:\/\/desdropi.com\/elparque\/wp-json\/wp\/v2\/product_tag?post=218035"}],"curies":[{"name":"wp","href":"https:\/\/api.w.org\/{rel}","templated":true}]}}