{"id":218131,"date":"2024-04-11T19:18:15","date_gmt":"2024-04-11T17:18:15","guid":{"rendered":"https:\/\/desdropi.com\/elparque\/?post_type=product&#038;p=218131"},"modified":"2024-05-17T13:03:03","modified_gmt":"2024-05-17T11:03:03","slug":"smartphone-motorola-edge-40-neo-12-256-65-peach","status":"publish","type":"product","link":"https:\/\/desdropi.com\/elparque\/smartphone-motorola-edge-40-neo-12-256-65-peach\/","title":{"rendered":"SMARTPHONE MOTOROLA EDGE 40 NEO 12\/256 6,5&#8243; PEACH"},"content":{"rendered":"<div class=\"descripcion-tab\">\n<strong>NOMBRE DEL PRODUCTO:<\/strong> PAYH0096SE<br \/>\n<strong>Marca:<\/strong> Motorola<br \/>\n<strong>Modelo:<\/strong> PAYH0096SE<br \/>\n<strong>EAN:<\/strong> 840023259999<\/p>\n<p><strong>Procesador:<\/strong><\/p>\n<ul>\n<li>Familia de procesador: MediaTek Dimensity<\/li>\n<li>Modelo del procesador: 7030<\/li>\n<\/ul>\n<p><strong>Exhibici\u00f3n:<\/strong><\/p>\n<ul>\n<li>Resoluci\u00f3n de la pantalla: 1080 x 2400<\/li>\n<li>Forma de la pantalla: Plana<\/li>\n<li>Tipo de visualizador: OLED<\/li>\n<li>M\u00e1xima velocidad de actualizaci\u00f3n: 144 Hz<\/li>\n<li>Tama\u00f1o de la pantalla: 16,6 cm<\/li>\n<\/ul>\n<p><strong>Puertos e Interfaces:<\/strong><\/p>\n<ul>\n<li>Puerto USB: S\u00ed<\/li>\n<li>Conector USB: USB Tipo C<\/li>\n<\/ul>\n<p><strong>Peso y dimensiones:<\/strong><\/p>\n<ul>\n<li>Peso: 170 g<\/li>\n<li>Ancho: 72 mm<\/li>\n<li>Profundidad: 7,79 mm<\/li>\n<li>Altura: 159,6 mm<\/li>\n<\/ul>\n<p><strong>Medios de almacenaje:<\/strong><\/p>\n<ul>\n<li>RAM interna: 12 GB<\/li>\n<li>Memoria interna: 256 GB<\/li>\n<\/ul>\n<p><strong>Navegaci\u00f3n:<\/strong><\/p>\n<ul>\n<li>GPS: S\u00ed<\/li>\n<li>GPS (sat\u00e9lite): S\u00ed<\/li>\n<li>GLONASS: S\u00ed<\/li>\n<li>Galileo: S\u00ed<\/li>\n<\/ul>\n<p><strong>Software:<\/strong><\/p>\n<ul>\n<li>Plataforma: Android<\/li>\n<li>Sistema operativo instalado: Android 13<\/li>\n<\/ul>\n<p><strong>C\u00e1mara fotogr\u00e1fica:<\/strong><\/p>\n<ul>\n<li>Tipo de c\u00e1mara trasera: C\u00e1mara doble<\/li>\n<li>Resoluci\u00f3n de la c\u00e1mara trasera (num\u00e9rica): 50 MP<\/li>\n<li>Resoluci\u00f3n de la segunda c\u00e1mara trasera (num\u00e9rica): 13 MP<\/li>\n<li>Tipo de c\u00e1mara frontal: C\u00e1mara \u00fanica<\/li>\n<li>Resoluci\u00f3n de la c\u00e1mara frontal (num\u00e9rica): 32 MP<\/li>\n<li>Estabilizador de imagen: S\u00ed<\/li>\n<li>Tipo de estabilizador de imagen: Optical Image Stabilization (OIS)<\/li>\n<li>Fotograf\u00eda macro: S\u00ed<\/li>\n<\/ul>\n<p><strong>Contenido del embalaje:<\/strong><\/p>\n<ul>\n<li>Potencia de adaptador AC: 68 W<\/li>\n<li>Gu\u00eda de configuraci\u00f3n r\u00e1pida: S\u00ed<\/li>\n<li>Adaptador AC incluido: S\u00ed<\/li>\n<li>Cables incluidos: USB Tipo C<\/li>\n<li>Funda protectora: S\u00ed<\/li>\n<\/ul>\n<p><strong>Bater\u00eda:<\/strong><\/p>\n<ul>\n<li>Capacidad de bater\u00eda: 5000 mAh<\/li>\n<\/ul>\n<p><strong>Dise\u00f1o:<\/strong><\/p>\n<ul>\n<li>Factor de forma: Barra<\/li>\n<li>Nombre del color: Peach Fuzz<\/li>\n<li>Color del tel\u00e9fono: Rosa<\/li>\n<\/ul>\n<p><strong>Desempe\u00f1o:<\/strong><\/p>\n<ul>\n<li>Reconocimiento de cara: S\u00ed<\/li>\n<li>Lector de huella digital: S\u00ed<\/li>\n<\/ul>\n<p><strong>Conexi\u00f3n:<\/strong><\/p>\n<ul>\n<li>Capacidad de la tarjeta SIM: SIM doble<\/li>\n<li>Mobile network generation: 5G<\/li>\n<li>NFC: S\u00ed<\/li>\n<li>Bluetooth: S\u00ed<\/li>\n<li>Versi\u00f3n de Bluetooth: 5.4<\/li>\n<\/ul>\n<\/div>\n","protected":false},"excerpt":{"rendered":"<p>NOMBRE DEL PRODUCTO: PAYH0096SE Marca: Motorola Modelo: PAYH0096SE EAN: 840023259999 Procesador: Familia de procesador: MediaTek Dimensity Modelo del procesador: 7030<\/p>\n","protected":false},"featured_media":218137,"comment_status":"open","ping_status":"closed","template":"","meta":{"_joinchat":[]},"product_cat":[6476,6480,6479,7133,795],"product_tag":[],"class_list":{"0":"post-218131","1":"product","2":"type-product","3":"status-publish","4":"has-post-thumbnail","6":"product_cat-telefonos","7":"product_cat-android-smartphones-telefonos","8":"product_cat-smartphones-telefonos","9":"product_cat-ofertas-smartphones","10":"product_cat-electronica","12":"first","13":"instock","14":"sale","15":"taxable","16":"shipping-taxable","17":"purchasable","18":"product-type-simple"},"_links":{"self":[{"href":"https:\/\/desdropi.com\/elparque\/wp-json\/wp\/v2\/product\/218131"}],"collection":[{"href":"https:\/\/desdropi.com\/elparque\/wp-json\/wp\/v2\/product"}],"about":[{"href":"https:\/\/desdropi.com\/elparque\/wp-json\/wp\/v2\/types\/product"}],"replies":[{"embeddable":true,"href":"https:\/\/desdropi.com\/elparque\/wp-json\/wp\/v2\/comments?post=218131"}],"version-history":[{"count":0,"href":"https:\/\/desdropi.com\/elparque\/wp-json\/wp\/v2\/product\/218131\/revisions"}],"wp:featuredmedia":[{"embeddable":true,"href":"https:\/\/desdropi.com\/elparque\/wp-json\/wp\/v2\/media\/218137"}],"wp:attachment":[{"href":"https:\/\/desdropi.com\/elparque\/wp-json\/wp\/v2\/media?parent=218131"}],"wp:term":[{"taxonomy":"product_cat","embeddable":true,"href":"https:\/\/desdropi.com\/elparque\/wp-json\/wp\/v2\/product_cat?post=218131"},{"taxonomy":"product_tag","embeddable":true,"href":"https:\/\/desdropi.com\/elparque\/wp-json\/wp\/v2\/product_tag?post=218131"}],"curies":[{"name":"wp","href":"https:\/\/api.w.org\/{rel}","templated":true}]}}