{"id":218168,"date":"2024-04-11T19:53:07","date_gmt":"2024-04-11T17:53:07","guid":{"rendered":"https:\/\/desdropi.com\/elparque\/?post_type=product&#038;p=218168"},"modified":"2024-05-17T13:03:05","modified_gmt":"2024-05-17T11:03:05","slug":"smartphone-samsung-s24-12-512-67-amber-yellow","status":"publish","type":"product","link":"https:\/\/desdropi.com\/elparque\/smartphone-samsung-s24-12-512-67-amber-yellow\/","title":{"rendered":"SMARTPHONE SAMSUNG S24+ 12\/512 6,7&#8243; AMBER YELLOW"},"content":{"rendered":"<div class=\"descripcion-tab\">\n<strong>NOMBRE DEL PRODUCTO:<\/strong> Samsung SM-S926BZYGEUB<br \/>\n<strong>Marca:<\/strong> Samsung<br \/>\n<strong>Modelo:<\/strong> SM-S926BZYGEUB<br \/>\n<strong>EAN:<\/strong> 8806095306971<\/p>\n<p><strong>Procesador:<\/strong><\/p>\n<ul>\n<li>Familia de procesador: Samsung Exynos 2400<\/li>\n<li>N\u00famero de n\u00facleos de procesador: 10<\/li>\n<\/ul>\n<p><strong>Exhibici\u00f3n:<\/strong><\/p>\n<ul>\n<li>Resoluci\u00f3n de la pantalla: 3120 x 1440<\/li>\n<li>Pantalla t\u00e1ctil: S\u00ed<\/li>\n<li>Forma de la pantalla: Plana<\/li>\n<li>Tipo de visualizador: Dynamic AMOLED 2X<\/li>\n<li>M\u00e1xima velocidad de actualizaci\u00f3n: 120 Hz<\/li>\n<li>Pantalla con esquinas redondeadas: S\u00ed<\/li>\n<li>Tama\u00f1o de la pantalla: 6,7&#8243;<\/li>\n<\/ul>\n<p><strong>Puertos e Interfaces:<\/strong><\/p>\n<ul>\n<li>Puerto USB: S\u00ed<\/li>\n<li>Conector USB: USB Tipo C<\/li>\n<\/ul>\n<p><strong>Peso y dimensiones:<\/strong><\/p>\n<ul>\n<li>Altura: 158,5 mm<\/li>\n<li>Ancho: 75,9 mm<\/li>\n<li>Profundidad: 7,7 mm<\/li>\n<li>Peso: 196 g<\/li>\n<\/ul>\n<p><strong>Detalles t\u00e9cnicos:<\/strong> <strong>Medios de almacenaje:<\/strong><\/p>\n<ul>\n<li>RAM interna: 12 GB<\/li>\n<li>Memoria interna: 512 GB<\/li>\n<\/ul>\n<p><strong>Mensajer\u00eda:<\/strong><\/p>\n<ul>\n<li>Servicios de mensajes cortos (SMS): S\u00ed<\/li>\n<li>Sistema de mensajer\u00eda multimedia (MMS): S\u00ed<\/li>\n<li>Correo electr\u00f3nico: S\u00ed<\/li>\n<\/ul>\n<p><strong>Navegaci\u00f3n:<\/strong><\/p>\n<ul>\n<li>GPS: S\u00ed<\/li>\n<li>GPS (sat\u00e9lite): S\u00ed<\/li>\n<\/ul>\n<p><strong>Software:<\/strong><\/p>\n<ul>\n<li>Plataforma: Android<\/li>\n<li>Sistema operativo instalado: Android 14<\/li>\n<li>App distribution platform: Google Play<\/li>\n<\/ul>\n<p><strong>C\u00e1mara fotogr\u00e1fica:<\/strong><\/p>\n<ul>\n<li>Tipo de c\u00e1mara trasera: Triple c\u00e1mara<\/li>\n<li>Resoluci\u00f3n de la c\u00e1mara trasera (num\u00e9rica): 50 MP<\/li>\n<li>Resoluci\u00f3n de la segunda c\u00e1mara trasera (num\u00e9rica): 10 MP<\/li>\n<li>Resoluci\u00f3n de la tercera c\u00e1mara trasera (num\u00e9rica): 12 MP<\/li>\n<li>N\u00famero de apertura de la c\u00e1mara trasera: F1.8<\/li>\n<li>N\u00famero de apertura de la segunda c\u00e1mara trasera: F2.4<\/li>\n<li>Zoom digital: 3x<\/li>\n<li>Tipo de c\u00e1mara frontal: C\u00e1mara \u00fanica<\/li>\n<li>Resoluci\u00f3n de la c\u00e1mara frontal (num\u00e9rica): 12 MP<\/li>\n<li>N\u00famero de apertura de la c\u00e1mara frontal: F2.2<\/li>\n<li>Flash en c\u00e1mara trasera: S\u00ed<\/li>\n<li>Tipo de flash: LED<\/li>\n<li>Tipo de estabilizador de imagen: Optical Image Stabilization (OIS)<\/li>\n<\/ul>\n<p><strong>Contenido del embalaje:<\/strong><\/p>\n<ul>\n<li>Cables incluidos: USB Tipo C<\/li>\n<li>Gu\u00eda de configuraci\u00f3n r\u00e1pida: S\u00ed<\/li>\n<li>Ejection pin: S\u00ed<\/li>\n<\/ul>\n<p><strong>Sensores:<\/strong><\/p>\n<ul>\n<li>Giroscopio: S\u00ed<\/li>\n<li>Sensor de luz ambiental: S\u00ed<\/li>\n<\/ul>\n<p><strong>Bater\u00eda:<\/strong><\/p>\n<ul>\n<li>Tecnolog\u00eda de bater\u00eda: I\u00f3n de litio<\/li>\n<li>Capacidad de bater\u00eda: 4900 mAh<\/li>\n<\/ul>\n<p><strong>Dise\u00f1o:<\/strong><\/p>\n<ul>\n<li>Factor de forma: Barra<\/li>\n<li>C\u00f3digo IP (International Protection): IP68<\/li>\n<li>Color del tel\u00e9fono: Amarillo<\/li>\n<\/ul>\n<p><strong>Desempe\u00f1o:<\/strong><\/p>\n<ul>\n<li>Video llamada: S\u00ed<\/li>\n<li>Carga r\u00e1pida: S\u00ed<\/li>\n<li>Cargador inal\u00e1mbrico: S\u00ed<\/li>\n<li>Lector de huella digital: S\u00ed<\/li>\n<li>Reconocimiento de cara: S\u00ed<\/li>\n<li>Altavoz: S\u00ed<\/li>\n<li>Alerta vibratoria: S\u00ed<\/li>\n<\/ul>\n<p><strong>Multimedia:<\/strong><\/p>\n<ul>\n<li>Datos log\u00edsticos: No especificados<\/li>\n<\/ul>\n<p><strong>Suscripci\u00f3n:<\/strong><\/p>\n<ul>\n<li>Tipo de suscripci\u00f3n: Sin suscripci\u00f3n<\/li>\n<\/ul>\n<p><strong>Conexi\u00f3n:<\/strong><\/p>\n<ul>\n<li>Capacidad de la tarjeta SIM: SIM doble<\/li>\n<li>Mobile network generation: 5G<\/li>\n<li>Tipo de tarjeta SIM: NanoSIM<\/li>\n<li>Wifi: S\u00ed<\/li>\n<li>Wi-Fi est\u00e1ndares: 802.11 a\/b\/g\/n\/ac\/ax 2.4G+5GHz+6GHz<\/li>\n<li>Bluetooth: S\u00ed<\/li>\n<li>Versi\u00f3n de Bluetooth: 5.3<\/li>\n<li>NFC: S\u00ed<\/li>\n<li>5G: S\u00ed<\/li>\n<\/ul>\n<\/div>\n","protected":false},"excerpt":{"rendered":"<p>NOMBRE DEL PRODUCTO: Samsung SM-S926BZYGEUB Marca: Samsung Modelo: SM-S926BZYGEUB EAN: 8806095306971 Procesador: Familia de procesador: Samsung Exynos 2400 N\u00famero de<\/p>\n","protected":false},"featured_media":218171,"comment_status":"open","ping_status":"closed","template":"","meta":{"_joinchat":[]},"product_cat":[6476,6480,6479,7133,795],"product_tag":[],"class_list":{"0":"post-218168","1":"product","2":"type-product","3":"status-publish","4":"has-post-thumbnail","6":"product_cat-telefonos","7":"product_cat-android-smartphones-telefonos","8":"product_cat-smartphones-telefonos","9":"product_cat-ofertas-smartphones","10":"product_cat-electronica","12":"first","13":"instock","14":"sale","15":"taxable","16":"shipping-taxable","17":"purchasable","18":"product-type-simple"},"_links":{"self":[{"href":"https:\/\/desdropi.com\/elparque\/wp-json\/wp\/v2\/product\/218168"}],"collection":[{"href":"https:\/\/desdropi.com\/elparque\/wp-json\/wp\/v2\/product"}],"about":[{"href":"https:\/\/desdropi.com\/elparque\/wp-json\/wp\/v2\/types\/product"}],"replies":[{"embeddable":true,"href":"https:\/\/desdropi.com\/elparque\/wp-json\/wp\/v2\/comments?post=218168"}],"version-history":[{"count":0,"href":"https:\/\/desdropi.com\/elparque\/wp-json\/wp\/v2\/product\/218168\/revisions"}],"wp:featuredmedia":[{"embeddable":true,"href":"https:\/\/desdropi.com\/elparque\/wp-json\/wp\/v2\/media\/218171"}],"wp:attachment":[{"href":"https:\/\/desdropi.com\/elparque\/wp-json\/wp\/v2\/media?parent=218168"}],"wp:term":[{"taxonomy":"product_cat","embeddable":true,"href":"https:\/\/desdropi.com\/elparque\/wp-json\/wp\/v2\/product_cat?post=218168"},{"taxonomy":"product_tag","embeddable":true,"href":"https:\/\/desdropi.com\/elparque\/wp-json\/wp\/v2\/product_tag?post=218168"}],"curies":[{"name":"wp","href":"https:\/\/api.w.org\/{rel}","templated":true}]}}