{"id":218194,"date":"2024-04-12T09:50:05","date_gmt":"2024-04-12T07:50:05","guid":{"rendered":"https:\/\/desdropi.com\/elparque\/?post_type=product&#038;p=218194"},"modified":"2024-06-05T11:33:57","modified_gmt":"2024-06-05T09:33:57","slug":"smartphone-redmi-note-13-5g-8-256-667-artic-white","status":"publish","type":"product","link":"https:\/\/desdropi.com\/elparque\/smartphone-redmi-note-13-5g-8-256-667-artic-white\/","title":{"rendered":"SMARTPHONE REDMI NOTE 13 5G 8\/256 6,67&#8243; ARTIC WHITE"},"content":{"rendered":"<div class=\"descripcion-tab\">\n<strong>NOMBRE DEL PRODUCTO:<\/strong> Xiaomi MZB0FPHEU<br \/>\n<strong>Marca:<\/strong> Xiaomi<br \/>\n<strong>Modelo:<\/strong> MZB0FPHEU<br \/>\n<strong>EAN:<\/strong> 6941812755273<\/p>\n<p><strong>Procesador:<\/strong><\/p>\n<ul>\n<li>Frecuencia del procesador turbo: 2,4 GHz<\/li>\n<li>Familia de procesador: MediaTek Dimensity<\/li>\n<li>Modelo del procesador: 6080<\/li>\n<li>N\u00famero de n\u00facleos de procesador: 8<\/li>\n<\/ul>\n<p><strong>Exhibici\u00f3n:<\/strong><\/p>\n<ul>\n<li>Brillo de pantalla: 500 nits<\/li>\n<li>Raz\u00f3n de contraste (t\u00edpica): 5000000:1<\/li>\n<li>M\u00e1xima velocidad de actualizaci\u00f3n: 120 Hz<\/li>\n<li>Resoluci\u00f3n de la pantalla: 2400 x 1080<\/li>\n<li>Tipo de visualizador: AMOLED<\/li>\n<li>Tipo de cristal de pantalla: Gorilla Glass<\/li>\n<li>Forma de la pantalla: Plana<\/li>\n<li>Gorilla Glass version: Gorilla Glass 5<\/li>\n<li>Brillo m\u00e1ximo de la pantalla (HDR): 1000 nits<\/li>\n<li>Tama\u00f1o de la pantalla: 6,67&#8243;<\/li>\n<\/ul>\n<p><strong>Puertos e Interfaces:<\/strong><\/p>\n<ul>\n<li>Conector USB: USB Tipo C<\/li>\n<li>Puerto USB: S\u00ed<\/li>\n<\/ul>\n<p><strong>Peso y dimensiones:<\/strong><\/p>\n<ul>\n<li>Altura: 161,1 mm<\/li>\n<li>Profundidad: 7,6 mm<\/li>\n<li>Ancho: 75 mm<\/li>\n<li>Peso: 174,5 g<\/li>\n<\/ul>\n<p><strong>Medios de almacenaje:<\/strong><\/p>\n<ul>\n<li>Memoria interna: 256 GB<\/li>\n<li>RAM interna: 8 GB<\/li>\n<li>Tipo de memoria RAM interna: LPDDR4X<\/li>\n<\/ul>\n<p><strong>Navegaci\u00f3n:<\/strong><\/p>\n<ul>\n<li>GPS (sat\u00e9lite): S\u00ed<\/li>\n<li>GLONASS: S\u00ed<\/li>\n<li>BeiDou: S\u00ed<\/li>\n<li>Galileo: S\u00ed<\/li>\n<li>Br\u00fajula electr\u00f3nica: S\u00ed<\/li>\n<li>GPS: S\u00ed<\/li>\n<\/ul>\n<p><strong>Software:<\/strong><\/p>\n<ul>\n<li>Operating system fork: MIUI 14<\/li>\n<li>Sistema operativo instalado: Android 13<\/li>\n<li>Plataforma: Android<\/li>\n<\/ul>\n<p><strong>C\u00e1mara fotogr\u00e1fica:<\/strong><\/p>\n<ul>\n<li>Resoluci\u00f3n de la segunda c\u00e1mara trasera (num\u00e9rica): 8 MP<\/li>\n<li>Zoom \u00f3ptico: 3x<\/li>\n<li>Modo retrato: S\u00ed<\/li>\n<li>Modo de alto rango din\u00e1mico (HDR) de la c\u00e1mara: S\u00ed<\/li>\n<li>Tipo de c\u00e1mara frontal: C\u00e1mara \u00fanica<\/li>\n<li>Resoluci\u00f3n de la c\u00e1mara trasera (num\u00e9rica): 108 MP<\/li>\n<li>N\u00famero de apertura de la c\u00e1mara trasera: 1,7<\/li>\n<li>Modo de lapso de tiempo: S\u00ed<\/li>\n<li>Tipo de c\u00e1mara trasera: Triple c\u00e1mara<\/li>\n<li>Flash en c\u00e1mara trasera: S\u00ed<\/li>\n<li>Panor\u00e1mica: S\u00ed<\/li>\n<li>AI scene recognition: S\u00ed<\/li>\n<li>Modo noche: S\u00ed<\/li>\n<li>Resoluci\u00f3n de la c\u00e1mara frontal (num\u00e9rica): 16 MP<\/li>\n<li>Resoluci\u00f3n de la tercera c\u00e1mara trasera (num\u00e9rica): 2 MP<\/li>\n<li>Tama\u00f1o de los p\u00edxeles de la c\u00e1mara trasera: 0,64 \u00b5m<\/li>\n<li>N\u00famero de apertura de la segunda c\u00e1mara trasera: 2,2<\/li>\n<li>N\u00famero de diafragma de la tercera c\u00e1mara trasera: 2,4<\/li>\n<li>N\u00famero de apertura de la c\u00e1mara frontal: 2,4<\/li>\n<li>Velocidad m\u00e1xima de cuadro: 30 fps<\/li>\n<li>Modos de grabaci\u00f3n de v\u00eddeo: 720p, 1080p<\/li>\n<li>Resoluci\u00f3n en velocidad de captura: 1280&#215;720@30fps, 1920&#215;1080@30fps<\/li>\n<li>Fotograf\u00eda macro: S\u00ed<\/li>\n<\/ul>\n<p><strong>Contenido del embalaje:<\/strong><\/p>\n<ul>\n<li>Gu\u00eda de configuraci\u00f3n r\u00e1pida: S\u00ed<\/li>\n<li>Ejection pin: S\u00ed<\/li>\n<li>Adaptador AC incluido: S\u00ed<\/li>\n<li>Funda protectora: S\u00ed<\/li>\n<li>Cables incluidos: USB Tipo C<\/li>\n<\/ul>\n<p><strong>Sensores:<\/strong><\/p>\n<ul>\n<li>Giroscopio: S\u00ed<\/li>\n<li>Aceler\u00f3metro: S\u00ed<\/li>\n<li>Sensor infrarrojo: S\u00ed<\/li>\n<li>Sensor de luz ambiental: S\u00ed<\/li>\n<\/ul>\n<p><strong>Bater\u00eda:<\/strong><\/p>\n<ul>\n<li>Capacidad de bater\u00eda: 5000 mAh<\/li>\n<\/ul>\n<p><strong>Dise\u00f1o:<\/strong><\/p>\n<ul>\n<li>C\u00f3digo IP (International Protection): IP54<\/li>\n<li>Factor de forma: Barra<\/li>\n<li>Nombre del color: Arctic White<\/li>\n<li>Color del tel\u00e9fono: Blanco<\/li>\n<\/ul>\n<p><strong>Desempe\u00f1o:<\/strong><\/p>\n<ul>\n<li>Carga r\u00e1pida: S\u00ed<\/li>\n<li>Adaptador gr\u00e1fico: Mali-G57<\/li>\n<li>Lector de huella digital: S\u00ed<\/li>\n<\/ul>\n<p><strong>Multimedia:<\/strong><\/p>\n<ul>\n<li>Formatos de audio soportados: AAC, ADPCM, AMR, APE, FLAC, MP2, MP3, Vorbis, WAV<\/li>\n<li>Formatos de v\u00eddeo compatibles: 3G2, 3GP, ASF, AVI, M4V, MKV, MP4, WEBM, WMV<\/li>\n<\/ul>\n<p><strong>Conexi\u00f3n:<\/strong><\/p>\n<ul>\n<li>Bluetooth: S\u00ed<\/li>\n<li>Mobile network generation: 5G<\/li>\n<li>Wifi: S\u00ed<\/li>\n<li>Est\u00e1ndar 4G: LTE-TDD &amp; LTE-FDD<\/li>\n<li>Versi\u00f3n de Bluetooth: 5.3<\/li>\n<li>Tipo de tarjeta SIM: NanoSIM<\/li>\n<li>Est\u00e1ndar 5G: Sub6 NSA, Sub6 SA<\/li>\n<li>Capacidad de la tarjeta SIM: SIM doble<\/li>\n<li>Est\u00e1ndares 3G: WCDMA<\/li>\n<\/ul>\n<\/div>\n","protected":false},"excerpt":{"rendered":"<p>NOMBRE DEL PRODUCTO: Xiaomi MZB0FPHEU Marca: Xiaomi Modelo: MZB0FPHEU EAN: 6941812755273 Procesador: Frecuencia del procesador turbo: 2,4 GHz Familia de<\/p>\n","protected":false},"featured_media":218195,"comment_status":"open","ping_status":"closed","template":"","meta":{"_joinchat":[]},"product_cat":[6476,6480,6479,7133,795],"product_tag":[],"class_list":{"0":"post-218194","1":"product","2":"type-product","3":"status-publish","4":"has-post-thumbnail","6":"product_cat-telefonos","7":"product_cat-android-smartphones-telefonos","8":"product_cat-smartphones-telefonos","9":"product_cat-ofertas-smartphones","10":"product_cat-electronica","12":"first","13":"instock","14":"taxable","15":"shipping-taxable","16":"purchasable","17":"product-type-simple"},"_links":{"self":[{"href":"https:\/\/desdropi.com\/elparque\/wp-json\/wp\/v2\/product\/218194"}],"collection":[{"href":"https:\/\/desdropi.com\/elparque\/wp-json\/wp\/v2\/product"}],"about":[{"href":"https:\/\/desdropi.com\/elparque\/wp-json\/wp\/v2\/types\/product"}],"replies":[{"embeddable":true,"href":"https:\/\/desdropi.com\/elparque\/wp-json\/wp\/v2\/comments?post=218194"}],"version-history":[{"count":0,"href":"https:\/\/desdropi.com\/elparque\/wp-json\/wp\/v2\/product\/218194\/revisions"}],"wp:featuredmedia":[{"embeddable":true,"href":"https:\/\/desdropi.com\/elparque\/wp-json\/wp\/v2\/media\/218195"}],"wp:attachment":[{"href":"https:\/\/desdropi.com\/elparque\/wp-json\/wp\/v2\/media?parent=218194"}],"wp:term":[{"taxonomy":"product_cat","embeddable":true,"href":"https:\/\/desdropi.com\/elparque\/wp-json\/wp\/v2\/product_cat?post=218194"},{"taxonomy":"product_tag","embeddable":true,"href":"https:\/\/desdropi.com\/elparque\/wp-json\/wp\/v2\/product_tag?post=218194"}],"curies":[{"name":"wp","href":"https:\/\/api.w.org\/{rel}","templated":true}]}}