{"id":218209,"date":"2024-04-12T10:02:30","date_gmt":"2024-04-12T08:02:30","guid":{"rendered":"https:\/\/desdropi.com\/elparque\/?post_type=product&#038;p=218209"},"modified":"2024-08-06T00:00:15","modified_gmt":"2024-08-05T22:00:15","slug":"smartphone-motorola-g14-8-256-65-grey","status":"publish","type":"product","link":"https:\/\/desdropi.com\/elparque\/smartphone-motorola-g14-8-256-65-grey\/","title":{"rendered":"SMARTPHONE MOTOROLA G14 8\/256 6,5&#8243; GREY"},"content":{"rendered":"<div class=\"decripcion-tab\">\n<strong>NOMBRE DEL PRODUCTO:<\/strong> Motorola PAYF0035SE<br \/>\n<strong>Marca:<\/strong> Motorola<br \/>\n<strong>Modelo:<\/strong> PAYF0035SE<br \/>\n<strong>EAN:<\/strong> 840023258565<\/p>\n<p><strong>Procesador:<\/strong><\/p>\n<ul>\n<li>Familia de procesador: Unisoc<\/li>\n<li>Modelo del procesador: T616<\/li>\n<li>Arquitectura del procesador: ARM Cortex-A75+Cortex-A55<\/li>\n<li>N\u00famero de n\u00facleos de procesador: 8<\/li>\n<\/ul>\n<p><strong>Exhibici\u00f3n:<\/strong><\/p>\n<ul>\n<li>Resoluci\u00f3n de la pantalla: 2400 x 1080<\/li>\n<li>Forma de la pantalla: Plana<\/li>\n<li>Tipo de visualizador: LCD<\/li>\n<li>Relaci\u00f3n de aspecto nativa: 20:9<\/li>\n<li>Densidad del pixel: 405 ppi<\/li>\n<li>Tama\u00f1o de la pantalla: 16,5 cm<\/li>\n<\/ul>\n<p><strong>Puertos e Interfaces:<\/strong><\/p>\n<ul>\n<li>Puerto USB: S\u00ed<\/li>\n<li>Conector USB: USB Tipo C<\/li>\n<li>Versi\u00f3n USB: 2.0<\/li>\n<li>Auriculares: 3,5 mm<\/li>\n<\/ul>\n<p><strong>Peso y dimensiones:<\/strong><\/p>\n<ul>\n<li>Altura: 161,5 mm<\/li>\n<li>Profundidad: 7,99 mm<\/li>\n<li>Ancho: 73,8 mm<\/li>\n<li>Peso: 177 g<\/li>\n<\/ul>\n<p><strong>Medios de almacenaje:<\/strong><\/p>\n<ul>\n<li>RAM interna: 8 GB<\/li>\n<li>Memoria interna: 256 GB<\/li>\n<li>Tarjetas de memoria compatibles: MicroSD (TransFlash)<\/li>\n<li>Tama\u00f1o m\u00e1ximo de tarjeta de memoria: 1 TB<\/li>\n<li>Tipo de ranura para tarjeta de memoria: Ranura h\u00edbrida<\/li>\n<\/ul>\n<p><strong>Mensajer\u00eda:<\/strong><\/p>\n<ul>\n<li>Correo electr\u00f3nico: S\u00ed<\/li>\n<li>Sistema de mensajer\u00eda multimedia (MMS): S\u00ed<\/li>\n<li>Servicios de mensajes cortos (SMS): S\u00ed<\/li>\n<\/ul>\n<p><strong>Navegaci\u00f3n:<\/strong><\/p>\n<ul>\n<li>GPS: S\u00ed<\/li>\n<li>GPS (sat\u00e9lite): S\u00ed<\/li>\n<li>GLONASS: S\u00ed<\/li>\n<li>Galileo: S\u00ed<\/li>\n<li>Br\u00fajula electr\u00f3nica: S\u00ed<\/li>\n<\/ul>\n<p><strong>Aprobaciones reguladoras:<\/strong><\/p>\n<ul>\n<li>\u00cdndice SAR para el cuerpo (UE): 1,11 W\/kg<\/li>\n<li>\u00cdndice SAR para la cabeza (UE): 0,71 W\/kg<\/li>\n<\/ul>\n<p><strong>Software:<\/strong><\/p>\n<ul>\n<li>Asistente virtual: Google Assistant<\/li>\n<li>App distribution platform: Google Play<\/li>\n<li>Plataforma: Android<\/li>\n<li>Sistema operativo instalado: Android 13<\/li>\n<\/ul>\n<p><strong>C\u00e1mara fotogr\u00e1fica:<\/strong><\/p>\n<ul>\n<li>Tipo de c\u00e1mara trasera: C\u00e1mara doble<\/li>\n<li>Resoluci\u00f3n de la c\u00e1mara trasera: 50 MP<\/li>\n<li>Resoluci\u00f3n de la c\u00e1mara con objetivo macro: 2 MP<\/li>\n<li>N\u00famero de apertura de la c\u00e1mara trasera: 1,8<\/li>\n<li>N\u00famero de apertura de la segunda c\u00e1mara trasera: 2,4<\/li>\n<li>Tama\u00f1o de los p\u00edxeles de la c\u00e1mara trasera: 0,64 \u00b5m<\/li>\n<li>Tama\u00f1o de los p\u00edxeles de la segunda c\u00e1mara trasera: 1,75 \u00b5m<\/li>\n<li>Zoom digital: 4x<\/li>\n<li>Tipo de c\u00e1mara frontal: C\u00e1mara \u00fanica<\/li>\n<li>Resoluci\u00f3n de la c\u00e1mara frontal: 8 MP<\/li>\n<li>N\u00famero de apertura de la c\u00e1mara frontal: 2<\/li>\n<li>Tama\u00f1o de los p\u00edxeles de la c\u00e1mara frontal: 1,12 \u00b5m<\/li>\n<li>Flash en c\u00e1mara trasera: S\u00ed<\/li>\n<li>Resoluci\u00f3n de captura de video: 1920 x 1080<\/li>\n<li>Velocidad m\u00e1xima de cuadro: 30 fps<\/li>\n<li>Resoluci\u00f3n en velocidad de captura: 1280&#215;720@30fps, 1920&#215;1080@30fps<\/li>\n<li>Modos de grabaci\u00f3n de v\u00eddeo: 720p, 1080p<\/li>\n<li>Autoenfoque: S\u00ed<\/li>\n<li>Modo de alto rango din\u00e1mico (HDR) de la c\u00e1mara: S\u00ed<\/li>\n<li>Modo de lapso de tiempo: S\u00ed<\/li>\n<li>Modo noche: S\u00ed<\/li>\n<li>Detector de sonrisa: S\u00ed<\/li>\n<li>Panor\u00e1mica: S\u00ed<\/li>\n<li>Modo retrato: S\u00ed<\/li>\n<li>Fotograf\u00eda macro: S\u00ed<\/li>\n<\/ul>\n<p><strong>Contenido del embalaje:<\/strong><\/p>\n<ul>\n<li>Potencia de adaptador AC: 10 W<\/li>\n<li>Funda protectora: S\u00ed<\/li>\n<li>Ejection pin: S\u00ed<\/li>\n<li>Cables incluidos: USB Tipo C<\/li>\n<li>Adaptador AC incluido: S\u00ed<\/li>\n<li>Gu\u00eda de configuraci\u00f3n r\u00e1pida: S\u00ed<\/li>\n<\/ul>\n<p><strong>Sensores:<\/strong><\/p>\n<ul>\n<li>Giroscopio: S\u00ed<\/li>\n<li>Aceler\u00f3metro: S\u00ed<\/li>\n<li>Sensor de luz ambiental: S\u00ed<\/li>\n<li>Sensor de proximidad: S\u00ed<\/li>\n<\/ul>\n<p><strong>Bater\u00eda:<\/strong><\/p>\n<ul>\n<li>Peso de la bater\u00eda: 66 g<\/li>\n<li>Tecnolog\u00eda de bater\u00eda: I\u00f3n de litio<\/li>\n<li>Capacidad de bater\u00eda: 5000 mAh<\/li>\n<\/ul>\n<p><strong>Dise\u00f1o:<\/strong><\/p>\n<ul>\n<li>Factor de forma: Barra<\/li>\n<li>Nombre del color: Steel Grey<\/li>\n<li>Color del tel\u00e9fono: Gris<\/li>\n<\/ul>\n<p><strong>Desempe\u00f1o:<\/strong><\/p>\n<ul>\n<li>Reconocimiento de cara: S\u00ed<\/li>\n<li>Lector de huella digital: S\u00ed<\/li>\n<li>Adaptador gr\u00e1fico: Mali-G57 MP1<\/li>\n<li>Video llamada: S\u00ed<\/li>\n<\/ul>\n<p><strong>Multimedia:<\/strong><\/p>\n<ul>\n<li>Sistema de audio: Dolby Atmos<\/li>\n<li>Altavoces: Est\u00e9reo<\/li>\n<\/ul>\n<p><strong>Conexi\u00f3n:<\/strong><\/p>\n<ul>\n<li>Capacidad de la tarjeta SIM: SIM doble<\/li>\n<li>Mobile network generation: 4G<\/li>\n<li>Tipo de tarjeta SIM: NanoSIM<\/li>\n<li>Est\u00e1ndar 4G: LTE<\/li>\n<li>Est\u00e1ndar 5G: No compatible<\/li>\n<li>Wifi: S\u00ed<\/li>\n<li>Wi-Fi est\u00e1ndares: 802.11a, 802.11b, 802.11g, Wi-Fi 4 (802.11n), Wi-Fi 5 (802.11ac)<\/li>\n<li>Bluetooth: S\u00ed<\/li>\n<li>Versi\u00f3n de Bluetooth: 5.0<\/li>\n<li>NFC: S\u00ed<\/li>\n<\/ul>\n<\/div>\n","protected":false},"excerpt":{"rendered":"<p>NOMBRE DEL PRODUCTO: Motorola PAYF0035SE Marca: Motorola Modelo: PAYF0035SE EAN: 840023258565 Procesador: Familia de procesador: Unisoc Modelo del procesador: T616<\/p>\n","protected":false},"featured_media":218212,"comment_status":"open","ping_status":"closed","template":"","meta":{"_joinchat":[]},"product_cat":[6479,6480,6476,7133],"product_tag":[],"class_list":{"0":"post-218209","1":"product","2":"type-product","3":"status-publish","4":"has-post-thumbnail","6":"product_cat-smartphones-telefonos","7":"product_cat-android-smartphones-telefonos","8":"product_cat-telefonos","9":"product_cat-ofertas-smartphones","11":"first","12":"instock","13":"taxable","14":"shipping-taxable","15":"purchasable","16":"product-type-simple"},"_links":{"self":[{"href":"https:\/\/desdropi.com\/elparque\/wp-json\/wp\/v2\/product\/218209"}],"collection":[{"href":"https:\/\/desdropi.com\/elparque\/wp-json\/wp\/v2\/product"}],"about":[{"href":"https:\/\/desdropi.com\/elparque\/wp-json\/wp\/v2\/types\/product"}],"replies":[{"embeddable":true,"href":"https:\/\/desdropi.com\/elparque\/wp-json\/wp\/v2\/comments?post=218209"}],"version-history":[{"count":0,"href":"https:\/\/desdropi.com\/elparque\/wp-json\/wp\/v2\/product\/218209\/revisions"}],"wp:featuredmedia":[{"embeddable":true,"href":"https:\/\/desdropi.com\/elparque\/wp-json\/wp\/v2\/media\/218212"}],"wp:attachment":[{"href":"https:\/\/desdropi.com\/elparque\/wp-json\/wp\/v2\/media?parent=218209"}],"wp:term":[{"taxonomy":"product_cat","embeddable":true,"href":"https:\/\/desdropi.com\/elparque\/wp-json\/wp\/v2\/product_cat?post=218209"},{"taxonomy":"product_tag","embeddable":true,"href":"https:\/\/desdropi.com\/elparque\/wp-json\/wp\/v2\/product_tag?post=218209"}],"curies":[{"name":"wp","href":"https:\/\/api.w.org\/{rel}","templated":true}]}}