{"id":218224,"date":"2024-04-12T10:14:56","date_gmt":"2024-04-12T08:14:56","guid":{"rendered":"https:\/\/desdropi.com\/elparque\/?post_type=product&#038;p=218224"},"modified":"2024-05-17T13:03:08","modified_gmt":"2024-05-17T11:03:08","slug":"smartphone-samsung-s24-ultra-12-256-68-t-black","status":"publish","type":"product","link":"https:\/\/desdropi.com\/elparque\/smartphone-samsung-s24-ultra-12-256-68-t-black\/","title":{"rendered":"SMARTPHONE SAMSUNG S24 ULTRA 12\/256 6,8&#8243; T. BLACK"},"content":{"rendered":"<div class=\"descripcion-tab\">\n<strong>NOMBRE DEL PRODUCTO:<\/strong> Samsung SM-S928BZKGEUB<br \/>\n<strong>Marca:<\/strong> Samsung<br \/>\n<strong>Modelo:<\/strong> SM-S928BZKGEUB<br \/>\n<strong>EAN:<\/strong> 8806095308234<\/p>\n<p><strong>Procesador:<\/strong><\/p>\n<ul>\n<li>Familia de procesador: Qualcomm Snapdragon 8, Gen 3<\/li>\n<li>N\u00famero de n\u00facleos de procesador: 8<\/li>\n<\/ul>\n<p><strong>Exhibici\u00f3n:<\/strong><\/p>\n<ul>\n<li>Resoluci\u00f3n de la pantalla: 3120 x 1440 pixels<\/li>\n<li>Pantalla t\u00e1ctil: S\u00ed<\/li>\n<li>Forma de la pantalla: Plana<\/li>\n<li>Tipo de visualizador: Dynamic AMOLED 2X<\/li>\n<li>M\u00e1xima velocidad de actualizaci\u00f3n: 120 Hz<\/li>\n<li>Pantalla con esquinas redondeadas: No<\/li>\n<li>Tama\u00f1o de la pantalla: 6,8&#8243;<\/li>\n<\/ul>\n<p><strong>Puertos e Interfaces:<\/strong><\/p>\n<ul>\n<li>Puerto USB: S\u00ed<\/li>\n<li>Conector USB: USB Tipo C<\/li>\n<\/ul>\n<p><strong>Peso y dimensiones:<\/strong><\/p>\n<ul>\n<li>Altura: 162,3 mm<\/li>\n<li>Ancho: 79 mm<\/li>\n<li>Profundidad: 8,6 mm<\/li>\n<li>Peso: 232 g<\/li>\n<\/ul>\n<p><strong>Detalles t\u00e9cnicos:<\/strong><\/p>\n<ul>\n<li>RAM interna: 12 GB<\/li>\n<li>Memoria interna: 256 GB<\/li>\n<\/ul>\n<p><strong>Mensajer\u00eda:<\/strong><\/p>\n<ul>\n<li>Servicios de mensajes cortos (SMS): S\u00ed<\/li>\n<li>Sistema de mensajer\u00eda multimedia (MMS): S\u00ed<\/li>\n<li>Correo electr\u00f3nico: S\u00ed<\/li>\n<\/ul>\n<p><strong>Navegaci\u00f3n:<\/strong><\/p>\n<ul>\n<li>GPS: S\u00ed<\/li>\n<li>GPS (sat\u00e9lite): S\u00ed<\/li>\n<\/ul>\n<p><strong>Software:<\/strong><\/p>\n<ul>\n<li>Plataforma: Android<\/li>\n<li>Sistema operativo instalado: Android 14<\/li>\n<li>App distribution platform: Google Play<\/li>\n<li>Versi\u00f3n del firmware: One UI 6.1<\/li>\n<\/ul>\n<p><strong>C\u00e1mara fotogr\u00e1fica:<\/strong><\/p>\n<ul>\n<li>Tipo de c\u00e1mara trasera: Cu\u00e1druple c\u00e1mara<\/li>\n<li>Resoluci\u00f3n de la c\u00e1mara trasera (num\u00e9rica): 200 MP<\/li>\n<li>Resoluci\u00f3n de la segunda c\u00e1mara trasera (num\u00e9rica): 10 MP<\/li>\n<li>Resoluci\u00f3n de la tercera c\u00e1mara trasera (num\u00e9rica): 12 MP<\/li>\n<li>N\u00famero de apertura de la c\u00e1mara trasera: F1.7<\/li>\n<li>N\u00famero de apertura de la segunda c\u00e1mara trasera: F2.4<\/li>\n<li>Zoom digital: 3x<\/li>\n<li>Tipo de c\u00e1mara frontal: C\u00e1mara \u00fanica<\/li>\n<li>Resoluci\u00f3n de la c\u00e1mara frontal (num\u00e9rica): 12 MP<\/li>\n<li>N\u00famero de apertura de la c\u00e1mara frontal: F2.2<\/li>\n<li>Flash en c\u00e1mara trasera: S\u00ed<\/li>\n<li>Tipo de flash: LED<\/li>\n<li>Tipo de estabilizador de imagen: Optical Image Stabilization (OIS)<\/li>\n<li>Resoluci\u00f3n de cuarta c\u00e1mara trasera (num\u00e9rica): 50 MP<\/li>\n<\/ul>\n<p><strong>Contenido del embalaje:<\/strong><\/p>\n<ul>\n<li>Cables incluidos: USB Tipo C<\/li>\n<li>Gu\u00eda de configuraci\u00f3n r\u00e1pida: S\u00ed<\/li>\n<li>Ejection pin: S\u00ed<\/li>\n<\/ul>\n<p><strong>Sensores:<\/strong><\/p>\n<ul>\n<li>Giroscopio: S\u00ed<\/li>\n<li>Sensor de luz ambiental: S\u00ed<\/li>\n<\/ul>\n<p><strong>Bater\u00eda:<\/strong><\/p>\n<ul>\n<li>Tecnolog\u00eda de bater\u00eda: I\u00f3n de litio<\/li>\n<li>Capacidad de bater\u00eda: 4900 mAh<\/li>\n<\/ul>\n<p><strong>Dise\u00f1o:<\/strong><\/p>\n<ul>\n<li>Factor de forma: Barra<\/li>\n<li>C\u00f3digo IP (International Protection): IP68<\/li>\n<li>Color del tel\u00e9fono: Negro<\/li>\n<\/ul>\n<p><strong>Desempe\u00f1o:<\/strong><\/p>\n<ul>\n<li>Video llamada: S\u00ed<\/li>\n<li>Carga r\u00e1pida: S\u00ed<\/li>\n<li>Cargador inal\u00e1mbrico: S\u00ed<\/li>\n<li>Lector de huella digital: S\u00ed<\/li>\n<li>Reconocimiento de cara: S\u00ed<\/li>\n<li>Altavoz: S\u00ed<\/li>\n<li>Alerta vibratoria: S\u00ed<\/li>\n<\/ul>\n<p><strong>Multimedia:<\/strong><\/p>\n<ul>\n<li>No se proporciona informaci\u00f3n espec\u00edfica sobre multimedia.<\/li>\n<\/ul>\n<p><strong>Suscripci\u00f3n:<\/strong><\/p>\n<ul>\n<li>Tipo de suscripci\u00f3n: Sin suscripci\u00f3n<\/li>\n<\/ul>\n<p><strong>Conexi\u00f3n:<\/strong><\/p>\n<ul>\n<li>Capacidad de la tarjeta SIM: SIM doble<\/li>\n<li>Mobile network generation: 5G<\/li>\n<li>Tipo de tarjeta SIM: NanoSIM<\/li>\n<li>Wifi: S\u00ed<\/li>\n<li>Wi-Fi est\u00e1ndares: 802.11 a\/b\/g\/n\/ac\/ax 2.4G+5GHz+6GHz<\/li>\n<li>Bluetooth: S\u00ed<\/li>\n<li>Versi\u00f3n de Bluetooth: 5.3<\/li>\n<li>NFC: S\u00ed<\/li>\n<li>5G: S\u00ed<\/li>\n<\/ul>\n<\/div>\n","protected":false},"excerpt":{"rendered":"<p>NOMBRE DEL PRODUCTO: Samsung SM-S928BZKGEUB Marca: Samsung Modelo: SM-S928BZKGEUB EAN: 8806095308234 Procesador: Familia de procesador: Qualcomm Snapdragon 8, Gen 3<\/p>\n","protected":false},"featured_media":218227,"comment_status":"open","ping_status":"closed","template":"","meta":{"_joinchat":[]},"product_cat":[6476,6480,6479,7133],"product_tag":[],"class_list":{"0":"post-218224","1":"product","2":"type-product","3":"status-publish","4":"has-post-thumbnail","6":"product_cat-telefonos","7":"product_cat-android-smartphones-telefonos","8":"product_cat-smartphones-telefonos","9":"product_cat-ofertas-smartphones","11":"first","12":"instock","13":"sale","14":"taxable","15":"shipping-taxable","16":"purchasable","17":"product-type-simple"},"_links":{"self":[{"href":"https:\/\/desdropi.com\/elparque\/wp-json\/wp\/v2\/product\/218224"}],"collection":[{"href":"https:\/\/desdropi.com\/elparque\/wp-json\/wp\/v2\/product"}],"about":[{"href":"https:\/\/desdropi.com\/elparque\/wp-json\/wp\/v2\/types\/product"}],"replies":[{"embeddable":true,"href":"https:\/\/desdropi.com\/elparque\/wp-json\/wp\/v2\/comments?post=218224"}],"version-history":[{"count":0,"href":"https:\/\/desdropi.com\/elparque\/wp-json\/wp\/v2\/product\/218224\/revisions"}],"wp:featuredmedia":[{"embeddable":true,"href":"https:\/\/desdropi.com\/elparque\/wp-json\/wp\/v2\/media\/218227"}],"wp:attachment":[{"href":"https:\/\/desdropi.com\/elparque\/wp-json\/wp\/v2\/media?parent=218224"}],"wp:term":[{"taxonomy":"product_cat","embeddable":true,"href":"https:\/\/desdropi.com\/elparque\/wp-json\/wp\/v2\/product_cat?post=218224"},{"taxonomy":"product_tag","embeddable":true,"href":"https:\/\/desdropi.com\/elparque\/wp-json\/wp\/v2\/product_tag?post=218224"}],"curies":[{"name":"wp","href":"https:\/\/api.w.org\/{rel}","templated":true}]}}