{"id":218302,"date":"2024-04-12T12:46:21","date_gmt":"2024-04-12T10:46:21","guid":{"rendered":"https:\/\/desdropi.com\/elparque\/?post_type=product&#038;p=218302"},"modified":"2024-05-17T13:03:10","modified_gmt":"2024-05-17T11:03:10","slug":"smartphone-apple-iphone-15-pro-max-512-67-whit-t","status":"publish","type":"product","link":"https:\/\/desdropi.com\/elparque\/smartphone-apple-iphone-15-pro-max-512-67-whit-t\/","title":{"rendered":"SMARTPHONE APPLE IPHONE 15 PRO MAX 512 6,7&#8243; WHIT T"},"content":{"rendered":"<div class=\"descripcion-tab\"><strong>NOMBRE DEL PRODUCTO:<\/strong> Apple MU7D3QL\/A<br \/>\n<strong>Marca:<\/strong> Apple<br \/>\n<strong>Modelo:<\/strong> MU7D3QL\/A<br \/>\n<strong>EAN:<\/strong> 195949049088<strong>Procesador:<\/strong><\/p>\n<ul>\n<li>Coprocesador: S\u00ed<\/li>\n<li>Modelo del Coprocesador: Neural Engine<\/li>\n<li>Familia de procesador: Apple<\/li>\n<li>Modelo del procesador: A17 Pro<\/li>\n<li>N\u00famero de n\u00facleos de procesador: 6<\/li>\n<li>N\u00facleos de coprocesador: 16<\/li>\n<\/ul>\n<p><strong>Exhibici\u00f3n:<\/strong><\/p>\n<ul>\n<li>Forma de la pantalla: Plana<\/li>\n<li>M\u00e1xima velocidad de actualizaci\u00f3n: 120 Hz<\/li>\n<li>Tipo de cristal de pantalla: Ceramic Shield<\/li>\n<li>Brillo m\u00e1ximo de la pantalla (HDR): 1600 nits<\/li>\n<li>Tecnolog\u00eda HDR: Dolby Vision, HDR10, HLG<\/li>\n<li>Raz\u00f3n de contraste (t\u00edpica): 2,000,000:1<\/li>\n<li>Tipo de visualizador: OLED<\/li>\n<li>Alto Rango Din\u00e1mico (HDR): S\u00ed<\/li>\n<li>Densidad del pixel: 460 ppi<\/li>\n<li>Recubrimiento oleof\u00f3bico: S\u00ed<\/li>\n<li>Tecnolog\u00edas espec\u00edficas: Pantalla siempre encendida, Dynamic Island, Haptic touch, ProMotion, True Tone, Amplia gama de colores (P3)<\/li>\n<li>Resoluci\u00f3n de la pantalla: 2796 x 1290<\/li>\n<li>Brillo de pantalla: 1000 nits<\/li>\n<li>Nombre comercial de la tecnolog\u00eda de pantalla: Super Retina XDR<\/li>\n<li>Pantalla con esquinas redondeadas: S\u00ed<\/li>\n<li>Tipo de pantalla t\u00e1ctil: Capacitiva<\/li>\n<li>Anti-huellas: S\u00ed<\/li>\n<li>Brillo m\u00e1ximo de la pantalla (exteriores): 2000 nits<\/li>\n<li>Tama\u00f1o de la pantalla: 17 cm<\/li>\n<\/ul>\n<p><strong>Puertos e Interfaces:<\/strong><\/p>\n<ul>\n<li>Conector USB: USB Tipo C<\/li>\n<li>Puerto USB: S\u00ed<\/li>\n<\/ul>\n<p><strong>Peso y dimensiones:<\/strong><\/p>\n<ul>\n<li>Ancho: 76.7 mm<\/li>\n<li>Altura: 159.9 mm<\/li>\n<li>Profundidad: 8.25 mm<\/li>\n<li>Peso: 221 g<\/li>\n<\/ul>\n<p><strong>Condiciones ambientales:<\/strong><\/p>\n<ul>\n<li>Intervalo de humedad relativa para funcionamiento: 5% &#8211; 95%<\/li>\n<li>Intervalo de temperatura de almacenaje: -20\u00b0C &#8211; 45\u00b0C<\/li>\n<li>Intervalo de temperatura operativa: 0\u00b0C &#8211; 35\u00b0C<\/li>\n<li>Altitud de funcionamiento: 0 &#8211; 3000 m<\/li>\n<\/ul>\n<p><strong>Detalles t\u00e9cnicos:<\/strong><\/p>\n<ul>\n<li>No contiene: Ars\u00e9nico, Berilio, Mercurio, PVC\/BFR<\/li>\n<li>\u00cdndice de reparabilidad: 7.7<\/li>\n<\/ul>\n<p><strong>Medios de almacenaje:<\/strong><\/p>\n<ul>\n<li>Memoria interna: 512 GB<\/li>\n<li>Tarjetas de memoria compatibles: No compatible<\/li>\n<\/ul>\n<p><strong>Mensajer\u00eda:<\/strong><\/p>\n<ul>\n<li>Correo electr\u00f3nico: S\u00ed<\/li>\n<li>Servicios de mensajes cortos (SMS): S\u00ed<\/li>\n<li>Sistema de mensajer\u00eda multimedia (MMS): S\u00ed<\/li>\n<\/ul>\n<p><strong>Navegaci\u00f3n:<\/strong><\/p>\n<ul>\n<li>GPS (sat\u00e9lite): S\u00ed<\/li>\n<li>NavIC: S\u00ed<\/li>\n<li>Br\u00fajula electr\u00f3nica: S\u00ed<\/li>\n<li>GPS: S\u00ed<\/li>\n<li>BeiDou: S\u00ed<\/li>\n<li>Galileo: S\u00ed<\/li>\n<li>Posicionamiento de Wi-Fi: S\u00ed<\/li>\n<li>GLONASS: S\u00ed<\/li>\n<li>Sistema por Sat\u00e9lite Quasi-Zenith (QZSS): S\u00ed<\/li>\n<\/ul>\n<p><strong>Aprobaciones reguladoras:<\/strong><\/p>\n<ul>\n<li>\u00cdndice SAR para la cabeza (UE): 0.98 W\/kg<\/li>\n<li>\u00cdndice SAR para el cuerpo (UE): 0.98 W\/kg<\/li>\n<li>Extremidades SAR (EU): 2.98 W\/kg<\/li>\n<\/ul>\n<p><strong>Software:<\/strong><\/p>\n<ul>\n<li>Compatible con Mac: S\u00ed<\/li>\n<li>Plataforma: iOS<\/li>\n<li>Asistente virtual: Apple Siri<\/li>\n<li>App distribution platform: Apple App Store<\/li>\n<li>Sistema operativo instalado: iOS 17<\/li>\n<li>Sistema operativo MAC soportado: Mac OS X 10.13 High Sierra, Mac OS X 10.14 Mojave, Mac OS X 10.15 Catalina, Mac OS X 10.15.3 Catalina, Mac OS X 11.0 Big Sur, Mac OS X 12.0 Monterey, Mac OS X 13.0 Ventura<\/li>\n<\/ul>\n<p><strong>C\u00e1mara fotogr\u00e1fica:<\/strong><\/p>\n<ul>\n<li>Modo retrato: S\u00ed<\/li>\n<li>Formatos de v\u00eddeo compatibles: H.264, HEVC, ProRes<\/li>\n<li>Resoluci\u00f3n de la segunda c\u00e1mara trasera (num\u00e9rica): 12 MP<\/li>\n<li>Formatos de imagen compatibles: DNG, HEIF, JPEG<\/li>\n<li>Modo de lapso de tiempo: S\u00ed<\/li>\n<li>Distancia focal de la segunda c\u00e1mara trasera: 1.3 mm<\/li>\n<li>Modo de disparo continuo: S\u00ed<\/li>\n<li>N\u00famero de apertura de la c\u00e1mara trasera: f\/1.78<\/li>\n<li>Velocidad m\u00e1xima de cuadro: 240 fps<\/li>\n<li>Distancia focal de la tercera c\u00e1mara trasera: 12 mm<\/li>\n<li>Distancia focal de la c\u00e1mara trasera: 2.4 mm<\/li>\n<li>\u00c1ngulo del campo de visi\u00f3n (FOV) de la segunda c\u00e1mara trasera: 120\u00b0<\/li>\n<li>Modos de grabaci\u00f3n de v\u00eddeo: 720p, 1080p, 2160p<\/li>\n<li>Fotograf\u00eda macro: S\u00ed<\/li>\n<li>Resoluci\u00f3n de la tercera c\u00e1mara trasera (num\u00e9rica): 12 MP<\/li>\n<li>Resoluci\u00f3n en velocidad de captura: Varias resoluciones y velocidades<\/li>\n<li>N\u00famero de apertura de la c\u00e1mara frontal: f\/1.9<\/li>\n<li>Resoluci\u00f3n de la c\u00e1mara trasera: 48 MP<\/li>\n<li>Tipo de c\u00e1mara frontal: C\u00e1mara \u00fanica<\/li>\n<li>Resoluci\u00f3n de captura de video: 3840 x 2160<\/li>\n<li>Zoom \u00f3ptico: 10x<\/li>\n<li>N\u00famero de apertura de la segunda c\u00e1mara trasera: f\/2.2<\/li>\n<li>Estabilizador de imagen: S\u00ed<\/li>\n<li>Material de la cubierta de la lente: Cristal de zafiro<\/li>\n<li>Modo noche: S\u00ed<\/li>\n<li>Tipo de c\u00e1mara trasera: Triple c\u00e1mara<\/li>\n<li>Detector de rostro: S\u00ed<\/li>\n<li>Panor\u00e1mica: S\u00ed<\/li>\n<li>Acercamiento \u00f3ptico (zoom in): 5x<\/li>\n<li>Resoluci\u00f3n de la c\u00e1mara frontal: 12 MP<\/li>\n<li>Zoom digital: 25x<\/li>\n<li>Flash en c\u00e1mara trasera: S\u00ed<\/li>\n<li>Alejamiento \u00f3ptico (zoom out): 2x<\/li>\n<li>Geoetiquetado: S\u00ed<\/li>\n<li>Zoom de audio: S\u00ed<\/li>\n<li>N\u00famero de diafragma de la tercera c\u00e1mara trasera: f\/2.8<\/li>\n<li>Estabilizador de v\u00eddeo: S\u00ed<\/li>\n<li>Modo de alto rango din\u00e1mico (HDR) de la c\u00e1mara: S\u00ed<\/li>\n<li>Tipo de estabilizador de imagen: Optical Image Stabilization (OIS)<\/li>\n<li>Autoenfoque: S\u00ed<\/li>\n<li>Correcci\u00f3n de ojos rojos: S\u00ed<\/li>\n<\/ul>\n<p><strong>Contenido del embalaje:<\/strong><\/p>\n<ul>\n<li>Cables incluidos: USB tipo C a USB tipo C<\/li>\n<\/ul>\n<p><strong>Sensores:<\/strong><\/p>\n<ul>\n<li>Aceler\u00f3metro: S\u00ed<\/li>\n<li>Sensor de proximidad: S\u00ed<\/li>\n<li>Sensor de luz ambiental: S\u00ed<\/li>\n<li>Giroscopio: S\u00ed<\/li>\n<li>Bar\u00f3metro: S\u00ed<\/li>\n<li>Sensor LiDAR: S\u00ed<\/li>\n<\/ul>\n<p><strong>Bater\u00eda:<\/strong><\/p>\n<ul>\n<li>Tiempo continuo de reproducci\u00f3n de video: 29 horas<\/li>\n<li>Tiempo continuo de reproducci\u00f3n de audio: 95 horas<\/li>\n<li>Tecnolog\u00eda de bater\u00eda: I\u00f3n de litio<\/li>\n<\/ul>\n<p><strong>Dise\u00f1o:<\/strong><\/p>\n<ul>\n<li>C\u00f3digo IP (International Protection): IP68<\/li>\n<li>Factor de forma: Barra<\/li>\n<li>Humedad: resistente al agua hasta 6 metros<\/li>\n<li>Funciones de protecci\u00f3n: Resistente al polvo, A prueba de salpicaduras, Resistente al agua<\/li>\n<li>Material de la carcasa: Vidrio, Titanio<\/li>\n<li>Color del tel\u00e9fono: Titanio, Blanco<\/li>\n<\/ul>\n<p><strong>Desempe\u00f1o:<\/strong><\/p>\n<ul>\n<li>Prestaciones de accesibilidad: AssistiveTouch, Subt\u00edtulos cerrados, Lupa, Real-time text (RTT), Contenido hablado, Switch Control, Teletype (TTY), Type to Siri, Control por voz, VoiceOver, Acercar<\/li>\n<li>Llamada por voz: S\u00ed<\/li>\n<li>Alerta vibratoria: S\u00ed<\/li>\n<li>Cargador inal\u00e1mbrico: S\u00ed<\/li>\n<li>Detecci\u00f3n de accidentes: S\u00ed<\/li>\n<li>Carga r\u00e1pida: S\u00ed<\/li>\n<li>Adaptadores de n\u00facleo gr\u00e1fico: 6<\/li>\n<li>Compatible con aud\u00edfonos: M3, T4<\/li>\n<li>Comandos de voz: S\u00ed<\/li>\n<li>Video llamada: S\u00ed<\/li>\n<li>Reconocimiento de cara: S\u00ed<\/li>\n<li>Emergencia SOS (sat\u00e9lite): S\u00ed<\/li>\n<\/ul>\n<p><strong>Multimedia:<\/strong><\/p>\n<ul>\n<li>Formatos de audio soportados: AAC, ALAC, FLAC, MP3<\/li>\n<li>Formatos de v\u00eddeo compatibles: H.264, HEVC, ProRes<\/li>\n<li>Altavoces: Est\u00e9reo<\/li>\n<li>Formato de archivos soportados: Zip<\/li>\n<li>Formatos de texto soportados: DOC, DOCX, HTM, HTML, ICS, Llave, PDF, PPT, PPTX, RTF, TXT, USDZ, VCF, XLSX, XLX<\/li>\n<\/ul>\n<p><strong>Suscripci\u00f3n:<\/strong><\/p>\n<ul>\n<li>Tipo de suscripci\u00f3n: Sin suscripci\u00f3n<\/li>\n<\/ul>\n<p><strong>Conexi\u00f3n:<\/strong><\/p>\n<ul>\n<li>Capacidad de la tarjeta SIM: SIM doble<\/li>\n<li>Banda de frecuencia: Pentabanda<\/li>\n<li>Est\u00e1ndar 5G: NR, NR mmWave<\/li>\n<li>AirPlay: S\u00ed<\/li>\n<li>Bluetooth: S\u00ed<\/li>\n<li>iBeacon: S\u00ed<\/li>\n<li>Mobile network generation: 5G<\/li>\n<li>Bandas 3G soportadas: 850, 900, 1700, 1900, 2100 MHz<\/li>\n<li>Voces superpuestas LTE (VoLTE) compatibles: S\u00ed<\/li>\n<li>Wifi: S\u00ed<\/li>\n<li>NFC: S\u00ed<\/li>\n<li>MIMO: S\u00ed<\/li>\n<li>Versi\u00f3n de Bluetooth: 5.3<\/li>\n<li>Wi-Fi est\u00e1ndares: Wi-Fi 6E (802.11ax)<\/li>\n<li>Est\u00e1ndares 3G: DC-HSDPA, HSPA+, UMTS<\/li>\n<li>Est\u00e1ndar 4G: TD-LTE &amp; FDD-LTE<\/li>\n<li>Tipo de tarjeta SIM: eSIM<\/li>\n<li>Est\u00e1ndares 2G: Edge, GSM<\/li>\n<li>Bandas 2G (SIM principal): 850, 900, 1800, 1900 MHz<\/li>\n<\/ul>\n<\/div>\n","protected":false},"excerpt":{"rendered":"<p>NOMBRE DEL PRODUCTO: Apple MU7D3QL\/A Marca: Apple Modelo: MU7D3QL\/A EAN: 195949049088Procesador: Coprocesador: S\u00ed Modelo del Coprocesador: Neural Engine Familia de<\/p>\n","protected":false},"featured_media":218307,"comment_status":"open","ping_status":"closed","template":"","meta":{"_joinchat":[]},"product_cat":[6476,6480,6479,7133,795],"product_tag":[],"class_list":{"0":"post-218302","1":"product","2":"type-product","3":"status-publish","4":"has-post-thumbnail","6":"product_cat-telefonos","7":"product_cat-android-smartphones-telefonos","8":"product_cat-smartphones-telefonos","9":"product_cat-ofertas-smartphones","10":"product_cat-electronica","12":"first","13":"instock","14":"sale","15":"taxable","16":"shipping-taxable","17":"purchasable","18":"product-type-simple"},"_links":{"self":[{"href":"https:\/\/desdropi.com\/elparque\/wp-json\/wp\/v2\/product\/218302"}],"collection":[{"href":"https:\/\/desdropi.com\/elparque\/wp-json\/wp\/v2\/product"}],"about":[{"href":"https:\/\/desdropi.com\/elparque\/wp-json\/wp\/v2\/types\/product"}],"replies":[{"embeddable":true,"href":"https:\/\/desdropi.com\/elparque\/wp-json\/wp\/v2\/comments?post=218302"}],"version-history":[{"count":0,"href":"https:\/\/desdropi.com\/elparque\/wp-json\/wp\/v2\/product\/218302\/revisions"}],"wp:featuredmedia":[{"embeddable":true,"href":"https:\/\/desdropi.com\/elparque\/wp-json\/wp\/v2\/media\/218307"}],"wp:attachment":[{"href":"https:\/\/desdropi.com\/elparque\/wp-json\/wp\/v2\/media?parent=218302"}],"wp:term":[{"taxonomy":"product_cat","embeddable":true,"href":"https:\/\/desdropi.com\/elparque\/wp-json\/wp\/v2\/product_cat?post=218302"},{"taxonomy":"product_tag","embeddable":true,"href":"https:\/\/desdropi.com\/elparque\/wp-json\/wp\/v2\/product_tag?post=218302"}],"curies":[{"name":"wp","href":"https:\/\/api.w.org\/{rel}","templated":true}]}}