{"id":218326,"date":"2024-04-12T13:06:21","date_gmt":"2024-04-12T11:06:21","guid":{"rendered":"https:\/\/desdropi.com\/elparque\/?post_type=product&#038;p=218326"},"modified":"2024-05-17T13:03:11","modified_gmt":"2024-05-17T11:03:11","slug":"smartphone-cubot-note-50-8-256-656-negro","status":"publish","type":"product","link":"https:\/\/desdropi.com\/elparque\/smartphone-cubot-note-50-8-256-656-negro\/","title":{"rendered":"SMARTPHONE CUBOT NOTE 50 8\/256 6,56&#8243; NEGRO"},"content":{"rendered":"<div class=\"descripcion-tab\">\n<strong>NOMBRE DEL PRODUCTO:<\/strong> CUBOT CUBNT50BLA<br \/>\n<strong>Marca:<\/strong> CUBOT<br \/>\n<strong>Modelo:<\/strong> CUBNT50BLA<br \/>\n<strong>EAN:<\/strong> 6924136719374<\/p>\n<p><strong>Procesador:<\/strong><\/p>\n<ul>\n<li>Modelo del procesador: Unisoc T606<\/li>\n<li>N\u00famero de n\u00facleos de procesador: 8<\/li>\n<\/ul>\n<p><strong>Exhibici\u00f3n:<\/strong><\/p>\n<ul>\n<li>Pantalla t\u00e1ctil: S\u00ed<\/li>\n<li>Forma de la pantalla: Plana<\/li>\n<li>Resoluci\u00f3n de la pantalla: HD+<\/li>\n<li>Tama\u00f1o de la pantalla: 6.56&#8243;<\/li>\n<\/ul>\n<p><strong>Puertos e Interfaces:<\/strong><\/p>\n<ul>\n<li>Puerto USB: S\u00ed<\/li>\n<li>Conector USB: USB Tipo C<\/li>\n<\/ul>\n<p><strong>Peso y dimensiones:<\/strong><\/p>\n<ul>\n<li>Ancho: 75.8 mm<\/li>\n<li>Profundidad: 10.1 mm<\/li>\n<li>Altura: 165.7 mm<\/li>\n<\/ul>\n<p><strong>Medios de almacenaje:<\/strong><\/p>\n<ul>\n<li>RAM interna: 16 GB<\/li>\n<li>Memoria interna: 256 GB<\/li>\n<li>Tarjetas de memoria compatibles: MicroSD (TransFlash)<\/li>\n<\/ul>\n<p><strong>Navegaci\u00f3n:<\/strong><\/p>\n<ul>\n<li>GPS (sat\u00e9lite): S\u00ed<\/li>\n<li>GLONASS: S\u00ed<\/li>\n<li>BeiDou: S\u00ed<\/li>\n<li>GPS: S\u00ed<\/li>\n<\/ul>\n<p><strong>Software:<\/strong><\/p>\n<ul>\n<li>Sistema operativo instalado: Android 13<\/li>\n<li>Plataforma: Android<\/li>\n<\/ul>\n<p><strong>C\u00e1mara fotogr\u00e1fica:<\/strong><\/p>\n<ul>\n<li>Tipo de c\u00e1mara trasera: Doble c\u00e1mara<\/li>\n<li>Resoluci\u00f3n de la c\u00e1mara trasera: 50 MP<\/li>\n<li>Tipo de c\u00e1mara frontal: C\u00e1mara \u00fanica<\/li>\n<li>Resoluci\u00f3n de la c\u00e1mara frontal: 8 MP<\/li>\n<li>Flash en c\u00e1mara trasera: S\u00ed<\/li>\n<\/ul>\n<p><strong>Contenido del embalaje:<\/strong><\/p>\n<ul>\n<li>Gu\u00eda de configuraci\u00f3n r\u00e1pida: S\u00ed<\/li>\n<li>Cables incluidos: USB Tipo C<\/li>\n<li>Adaptador AC incluido: S\u00ed<\/li>\n<\/ul>\n<p><strong>Sensores:<\/strong><\/p>\n<ul>\n<li>Sensor de proximidad: S\u00ed<\/li>\n<li>Aceler\u00f3metro: S\u00ed<\/li>\n<li>Sensor magn\u00e9tico: S\u00ed<\/li>\n<li>Giroscopio: S\u00ed<\/li>\n<li>Sensor de luz ambiental: S\u00ed<\/li>\n<\/ul>\n<p><strong>Bater\u00eda:<\/strong><\/p>\n<ul>\n<li>Capacidad de bater\u00eda: 5200 mAh<\/li>\n<\/ul>\n<p><strong>Dise\u00f1o:<\/strong><\/p>\n<ul>\n<li>Factor de forma: Barra<\/li>\n<li>Color del tel\u00e9fono: Negro<\/li>\n<\/ul>\n<p><strong>Desempe\u00f1o:<\/strong><\/p>\n<ul>\n<li>Altavoces: Est\u00e9reo<\/li>\n<\/ul>\n<p><strong>Conexi\u00f3n:<\/strong><\/p>\n<ul>\n<li>Capacidad de la tarjeta SIM: SIM doble<\/li>\n<li>Tipo de tarjeta SIM: NanoSIM<\/li>\n<li>Wifi: S\u00ed<\/li>\n<li>Bluetooth: S\u00ed<\/li>\n<li>Versi\u00f3n de Bluetooth: 5.0<\/li>\n<li>NFC: S\u00ed<\/li>\n<li>Mobile network generation: 5G<\/li>\n<\/ul>\n<\/div>\n","protected":false},"excerpt":{"rendered":"<p>NOMBRE DEL PRODUCTO: CUBOT CUBNT50BLA Marca: CUBOT Modelo: CUBNT50BLA EAN: 6924136719374 Procesador: Modelo del procesador: Unisoc T606 N\u00famero de n\u00facleos<\/p>\n","protected":false},"featured_media":218329,"comment_status":"open","ping_status":"closed","template":"","meta":{"_joinchat":[]},"product_cat":[6476,6480,6479,7133,795],"product_tag":[],"class_list":{"0":"post-218326","1":"product","2":"type-product","3":"status-publish","4":"has-post-thumbnail","6":"product_cat-telefonos","7":"product_cat-android-smartphones-telefonos","8":"product_cat-smartphones-telefonos","9":"product_cat-ofertas-smartphones","10":"product_cat-electronica","12":"first","13":"instock","14":"sale","15":"taxable","16":"shipping-taxable","17":"purchasable","18":"product-type-simple"},"_links":{"self":[{"href":"https:\/\/desdropi.com\/elparque\/wp-json\/wp\/v2\/product\/218326"}],"collection":[{"href":"https:\/\/desdropi.com\/elparque\/wp-json\/wp\/v2\/product"}],"about":[{"href":"https:\/\/desdropi.com\/elparque\/wp-json\/wp\/v2\/types\/product"}],"replies":[{"embeddable":true,"href":"https:\/\/desdropi.com\/elparque\/wp-json\/wp\/v2\/comments?post=218326"}],"version-history":[{"count":0,"href":"https:\/\/desdropi.com\/elparque\/wp-json\/wp\/v2\/product\/218326\/revisions"}],"wp:featuredmedia":[{"embeddable":true,"href":"https:\/\/desdropi.com\/elparque\/wp-json\/wp\/v2\/media\/218329"}],"wp:attachment":[{"href":"https:\/\/desdropi.com\/elparque\/wp-json\/wp\/v2\/media?parent=218326"}],"wp:term":[{"taxonomy":"product_cat","embeddable":true,"href":"https:\/\/desdropi.com\/elparque\/wp-json\/wp\/v2\/product_cat?post=218326"},{"taxonomy":"product_tag","embeddable":true,"href":"https:\/\/desdropi.com\/elparque\/wp-json\/wp\/v2\/product_tag?post=218326"}],"curies":[{"name":"wp","href":"https:\/\/api.w.org\/{rel}","templated":true}]}}