{"id":218368,"date":"2024-04-12T17:12:52","date_gmt":"2024-04-12T15:12:52","guid":{"rendered":"https:\/\/desdropi.com\/elparque\/?post_type=product&#038;p=218368"},"modified":"2024-05-17T13:03:13","modified_gmt":"2024-05-17T11:03:13","slug":"smartphone-samsung-a35-5g-6-128-66-light-blue","status":"publish","type":"product","link":"https:\/\/desdropi.com\/elparque\/smartphone-samsung-a35-5g-6-128-66-light-blue\/","title":{"rendered":"SMARTPHONE SAMSUNG A35 5G 6\/128 6,6&#8243; LIGHT BLUE"},"content":{"rendered":"<div class=\"descrpcion-tab\">\n<strong>NOMBRE DEL PRODUCTO<\/strong><br \/>\nMarca SAMSUNG<br \/>\nModeloSM-A356BZKBEUB<br \/>\nEAN8806095457888<br \/>\n<strong>Procesador<\/strong><\/p>\n<ul>\n<li>Familia de procesador Samsung Exynos<\/li>\n<li>Modelo del procesador 1380<\/li>\n<li>N\u00famero de n\u00facleos de procesador 8<\/li>\n<\/ul>\n<p><strong>Exhibici\u00f3n<\/strong><\/p>\n<ul>\n<li>Resoluci\u00f3n de la pantalla 1080 x 2340<\/li>\n<li>Forma de la pantalla Plana<\/li>\n<li>Gorilla Glass version Victus<\/li>\n<li>Relaci\u00f3n de aspecto nativa 20:9<\/li>\n<li>Pantalla con esquinas redondeadas S\u00ed<\/li>\n<li>Tama\u00f1o de la pantalla 6,6&#8243;<\/li>\n<\/ul>\n<p><strong>Puertos e Interfaces<\/strong><\/p>\n<ul>\n<li>Puerto USB S\u00ed<\/li>\n<li>Conector USB USB Tipo C<\/li>\n<\/ul>\n<p><strong>Medios de almacenaje<\/strong><\/p>\n<ul>\n<li>RAM interna 6 GB<\/li>\n<li>Memoria interna 128 GB<\/li>\n<li>Tarjetas de memoria compatibles MicroSD (TransFlash)<\/li>\n<li>Tipo de ranura para tarjeta de memoria Dual SIM<\/li>\n<\/ul>\n<p><strong>Navegaci\u00f3n<\/strong><\/p>\n<ul>\n<li>GPS S\u00ed<\/li>\n<li>GPS (sat\u00e9lite) S\u00ed<\/li>\n<li>GLONASS S\u00ed<\/li>\n<li>BeiDou S\u00ed<\/li>\n<li>Galileo S\u00ed<\/li>\n<li>Sistema por Sat\u00e9lite Quasi-Zenith (QZSS) S\u00ed<\/li>\n<\/ul>\n<p><strong>Software<\/strong><\/p>\n<ul>\n<li>Plataforma Android<\/li>\n<li>Sistema operativo instalado Android 14<\/li>\n<li>Operating system fork One UI 6.1<\/li>\n<\/ul>\n<p><strong>C\u00e1mara fotogr\u00e1fica<\/strong><\/p>\n<ul>\n<li>Tipo de c\u00e1mara trasera C\u00e1mara triple<\/li>\n<li>Resoluci\u00f3n de la c\u00e1mara trasera (num\u00e9rica) 50<\/li>\n<li>Resoluci\u00f3n de la segunda c\u00e1mara trasera (num\u00e9rica) 8<\/li>\n<li>Resoluci\u00f3n de la tercera c\u00e1mara trasera (num\u00e9rica) 5<\/li>\n<li>Tipo de c\u00e1mara frontal C\u00e1mara \u00fanica<\/li>\n<li>Resoluci\u00f3n de la c\u00e1mara frontal (num\u00e9rica) 13<\/li>\n<li>Flash en c\u00e1mara trasera S\u00ed<\/li>\n<\/ul>\n<p><strong>Sensores<\/strong><\/p>\n<ul>\n<li>Sensor de luz ambiental S\u00ed<\/li>\n<li>Giroscopio S\u00ed<\/li>\n<\/ul>\n<p><strong>Bater\u00eda<\/strong><\/p>\n<ul>\n<li>Tecnolog\u00eda de bater\u00eda I\u00f3n de litio<\/li>\n<li>Capacidad de bater\u00eda 5000<\/li>\n<\/ul>\n<p><strong>Dise\u00f1o<\/strong><\/p>\n<ul>\n<li>Color del tel\u00e9fono Light Blue<\/li>\n<\/ul>\n<p><strong>Desempe\u00f1o<\/strong><\/p>\n<ul>\n<li>Alerta vibratoria S\u00ed<\/li>\n<li>Altavoz S\u00ed<\/li>\n<\/ul>\n<p><strong>Suscripci\u00f3n<\/strong><\/p>\n<ul>\n<li>Tipo de suscripci\u00f3n Sin suscripci\u00f3n<\/li>\n<\/ul>\n<p><strong>Conexi\u00f3n<\/strong><\/p>\n<ul>\n<li>Mobile network generation 5G<\/li>\n<li>Tipo de tarjeta SIM NanoSIM<\/li>\n<li>Wifi Wi-Fi 6<\/li>\n<li>Bluetooth S\u00ed<\/li>\n<li>Versi\u00f3n de Bluetooth 5.3<\/li>\n<li>NFC S\u00ed<\/li>\n<li>5G S\u00ed<\/li>\n<\/ul>\n<\/div>\n","protected":false},"excerpt":{"rendered":"<p><span style=\"color: #ff0000;\"><strong>\u00a1ENV\u00cdO GRATIS!<\/strong><\/span><\/p>\n","protected":false},"featured_media":218378,"comment_status":"open","ping_status":"closed","template":"","meta":{"_joinchat":[]},"product_cat":[795,6479,6476,7133],"product_tag":[],"class_list":{"0":"post-218368","1":"product","2":"type-product","3":"status-publish","4":"has-post-thumbnail","6":"product_cat-electronica","7":"product_cat-smartphones-telefonos","8":"product_cat-telefonos","9":"product_cat-ofertas-smartphones","11":"first","12":"instock","13":"sale","14":"taxable","15":"shipping-taxable","16":"purchasable","17":"product-type-simple"},"_links":{"self":[{"href":"https:\/\/desdropi.com\/elparque\/wp-json\/wp\/v2\/product\/218368"}],"collection":[{"href":"https:\/\/desdropi.com\/elparque\/wp-json\/wp\/v2\/product"}],"about":[{"href":"https:\/\/desdropi.com\/elparque\/wp-json\/wp\/v2\/types\/product"}],"replies":[{"embeddable":true,"href":"https:\/\/desdropi.com\/elparque\/wp-json\/wp\/v2\/comments?post=218368"}],"version-history":[{"count":0,"href":"https:\/\/desdropi.com\/elparque\/wp-json\/wp\/v2\/product\/218368\/revisions"}],"wp:featuredmedia":[{"embeddable":true,"href":"https:\/\/desdropi.com\/elparque\/wp-json\/wp\/v2\/media\/218378"}],"wp:attachment":[{"href":"https:\/\/desdropi.com\/elparque\/wp-json\/wp\/v2\/media?parent=218368"}],"wp:term":[{"taxonomy":"product_cat","embeddable":true,"href":"https:\/\/desdropi.com\/elparque\/wp-json\/wp\/v2\/product_cat?post=218368"},{"taxonomy":"product_tag","embeddable":true,"href":"https:\/\/desdropi.com\/elparque\/wp-json\/wp\/v2\/product_tag?post=218368"}],"curies":[{"name":"wp","href":"https:\/\/api.w.org\/{rel}","templated":true}]}}