{"id":218369,"date":"2024-04-12T17:10:05","date_gmt":"2024-04-12T15:10:05","guid":{"rendered":"https:\/\/desdropi.com\/elparque\/?post_type=product&#038;p=218369"},"modified":"2024-06-05T11:33:57","modified_gmt":"2024-06-05T09:33:57","slug":"smartphone-samsung-a55-5g-8-128-66-light-blue","status":"publish","type":"product","link":"https:\/\/desdropi.com\/elparque\/smartphone-samsung-a55-5g-8-128-66-light-blue\/","title":{"rendered":"SMARTPHONE SAMSUNG A55 5G 8\/128 6,6&#8243; LIGHT BLUE"},"content":{"rendered":"<div class=\"descripcion-tab\"><strong>NOMBRE DEL PRODUCTO:<\/strong> SAMSUNG SM-A556BLBAEUB<br \/>\n<strong>Marca:<\/strong> SAMSUNG<br \/>\n<strong>Modelo:<\/strong> SM-A556BLBAEUB<br \/>\n<strong>EAN:<\/strong> 8806095467399<strong>Procesador:<\/strong><\/p>\n<ul>\n<li>Familia de procesador: Exynos<\/li>\n<li>Modelo del procesador: 1480<\/li>\n<li>N\u00famero de n\u00facleos de procesador: 8<\/li>\n<\/ul>\n<p><strong>Exhibici\u00f3n:<\/strong><\/p>\n<ul>\n<li>Pantalla t\u00e1ctil: S\u00ed<\/li>\n<li>Forma de la pantalla: Plana<\/li>\n<li>Pantalla con esquinas redondeadas: S\u00ed<\/li>\n<li>Tama\u00f1o de la pantalla: 6.6&#8243;<\/li>\n<\/ul>\n<p><strong>Puertos e Interfaces:<\/strong><\/p>\n<ul>\n<li>Puerto USB: S\u00ed<\/li>\n<li>Conector USB: USB Tipo C<\/li>\n<\/ul>\n<p><strong>Peso y dimensiones:<\/strong><\/p>\n<ul>\n<li>No se proporcion\u00f3 informaci\u00f3n.<\/li>\n<\/ul>\n<p><strong>Detalles t\u00e9cnicos:<\/strong><\/p>\n<ul>\n<li>No se proporcion\u00f3 informaci\u00f3n.<\/li>\n<\/ul>\n<p><strong>Medios de almacenaje:<\/strong><\/p>\n<ul>\n<li>RAM interna: 8 GB<\/li>\n<li>Memoria interna: 128 GB<\/li>\n<\/ul>\n<p><strong>Mensajer\u00eda:<\/strong><\/p>\n<ul>\n<li>Servicios de mensajes cortos (SMS): S\u00ed<\/li>\n<li>Sistema de mensajer\u00eda multimedia (MMS): S\u00ed<\/li>\n<li>Correo electr\u00f3nico: S\u00ed<\/li>\n<\/ul>\n<p><strong>Navegaci\u00f3n:<\/strong><\/p>\n<ul>\n<li>GPS: S\u00ed<\/li>\n<li>GPS (sat\u00e9lite): S\u00ed<\/li>\n<\/ul>\n<p><strong>Software:<\/strong><\/p>\n<ul>\n<li>Plataforma: Android<\/li>\n<li>App distribution platform: Google Play<\/li>\n<\/ul>\n<p><strong>C\u00e1mara fotogr\u00e1fica:<\/strong><\/p>\n<ul>\n<li>Tipo de c\u00e1mara trasera: Triple c\u00e1mara<\/li>\n<li>Resoluci\u00f3n de la c\u00e1mara trasera (num\u00e9rica): 50 MP<\/li>\n<li>Resoluci\u00f3n de la segunda c\u00e1mara trasera (num\u00e9rica): 12 MP<\/li>\n<li>Resoluci\u00f3n de la tercera c\u00e1mara trasera (num\u00e9rica): 5 MP<\/li>\n<li>Zoom digital: 3x<\/li>\n<li>Tipo de c\u00e1mara frontal: C\u00e1mara \u00fanica<\/li>\n<li>Resoluci\u00f3n de la c\u00e1mara frontal (num\u00e9rica): 32 MP<\/li>\n<li>Flash en c\u00e1mara trasera: S\u00ed<\/li>\n<li>Tipo de flash: LED<\/li>\n<\/ul>\n<p><strong>Contenido del embalaje:<\/strong><\/p>\n<ul>\n<li>Cables incluidos: USB Tipo C<\/li>\n<li>Ejection pin: S\u00ed<\/li>\n<\/ul>\n<p><strong>Sensores:<\/strong><\/p>\n<ul>\n<li>Giroscopio: S\u00ed<\/li>\n<li>Sensor de luz ambiental: S\u00ed<\/li>\n<\/ul>\n<p><strong>Bater\u00eda:<\/strong><\/p>\n<ul>\n<li>Tecnolog\u00eda de bater\u00eda: I\u00f3n de litio<\/li>\n<li>Capacidad de bater\u00eda: 5000 mAh<\/li>\n<\/ul>\n<p><strong>Dise\u00f1o:<\/strong><\/p>\n<ul>\n<li>Factor de forma: Barra<\/li>\n<li>C\u00f3digo IP (International Protection): IP67<\/li>\n<li>Color del tel\u00e9fono: Azul Claro<\/li>\n<\/ul>\n<p><strong>Desempe\u00f1o:<\/strong><\/p>\n<ul>\n<li>Video llamada: S\u00ed<\/li>\n<li>Carga r\u00e1pida: S\u00ed<\/li>\n<li>Lector de huella digital: S\u00ed<\/li>\n<li>Reconocimiento de cara: S\u00ed<\/li>\n<li>Altavoz: S\u00ed<\/li>\n<li>Alerta vibratoria: S\u00ed<\/li>\n<\/ul>\n<p><strong>Multimedia:<\/strong><\/p>\n<ul>\n<li>No se proporcion\u00f3 informaci\u00f3n.<\/li>\n<\/ul>\n<p><strong>Datos log\u00edsticos:<\/strong><\/p>\n<ul>\n<li>No se proporcion\u00f3 informaci\u00f3n.<\/li>\n<\/ul>\n<p><strong>Suscripci\u00f3n:<\/strong><\/p>\n<ul>\n<li>Tipo de suscripci\u00f3n: Sin suscripci\u00f3n<\/li>\n<\/ul>\n<p><strong>Conexi\u00f3n:<\/strong><\/p>\n<ul>\n<li>Mobile network generation: 5G<\/li>\n<li>Tipo de tarjeta SIM: NanoSIM<\/li>\n<li>Wifi: S\u00ed<\/li>\n<li>Bluetooth: S\u00ed<\/li>\n<li>Versi\u00f3n de Bluetooth: 5.3<\/li>\n<li>NFC: S\u00ed<\/li>\n<li>5G: S\u00ed<\/li>\n<\/ul>\n<\/div>\n","protected":false},"excerpt":{"rendered":"<p>NOMBRE DEL PRODUCTO: SAMSUNG SM-A556BLBAEUB Marca: SAMSUNG Modelo: SM-A556BLBAEUB EAN: 8806095467399Procesador: Familia de procesador: Exynos Modelo del procesador: 1480 N\u00famero<\/p>\n","protected":false},"featured_media":218371,"comment_status":"open","ping_status":"closed","template":"","meta":{"_joinchat":[]},"product_cat":[6476,6480,6479,7133,795],"product_tag":[],"class_list":{"0":"post-218369","1":"product","2":"type-product","3":"status-publish","4":"has-post-thumbnail","6":"product_cat-telefonos","7":"product_cat-android-smartphones-telefonos","8":"product_cat-smartphones-telefonos","9":"product_cat-ofertas-smartphones","10":"product_cat-electronica","12":"first","13":"instock","14":"taxable","15":"shipping-taxable","16":"purchasable","17":"product-type-simple"},"_links":{"self":[{"href":"https:\/\/desdropi.com\/elparque\/wp-json\/wp\/v2\/product\/218369"}],"collection":[{"href":"https:\/\/desdropi.com\/elparque\/wp-json\/wp\/v2\/product"}],"about":[{"href":"https:\/\/desdropi.com\/elparque\/wp-json\/wp\/v2\/types\/product"}],"replies":[{"embeddable":true,"href":"https:\/\/desdropi.com\/elparque\/wp-json\/wp\/v2\/comments?post=218369"}],"version-history":[{"count":0,"href":"https:\/\/desdropi.com\/elparque\/wp-json\/wp\/v2\/product\/218369\/revisions"}],"wp:featuredmedia":[{"embeddable":true,"href":"https:\/\/desdropi.com\/elparque\/wp-json\/wp\/v2\/media\/218371"}],"wp:attachment":[{"href":"https:\/\/desdropi.com\/elparque\/wp-json\/wp\/v2\/media?parent=218369"}],"wp:term":[{"taxonomy":"product_cat","embeddable":true,"href":"https:\/\/desdropi.com\/elparque\/wp-json\/wp\/v2\/product_cat?post=218369"},{"taxonomy":"product_tag","embeddable":true,"href":"https:\/\/desdropi.com\/elparque\/wp-json\/wp\/v2\/product_tag?post=218369"}],"curies":[{"name":"wp","href":"https:\/\/api.w.org\/{rel}","templated":true}]}}