{"id":218391,"date":"2024-04-12T18:34:25","date_gmt":"2024-04-12T16:34:25","guid":{"rendered":"https:\/\/desdropi.com\/elparque\/?post_type=product&#038;p=218391"},"modified":"2024-05-17T13:03:15","modified_gmt":"2024-05-17T11:03:15","slug":"smartphone-motorola-razr-40-ultra-8-256-69-peach","status":"publish","type":"product","link":"https:\/\/desdropi.com\/elparque\/smartphone-motorola-razr-40-ultra-8-256-69-peach\/","title":{"rendered":"SMARTPHONE MOTOROLA RAZR 40 ULTRA 8\/256 6,9&#8243; PEACH"},"content":{"rendered":"<div class=\"descripcion-tab\">\n<strong>NOMBRE DEL PRODUCTO<\/strong><br \/>\nMarca MOTOROLA<br \/>\nModelo PAX40068SE<br \/>\nEAN840023259661<br \/>\n<strong>Procesador<\/strong><\/p>\n<ul>\n<li>Familia de procesador Qualcomm Snapdragon<\/li>\n<li>Modelo del procesador 8+ Gen 1<\/li>\n<li>N\u00famero de n\u00facleos de procesador 8<\/li>\n<\/ul>\n<p><strong>Exhibici\u00f3n<\/strong><\/p>\n<ul>\n<li>Forma de la pantalla Plana<\/li>\n<li>Resoluci\u00f3n de la pantalla 2640 x 1080<\/li>\n<li>Relaci\u00f3n de aspecto nativa 22:9<\/li>\n<li>M\u00e1xima velocidad de actualizaci\u00f3n 165<\/li>\n<li>Alto Rango Din\u00e1mico (HDR) S\u00ed<\/li>\n<li>High Dynamic Range (HDR) technology High Dynamic Range 10+ (HDR10 Plus)<\/li>\n<li>Densidad del pixel 413<\/li>\n<li>Tipo de cristal de la segunda pantalla Gorilla Glass<\/li>\n<li>Frecuencia de actualizaci\u00f3n de la segunda pantalla 144<\/li>\n<li>Versi\u00f3n del cristal Gorilla Glass de la segunda pantalla Gorilla Glass 7<\/li>\n<li>Tipo de la segunda pantalla P-OLED<\/li>\n<li>Segunda pantalla S\u00ed<\/li>\n<li>Diagonal del segundo monitor 9,14<\/li>\n<li>Resoluci\u00f3n del segundo monitor 1066 x 1056<\/li>\n<li>Densidad de p\u00edxeles de la segunda pantalla 413<\/li>\n<li>Brillo m\u00e1ximo de la pantalla (exteriores) 1400<\/li>\n<li>Tipo de cristal de pantalla Gorilla Glass<\/li>\n<li>Gorilla Glass version Gorilla Glass Victus<\/li>\n<li>Tipo de pantalla P-OLED<\/li>\n<li>Tama\u00f1o de la pantalla 17,5<\/li>\n<\/ul>\n<p><strong>Puertos e Interfaces<\/strong><\/p>\n<ul>\n<li>Puerto USB S\u00ed<\/li>\n<li>Conector USB USB Tipo C<\/li>\n<\/ul>\n<p><strong>Peso y dimensiones<\/strong><\/p>\n<ul>\n<li>Peso 188,5<\/li>\n<li>Ancho 74<\/li>\n<li>Profundidad 6,99<\/li>\n<li>Altura 170,8<\/li>\n<li>Ancho de plegado 7,39<\/li>\n<li>Profundidad de plegado 1,51<\/li>\n<li>Altura de plegado 8,84<\/li>\n<\/ul>\n<p><strong>Medios de almacenaje<\/strong><\/p>\n<ul>\n<li>RAM interna 8<\/li>\n<li>Memoria interna 256<\/li>\n<li>Tarjetas de memoria compatibles No compatible<\/li>\n<li>Tipo de memoria RAM interna LPDDR5<\/li>\n<\/ul>\n<p><strong>Mensajer\u00eda<\/strong><\/p>\n<ul>\n<li>Servicios de mensajes cortos (SMS) S\u00ed<\/li>\n<li>Sistema de mensajer\u00eda multimedia (MMS) S\u00ed<\/li>\n<li>Correo electr\u00f3nico S\u00ed<\/li>\n<\/ul>\n<p><strong>Navegaci\u00f3n<\/strong><\/p>\n<ul>\n<li>GPS S\u00ed<\/li>\n<li>GPS (sat\u00e9lite) S\u00ed<\/li>\n<li>GLONASS S\u00ed<\/li>\n<li>Galileo S\u00ed<\/li>\n<li>Br\u00fajula electr\u00f3nica S\u00ed<\/li>\n<\/ul>\n<p><strong>Software<\/strong><\/p>\n<ul>\n<li>Plataforma Android<\/li>\n<li>Sistema operativo instalado Android 13<\/li>\n<li>Asistente virtual Google Assistant<\/li>\n<\/ul>\n<p><strong>C\u00e1mara fotogr\u00e1fica<\/strong><\/p>\n<ul>\n<li>Tipo de c\u00e1mara trasera C\u00e1mara doble<\/li>\n<li>Resoluci\u00f3n de la c\u00e1mara trasera (num\u00e9rica) 12<\/li>\n<li>Resoluci\u00f3n de la segunda c\u00e1mara trasera (num\u00e9rica) 13<\/li>\n<li>N\u00famero de apertura de la c\u00e1mara trasera 1,5<\/li>\n<li>N\u00famero de apertura de la segunda c\u00e1mara trasera 2,2<\/li>\n<li>Tama\u00f1o de los p\u00edxeles de la c\u00e1mara trasera 1,4<\/li>\n<li>Tama\u00f1o de los p\u00edxeles de la segunda c\u00e1mara trasera 1,12<\/li>\n<li>\u00c1ngulo del campo de visi\u00f3n (FOV) de la segunda c\u00e1mara trasera 108<\/li>\n<li>Tipo de c\u00e1mara frontal C\u00e1mara \u00fanica<\/li>\n<li>Resoluci\u00f3n de la c\u00e1mara frontal (num\u00e9rica) 32<\/li>\n<li>Flash en c\u00e1mara trasera S\u00ed<\/li>\n<li>Tipo de flash LED<\/li>\n<li>Estabilizador de imagen S\u00ed<\/li>\n<li>Tipo de estabilizador de imagen Optical Image Stabilization (OIS)<\/li>\n<li>Fotograf\u00eda macro S\u00ed<\/li>\n<li>Modo noche S\u00ed<\/li>\n<li>Detector de sonrisa S\u00ed<\/li>\n<li>Panor\u00e1mica S\u00ed<\/li>\n<li>Modo retrato S\u00ed<\/li>\n<li>Modo de alto rango din\u00e1mico (HDR) de la c\u00e1mara S\u00ed<\/li>\n<li>Modo de lapso de tiempo S\u00ed<\/li>\n<\/ul>\n<p><strong>Contenido del embalaje<\/strong><\/p>\n<ul>\n<li>Adaptador AC incluido S\u00ed<\/li>\n<li>Gu\u00eda de configuraci\u00f3n r\u00e1pida S\u00ed<\/li>\n<li>Cables incluidos USB Tipo C<\/li>\n<li>Funda protectora S\u00ed<\/li>\n<li>Ejection pin S\u00ed<\/li>\n<\/ul>\n<p><strong>Sensores<\/strong><\/p>\n<ul>\n<li>Sensor de proximidad S\u00ed<\/li>\n<li>Aceler\u00f3metro S\u00ed<\/li>\n<li>Sensor de luz ambiental S\u00ed<\/li>\n<li>Sensor magnet\u00f3metro S\u00ed<\/li>\n<li>Giroscopio S\u00ed<\/li>\n<\/ul>\n<p><strong>Bater\u00eda<\/strong><\/p>\n<ul>\n<li>Capacidad de bater\u00eda 3800<\/li>\n<\/ul>\n<p><strong>Dise\u00f1o<\/strong><\/p>\n<ul>\n<li>Nombre del color Peach Fuzz<\/li>\n<li>Factor de forma Concha<\/li>\n<li>C\u00f3digo IP (International Protection) IP52<\/li>\n<\/ul>\n<p><strong>Desempe\u00f1o<\/strong><\/p>\n<ul>\n<li>Video llamada S\u00ed<\/li>\n<li>Carga r\u00e1pida S\u00ed<\/li>\n<li>Cargador inal\u00e1mbrico S\u00ed<\/li>\n<li>Lector de huella digital S\u00ed<\/li>\n<li>Reconocimiento de cara S\u00ed<\/li>\n<li>Altavoz S\u00ed<\/li>\n<li>Comandos de voz S\u00ed<\/li>\n<li>Alerta vibratoria S\u00ed<\/li>\n<li>Fast charging technology TurboPower<\/li>\n<\/ul>\n<p><strong>Multimedia<\/strong><\/p>\n<ul>\n<li>Sistema de audio Dolby Atmos<\/li>\n<\/ul>\n<p><strong>Suscripci\u00f3n<\/strong><\/p>\n<ul>\n<li>Tipo de suscripci\u00f3n Sin suscripci\u00f3n<\/li>\n<\/ul>\n<p><strong>Conexi\u00f3n<\/strong><\/p>\n<ul>\n<li>Capacidad de la tarjeta SIM SIM doble<\/li>\n<li>Mobile network generation 5G<\/li>\n<li>Tipo de tarjeta SIM NanoSIM + eSIM<\/li>\n<li>Est\u00e1ndares 3G HSPA+, UMTS<\/li>\n<li>Est\u00e1ndar 4G LTE<\/li>\n<li>Wifi S\u00ed<\/li>\n<li>Wi-Fi est\u00e1ndares 802.11a, 802.11b, 802.11g, Wi-Fi 4 (802.11n), Wi-Fi 5 (802.11ac), Wi-Fi 6 (802.11ax)<\/li>\n<li>Bluetooth S\u00ed<\/li>\n<li>Versi\u00f3n de Bluetooth 5.3<\/li>\n<li>NFC S\u00ed<\/li>\n<\/ul>\n<\/div>\n","protected":false},"excerpt":{"rendered":"<p><span style=\"color: #ff0000;\"><strong>\u00a1ENV\u00cdO GRATIS!<\/strong><\/span><\/p>\n","protected":false},"featured_media":218392,"comment_status":"open","ping_status":"closed","template":"","meta":{"_joinchat":[]},"product_cat":[795,6479,6476],"product_tag":[],"class_list":{"0":"post-218391","1":"product","2":"type-product","3":"status-publish","4":"has-post-thumbnail","6":"product_cat-electronica","7":"product_cat-smartphones-telefonos","8":"product_cat-telefonos","10":"first","11":"instock","12":"sale","13":"taxable","14":"shipping-taxable","15":"purchasable","16":"product-type-simple"},"_links":{"self":[{"href":"https:\/\/desdropi.com\/elparque\/wp-json\/wp\/v2\/product\/218391"}],"collection":[{"href":"https:\/\/desdropi.com\/elparque\/wp-json\/wp\/v2\/product"}],"about":[{"href":"https:\/\/desdropi.com\/elparque\/wp-json\/wp\/v2\/types\/product"}],"replies":[{"embeddable":true,"href":"https:\/\/desdropi.com\/elparque\/wp-json\/wp\/v2\/comments?post=218391"}],"version-history":[{"count":0,"href":"https:\/\/desdropi.com\/elparque\/wp-json\/wp\/v2\/product\/218391\/revisions"}],"wp:featuredmedia":[{"embeddable":true,"href":"https:\/\/desdropi.com\/elparque\/wp-json\/wp\/v2\/media\/218392"}],"wp:attachment":[{"href":"https:\/\/desdropi.com\/elparque\/wp-json\/wp\/v2\/media?parent=218391"}],"wp:term":[{"taxonomy":"product_cat","embeddable":true,"href":"https:\/\/desdropi.com\/elparque\/wp-json\/wp\/v2\/product_cat?post=218391"},{"taxonomy":"product_tag","embeddable":true,"href":"https:\/\/desdropi.com\/elparque\/wp-json\/wp\/v2\/product_tag?post=218391"}],"curies":[{"name":"wp","href":"https:\/\/api.w.org\/{rel}","templated":true}]}}