{"id":218441,"date":"2024-04-12T23:14:42","date_gmt":"2024-04-12T21:14:42","guid":{"rendered":"https:\/\/desdropi.com\/elparque\/horno-cecotec-02805-convencional-77-litros-inox-clase-a-2800w\/"},"modified":"2024-05-19T00:06:41","modified_gmt":"2024-05-18T22:06:41","slug":"horno-cecotec-02805-convencional-77-litros-inox-clase-a-2800w","status":"publish","type":"product","link":"https:\/\/desdropi.com\/elparque\/horno-cecotec-02805-convencional-77-litros-inox-clase-a-2800w\/","title":{"rendered":"horno cecotec 02805 convencional 77\/litros inox clase\/a 2800w"},"content":{"rendered":"<div class=\"descripcion-tab\">\n<strong><span class=\"e1pizqy31 css-hga4sk\">DESCRIPCI\u00d3N<\/span><\/strong><\/p>\n<div class=\"css-k1moeq e1pizqy32\">\n<ul>\n<li>77 litros de capacidad: cocina para toda la familia con su gran capacidad y 5 posiciones de bandejas.<\/li>\n<li>Steam Base X2: Zona Steam doble con capacidad XXL de hasta 1L: 500ml + 500ml para el uso de las funciones Steam EasyClean y Steam Assist.<\/li>\n<li>Steam EasyClean: el vapor desincrusta la suciedad y permite una mejor limpieza.<\/li>\n<li>Steam Assist: prepara tus platos con esta funci\u00f3n, utilizando el horneado junto con el vapor para que tus recetas queden crujientes por fuera y jugosas por dentro.<\/li>\n<li>Cooling Fan: Sistema de ventilaci\u00f3n de aire para lograr un enfriamiento r\u00e1pido. Minimiza la condensaci\u00f3n y el exceso de temperatura entre el horno y la placa de cocci\u00f3n. Olv\u00eddate de largas esperas tras cocinar para tener que limpiar el horno o guardar utensilios de cocina dentro.<\/li>\n<li>Puerta Triple Glass: puerta fr\u00eda con 3 cristales que evita que nos quememos al tocar el cristal exterior y permite que no se pierda calor, lo que le hace m\u00e1s eficiente.<\/li>\n<li>4 funciones: Calor Superior, Calor inferior, Calor Superior e Inferior, Steam Assist\/Steam EasyClean, adem\u00e1s posee luz Interior.<\/li>\n<li>Clase energ\u00e9tica A: cocina tus recetas preservando la eficiencia energ\u00e9tica.<\/li>\n<li>Potencia de 2800 W: prepara todo tipo de recetas gracias a su enorme potencia que consigue resultado perfectos en menos tiempo.<\/li>\n<li>Controles met\u00e1licos Inox.<\/li>\n<\/ul>\n<div id=\"technical-details\" class=\"css-0 egxb0x40\">\n<div class=\"css-1vrowg6\">\n<div id=\"composition\" class=\"e1hv9n5v2 css-ldw7pi\">\n<p><strong><span class=\"e1hv9n5v0 css-hga4sk\">COMPOSICI\u00d3N<\/span><\/strong><\/p>\n<div class=\"css-1azcdyx e1hv9n5v1\">\n<ul>\n<li>Horno Convencional<\/li>\n<li>Manual de Usuario<\/li>\n<li>Bandeja<\/li>\n<li>Rejilla<\/li>\n<\/ul>\n<\/div>\n<\/div>\n<\/div>\n<\/div>\n<\/div>\n<\/div>\n","protected":false},"excerpt":{"rendered":"<p>DESCRIPCI\u00d3N 77 litros de capacidad: cocina para toda la familia con su gran capacidad y 5 posiciones de bandejas. Steam<\/p>\n","protected":false},"featured_media":218442,"comment_status":"open","ping_status":"closed","template":"","meta":{"_joinchat":[]},"product_cat":[6507,3268,3279],"product_tag":[],"class_list":{"0":"post-218441","1":"product","2":"type-product","3":"status-publish","4":"has-post-thumbnail","6":"product_cat-multifuncion","7":"product_cat-coccion","8":"product_cat-hornos","9":"pa_marca-cecotec-g-blanca","11":"first","12":"instock","13":"taxable","14":"shipping-taxable","15":"purchasable","16":"product-type-simple"},"_links":{"self":[{"href":"https:\/\/desdropi.com\/elparque\/wp-json\/wp\/v2\/product\/218441"}],"collection":[{"href":"https:\/\/desdropi.com\/elparque\/wp-json\/wp\/v2\/product"}],"about":[{"href":"https:\/\/desdropi.com\/elparque\/wp-json\/wp\/v2\/types\/product"}],"replies":[{"embeddable":true,"href":"https:\/\/desdropi.com\/elparque\/wp-json\/wp\/v2\/comments?post=218441"}],"version-history":[{"count":0,"href":"https:\/\/desdropi.com\/elparque\/wp-json\/wp\/v2\/product\/218441\/revisions"}],"wp:featuredmedia":[{"embeddable":true,"href":"https:\/\/desdropi.com\/elparque\/wp-json\/wp\/v2\/media\/218442"}],"wp:attachment":[{"href":"https:\/\/desdropi.com\/elparque\/wp-json\/wp\/v2\/media?parent=218441"}],"wp:term":[{"taxonomy":"product_cat","embeddable":true,"href":"https:\/\/desdropi.com\/elparque\/wp-json\/wp\/v2\/product_cat?post=218441"},{"taxonomy":"product_tag","embeddable":true,"href":"https:\/\/desdropi.com\/elparque\/wp-json\/wp\/v2\/product_tag?post=218441"}],"curies":[{"name":"wp","href":"https:\/\/api.w.org\/{rel}","templated":true}]}}