{"id":218453,"date":"2024-04-12T23:16:03","date_gmt":"2024-04-12T21:16:03","guid":{"rendered":"https:\/\/desdropi.com\/elparque\/television-cecotec-02616-70-4k-uhd-android-11-voice\/"},"modified":"2024-05-19T00:06:46","modified_gmt":"2024-05-18T22:06:46","slug":"television-cecotec-02616-70-4k-uhd-android-11-voice","status":"publish","type":"product","link":"https:\/\/desdropi.com\/elparque\/television-cecotec-02616-70-4k-uhd-android-11-voice\/","title":{"rendered":"television cecotec 02616 70&#8243; 4k uhd android-11 voice"},"content":{"rendered":"<div class=\"descripcion-tab\">\n<div class=\"css-1vrowg6\">\n<div id=\"description\" class=\"e1pizqy33 css-1gvl2s3\">\n<p><strong><span class=\"e1pizqy31 css-hga4sk\">DESCRIPCI\u00d3N<\/span><\/strong><\/p>\n<div class=\"css-k1moeq e1pizqy32\">\n<ul>\n<li>Android TV.V.11: la mejor experiencia de uso con una gran colecci\u00f3n de aplicaciones.<\/li>\n<li>Chromecast integrado para enviar contenido de forma sencilla y r\u00e1pida.<\/li>\n<li>4K UHD: im\u00e1genes ultra n\u00edtidas y con alta definici\u00f3n incluso en detalles.<\/li>\n<li>Dise\u00f1o Frameless: minimiza el margen entre marcos e imagen para mejorar la experiencia de visi\u00f3n.<\/li>\n<li>MEMC: a\u00f1ade fotogramas de compensaci\u00f3n para generar im\u00e1genes m\u00e1s fluidas y n\u00edtidas.<\/li>\n<li>Dolby Vision: optimiza cada fotograma para mostrar im\u00e1genes m\u00e1s puras y reales.<\/li>\n<li>Dolby Atmos: sonido envolvente multidimensional de 360\u00ba para escuchar el sonido de forma real.<\/li>\n<li>HDR10: procesa la imagen y consigue la mayor profundidad de color.<\/li>\n<li>HDMI 2.1: permite altas frecuencias y resoluciones sin da\u00f1ar la imagen de origen.<\/li>\n<li>Pure Dimming\/Pure Move\/Pure Outline: mejora el brillo, la definici\u00f3n y el movimiento de cada imagen.<\/li>\n<li>ALLM: configura la latencia de forma autom\u00e1tica para mejorar la experiencia de juego de tu consola.<\/li>\n<li>Pantalla 10 Bits: reproduce m\u00e1s de 1000 millones de colores.<\/li>\n<li>Eye Safe: minimiza la emisi\u00f3n de luz azul para proteger los ojos.<\/li>\n<\/ul>\n<\/div>\n<\/div>\n<\/div>\n<div class=\"css-1vrowg6\">\n<div id=\"composition\" class=\"e1hv9n5v2 css-ldw7pi\">\n<p><strong><span class=\"e1hv9n5v0 css-hga4sk\">COMPOSICI\u00d3N<\/span><\/strong><\/p>\n<div class=\"css-1azcdyx e1hv9n5v1\">\n<ul>\n<li>2 pilas AAA<\/li>\n<li>Mando a distancia<\/li>\n<li>Manual de instrucciones<\/li>\n<li>Televisi\u00f3n LED 70\u201d 4K<\/li>\n<\/ul>\n<\/div>\n<\/div>\n<\/div>\n<\/div>\n","protected":false},"excerpt":{"rendered":"<p>DESCRIPCI\u00d3N Android TV.V.11: la mejor experiencia de uso con una gran colecci\u00f3n de aplicaciones. Chromecast integrado para enviar contenido de<\/p>\n","protected":false},"featured_media":218454,"comment_status":"open","ping_status":"closed","template":"","meta":{"_joinchat":[]},"product_cat":[795,6464,7069],"product_tag":[],"class_list":{"0":"post-218453","1":"product","2":"type-product","3":"status-publish","4":"has-post-thumbnail","6":"product_cat-electronica","7":"product_cat-televisores-electronica","8":"product_cat-tv-60-79","9":"pa_marca-cecotec-g-marron","11":"first","12":"instock","13":"taxable","14":"shipping-taxable","15":"purchasable","16":"product-type-simple"},"_links":{"self":[{"href":"https:\/\/desdropi.com\/elparque\/wp-json\/wp\/v2\/product\/218453"}],"collection":[{"href":"https:\/\/desdropi.com\/elparque\/wp-json\/wp\/v2\/product"}],"about":[{"href":"https:\/\/desdropi.com\/elparque\/wp-json\/wp\/v2\/types\/product"}],"replies":[{"embeddable":true,"href":"https:\/\/desdropi.com\/elparque\/wp-json\/wp\/v2\/comments?post=218453"}],"version-history":[{"count":0,"href":"https:\/\/desdropi.com\/elparque\/wp-json\/wp\/v2\/product\/218453\/revisions"}],"wp:featuredmedia":[{"embeddable":true,"href":"https:\/\/desdropi.com\/elparque\/wp-json\/wp\/v2\/media\/218454"}],"wp:attachment":[{"href":"https:\/\/desdropi.com\/elparque\/wp-json\/wp\/v2\/media?parent=218453"}],"wp:term":[{"taxonomy":"product_cat","embeddable":true,"href":"https:\/\/desdropi.com\/elparque\/wp-json\/wp\/v2\/product_cat?post=218453"},{"taxonomy":"product_tag","embeddable":true,"href":"https:\/\/desdropi.com\/elparque\/wp-json\/wp\/v2\/product_tag?post=218453"}],"curies":[{"name":"wp","href":"https:\/\/api.w.org\/{rel}","templated":true}]}}