{"id":218459,"date":"2024-04-12T23:16:03","date_gmt":"2024-04-12T21:16:03","guid":{"rendered":"https:\/\/desdropi.com\/elparque\/lavadora-cecotec-02766-9kg-1400rpm-inverter-clase-a\/"},"modified":"2025-04-14T09:30:22","modified_gmt":"2025-04-14T07:30:22","slug":"lavadora-cecotec-02766-9kg-1400rpm-inverter-clase-a","status":"publish","type":"product","link":"https:\/\/desdropi.com\/elparque\/lavadora-cecotec-02766-9kg-1400rpm-inverter-clase-a\/","title":{"rendered":"lavadora cecotec 02766 9kg 1400rpm inverter clase\/a"},"content":{"rendered":"<div class=\"descripcion-tab\">\n<div class=\"css-1vrowg6\">\n<div id=\"description\" class=\"e1pizqy33 css-1gvl2s3\">\n<p><strong><span class=\"e1pizqy31 css-hga4sk\">DESCRIPCI\u00d3N<\/span><\/strong><\/p>\n<div class=\"css-k1moeq e1pizqy32\">\n<ul>\n<li>Capacidad de carga 9 kg.<\/li>\n<li>Motor Inverter Plus: garantiza un funcionamiento eficiente lavado tras lavado, lo que permite ahorrar m\u00e1s de un 70% en comparaci\u00f3n con un motor universal. Adem\u00e1s, reduce el ruido durante su funcionamiento, sobre todo en la fase de centrifugado y lavado.<\/li>\n<li>16 programas: un programa para cada momento y cada tejido para ofrecer siempre lavados a medida. Gran variedad de programas que se ajustan a todas tus necesidades y a todas tus prendas.<\/li>\n<li>Fuzzy Logic: detecta la carga del lavado y optimiza el nivel de agua y tiempo de lavado.<\/li>\n<li>Spa Care: funci\u00f3n de esterilizaci\u00f3n previa al lavado mediante vapor que deja la ropa 100 % libre de g\u00e9rmenes y bacterias.<\/li>\n<li>Space Pro: m\u00e1s capacidad en el mismo espacio gracias al dise\u00f1o exptraplano del tambor.<\/li>\n<li>DelayStart: programa el inicio del lavado entre 0 y 24 h antes.<\/li>\n<li>KidLock: bloqueo de seguridad para ni\u00f1os para evitar que puedan controlar la lavadora.<\/li>\n<li>Smooth Wash: gracias al sistema ESC ajusta el lavado y centrifugado a un modo ultra silencioso para que pueda utilizarse incluso por las noches.<\/li>\n<li>Display touch: controla la lavadora de forma c\u00f3moda gracias a su display t\u00e1ctil XXL y conoce toda la informaci\u00f3n de cada lavado de un simple vistazo (tiempo de lavado, opciones seleccionadas, etapa del programas, etc.)<\/li>\n<li>Pearl Drum: tambor con textura de copo de nieve que mejora el secado y deslizamiento de las prendas.<\/li>\n<li>SteamMax: funci\u00f3n agregada antes del programa principal que lava la ropa mediante vapor. Envuelve la colada con vapor para penetrar eficazmente en cada prenda para esterelizarla y eliminar cualquier olor.<\/li>\n<li>OnSmart: lavado inteligente que selecciona el programa ideal de forma autom\u00e1tica con solo pulsar un bot\u00f3n.<\/li>\n<li>Revoluciones programables: m\u00e1x 1400 rpm.<\/li>\n<li>Clase A: m\u00e1xima eficiencia energ\u00e9tica que permite un gran ahorro energ\u00e9tico en cada lavado.<\/li>\n<\/ul>\n<\/div>\n<\/div>\n<\/div>\n<div class=\"css-1vrowg6\">\n<div id=\"composition\" class=\"e1hv9n5v2 css-ldw7pi\">\n<p><strong><span class=\"e1hv9n5v0 css-hga4sk\">COMPOSICI\u00d3N<\/span><\/strong><\/p>\n<div class=\"css-1azcdyx e1hv9n5v1\">\n<ul>\n<li>Lavadora<\/li>\n<li>Manguera suministro agua<\/li>\n<li>Manual de instrucciones<\/li>\n<li>Patas de transporte<\/li>\n<\/ul>\n<\/div>\n<\/div>\n<\/div>\n<\/div>\n","protected":false},"excerpt":{"rendered":"<p><a href=\"https:\/\/eprel.ec.europa.eu\/labels\/washingmachines2019\/Label_1575048.pdf\" target=\"_blank\" rel=\"noopener\"><img decoding=\"async\" class=\"alignnone wp-image-205400 size-full\" src=\"https:\/\/desdropi.com\/elparque\/wp-content\/uploads\/eficiencia-A.png\" alt=\"\" width=\"56\" height=\"33\" \/><u><\/u><\/a><u><a href=\"https:\/\/eprel.ec.europa.eu\/informationsheet\/Fiche_1575048_ES.pdf\" target=\"_blank\" rel=\"noopener\">Ficha de informaci\u00f3n de producto<\/a><\/u><\/p>\n","protected":false},"featured_media":218460,"comment_status":"open","ping_status":"closed","template":"","meta":{"_joinchat":[]},"product_cat":[6444,6443,780],"product_tag":[],"class_list":{"0":"post-218459","1":"product","2":"type-product","3":"status-publish","4":"has-post-thumbnail","6":"product_cat-carga-frontal-lavadoras","7":"product_cat-lavadoras","8":"product_cat-gran-electrodomestico","9":"pa_marca-cecotec-g-blanca","11":"first","12":"instock","13":"taxable","14":"shipping-taxable","15":"purchasable","16":"product-type-simple"},"_links":{"self":[{"href":"https:\/\/desdropi.com\/elparque\/wp-json\/wp\/v2\/product\/218459"}],"collection":[{"href":"https:\/\/desdropi.com\/elparque\/wp-json\/wp\/v2\/product"}],"about":[{"href":"https:\/\/desdropi.com\/elparque\/wp-json\/wp\/v2\/types\/product"}],"replies":[{"embeddable":true,"href":"https:\/\/desdropi.com\/elparque\/wp-json\/wp\/v2\/comments?post=218459"}],"version-history":[{"count":1,"href":"https:\/\/desdropi.com\/elparque\/wp-json\/wp\/v2\/product\/218459\/revisions"}],"predecessor-version":[{"id":225060,"href":"https:\/\/desdropi.com\/elparque\/wp-json\/wp\/v2\/product\/218459\/revisions\/225060"}],"wp:featuredmedia":[{"embeddable":true,"href":"https:\/\/desdropi.com\/elparque\/wp-json\/wp\/v2\/media\/218460"}],"wp:attachment":[{"href":"https:\/\/desdropi.com\/elparque\/wp-json\/wp\/v2\/media?parent=218459"}],"wp:term":[{"taxonomy":"product_cat","embeddable":true,"href":"https:\/\/desdropi.com\/elparque\/wp-json\/wp\/v2\/product_cat?post=218459"},{"taxonomy":"product_tag","embeddable":true,"href":"https:\/\/desdropi.com\/elparque\/wp-json\/wp\/v2\/product_tag?post=218459"}],"curies":[{"name":"wp","href":"https:\/\/api.w.org\/{rel}","templated":true}]}}