{"id":218465,"date":"2024-04-12T23:16:31","date_gmt":"2024-04-12T21:16:31","guid":{"rendered":"https:\/\/desdropi.com\/elparque\/cafetera-cap-delonghi-edg160a-infinissima-negra-dolce-gusto\/"},"modified":"2025-04-14T03:56:25","modified_gmt":"2025-04-14T01:56:25","slug":"cafetera-cap-delonghi-edg160a-infinissima-negra-dolce-gusto","status":"publish","type":"product","link":"https:\/\/desdropi.com\/elparque\/cafetera-cap-delonghi-edg160a-infinissima-negra-dolce-gusto\/","title":{"rendered":"cafetera cap delonghi edg160a infinissima negra dolce gusto"},"content":{"rendered":"<div class=\"descripcion-tab\">\n<h4>Caracter\u00edsticas:<\/h4>\n<ul>\n<li>Cafetera manual Nescaf\u00e9 Dolce Gusto Infinissima De&#8217;Longhi con sistema de c\u00e1psulas de hasta 15 bares de presi\u00f3n;<\/li>\n<li>Capaz de hacer caf\u00e9 de calidad profesional, caliente desde la primera taza gracias a su sistema Thermoblock<\/li>\n<li>Dep\u00f3sito extra\u00edble de 1.2 l muy f\u00e1cil de llenar<\/li>\n<li>Bandeja recogegotas ajustable a 3 alturas para utilizar con diferentes tama\u00f1os de taza<\/li>\n<li>Cada c\u00e1psula de NESCAF\u00c9 Dolce Gusto est\u00e1 dise\u00f1ada para ajustar autom\u00e1ticamente la presi\u00f3n en funci\u00f3n del tipo de bebida<\/li>\n<li>Disfruta de m\u00e1s de 30 creaciones de caf\u00e9 de calidad desde el car\u00e1cter de un Espresso Intenso o el cuerpo de un Lungo, hasta el espumoso Cappuccino; adem\u00e1s del chocolate caliente o los t\u00e9s arom\u00e1ticos<\/li>\n<\/ul>\n<h4>Especificaciones Delonghi INFINISSIMA\u00a0:<\/h4>\n<ul>\n<li><strong>Desempe\u00f1o<\/strong>\n<ul>\n<li>M\u00e1quina de caf\u00e9: Totalmente autom\u00e1tica<\/li>\n<li>Capacidad en tazas: 1 tazas<\/li>\n<li>Presi\u00f3n m\u00e0xima de funcionamiento: 15 bar<\/li>\n<li>Molinillo integrado: No<\/li>\n<li>Tipo de instalaci\u00f3n: Encimera<\/li>\n<li>Tipo de producto: Cafetera moka el\u00e9ctrica<\/li>\n<li>Capacidad de reservorio de agua: 1,2 L<\/li>\n<li>Caf\u00e9 tipo de entrada: C\u00e1psula de caf\u00e9<\/li>\n<\/ul>\n<\/li>\n<\/ul>\n<ul>\n<li><strong>Funciones y programas de cocina<\/strong>\n<ul>\n<li>Preparaci\u00f3n de caf\u00e9: Si<\/li>\n<\/ul>\n<\/li>\n<\/ul>\n<ul>\n<li><strong>Ergonom\u00eda<\/strong>\n<ul>\n<li>Tipo de control: Botones<\/li>\n<li>Pantalla incorporada: No<\/li>\n<li>Color del producto: Negro<\/li>\n<li>Bandeja de goteo extraible: Si<\/li>\n<li>Funci\u00f3n de modo de espera: Si<\/li>\n<li>Soporte para tazas: Si<\/li>\n<\/ul>\n<\/li>\n<\/ul>\n<ul>\n<li><strong>Control de energ\u00eda<\/strong>\n<ul>\n<li>Potencia: 1470 W<\/li>\n<li>Voltaje de entrada AC: 220\u2013240<\/li>\n<li>Frecuencia de entrada AC: 50 &#8211; 60 Hz<\/li>\n<li>Desconexi\u00f3n autom\u00e1tica despu\u00e9s de (m\u00e1x.): 5 min<\/li>\n<\/ul>\n<\/li>\n<\/ul>\n<ul>\n<li><strong>Peso y dimensiones<\/strong>\n<ul>\n<li>Ancho: 155 mm<\/li>\n<li>Profundidad: 285 mm<\/li>\n<li>Altura: 372 mm<\/li>\n<li>Peso: 2,65 kg<\/li>\n<\/ul>\n<\/li>\n<\/ul>\n<\/div>\n","protected":false},"excerpt":{"rendered":"<p>&nbsp;<\/p>\n<p>&nbsp;<\/p>\n","protected":false},"featured_media":218466,"comment_status":"open","ping_status":"closed","template":"","meta":{"_joinchat":[]},"product_cat":[6516,6863,825],"product_tag":[],"class_list":{"0":"post-218465","1":"product","2":"type-product","3":"status-publish","4":"has-post-thumbnail","6":"product_cat-cafeteras-pequeno-electrodomestico","7":"product_cat-de-capsulas","8":"product_cat-pequeno-electrodomestico","9":"pa_marca-delonghi","11":"first","12":"instock","13":"taxable","14":"shipping-taxable","15":"purchasable","16":"product-type-simple"},"_links":{"self":[{"href":"https:\/\/desdropi.com\/elparque\/wp-json\/wp\/v2\/product\/218465"}],"collection":[{"href":"https:\/\/desdropi.com\/elparque\/wp-json\/wp\/v2\/product"}],"about":[{"href":"https:\/\/desdropi.com\/elparque\/wp-json\/wp\/v2\/types\/product"}],"replies":[{"embeddable":true,"href":"https:\/\/desdropi.com\/elparque\/wp-json\/wp\/v2\/comments?post=218465"}],"version-history":[{"count":1,"href":"https:\/\/desdropi.com\/elparque\/wp-json\/wp\/v2\/product\/218465\/revisions"}],"predecessor-version":[{"id":225066,"href":"https:\/\/desdropi.com\/elparque\/wp-json\/wp\/v2\/product\/218465\/revisions\/225066"}],"wp:featuredmedia":[{"embeddable":true,"href":"https:\/\/desdropi.com\/elparque\/wp-json\/wp\/v2\/media\/218466"}],"wp:attachment":[{"href":"https:\/\/desdropi.com\/elparque\/wp-json\/wp\/v2\/media?parent=218465"}],"wp:term":[{"taxonomy":"product_cat","embeddable":true,"href":"https:\/\/desdropi.com\/elparque\/wp-json\/wp\/v2\/product_cat?post=218465"},{"taxonomy":"product_tag","embeddable":true,"href":"https:\/\/desdropi.com\/elparque\/wp-json\/wp\/v2\/product_tag?post=218465"}],"curies":[{"name":"wp","href":"https:\/\/api.w.org\/{rel}","templated":true}]}}