{"id":218486,"date":"2024-04-13T12:35:43","date_gmt":"2024-04-13T10:35:43","guid":{"rendered":"https:\/\/desdropi.com\/elparque\/?post_type=product&#038;p=218486"},"modified":"2024-06-05T11:33:57","modified_gmt":"2024-06-05T09:33:57","slug":"tv-samsung-65-tq65s90c-qdoled-uhd-smart-tv","status":"publish","type":"product","link":"https:\/\/desdropi.com\/elparque\/tv-samsung-65-tq65s90c-qdoled-uhd-smart-tv\/","title":{"rendered":"TV SAMSUNG 65&#8243; TQ65S90C QDOLED UHD SMART TV"},"content":{"rendered":"<div class=\"descripcion-tab\">\n<strong>NOMBRE DEL PRODUCTO<\/strong><br \/>\nMarca SAMSUNG<br \/>\nModelo TQ65S90CATXXC<br \/>\nEAN8806094948929<br \/>\n<strong>Exhibici\u00f3n<\/strong><\/p>\n<ul>\n<li>Relaci\u00f3n de aspecto nativa 16:9<\/li>\n<li>Frecuencia nativa de refresco 144<\/li>\n<li>Diagonal de pantalla 165,1<\/li>\n<li>Pantalla antirreflectante S\u00ed<\/li>\n<li>Tipo de matriz OLED<\/li>\n<li>Resoluci\u00f3n 4K Ultra HD<\/li>\n<li>Retroiluminaci\u00f3n del panel OLED<\/li>\n<li>Pulgadas 65&#8243;<\/li>\n<li>Resoluci\u00f3n de la pantalla 3840 x 2160<\/li>\n<li>Tecnolog\u00eda del panel OLED<\/li>\n<li>Forma de la pantalla Plana<\/li>\n<\/ul>\n<p><strong>Audio<\/strong><\/p>\n<ul>\n<li>Potencia estimada RMS 40<\/li>\n<li>Decodificadores incorporados Dolby Atmos<\/li>\n<li>Tecnolog\u00edas de decodificaci\u00f3n de audio Dolby Digital, Dolby Digital Plus, Dolby MS12<\/li>\n<\/ul>\n<p><strong>Puertos e Interfaces<\/strong><\/p>\n<ul>\n<li>N\u00famero de puertos HDMI4<\/li>\n<li>PC (D-Sub) No<\/li>\n<li>Ethernet LAN (RJ-45) cantidad de puertos 1<\/li>\n<li>Audio digital, salida optica 1<\/li>\n<li>Interfaz com\u00fan S\u00ed<\/li>\n<li>Interfaz com\u00fan Plus (CI+) S\u00ed<\/li>\n<li>Versi\u00f3n Common interface Plus (CI+) 1.4<\/li>\n<li>Entrada de CAS\u00ed<\/li>\n<li>Cantidad de puertos USB 2.02<\/li>\n<\/ul>\n<p><strong>Peso y dimensiones<\/strong><\/p>\n<ul>\n<li>Ancho del dispositivo (con soporte) 1444,3<\/li>\n<li>Altura del dispositivo (con soporte) 896,6<\/li>\n<li>Profundidad dispositivo (con soporte) 265,9<\/li>\n<li>Peso (con soporte) 23,1<\/li>\n<li>Ancho (sin base) 1444,3<\/li>\n<li>Profundidad (sin base) 39,9<\/li>\n<li>Altura (sin base) 831,7<\/li>\n<li>Peso (sin base) 21,1<\/li>\n<li>Rango de pulgadas De 65 a 75<\/li>\n<\/ul>\n<p><strong>Control de energ\u00eda<\/strong><\/p>\n<ul>\n<li>Energy efficiency class (SDR) F<\/li>\n<li>Energy consumption (SDR) per 1000 hours 95<\/li>\n<li>Consumo de energ\u00eda (inactivo) 0,5<\/li>\n<li>Voltaje de entrada AC 220 &#8211; 240<\/li>\n<li>Frecuencia de entrada AC 50\/60<\/li>\n<li>Energy efficiency scale De la A a la G<\/li>\n<\/ul>\n<p><strong>Empaquetado<\/strong><\/p>\n<ul>\n<li>Soporte de sobremesa S\u00ed<\/li>\n<li>Manual electr\u00f3nico S\u00ed<\/li>\n<\/ul>\n<p><strong>Sintonizador de la TV<\/strong><\/p>\n<ul>\n<li>Formato de se\u00f1al digital DVB-C, DVB-S2, DVB-T2<\/li>\n<\/ul>\n<p><strong>Caracter\u00edsticas de administraci\u00f3n<\/strong><\/p>\n<ul>\n<li>Gu\u00eda electr\u00f3nica de programaci\u00f3n S\u00ed<\/li>\n<\/ul>\n<p><strong>Dise\u00f1o<\/strong><\/p>\n<ul>\n<li>Rollable display No<\/li>\n<li>Color del producto Negro<\/li>\n<li>Interruptor de encendido\/apagado integrado S\u00ed<\/li>\n<li>montaje VESA S\u00ed<\/li>\n<li>Interfaz de panel de montaje 300 x 200<\/li>\n<li>Tipo de soporte Soporte central<\/li>\n<li>Color del soporte Negro<\/li>\n<\/ul>\n<p><strong>Desempe\u00f1o<\/strong><\/p>\n<ul>\n<li>Alto Rango Din\u00e1mico (HDR) S\u00ed<\/li>\n<li>High Dynamic Range (HDR) technologyHLG (Hybrid Log Gamma), High Dynamic Range 10+ (HDR10 Plus)<\/li>\n<\/ul>\n<p><strong>Smart TV<\/strong><\/p>\n<ul>\n<li>Versi\u00f3n de sistema operativo Tizen Smart TV<\/li>\n<li>Smart TV S\u00ed<\/li>\n<li>Sistema operativo instalado Tizen<\/li>\n<\/ul>\n<p><strong>Conexi\u00f3n<\/strong><\/p>\n<ul>\n<li>Wifi S\u00ed<\/li>\n<li>Ethernet S\u00ed<\/li>\n<li>Bluetooth S\u00ed<\/li>\n<li>Navegador web S\u00ed<\/li>\n<li>Navegaci\u00f3n S\u00ed<\/li>\n<\/ul>\n<\/div>\n","protected":false},"excerpt":{"rendered":"<p>NOMBRE DEL PRODUCTO Marca SAMSUNG Modelo TQ65S90CATXXC EAN8806094948929 Exhibici\u00f3n Relaci\u00f3n de aspecto nativa 16:9 Frecuencia nativa de refresco 144 Diagonal<\/p>\n","protected":false},"featured_media":218487,"comment_status":"open","ping_status":"closed","template":"","meta":{"_joinchat":[]},"product_cat":[795,6464,7144,7069,7157],"product_tag":[],"class_list":{"0":"post-218486","1":"product","2":"type-product","3":"status-publish","4":"has-post-thumbnail","6":"product_cat-electronica","7":"product_cat-televisores-electronica","8":"product_cat-uhd-4k","9":"product_cat-tv-60-79","10":"product_cat-ofertas-televisores","12":"first","13":"instock","14":"taxable","15":"shipping-taxable","16":"purchasable","17":"product-type-simple"},"_links":{"self":[{"href":"https:\/\/desdropi.com\/elparque\/wp-json\/wp\/v2\/product\/218486"}],"collection":[{"href":"https:\/\/desdropi.com\/elparque\/wp-json\/wp\/v2\/product"}],"about":[{"href":"https:\/\/desdropi.com\/elparque\/wp-json\/wp\/v2\/types\/product"}],"replies":[{"embeddable":true,"href":"https:\/\/desdropi.com\/elparque\/wp-json\/wp\/v2\/comments?post=218486"}],"version-history":[{"count":0,"href":"https:\/\/desdropi.com\/elparque\/wp-json\/wp\/v2\/product\/218486\/revisions"}],"wp:featuredmedia":[{"embeddable":true,"href":"https:\/\/desdropi.com\/elparque\/wp-json\/wp\/v2\/media\/218487"}],"wp:attachment":[{"href":"https:\/\/desdropi.com\/elparque\/wp-json\/wp\/v2\/media?parent=218486"}],"wp:term":[{"taxonomy":"product_cat","embeddable":true,"href":"https:\/\/desdropi.com\/elparque\/wp-json\/wp\/v2\/product_cat?post=218486"},{"taxonomy":"product_tag","embeddable":true,"href":"https:\/\/desdropi.com\/elparque\/wp-json\/wp\/v2\/product_tag?post=218486"}],"curies":[{"name":"wp","href":"https:\/\/api.w.org\/{rel}","templated":true}]}}