{"id":218518,"date":"2024-04-13T13:45:30","date_gmt":"2024-04-13T11:45:30","guid":{"rendered":"https:\/\/desdropi.com\/elparque\/?post_type=product&#038;p=218518"},"modified":"2024-05-17T13:03:17","modified_gmt":"2024-05-17T11:03:17","slug":"tv-philips-55-55pus7608-uhd-smart-tv-hdr10","status":"publish","type":"product","link":"https:\/\/desdropi.com\/elparque\/tv-philips-55-55pus7608-uhd-smart-tv-hdr10\/","title":{"rendered":"TV PHILIPS 55&#8243; 55PUS7608 UHD SMART TV HDR10+"},"content":{"rendered":"<div class=\"descripcion-tab\">\n<strong>NOMBRE DEL PRODUCTO<\/strong><br \/>\nMarca PHILIPS<br \/>\nModelo 55PUS7608\/12<br \/>\nEAN8718863036884<br \/>\n<strong>Exhibici\u00f3n<\/strong><\/p>\n<ul>\n<li>Pulgadas 55&#8243;<\/li>\n<li>Resoluci\u00f3n 4K Ultra HD<\/li>\n<li>Resoluci\u00f3n de la pantalla 3840 x 2160<\/li>\n<li>Diagonal de pantalla 139<\/li>\n<li>Tecnolog\u00eda del panel LED<\/li>\n<li>Relaci\u00f3n de aspecto nativa 16:9<\/li>\n<li>Frecuencia nativa de refresco 60<\/li>\n<li>Forma de la pantalla Plana<\/li>\n<\/ul>\n<p><strong>Audio<\/strong><\/p>\n<ul>\n<li>N\u00famero de altavoces 2<\/li>\n<li>Potencia estimada RMS 20<\/li>\n<li>Canales de salida de audio 2.0<\/li>\n<li>Ecualizador S\u00ed<\/li>\n<li>Decodificadores incorporados Dolby Atmos<\/li>\n<li>Tecnolog\u00edas de decodificaci\u00f3n de audio Dolby MS12<\/li>\n<\/ul>\n<p><strong>Puertos e Interfaces<\/strong><\/p>\n<ul>\n<li>N\u00famero de puertos HDMI 3<\/li>\n<li>PC (D-Sub) No<\/li>\n<li>Canal de retorno de audio (ARC) S\u00ed<\/li>\n<li>HDCP S\u00ed<\/li>\n<li>Ethernet LAN (RJ-45) cantidad de puertos 1<\/li>\n<li>Cantidad de puertos USB 2.02<\/li>\n<li>Audio digital, salida optica 1<\/li>\n<li>Salidas para auriculares 1<\/li>\n<li>N\u00famero de puertos RF 2<\/li>\n<li>Interfaz com\u00fan Plus (CI+) S\u00ed<\/li>\n<li>Control de electr\u00f3nica de consumo (CEC)Easy Link<\/li>\n<li>Entrada de CA S\u00ed<\/li>\n<\/ul>\n<p><strong>Peso y dimensiones<\/strong><\/p>\n<ul>\n<li>Ancho del dispositivo (con soporte) 1227<\/li>\n<li>Ancho (sin base) 122,7<\/li>\n<li>Profundidad dispositivo (con soporte) 260<\/li>\n<li>Altura del dispositivo (con soporte) 740<\/li>\n<li>Peso (con soporte) 10,7<\/li>\n<li>Profundidad (sin base) 8,75<\/li>\n<li>Altura (sin base) 72<\/li>\n<li>Peso (sin base) 10,6<\/li>\n<li>Ancho del soporte 81<\/li>\n<li>Profundidad del soporte 26<\/li>\n<li>Rango de pulgadas De 50 a 60<\/li>\n<\/ul>\n<p><strong>Control de energ\u00eda<\/strong><\/p>\n<ul>\n<li>Energy efficiency class (SDR) E<\/li>\n<li>Energy efficiency class (HDR) G<\/li>\n<li>Energy consumption (SDR) per 1000 hours 64<\/li>\n<li>Energy consumption (HDR) per 1000 hours 118<\/li>\n<li>Consumo de energ\u00eda (inactivo) 0,3<\/li>\n<li>Voltaje de entrada AC 220 &#8211; 240<\/li>\n<li>Frecuencia de entrada AC 50\/60<\/li>\n<li>Energy efficiency scale De la A a la G<\/li>\n<\/ul>\n<p><strong>Empaquetado<\/strong><\/p>\n<ul>\n<li>Soporte de sobremesa S\u00ed<\/li>\n<li>Cables incluidos Corriente alterna<\/li>\n<li>Mando a distancia incluido S\u00ed<\/li>\n<li>Ancho del paquete 1360<\/li>\n<li>Profundidad del paquete 160<\/li>\n<li>Altura del paquete 840<\/li>\n<li>Peso del paquete 14,3<\/li>\n<li>Tipo de embalaje Caja<\/li>\n<\/ul>\n<p><strong>Sintonizador de la TV<\/strong><\/p>\n<ul>\n<li>Tipo de sintonizador Anal\u00f3gico y digital<\/li>\n<li>Se\u00f1al anal\u00f3gica PAL, SECAM<\/li>\n<li>Autobusqueda de canal S\u00ed<\/li>\n<li>Formato de se\u00f1al digital DVB-C, DVB-S, DVB-S2, DVB-T, DVB-T2, DVB-T2 HD<\/li>\n<\/ul>\n<p><strong>Caracter\u00edsticas de administraci\u00f3n<\/strong><\/p>\n<ul>\n<li>Funciona con Amazon Alexa S\u00ed<\/li>\n<li>Funciona con el Asistente de Google S\u00ed<\/li>\n<li>Imagen en imagen S\u00ed<\/li>\n<li>Control por voz S\u00ed<\/li>\n<li>Gu\u00eda electr\u00f3nica de programaci\u00f3n S\u00ed<\/li>\n<li>Periodo de programaci\u00f3n 8<\/li>\n<li>Exhibici\u00f3n en pantalla (OSD) S\u00ed<\/li>\n<li>Modo ECO S\u00ed<\/li>\n<li>Apagado autom\u00e1tico S\u00ed<\/li>\n<\/ul>\n<p><strong>Dise\u00f1o<\/strong><\/p>\n<ul>\n<li>Color del producto Antracita<\/li>\n<li>montaje VESA S\u00ed<\/li>\n<li>Interfaz de panel de montaje 200 x 100<\/li>\n<li>Indicaci\u00f3n de la fuerza de la se\u00f1al S\u00ed<\/li>\n<li>Tipo de soporte Base de patas<\/li>\n<li>Color del soporte Gris<\/li>\n<\/ul>\n<p><strong>Desempe\u00f1o<\/strong><\/p>\n<ul>\n<li>Alto Rango Din\u00e1mico (HDR) S\u00ed<\/li>\n<li>Funciones de teletexto S\u00ed<\/li>\n<li>Teletexto 1000<\/li>\n<li>Est\u00e1ndares de teletexto Hipertexto<\/li>\n<li>High Dynamic Range (HDR) technology Dolby Vision, High Dynamic Range 10 (HDR10), High Dynamic Range 10+ (HDR10 Plus), Hybrid Log-Gamma (HLG)<\/li>\n<li>Formatos de v\u00eddeo compatibles AVC, AVI, H.264, H.265, HEVC, MKV, MPEG1, MPEG2, MPEG4, VP9<\/li>\n<li>Formatos de audio soportados AAC, FLAC, MP3, WAV, WMA, WMA-PRO<\/li>\n<li>Formatos de imagen soportados BMP, GIF, HEIF, JPEG, PNG<\/li>\n<li>Sensor de luz ambiental S\u00ed<\/li>\n<li>Formatos de subt\u00edtulos soportados ASS, SMI, SRT, SSA, SUB, TXT<\/li>\n<li>Tecnolog\u00eda de procesamiento de imagen Philips Pixel Precise Ultra HD<\/li>\n<li>N\u00famero de n\u00facleos de procesador 2<\/li>\n<\/ul>\n<p><strong>Smart TV<\/strong><\/p>\n<ul>\n<li>TV por Internet S\u00ed<\/li>\n<li>Duplicaci\u00f3n de pantalla S\u00ed<\/li>\n<li>HbbTV S\u00ed<\/li>\n<li>Aplicaciones de v\u00eddeo Amazon Prime Video, Netflix, YouTube<\/li>\n<li>Smart TV S\u00ed<\/li>\n<\/ul>\n<p><strong>Conexi\u00f3n<\/strong><\/p>\n<ul>\n<li>Wifi S\u00ed<\/li>\n<li>Ethernet S\u00ed<\/li>\n<li>Wi-Fi est\u00e1ndares Wi-Fi 4 (802.11n)<\/li>\n<\/ul>\n<\/div>\n","protected":false},"excerpt":{"rendered":"<p>NOMBRE DEL PRODUCTO Marca PHILIPS Modelo 55PUS7608\/12 EAN8718863036884 Exhibici\u00f3n Pulgadas 55&#8243; Resoluci\u00f3n 4K Ultra HD Resoluci\u00f3n de la pantalla 3840<\/p>\n","protected":false},"featured_media":218519,"comment_status":"open","ping_status":"closed","template":"","meta":{"_joinchat":[]},"product_cat":[795,7145,6464,7068],"product_tag":[],"class_list":{"0":"post-218518","1":"product","2":"type-product","3":"status-publish","4":"has-post-thumbnail","6":"product_cat-electronica","7":"product_cat-hd","8":"product_cat-televisores-electronica","9":"product_cat-tv-40-59","11":"first","12":"instock","13":"sale","14":"taxable","15":"shipping-taxable","16":"purchasable","17":"product-type-simple"},"_links":{"self":[{"href":"https:\/\/desdropi.com\/elparque\/wp-json\/wp\/v2\/product\/218518"}],"collection":[{"href":"https:\/\/desdropi.com\/elparque\/wp-json\/wp\/v2\/product"}],"about":[{"href":"https:\/\/desdropi.com\/elparque\/wp-json\/wp\/v2\/types\/product"}],"replies":[{"embeddable":true,"href":"https:\/\/desdropi.com\/elparque\/wp-json\/wp\/v2\/comments?post=218518"}],"version-history":[{"count":0,"href":"https:\/\/desdropi.com\/elparque\/wp-json\/wp\/v2\/product\/218518\/revisions"}],"wp:featuredmedia":[{"embeddable":true,"href":"https:\/\/desdropi.com\/elparque\/wp-json\/wp\/v2\/media\/218519"}],"wp:attachment":[{"href":"https:\/\/desdropi.com\/elparque\/wp-json\/wp\/v2\/media?parent=218518"}],"wp:term":[{"taxonomy":"product_cat","embeddable":true,"href":"https:\/\/desdropi.com\/elparque\/wp-json\/wp\/v2\/product_cat?post=218518"},{"taxonomy":"product_tag","embeddable":true,"href":"https:\/\/desdropi.com\/elparque\/wp-json\/wp\/v2\/product_tag?post=218518"}],"curies":[{"name":"wp","href":"https:\/\/api.w.org\/{rel}","templated":true}]}}