{"id":218548,"date":"2024-04-15T09:48:39","date_gmt":"2024-04-15T07:48:39","guid":{"rendered":"https:\/\/desdropi.com\/elparque\/?post_type=product&#038;p=218548"},"modified":"2024-05-17T13:03:17","modified_gmt":"2024-05-17T11:03:17","slug":"tv-philips-55-55pus8118-uhd-smart-tv-ambilight","status":"publish","type":"product","link":"https:\/\/desdropi.com\/elparque\/tv-philips-55-55pus8118-uhd-smart-tv-ambilight\/","title":{"rendered":"TV PHILIPS 55&#8243; 55PUS8118 UHD SMART TV AMBILIGHT"},"content":{"rendered":"<div class=\"descripcion-tab\">\n<strong>NOMBRE DEL PRODUCTO<\/strong><br \/>\nMarca PHILIPS<br \/>\nModelo 55PUS8118\/12<br \/>\nEAN 8718863037249<br \/>\n<strong>Exhibici\u00f3n<\/strong><\/p>\n<ul>\n<li>Pulgadas 55&#8243;<\/li>\n<li>Resoluci\u00f3n de la pantalla 3840 x 2160<\/li>\n<li>Tecnolog\u00eda del panel LED<\/li>\n<li>Formato de v\u00eddeo soportado 576p, 720p<\/li>\n<li>Formatos gr\u00e1ficos soportados 640 x 480 (VGA), 1920 x 1080 (HD 1080), 2560 x 1440, 3840 x 2160<\/li>\n<li>Frecuencia nativa de refresco60<\/li>\n<li>Admite visualizaci\u00f3n de frecuencia de actualizaci\u00f3n 24 Hz, 25 Hz, 30 Hz, 50 Hz, 60 Hz<\/li>\n<li>Diagonal de pantalla 139<\/li>\n<li>Retroiluminaci\u00f3n del panel Edge LED<\/li>\n<li>Resoluci\u00f3n 4K Ultra HD<\/li>\n<li>Forma de la pantalla Plana<\/li>\n<\/ul>\n<p><strong>Audio<\/strong><\/p>\n<ul>\n<li>N\u00famero de altavoces 2<\/li>\n<li>Potencia estimada RMS 20<\/li>\n<li>Decodificadores incorporados Dolby Atmos, Dolby Digital<\/li>\n<li>Tecnolog\u00edas de decodificaci\u00f3n de audio Dolby MS12<\/li>\n<li>Ecualizador S\u00ed<\/li>\n<li>Modos de sonido AI Sound<\/li>\n<li>Enhanced Audio Return Channel (eARC) (Canal de retorno de audio mejorado) S\u00ed<\/li>\n<\/ul>\n<p><strong>Puertos e Interfaces<\/strong><\/p>\n<ul>\n<li>N\u00famero de puertos HDMI 3<\/li>\n<li>Canal de retorno de audio (ARC) S\u00ed<\/li>\n<li>HDCP S\u00ed<\/li>\n<li>Ethernet LAN (RJ-45) cantidad de puertos 1<\/li>\n<li>Cantidad de puertos USB 2.02<\/li>\n<li>Audio digital, salida optica 1<\/li>\n<li>Salidas para auriculares 1<\/li>\n<li>Interfaz com\u00fan Plus (CI+) S\u00ed<\/li>\n<li>Versi\u00f3n HDMI 2.1<\/li>\n<\/ul>\n<p><strong>Peso y dimensiones<\/strong><\/p>\n<ul>\n<li>Ancho del dispositivo (con soporte) 1231<\/li>\n<li>Profundidad dispositivo (con soporte) 258<\/li>\n<li>Altura del dispositivo (con soporte) 780<\/li>\n<li>Peso (con soporte) 14,9<\/li>\n<li>Ancho (sin base) 1231<\/li>\n<li>Profundidad (sin base) 82<\/li>\n<li>Altura (sin base) 722<\/li>\n<li>Peso (sin base) 14,6<\/li>\n<li>Ancho del soporte 72,9<\/li>\n<li>Profundidad del soporte 25,8<\/li>\n<li>Rango de pulgadas De 50 a 60<\/li>\n<\/ul>\n<p><strong>Control de energ\u00eda<\/strong><\/p>\n<ul>\n<li>Energy efficiency class (SDR) F<\/li>\n<li>Energy efficiency class (HDR) G<\/li>\n<li>Energy consumption (SDR) per 1000 hours 72<\/li>\n<li>Energy consumption (HDR) per 1000 hours 137<\/li>\n<li>Consumo de energ\u00eda (inactivo)0,3<\/li>\n<li>Voltaje de entrada AC 220 &#8211; 240<\/li>\n<li>Frecuencia de entrada AC 50\/60<\/li>\n<li>Energy efficiency scale De la A a la G<\/li>\n<\/ul>\n<p><strong>Detalles t\u00e9cnicos<\/strong><\/p>\n<ul>\n<li>Compatibilidad con HEVC S\u00ed<\/li>\n<\/ul>\n<p><strong>Empaquetado<\/strong><\/p>\n<ul>\n<li>Soporte de sobremesa S\u00ed<\/li>\n<li>Cables incluidos Corriente alterna<\/li>\n<li>Mando a distancia incluido S\u00ed<\/li>\n<li>Ancho del paquete 1360<\/li>\n<li>Profundidad del paquete 160<\/li>\n<li>Altura del paquete 840<\/li>\n<li>Peso del paquete 17,5<\/li>\n<li>Tipo de embalaje Caja<\/li>\n<\/ul>\n<p><strong>Sintonizador de la TV<\/strong><\/p>\n<ul>\n<li>Tipo de sintonizador Digital<\/li>\n<li>Formato de se\u00f1al digital DVB-C, DVB-S, DVB-S2, DVB-T, DVB-T2, DVB-T2 HD<\/li>\n<\/ul>\n<p><strong>Otras caracter\u00edsticas<\/strong><\/p>\n<ul>\n<li>Pilas incluidas S\u00ed<\/li>\n<li>Tipo de bater\u00eda AAA<\/li>\n<li>Numero de bater\u00edas soportadas 2<\/li>\n<li>Tipo de luz ambiental 3 caras<\/li>\n<\/ul>\n<p><strong>Caracter\u00edsticas de administraci\u00f3n<\/strong><\/p>\n<ul>\n<li>Control por voz S\u00ed<\/li>\n<li>Gu\u00eda electr\u00f3nica de programaci\u00f3n S\u00ed<\/li>\n<li>Periodo de programaci\u00f3n 8<\/li>\n<li>Exhibici\u00f3n en pantalla (OSD) S\u00ed<\/li>\n<li>Imagen muda (para radio) S\u00ed<\/li>\n<li>Modo ECO S\u00ed<\/li>\n<li>Funciona con el Asistente de Google S\u00ed<\/li>\n<li>Funciona con Amazon Alexa S\u00ed<\/li>\n<li>Temporizador de apagado S\u00ed<\/li>\n<\/ul>\n<p><strong>Dise\u00f1o<\/strong><\/p>\n<ul>\n<li>Color del producto Cromo<\/li>\n<li>montaje VESA S\u00ed<\/li>\n<li>Indicaci\u00f3n de la fuerza de la se\u00f1al S\u00ed<\/li>\n<li>Tipo de soporte Base de patas<\/li>\n<li>Color del soporte Cromo<\/li>\n<\/ul>\n<p><strong>Desempe\u00f1o<\/strong><\/p>\n<ul>\n<li>Alto Rango Din\u00e1mico (HDR) S\u00ed<\/li>\n<li>High Dynamic Range (HDR) technology Dolby Vision, High Dynamic Range 10 (HDR10), High Dynamic Range 10+ (HDR10 Plus), Hybrid Log-Gamma (HLG)<\/li>\n<li>Funciones de teletexto S\u00ed<\/li>\n<li>Teletexto 1000<\/li>\n<li>Est\u00e1ndares de teletexto Hipertexto<\/li>\n<li>Funci\u00f3n de subt\u00edtulos S\u00ed<\/li>\n<li>Formatos de v\u00eddeo compatibles AVC, AVI, H.264, HEVC\/H.265, MKV, MPEG1, MPEG2, MPEG4, VP9<\/li>\n<li>Formatos de audio soportados AAC, FLAC, MP3, WAV, WMA, WMA-PRO<\/li>\n<li>Formatos de imagen soportados BMP, GIF, HEIF, JPEG, PNG<\/li>\n<li>Formatos de subt\u00edtulos soportados ASS, SMI, SRT, SSA, SUB, TXT<\/li>\n<li>Sensor de luz ambiental S\u00ed<\/li>\n<li>Tecnolog\u00eda de procesamiento de imagen Philips Pixel Precise Ultra HD<\/li>\n<li>Game features Modo autom\u00e1tico de baja latencia (ALLM, Auto Low Latency Mode), Frecuencia de actualizaci\u00f3n variable (VRR, Variable Refresh Rate)<\/li>\n<li>N\u00famero de n\u00facleos de procesador 2<\/li>\n<\/ul>\n<p><strong>Smart TV<\/strong><\/p>\n<ul>\n<li>TV por Internet S\u00ed<\/li>\n<li>Duplicaci\u00f3n de pantalla S\u00ed<\/li>\n<li>HbbTV S\u00ed<\/li>\n<li>Aplicaciones de v\u00eddeo Amazon Prime Video, Netflix, YouTube<\/li>\n<li>Smart TV S\u00ed<\/li>\n<\/ul>\n<p><strong>Conexi\u00f3n<\/strong><\/p>\n<ul>\n<li>Wifi S\u00ed<\/li>\n<li>Ethernet S\u00ed<\/li>\n<li>Wi-Fi est\u00e1ndares Wi-Fi 5 (802.11ac)<\/li>\n<li>Bluetooth S\u00ed<\/li>\n<li>Versi\u00f3n de Bluetooth 5.0<\/li>\n<\/ul>\n<\/div>\n","protected":false},"excerpt":{"rendered":"<p>NOMBRE DEL PRODUCTO Marca PHILIPS Modelo 55PUS8118\/12 EAN 8718863037249 Exhibici\u00f3n Pulgadas 55&#8243; Resoluci\u00f3n de la pantalla 3840 x 2160 Tecnolog\u00eda<\/p>\n","protected":false},"featured_media":218549,"comment_status":"open","ping_status":"closed","template":"","meta":{"_joinchat":[]},"product_cat":[795,6464,7144,7068],"product_tag":[],"class_list":{"0":"post-218548","1":"product","2":"type-product","3":"status-publish","4":"has-post-thumbnail","6":"product_cat-electronica","7":"product_cat-televisores-electronica","8":"product_cat-uhd-4k","9":"product_cat-tv-40-59","11":"first","12":"instock","13":"sale","14":"taxable","15":"shipping-taxable","16":"purchasable","17":"product-type-simple"},"_links":{"self":[{"href":"https:\/\/desdropi.com\/elparque\/wp-json\/wp\/v2\/product\/218548"}],"collection":[{"href":"https:\/\/desdropi.com\/elparque\/wp-json\/wp\/v2\/product"}],"about":[{"href":"https:\/\/desdropi.com\/elparque\/wp-json\/wp\/v2\/types\/product"}],"replies":[{"embeddable":true,"href":"https:\/\/desdropi.com\/elparque\/wp-json\/wp\/v2\/comments?post=218548"}],"version-history":[{"count":0,"href":"https:\/\/desdropi.com\/elparque\/wp-json\/wp\/v2\/product\/218548\/revisions"}],"wp:featuredmedia":[{"embeddable":true,"href":"https:\/\/desdropi.com\/elparque\/wp-json\/wp\/v2\/media\/218549"}],"wp:attachment":[{"href":"https:\/\/desdropi.com\/elparque\/wp-json\/wp\/v2\/media?parent=218548"}],"wp:term":[{"taxonomy":"product_cat","embeddable":true,"href":"https:\/\/desdropi.com\/elparque\/wp-json\/wp\/v2\/product_cat?post=218548"},{"taxonomy":"product_tag","embeddable":true,"href":"https:\/\/desdropi.com\/elparque\/wp-json\/wp\/v2\/product_tag?post=218548"}],"curies":[{"name":"wp","href":"https:\/\/api.w.org\/{rel}","templated":true}]}}