{"id":218579,"date":"2024-04-15T11:19:57","date_gmt":"2024-04-15T09:19:57","guid":{"rendered":"https:\/\/desdropi.com\/elparque\/?post_type=product&#038;p=218579"},"modified":"2024-05-17T13:03:18","modified_gmt":"2024-05-17T11:03:18","slug":"tv-panasonic-55-tx55mx710e-uhd-googletv-peana","status":"publish","type":"product","link":"https:\/\/desdropi.com\/elparque\/tv-panasonic-55-tx55mx710e-uhd-googletv-peana\/","title":{"rendered":"TV PANASONIC 55&#8243; TX55MX710E UHD GOOGLETV PEANA"},"content":{"rendered":"<div class=\"descripcion-tab\"><strong>NOMBRE DEL PRODUCTO:<\/strong> PANASONIC TX-55MX710E<br \/>\n<strong>Marca:<\/strong> PANASONIC<br \/>\n<strong>Modelo:<\/strong> TX-55MX710E<br \/>\n<strong>EAN:<\/strong> 5025232948468<strong>Exhibici\u00f3n:<\/strong><\/p>\n<ul>\n<li>Pulgadas: 55&#8243;<\/li>\n<li>Resoluci\u00f3n: 4K Ultra HD<\/li>\n<li>Resoluci\u00f3n de la pantalla: 3840 x 2160<\/li>\n<li>Tecnolog\u00eda del panel: LED<\/li>\n<li>Relaci\u00f3n de aspecto nativa: 16:9<\/li>\n<li>Tecnolog\u00eda de interpolaci\u00f3n de movimiento: RMR (Real Motion Rate) 1400 Hz<\/li>\n<li>Forma de la pantalla: Plana<\/li>\n<\/ul>\n<p><strong>Audio:<\/strong><\/p>\n<ul>\n<li>N\u00famero de altavoces: 2<\/li>\n<li>Potencia estimada RMS: 20 W<\/li>\n<li>Decodificadores incorporados: Dolby Atmos<\/li>\n<li>Modos de sonido: Usuario, Est\u00e1ndar, V\u00edvido, Deporte, Pel\u00edcula, M\u00fasica, Noticias Dolby DAP: Juego, Pel\u00edcula, M\u00fasica, Noticias, Estadio, Inteligente<\/li>\n<li>Enhanced Audio Return Channel (eARC): S\u00ed<\/li>\n<\/ul>\n<p><strong>Puertos e Interfaces:<\/strong><\/p>\n<ul>\n<li>N\u00famero de puertos HDMI: 3<\/li>\n<li>Versi\u00f3n HDMI: 2.1<\/li>\n<li>HDCP: S\u00ed<\/li>\n<li>Ethernet LAN (RJ-45) cantidad de puertos: 1<\/li>\n<li>Cantidad de puertos USB 2.0: 2<\/li>\n<li>Audio digital, salida \u00f3ptica: 1<\/li>\n<li>Salidas para auriculares: 1<\/li>\n<\/ul>\n<p><strong>Peso y dimensiones:<\/strong><\/p>\n<ul>\n<li>Peso (con soporte): 17 kg<\/li>\n<li>Peso (sin base): 13.5 kg<\/li>\n<li>Ancho del soporte: 44.1 mm<\/li>\n<li>Profundidad del soporte: 22.1 mm<\/li>\n<li>Ancho del dispositivo (con soporte): 1233 mm<\/li>\n<li>Ancho (sin base): 123.3 mm<\/li>\n<li>Altura del dispositivo (con soporte): 769 mm<\/li>\n<li>Profundidad dispositivo (con soporte): 221 mm<\/li>\n<li>Altura (sin base): 71.1 mm<\/li>\n<li>Profundidad (sin base): 6.6 mm<\/li>\n<\/ul>\n<p><strong>Control de energ\u00eda:<\/strong><\/p>\n<ul>\n<li>Energy efficiency class (SDR): E<\/li>\n<li>Energy efficiency class (HDR): G<\/li>\n<li>Consumo de energ\u00eda (inactivo): 0.5 W<\/li>\n<li>Consumo de energ\u00eda (apagado): 0.3 W<\/li>\n<li>Voltaje de entrada AC: 220 &#8211; 240 V<\/li>\n<li>Frecuencia de entrada AC: 50\/60 Hz<\/li>\n<\/ul>\n<p><strong>Empaquetado:<\/strong><\/p>\n<ul>\n<li>Soporte de sobremesa: S\u00ed<\/li>\n<li>Mando a distancia incluido: S\u00ed<\/li>\n<li>Peso del paquete: 22 kg<\/li>\n<li>Ancho del paquete: 1369 mm<\/li>\n<li>Altura del paquete: 860 mm<\/li>\n<li>Profundidad del paquete: 165 mm<\/li>\n<\/ul>\n<p><strong>Sintonizador de la TV:<\/strong><\/p>\n<ul>\n<li>Tipo de sintonizador: Anal\u00f3gico y digital<\/li>\n<li>Formato de se\u00f1al digital: DVB-T\/T2\/C\/S\/S2 &#8211; HEVC<\/li>\n<\/ul>\n<p><strong>Caracter\u00edsticas de administraci\u00f3n:<\/strong><\/p>\n<ul>\n<li>Tipo de control: Inal\u00e1mbrico<\/li>\n<li>Control por voz: S\u00ed<\/li>\n<li>Exhibici\u00f3n en pantalla (OSD): S\u00ed<\/li>\n<li>N\u00famero de lenguajes OSD: 35<\/li>\n<\/ul>\n<p><strong>Dise\u00f1o:<\/strong><\/p>\n<ul>\n<li>Color del producto: Negro<\/li>\n<li>Montaje VESA: S\u00ed<\/li>\n<li>Interfaz de panel de montaje: 200 x 200<\/li>\n<li>Tipo de soporte: Soporte central<\/li>\n<li>Color del soporte: Negro<\/li>\n<\/ul>\n<p><strong>Desempe\u00f1o:<\/strong><\/p>\n<ul>\n<li>Alto Rango Din\u00e1mico (HDR): S\u00ed<\/li>\n<li>High Dynamic Range (HDR) technology: Dolby Vision, High Dynamic Range 10 (HDR10), Hybrid Log-Gamma (HLG)<\/li>\n<li>Game features: Modo autom\u00e1tico de baja latencia (ALLM, Auto Low Latency Mode)<\/li>\n<\/ul>\n<p><strong>Smart TV:<\/strong><\/p>\n<ul>\n<li>HbbTV: S\u00ed<\/li>\n<li>Hybrid Broadcast Broadband TV (HbbTV) version: 2.0.2<\/li>\n<li>Chromecast integrado: S\u00ed<\/li>\n<li>Plataforma de distribuciones de aplicaciones: Google Play<\/li>\n<li>Sistema operativo instalado: Google TV<\/li>\n<\/ul>\n<p><strong>Conexi\u00f3n:<\/strong><\/p>\n<ul>\n<li>Wifi: S\u00ed<\/li>\n<li>Ethernet: S\u00ed<\/li>\n<li>Bluetooth: S\u00ed<\/li>\n<\/ul>\n<\/div>\n","protected":false},"excerpt":{"rendered":"<p>NOMBRE DEL PRODUCTO: PANASONIC TX-55MX710E Marca: PANASONIC Modelo: TX-55MX710E EAN: 5025232948468Exhibici\u00f3n: Pulgadas: 55&#8243; Resoluci\u00f3n: 4K Ultra HD Resoluci\u00f3n de la<\/p>\n","protected":false},"featured_media":218599,"comment_status":"open","ping_status":"closed","template":"","meta":{"_joinchat":[]},"product_cat":[6464,7068,795],"product_tag":[],"class_list":{"0":"post-218579","1":"product","2":"type-product","3":"status-publish","4":"has-post-thumbnail","6":"product_cat-televisores-electronica","7":"product_cat-tv-40-59","8":"product_cat-electronica","10":"first","11":"instock","12":"sale","13":"taxable","14":"shipping-taxable","15":"purchasable","16":"product-type-simple"},"_links":{"self":[{"href":"https:\/\/desdropi.com\/elparque\/wp-json\/wp\/v2\/product\/218579"}],"collection":[{"href":"https:\/\/desdropi.com\/elparque\/wp-json\/wp\/v2\/product"}],"about":[{"href":"https:\/\/desdropi.com\/elparque\/wp-json\/wp\/v2\/types\/product"}],"replies":[{"embeddable":true,"href":"https:\/\/desdropi.com\/elparque\/wp-json\/wp\/v2\/comments?post=218579"}],"version-history":[{"count":0,"href":"https:\/\/desdropi.com\/elparque\/wp-json\/wp\/v2\/product\/218579\/revisions"}],"wp:featuredmedia":[{"embeddable":true,"href":"https:\/\/desdropi.com\/elparque\/wp-json\/wp\/v2\/media\/218599"}],"wp:attachment":[{"href":"https:\/\/desdropi.com\/elparque\/wp-json\/wp\/v2\/media?parent=218579"}],"wp:term":[{"taxonomy":"product_cat","embeddable":true,"href":"https:\/\/desdropi.com\/elparque\/wp-json\/wp\/v2\/product_cat?post=218579"},{"taxonomy":"product_tag","embeddable":true,"href":"https:\/\/desdropi.com\/elparque\/wp-json\/wp\/v2\/product_tag?post=218579"}],"curies":[{"name":"wp","href":"https:\/\/api.w.org\/{rel}","templated":true}]}}