{"id":218627,"date":"2024-04-15T12:23:28","date_gmt":"2024-04-15T10:23:28","guid":{"rendered":"https:\/\/desdropi.com\/elparque\/?post_type=product&#038;p=218627"},"modified":"2024-05-17T13:03:19","modified_gmt":"2024-05-17T11:03:19","slug":"tv-hisense-75-75u7kq-uhd-miniled-uled-qled-144hz","status":"publish","type":"product","link":"https:\/\/desdropi.com\/elparque\/tv-hisense-75-75u7kq-uhd-miniled-uled-qled-144hz\/","title":{"rendered":"TV HISENSE 75&#8243; 75U7KQ UHD MINILED ULED QLED 144HZ"},"content":{"rendered":"<div class=\"descripcion-tab\">\n<strong>NOMBRE DEL PRODUCTO<\/strong><br \/>\nMarca HISENSE<br \/>\nModelo75U7KQ<br \/>\nEAN6942147493540<br \/>\n<strong>Exhibici\u00f3n<\/strong><\/p>\n<ul>\n<li>Pulgadas 75&#8243;<\/li>\n<li>Relaci\u00f3n de aspecto nativa 16:9<\/li>\n<li>Resoluci\u00f3n 4K Ultra HD<\/li>\n<li>Retroiluminaci\u00f3n del panel Full Array Local Dimming<\/li>\n<li>Tipo de matriz IPS<\/li>\n<li>Tecnolog\u00eda del panel MiniLED<\/li>\n<li>Resoluci\u00f3n de la pantalla 3840 \u00d7 2160<\/li>\n<li>Frecuencia nativa de refresco 120<\/li>\n<li>Raz\u00f3n de contraste (t\u00edpica) 5000:1<\/li>\n<li>Brillo de pantalla 500<\/li>\n<li>Profundidad de color 8bit + FRC<\/li>\n<li>Resoluci\u00f3n 4K Ultra HD<\/li>\n<\/ul>\n<p><strong>Audio<\/strong><\/p>\n<ul>\n<li>Modos de sonido Dolby Audio<\/li>\n<li>N\u00famero de altavoces 3<\/li>\n<li>Potencia estimada RMS 50<\/li>\n<li>Decodificadores incorporados Dolby Atmos<\/li>\n<li>Enhanced Audio Return Channel (eARC) (Canal de retorno de audio mejorado) S\u00ed<\/li>\n<\/ul>\n<p><strong>Puertos e Interfaces<\/strong><\/p>\n<ul>\n<li>N\u00famero de puertos HDMI 4<\/li>\n<li>Versi\u00f3n HDMI 2&#215;2.0, 2&#215;2.1<\/li>\n<li>Ethernet LAN (RJ-45) cantidad de puertos 1<\/li>\n<li>Canal de retorno de audio (ARC) S\u00ed<\/li>\n<li>Interfaz com\u00fan Plus (CI+) S\u00ed<\/li>\n<\/ul>\n<p><strong>Peso y dimensiones<\/strong><\/p>\n<ul>\n<li>Ancho del dispositivo (con soporte) 1673<\/li>\n<li>Profundidad dispositivo (con soporte) 388<\/li>\n<li>Altura del dispositivo (con soporte) 1027<\/li>\n<li>Peso (con soporte) 28,5<\/li>\n<li>Ancho (sin base) 1865<\/li>\n<li>Profundidad (sin base) 179<\/li>\n<li>Altura (sin base) 965<\/li>\n<li>Peso (sin base) 28<\/li>\n<li>Rango de pulgadas De 65 a 75<\/li>\n<\/ul>\n<p><strong>Control de energ\u00eda<\/strong><\/p>\n<ul>\n<li>Consumo de energ\u00eda (inactivo) 0,5<\/li>\n<li>Energy efficiency class (HDR) G<\/li>\n<li>Energy efficiency class (SDR) F<\/li>\n<\/ul>\n<p><strong>Empaquetado<\/strong><\/p>\n<ul>\n<li>Mando a distancia incluido S\u00ed<\/li>\n<li>Gu\u00eda de configuraci\u00f3n r\u00e1pida S\u00ed<\/li>\n<li>Manual de usuario S\u00ed<\/li>\n<\/ul>\n<p><strong>Sintonizador de la TV<\/strong><\/p>\n<ul>\n<li>Tipo de sintonizador Digital<\/li>\n<\/ul>\n<p><strong>Otras caracter\u00edsticas<\/strong><\/p>\n<ul>\n<li>Hybrid Log Gamma (HLG) S\u00ed<\/li>\n<li>3D No<\/li>\n<li>HDMI S\u00ed<\/li>\n<li>Sintonizador anal\u00f3gico No<\/li>\n<li>Sintonizador DVB-T2 S\u00ed<\/li>\n<li>Cantidad de puertos USB 2<\/li>\n<\/ul>\n<p><strong>Dise\u00f1o<\/strong><\/p>\n<ul>\n<li>montaje VESA S\u00ed<\/li>\n<li>Tipo de soporte Soporte central<\/li>\n<\/ul>\n<p><strong>Desempe\u00f1o<\/strong><\/p>\n<ul>\n<li>Alto Rango Din\u00e1mico (HDR) S\u00ed<\/li>\n<li>High Dynamic Range (HDR) technology Dolby Vision IQ,High Dynamic Range 10 (HDR10),High Dynamic Range 10+ (HDR10 Plus),Hybrid Log-Gamma (HLG)<\/li>\n<li>Dolby Vision S\u00ed<\/li>\n<li>4K upscaler S\u00ed<\/li>\n<li>Control parental S\u00ed<\/li>\n<li>Grabaci\u00f3n USB S\u00ed<\/li>\n<li>Modo de juego S\u00ed<\/li>\n<li>Formatos de imagen soportados BMP, GIF, JPEG, JPG, PNG<\/li>\n<\/ul>\n<p><strong>Smart TV<\/strong><\/p>\n<ul>\n<li>Aplicaciones de v\u00eddeo Netflix, Prime Video, Disney+, DAZN, Movistar+, Youtube, PlutoTV, miTele, Atres Player, RTVE a la Carta<\/li>\n<li>Smart TV S\u00ed<\/li>\n<\/ul>\n<p><strong>Conexi\u00f3n<\/strong><\/p>\n<ul>\n<li>Wifi S\u00ed<\/li>\n<li>Bluetooth S\u00ed<\/li>\n<\/ul>\n<p><strong>Caracter\u00edsticas del proveedor<\/strong><\/p>\n<ul>\n<li>Pa\u00eds de origen Eslovenia<\/li>\n<\/ul>\n<\/div>\n","protected":false},"excerpt":{"rendered":"<p>NOMBRE DEL PRODUCTO Marca HISENSE Modelo75U7KQ EAN6942147493540 Exhibici\u00f3n Pulgadas 75&#8243; Relaci\u00f3n de aspecto nativa 16:9 Resoluci\u00f3n 4K Ultra HD Retroiluminaci\u00f3n<\/p>\n","protected":false},"featured_media":218628,"comment_status":"open","ping_status":"closed","template":"","meta":{"_joinchat":[]},"product_cat":[795,6464,7144,7069],"product_tag":[],"class_list":{"0":"post-218627","1":"product","2":"type-product","3":"status-publish","4":"has-post-thumbnail","6":"product_cat-electronica","7":"product_cat-televisores-electronica","8":"product_cat-uhd-4k","9":"product_cat-tv-60-79","11":"first","12":"instock","13":"sale","14":"taxable","15":"shipping-taxable","16":"purchasable","17":"product-type-simple"},"_links":{"self":[{"href":"https:\/\/desdropi.com\/elparque\/wp-json\/wp\/v2\/product\/218627"}],"collection":[{"href":"https:\/\/desdropi.com\/elparque\/wp-json\/wp\/v2\/product"}],"about":[{"href":"https:\/\/desdropi.com\/elparque\/wp-json\/wp\/v2\/types\/product"}],"replies":[{"embeddable":true,"href":"https:\/\/desdropi.com\/elparque\/wp-json\/wp\/v2\/comments?post=218627"}],"version-history":[{"count":0,"href":"https:\/\/desdropi.com\/elparque\/wp-json\/wp\/v2\/product\/218627\/revisions"}],"wp:featuredmedia":[{"embeddable":true,"href":"https:\/\/desdropi.com\/elparque\/wp-json\/wp\/v2\/media\/218628"}],"wp:attachment":[{"href":"https:\/\/desdropi.com\/elparque\/wp-json\/wp\/v2\/media?parent=218627"}],"wp:term":[{"taxonomy":"product_cat","embeddable":true,"href":"https:\/\/desdropi.com\/elparque\/wp-json\/wp\/v2\/product_cat?post=218627"},{"taxonomy":"product_tag","embeddable":true,"href":"https:\/\/desdropi.com\/elparque\/wp-json\/wp\/v2\/product_tag?post=218627"}],"curies":[{"name":"wp","href":"https:\/\/api.w.org\/{rel}","templated":true}]}}