{"id":218634,"date":"2024-04-15T12:35:53","date_gmt":"2024-04-15T10:35:53","guid":{"rendered":"https:\/\/desdropi.com\/elparque\/?post_type=product&#038;p=218634"},"modified":"2024-05-17T13:03:19","modified_gmt":"2024-05-17T11:03:19","slug":"tv-panasonic-55-tx55mz800e-uhd-oled-googletv","status":"publish","type":"product","link":"https:\/\/desdropi.com\/elparque\/tv-panasonic-55-tx55mz800e-uhd-oled-googletv\/","title":{"rendered":"TV PANASONIC 55&#8243; TX55MZ800E UHD OLED GOOGLETV"},"content":{"rendered":"<div class=\"descripcion-tab\">\n<strong>NOMBRE DEL PRODUCTO<\/strong><br \/>\nMarca PANASONIC<br \/>\nModelo TX-55MZ800E<br \/>\nEAN5025232952717<br \/>\n<strong>Exhibici\u00f3<\/strong>n<\/p>\n<ul>\n<li>Pulgadas 55&#8243;<\/li>\n<li>Resoluci\u00f3n 4K Ultra HD<\/li>\n<li>Resoluci\u00f3n de la pantalla 3840 x 2160<\/li>\n<li>Tecnolog\u00eda del panel OLED<\/li>\n<li>Retroiluminaci\u00f3n del panel OLED<\/li>\n<li>Relaci\u00f3n de aspecto nativa 16:9<\/li>\n<li>Diagonal de pantalla 139<\/li>\n<li>Tipo de matriz OLED<\/li>\n<li>Forma de la pantalla Plana<\/li>\n<\/ul>\n<p><strong>Audio<\/strong><\/p>\n<ul>\n<li>N\u00famero de altavoces2 (full range 10 W) + 1 (subwoofer 12 W)<\/li>\n<li>Potencia estimada RMS 32<\/li>\n<li>Decodificadores incorporados Dolby Atmos<\/li>\n<li>Modos de sonido Usuario, Est\u00e1ndar, V\u00edvido, Deporte, Pel\u00edcula, M\u00fasica, Noticias Dolby DAP: Juego, Pel\u00edcula, M\u00fasica, Noticias, Estadio, Inteligente<\/li>\n<li>Enhanced Audio Return Channel (eARC) (Canal de retorno de audio mejorado) S\u00ed<\/li>\n<\/ul>\n<p><strong>Puertos e Interfaces<\/strong><\/p>\n<ul>\n<li>N\u00famero de puertos HDMI 3<\/li>\n<li>PC (D-Sub) No<\/li>\n<li>Versi\u00f3n HDMI 2.1<\/li>\n<li>HDCP S\u00ed<\/li>\n<li>Ethernet LAN (RJ-45) cantidad de puertos 1<\/li>\n<li>Cantidad de puertos USB\u00a0 2.02<\/li>\n<li>Audio digital, salida optica 1<\/li>\n<li>Salidas para auriculares 1<\/li>\n<li>Interfaz com\u00fan Plus (CI+)CI+<\/li>\n<li>Versi\u00f3n Common interface Plus (CI+) 1.4<\/li>\n<\/ul>\n<p><strong>Peso y dimensiones<\/strong><\/p>\n<ul>\n<li>Peso (con soporte) 27<\/li>\n<li>Peso (sin base) 22<\/li>\n<li>Ancho del soporte 56<\/li>\n<li>Profundidad del soporte2 5,1<\/li>\n<li>Ancho del dispositivo (con soporte) 1228<\/li>\n<li>Ancho (sin base) 122,8<\/li>\n<li>Altura del dispositivo (con soporte) 749<\/li>\n<li>Profundidad dispositivo (con soporte) 251<\/li>\n<li>Altura (sin base) 71,5<\/li>\n<li>Profundidad (sin base) 4,9<\/li>\n<li>Rango de pulgadas De 50 a 60<\/li>\n<\/ul>\n<p><strong>Control de energ\u00eda<\/strong><\/p>\n<ul>\n<li>Energy efficiency class (SDR) G<\/li>\n<li>Energy consumption (SDR) per 1000 hours 82 kWh<\/li>\n<li>Energy efficiency scale De la A a la G<\/li>\n<li>Consumo de energ\u00eda (inactivo) 0,5<\/li>\n<li>Consumo de energ\u00eda (apagado) 0,3<\/li>\n<li>Voltaje de entrada AC 220 &#8211; 240<\/li>\n<li>Frecuencia de entrada AC 50\/60<\/li>\n<\/ul>\n<p><strong>Empaquetado<\/strong><\/p>\n<ul>\n<li>Soporte de sobremesa S\u00ed<\/li>\n<li>Mando a distancia incluido S\u00ed<\/li>\n<li>Tipo de embalaje Caja<\/li>\n<li>Peso del paquete 30<\/li>\n<li>Ancho del paquete 1369<\/li>\n<li>Altura del paquete 860<\/li>\n<li>Profundidad del paquete 165<\/li>\n<\/ul>\n<p><strong>Sintonizador de la TV<\/strong><\/p>\n<ul>\n<li>Tipo de sintonizador Anal\u00f3gico y digital<\/li>\n<li>Formato de se\u00f1al digital DVB-T\/T2\/C\/S\/S2 &#8211; HEVC<\/li>\n<\/ul>\n<p><strong>Caracter\u00edsticas de administraci\u00f3n<\/strong><\/p>\n<ul>\n<li>Tipo de control Inal\u00e1mbrico<\/li>\n<li>Control por voz S\u00ed<\/li>\n<li>Voice guide S\u00ed<\/li>\n<li>Exhibici\u00f3n en pantalla (OSD) S\u00ed<\/li>\n<li>N\u00famero de lenguajes OSD 35<\/li>\n<\/ul>\n<p><strong>Dise\u00f1o<\/strong><\/p>\n<ul>\n<li>Color del producto Negro<\/li>\n<li>montaje VESA S\u00ed<\/li>\n<li>Interfaz de panel de montaje 200 x 200<\/li>\n<li>Tipo de soporte Soporte central<\/li>\n<li>Color del soporte Negro<\/li>\n<\/ul>\n<p><strong>Desempe\u00f1o<\/strong><\/p>\n<ul>\n<li>Grabaci\u00f3n USB No<\/li>\n<li>Alto Rango Din\u00e1mico (HDR)S\u00ed<\/li>\n<li>High Dynamic Range (HDR) technology Dolby Vision, High Dynamic Range 10 (HDR10), Hybrid Log-Gamma (HLG)<\/li>\n<li>Formatos de v\u00eddeo compatibles.mpg\/.mpeg\/.dat\/.vob\/.mkv\/.mp4\/.m4v\/.mov\/.flv\/.3gp\/.3gpp\/.ts\/.trp\/.tp\/.rmvb\/.rm\/.avi\/.265\/.asf\/.wmv\/.webm\/.ogm\/.264\/.avs\/.vc1<\/li>\n<\/ul>\n<p><strong>Formatos de audio<\/strong><\/p>\n<ul>\n<li>soportados. mp3\/.avi\/.asf\/.wmv\/.divx\/.mkv\/.mka\/.3gpp\/.3gp\/.mp4\/.mov\/.m4a\/.ts\/.trp\/.tp\/.mts\/.m2ts\/.dat\/.vob\/.mpg\/.mpeg\/.flv\/.wav\/.ogm\/.ac3\/.ec3\/.aac\/.wav\/.rm\/.rmvb\/.ra\/.ogg\/.dts\/.flac\/.webm\/.ac4<\/li>\n<li>Formatos de imagen soportados. jpeg\/.bmp\/.png\/.gif\/.webP\/.heif<\/li>\n<li>Funciones de teletexto S\u00ed<\/li>\n<li>Teletexto 1000<\/li>\n<li>Reducci\u00f3n de ruido No<\/li>\n<li>Game features Modo autom\u00e1tico de baja latencia (ALLM, Auto Low Latency Mode)<\/li>\n<\/ul>\n<p><strong>Smart TV<\/strong><\/p>\n<ul>\n<li>HbbTV S\u00ed<\/li>\n<li>Hybrid Broadcast Broadband TV (HbbTV) version 2.0.3<\/li>\n<li>Chromecast integrado S\u00ed<\/li>\n<li>Plataforma de distribuciones de aplicaciones Google Play<\/li>\n<li>Smart TV S\u00ed<\/li>\n<li>Sistema operativo instalado Google TV<\/li>\n<\/ul>\n<p><strong>Conexi\u00f3n<\/strong><\/p>\n<ul>\n<li>Wifi S\u00ed<\/li>\n<li>Ethernet S\u00ed<\/li>\n<li>Bluetooth S\u00ed<\/li>\n<\/ul>\n<\/div>\n","protected":false},"excerpt":{"rendered":"<p>NOMBRE DEL PRODUCTO Marca PANASONIC Modelo TX-55MZ800E EAN5025232952717 Exhibici\u00f3n Pulgadas 55&#8243; Resoluci\u00f3n 4K Ultra HD Resoluci\u00f3n de la pantalla 3840<\/p>\n","protected":false},"featured_media":218635,"comment_status":"open","ping_status":"closed","template":"","meta":{"_joinchat":[]},"product_cat":[795,6464,7144,7068],"product_tag":[],"class_list":{"0":"post-218634","1":"product","2":"type-product","3":"status-publish","4":"has-post-thumbnail","6":"product_cat-electronica","7":"product_cat-televisores-electronica","8":"product_cat-uhd-4k","9":"product_cat-tv-40-59","11":"first","12":"instock","13":"sale","14":"taxable","15":"shipping-taxable","16":"purchasable","17":"product-type-simple"},"_links":{"self":[{"href":"https:\/\/desdropi.com\/elparque\/wp-json\/wp\/v2\/product\/218634"}],"collection":[{"href":"https:\/\/desdropi.com\/elparque\/wp-json\/wp\/v2\/product"}],"about":[{"href":"https:\/\/desdropi.com\/elparque\/wp-json\/wp\/v2\/types\/product"}],"replies":[{"embeddable":true,"href":"https:\/\/desdropi.com\/elparque\/wp-json\/wp\/v2\/comments?post=218634"}],"version-history":[{"count":0,"href":"https:\/\/desdropi.com\/elparque\/wp-json\/wp\/v2\/product\/218634\/revisions"}],"wp:featuredmedia":[{"embeddable":true,"href":"https:\/\/desdropi.com\/elparque\/wp-json\/wp\/v2\/media\/218635"}],"wp:attachment":[{"href":"https:\/\/desdropi.com\/elparque\/wp-json\/wp\/v2\/media?parent=218634"}],"wp:term":[{"taxonomy":"product_cat","embeddable":true,"href":"https:\/\/desdropi.com\/elparque\/wp-json\/wp\/v2\/product_cat?post=218634"},{"taxonomy":"product_tag","embeddable":true,"href":"https:\/\/desdropi.com\/elparque\/wp-json\/wp\/v2\/product_tag?post=218634"}],"curies":[{"name":"wp","href":"https:\/\/api.w.org\/{rel}","templated":true}]}}