{"id":218642,"date":"2024-04-15T12:55:35","date_gmt":"2024-04-15T10:55:35","guid":{"rendered":"https:\/\/desdropi.com\/elparque\/?post_type=product&#038;p=218642"},"modified":"2024-05-17T13:03:20","modified_gmt":"2024-05-17T11:03:20","slug":"tv-sony-65-xr65x90k-uhd-android","status":"publish","type":"product","link":"https:\/\/desdropi.com\/elparque\/tv-sony-65-xr65x90k-uhd-android\/","title":{"rendered":"TV SONY 65&#8243; XR65X90K UHD ANDROID"},"content":{"rendered":"<div class=\"descripcion-tab\">\n<strong>NOMBRE DEL PRODUCTO<\/strong><br \/>\nMarca SONY<br \/>\nModelo XR-65X90K<br \/>\nEAN4548736137776<br \/>\n<strong>Exhibici\u00f3n<\/strong><\/p>\n<ul>\n<li>Pulgadas 65&#8243;<\/li>\n<li>Diagonal de pantalla 164<\/li>\n<li>\u00c1ngulo de visi\u00f3n, horizontal 178<\/li>\n<li>\u00c1ngulo de visi\u00f3n, vertical 178<\/li>\n<li>Relaci\u00f3n de aspecto nativa 16:9<\/li>\n<li>Resoluci\u00f3n de la pantalla 3840 x 2160<\/li>\n<li>Tecnolog\u00eda del panel LED<\/li>\n<li>Retroiluminaci\u00f3n del panel Full Array Local Dimming<\/li>\n<li>Frecuencia nativa de refresco 100<\/li>\n<li>Formato de v\u00eddeo soportado 480p, 720p, 1080i, 1080p, 2160p<\/li>\n<li>Formatos gr\u00e1ficos soportados 3840 x 2160, 4096 x 2160<\/li>\n<li>Resoluci\u00f3n 4K Ultra HD<\/li>\n<li>Tipo de matrizVA<\/li>\n<li>Forma de la pantalla Plana<\/li>\n<\/ul>\n<p><strong>Audio<\/strong><\/p>\n<ul>\n<li>N\u00famero de altavoces 4<\/li>\n<li>Potencia estimada RMS 30<\/li>\n<li>Decodificadores incorporado sDTS, Dolby Atmos<\/li>\n<li>Modos de sonido Dolby Audio<\/li>\n<li>Enhanced Audio Return Channel (eARC) (Canal de retorno de audio mejorado) S\u00ed<\/li>\n<\/ul>\n<p><strong>Puertos e Interfaces<\/strong><\/p>\n<ul>\n<li>Interfaz com\u00fan Plus (CI+) S\u00ed<\/li>\n<li>N\u00famero de puertos RF 1<\/li>\n<li>Audio digital, salida optica 1<\/li>\n<li>Entrada de video compuest o1<\/li>\n<li>Cantidad de puertos USB 2.02<\/li>\n<li>Ethernet LAN (RJ-45) cantidad de puertos 1<\/li>\n<li>HDCP S\u00ed<\/li>\n<li>Canal de retorno de audio (ARC) S\u00ed<\/li>\n<li>PC (D-Sub) No<\/li>\n<li>N\u00famero de puertos HDMI 4<\/li>\n<li>Control de electr\u00f3nica de consumo (CEC) BRAVIA Sync<\/li>\n<\/ul>\n<p><strong>Peso y dimensiones<\/strong><\/p>\n<ul>\n<li>Ancho (sin base) 145,2<\/li>\n<li>Altura (sin base) 83,4<\/li>\n<li>Profundidad (sin base) 7,2<\/li>\n<li>Ancho del dispositivo (con soporte) 1452<\/li>\n<li>Altura del dispositivo (con soporte) 863<\/li>\n<li>Profundidad dispositivo (con soporte) 331<\/li>\n<li>Ancho del soporte 117,4<\/li>\n<li>Peso (sin base) 22,9<\/li>\n<li>Peso (con soporte) 24<\/li>\n<li>Rango de pulgadas De 65 a 75<\/li>\n<\/ul>\n<p><strong>Control de energ\u00eda<\/strong><\/p>\n<ul>\n<li>Consumo energ\u00e9tico 266<\/li>\n<li>Voltaje de entrada AC 220 &#8211; 240<\/li>\n<li>Frecuencia de entrada AC 50<\/li>\n<li>Consumo de energ\u00eda (inactivo) 0,5<\/li>\n<li>Energy efficiency class (SDR) F<\/li>\n<li>Energy efficiency class (HDR) G<\/li>\n<li>Energy consumption (SDR) per 1000 hours 110<\/li>\n<li>Energy consumption (HDR) per 1000 hours 162<\/li>\n<\/ul>\n<p><strong>Empaquetado<\/strong><\/p>\n<ul>\n<li>Ancho del paquete 1574<\/li>\n<li>Profundidad del paquete 184<\/li>\n<li>Altura del paquete 958<\/li>\n<li>Peso del paquete 32<\/li>\n<li>Soporte de sobremesa S\u00ed<\/li>\n<li>Cables incluidos Corriente alterna<\/li>\n<li>Mando a distancia incluido S\u00ed<\/li>\n<\/ul>\n<p><strong>Sintonizador de la TV<\/strong><\/p>\n<ul>\n<li>Tipo de sintonizador Anal\u00f3gico y digital<\/li>\n<li>Se\u00f1al anal\u00f3gica PAL I, SECAM B\/G, SECAM D\/K<\/li>\n<li>N\u00famero de sintonizadores 2<\/li>\n<li>Formato de se\u00f1al digital DVB-T2, DVB-S, DVB-C, DVB-S2, DVB-T<\/li>\n<\/ul>\n<p><strong>Caracter\u00edsticas de administraci\u00f3n<\/strong><\/p>\n<ul>\n<li>Temporizador de apagado S\u00ed<\/li>\n<li>Temporizador Encendido\/Apagado S\u00ed<\/li>\n<li>Control por voz S\u00ed<\/li>\n<li>Gu\u00eda electr\u00f3nica de programaci\u00f3n S\u00ed<\/li>\n<li>Funciona con el Asistente de Google S\u00ed<\/li>\n<\/ul>\n<p><strong>Dise\u00f1o<\/strong><\/p>\n<ul>\n<li>Rollable display No<\/li>\n<li>Color del producto Negro<\/li>\n<li>montaje VESA S\u00ed<\/li>\n<li>Interfaz de panel de montaje 300 x 300<\/li>\n<li>Introduction year 2022<\/li>\n<\/ul>\n<p><strong>Desempe\u00f1o<\/strong><\/p>\n<ul>\n<li>Alto Rango Din\u00e1mico (HDR) S\u00ed<\/li>\n<li>High Dynamic Range (HDR) technology Dolby Vision, Hybrid Log-Gamma (HLG), High Dynamic Range 10 (HDR10)<\/li>\n<li>Funciones de teletexto S\u00ed<\/li>\n<li>Funci\u00f3n de subt\u00edtulos S\u00ed<\/li>\n<li>Sensor de luz ambiental S\u00ed<\/li>\n<li>Tecnolog\u00eda de procesamiento de imagen Sony XR Triluminos Pro, Sony Dynamic Contrast Enhancer, Sony Live Colour, Sony XR Contrast Booster, Sony XR HDR Remaster, Sony XR Smoothing, Sony XR Super Resolution<\/li>\n<li>Game features Modo autom\u00e1tico de baja latencia (ALLM, Auto Low Latency Mode), Frecuencia de actualizaci\u00f3n variable (VRR, Variable Refresh Rate)<\/li>\n<li>Grabaci\u00f3n USB S\u00ed<\/li>\n<\/ul>\n<p><strong>Smart TV<\/strong><\/p>\n<ul>\n<li>Versi\u00f3n de sistema operativo 10<\/li>\n<li>Modos inteligentes Foto, Cine, Juego, Vivo, Graphics, Netflix Calibrated, IMAX Enhanced, Est\u00e1ndar<\/li>\n<li>Plataforma de distribuciones de aplicaciones Google Play<\/li>\n<li>Aplicaciones de v\u00eddeo Google TV<\/li>\n<li>TV por Internet S\u00ed<\/li>\n<li>Smart TV S\u00ed<\/li>\n<li>Sistema operativo instalado Android<\/li>\n<\/ul>\n<p><strong>Conexi\u00f3n<\/strong><\/p>\n<ul>\n<li>Wifi S\u00ed<\/li>\n<li>Ethernet S\u00ed<\/li>\n<li>Wi-Fi est\u00e1ndares 802.11a, Wi-Fi 5 (802.11ac), 802.11b, 802.11g, Wi-Fi 4 (802.11n)<\/li>\n<li>Wi-Fi Direct S\u00ed<\/li>\n<li>Bluetooth S\u00ed<\/li>\n<li>Versi\u00f3n de Bluetooth 4.2<\/li>\n<li>Perfiles de Bluetooth A2DP, HID, HOGP, AVRCP, SPP<\/li>\n<li>Navegador web S\u00ed<\/li>\n<li>Navegador compatible Vewd<\/li>\n<li>Soporte HID S\u00ed<\/li>\n<\/ul>\n<\/div>\n","protected":false},"excerpt":{"rendered":"<p>NOMBRE DEL PRODUCTO Marca SONY Modelo XR-65X90K EAN4548736137776 Exhibici\u00f3n Pulgadas 65&#8243; Diagonal de pantalla 164 \u00c1ngulo de visi\u00f3n, horizontal 178<\/p>\n","protected":false},"featured_media":218643,"comment_status":"open","ping_status":"closed","template":"","meta":{"_joinchat":[]},"product_cat":[795,6464,7144,7069],"product_tag":[],"class_list":{"0":"post-218642","1":"product","2":"type-product","3":"status-publish","4":"has-post-thumbnail","6":"product_cat-electronica","7":"product_cat-televisores-electronica","8":"product_cat-uhd-4k","9":"product_cat-tv-60-79","11":"first","12":"instock","13":"sale","14":"taxable","15":"shipping-taxable","16":"purchasable","17":"product-type-simple"},"_links":{"self":[{"href":"https:\/\/desdropi.com\/elparque\/wp-json\/wp\/v2\/product\/218642"}],"collection":[{"href":"https:\/\/desdropi.com\/elparque\/wp-json\/wp\/v2\/product"}],"about":[{"href":"https:\/\/desdropi.com\/elparque\/wp-json\/wp\/v2\/types\/product"}],"replies":[{"embeddable":true,"href":"https:\/\/desdropi.com\/elparque\/wp-json\/wp\/v2\/comments?post=218642"}],"version-history":[{"count":0,"href":"https:\/\/desdropi.com\/elparque\/wp-json\/wp\/v2\/product\/218642\/revisions"}],"wp:featuredmedia":[{"embeddable":true,"href":"https:\/\/desdropi.com\/elparque\/wp-json\/wp\/v2\/media\/218643"}],"wp:attachment":[{"href":"https:\/\/desdropi.com\/elparque\/wp-json\/wp\/v2\/media?parent=218642"}],"wp:term":[{"taxonomy":"product_cat","embeddable":true,"href":"https:\/\/desdropi.com\/elparque\/wp-json\/wp\/v2\/product_cat?post=218642"},{"taxonomy":"product_tag","embeddable":true,"href":"https:\/\/desdropi.com\/elparque\/wp-json\/wp\/v2\/product_tag?post=218642"}],"curies":[{"name":"wp","href":"https:\/\/api.w.org\/{rel}","templated":true}]}}