{"id":218649,"date":"2024-04-15T13:40:59","date_gmt":"2024-04-15T11:40:59","guid":{"rendered":"https:\/\/desdropi.com\/elparque\/?post_type=product&#038;p=218649"},"modified":"2024-05-17T13:03:20","modified_gmt":"2024-05-17T11:03:20","slug":"tv-haier-55-h55s800ug-uhd-hqled-android-bt-peana","status":"publish","type":"product","link":"https:\/\/desdropi.com\/elparque\/tv-haier-55-h55s800ug-uhd-hqled-android-bt-peana\/","title":{"rendered":"TV HAIER 55&#8243; H55S800UG UHD HQLED ANDROID BT PEANA"},"content":{"rendered":"<div class=\"descripcion-tab\">\n<strong>NOMBRE DEL PRODUCT<\/strong>O<br \/>\nMarca HAIER<br \/>\nModelo H55S800UG<br \/>\nEAN6971926011774<br \/>\n<strong>Exhibici\u00f3n<\/strong><\/p>\n<ul>\n<li>Profundidad de color 8 bit<\/li>\n<li>Resoluci\u00f3n de la pantalla 3840 x 2160 Pixeles<\/li>\n<li>Tecnolog\u00eda del panel QLED<\/li>\n<li>Retroiluminaci\u00f3n del panel Direct LED<\/li>\n<li>Relaci\u00f3n de aspecto 16:9<\/li>\n<li>Brillo de pantalla 350 nits<\/li>\n<li>Tiempo de respuesta 8 ms<\/li>\n<li>Frecuencia nativa de refresco 60 Hz<\/li>\n<li>\u00c1ngulo de visi\u00f3n, horizontal 176\u00b0<\/li>\n<li>\u00c1ngulo de visi\u00f3n, vertical1 76\u00b0<\/li>\n<li>Diagonal de pantalla 139,7 cm<\/li>\n<li>Pulgadas 55&#8243;<\/li>\n<li>Resoluci\u00f3n 4K Ultra HD<\/li>\n<li>Forma de la pantalla Plana<\/li>\n<li>3D No<\/li>\n<\/ul>\n<p><strong>Audio<\/strong><\/p>\n<ul>\n<li>Altavoces incorporados S\u00ed<\/li>\n<li>N\u00famero de altavoces 4<\/li>\n<li>Potencia estimada RMS 26 + 30 W<\/li>\n<li>Tecnolog\u00edas de decodificaci\u00f3n de audio Dolby Digital Plus, Dolby Audio, DTS, DTS HD, DTS X, DBX-TV<\/li>\n<\/ul>\n<p><strong>Puertos e Interfaces<\/strong><\/p>\n<ul>\n<li>Interfaz com\u00fan Plus (CI+) S\u00ed<\/li>\n<li>Versi\u00f3n Common interface Plus (CI+) 1.3<\/li>\n<li>N\u00famero de puertos HDMI 4<\/li>\n<li>Versi\u00f3n HDMI 2.1<\/li>\n<li>Cantidad de puertos USB 2.02<\/li>\n<li>Entrada de audio (L,R)1<\/li>\n<li>Entrada de video compuesto 1<\/li>\n<li>Ethernet LAN (RJ-45) cantidad de puertos 1<\/li>\n<li>Puerto DVI No<\/li>\n<li>Audio digital, salida optica 1<\/li>\n<\/ul>\n<p><strong>Peso y dimensiones<\/strong><\/p>\n<ul>\n<li>Peso 18,3 kg<\/li>\n<li>Ancho 1229 mm<\/li>\n<li>Ancho del dispositivo (con soporte) 1229 mm<\/li>\n<li>Profundidad 81 mm<\/li>\n<li>Profundidad dispositivo (con soporte) 255 mm<\/li>\n<li>Altura 694 mm<\/li>\n<li>Altura del dispositivo (con soporte) 782 mm<\/li>\n<li>Rango de pulgadas De 50 a 60<\/li>\n<\/ul>\n<p><strong>Control de energ\u00eda<\/strong><\/p>\n<ul>\n<li>Frecuencia de entrada AC 50 &#8211; 60 Hz<\/li>\n<li>Voltaje de entrada AC 220 &#8211; 240 V<\/li>\n<li>Consumo de energ\u00eda (inactivo) 0,5 W<\/li>\n<li>Consumo energ\u00e9tico 96 W<\/li>\n<li>Energy efficiency class (SDR) F<\/li>\n<\/ul>\n<p><strong>Red<\/strong><\/p>\n<ul>\n<li>Wifi S\u00ed<\/li>\n<li><strong>Empaquetado<\/strong><br \/>\nSintonizador de la TV<\/li>\n<li>Tipo de sintonizador Anal\u00f3gico y digital<\/li>\n<li>Formato de se\u00f1al digital DVB-C,DVB-S,DVB-S2,DVB-T,DVB-T2<\/li>\n<\/ul>\n<p><strong>Contenido del embalaje<\/strong><\/p>\n<ul>\n<li>Gu\u00eda de configuraci\u00f3n r\u00e1pida S\u00ed<\/li>\n<li>Soporte de sobremesa S\u00ed<\/li>\n<li>Mando a distancia S\u00ed<\/li>\n<\/ul>\n<p><strong>Dise\u00f1o<\/strong><\/p>\n<ul>\n<li>montaje VESA S\u00ed<\/li>\n<li>Color del producto Negro<\/li>\n<li>Interfaces de montaje VESA 200 x 200 mm<\/li>\n<\/ul>\n<p><strong>Desempe\u00f1o<\/strong><\/p>\n<ul>\n<li>Hybrid Log Gamma (HLG) S\u00ed<\/li>\n<li>HDR S\u00ed<\/li>\n<li>Reducci\u00f3n de ruido S\u00ed<\/li>\n<\/ul>\n<p><strong>Smart TV<\/strong><\/p>\n<ul>\n<li>HbbTV S\u00ed<\/li>\n<li>Smart TV S\u00ed<\/li>\n<li>Sistema operativo instalado Android TV 11.0<\/li>\n<\/ul>\n<p><strong>Conexi\u00f3n<\/strong><\/p>\n<ul>\n<li>Wifi S\u00ed<\/li>\n<li>Ethernet S\u00ed<\/li>\n<li>Wi-Fi est\u00e1ndares 802.11b, 802.11g, 802.11n<\/li>\n<\/ul>\n<\/div>\n","protected":false},"excerpt":{"rendered":"<p>NOMBRE DEL PRODUCTO Marca HAIER Modelo H55S800UG EAN6971926011774 Exhibici\u00f3n Profundidad de color 8 bit Resoluci\u00f3n de la pantalla 3840 x<\/p>\n","protected":false},"featured_media":218651,"comment_status":"open","ping_status":"closed","template":"","meta":{"_joinchat":[]},"product_cat":[795,6464,7144,7068],"product_tag":[],"class_list":{"0":"post-218649","1":"product","2":"type-product","3":"status-publish","4":"has-post-thumbnail","6":"product_cat-electronica","7":"product_cat-televisores-electronica","8":"product_cat-uhd-4k","9":"product_cat-tv-40-59","11":"first","12":"instock","13":"sale","14":"taxable","15":"shipping-taxable","16":"purchasable","17":"product-type-simple"},"_links":{"self":[{"href":"https:\/\/desdropi.com\/elparque\/wp-json\/wp\/v2\/product\/218649"}],"collection":[{"href":"https:\/\/desdropi.com\/elparque\/wp-json\/wp\/v2\/product"}],"about":[{"href":"https:\/\/desdropi.com\/elparque\/wp-json\/wp\/v2\/types\/product"}],"replies":[{"embeddable":true,"href":"https:\/\/desdropi.com\/elparque\/wp-json\/wp\/v2\/comments?post=218649"}],"version-history":[{"count":0,"href":"https:\/\/desdropi.com\/elparque\/wp-json\/wp\/v2\/product\/218649\/revisions"}],"wp:featuredmedia":[{"embeddable":true,"href":"https:\/\/desdropi.com\/elparque\/wp-json\/wp\/v2\/media\/218651"}],"wp:attachment":[{"href":"https:\/\/desdropi.com\/elparque\/wp-json\/wp\/v2\/media?parent=218649"}],"wp:term":[{"taxonomy":"product_cat","embeddable":true,"href":"https:\/\/desdropi.com\/elparque\/wp-json\/wp\/v2\/product_cat?post=218649"},{"taxonomy":"product_tag","embeddable":true,"href":"https:\/\/desdropi.com\/elparque\/wp-json\/wp\/v2\/product_tag?post=218649"}],"curies":[{"name":"wp","href":"https:\/\/api.w.org\/{rel}","templated":true}]}}