{"id":218656,"date":"2024-04-15T13:52:32","date_gmt":"2024-04-15T11:52:32","guid":{"rendered":"https:\/\/desdropi.com\/elparque\/?post_type=product&#038;p=218656"},"modified":"2024-05-17T13:03:21","modified_gmt":"2024-05-17T11:03:21","slug":"tv-hisense-55-55u6kq-uhd-miniled-uled-qled-fullar","status":"publish","type":"product","link":"https:\/\/desdropi.com\/elparque\/tv-hisense-55-55u6kq-uhd-miniled-uled-qled-fullar\/","title":{"rendered":"TV HISENSE 55&#8243; 55U6KQ UHD MINILED ULED QLED FULLAR"},"content":{"rendered":"<div class=\"descripcion-tab\">\n<strong>NOMBRE DEL PRODUCTO<\/strong><br \/>\nMarca HISENSE<br \/>\nModelo 55U6KQ<br \/>\nEAN 6942147492987<br \/>\n<strong>Exhibici\u00f3n<\/strong><\/p>\n<ul>\n<li>Relaci\u00f3n de aspecto nativa 16:9<\/li>\n<li>Formatos gr\u00e1ficos soportados 3840 x 2160<\/li>\n<li>Brillo de pantalla 600<\/li>\n<li>Tiempo de respuesta 8<\/li>\n<li>Frecuencia nativa de refresco 60<\/li>\n<li>Raz\u00f3n de contraste (t\u00edpica) 5000:1<\/li>\n<li>\u00c1ngulo de visi\u00f3n, horizontal 178<\/li>\n<li>\u00c1ngulo de visi\u00f3n, vertical 178<\/li>\n<li>Diagonal de pantalla 139,7<\/li>\n<li>Tipo de matriz VA<\/li>\n<li>Pulgadas 55&#8243;<\/li>\n<li>Resoluci\u00f3n 4K Ultra HD<\/li>\n<li>Resoluci\u00f3n de la pantalla 3840 x 2160<\/li>\n<li>Retroiluminaci\u00f3n del panel Mini LED<\/li>\n<li>Tecnolog\u00eda del panelMini LED<\/li>\n<li>Retroiluminaci\u00f3n LED S\u00ed<\/li>\n<li>Forma de la pantalla Plana<\/li>\n<\/ul>\n<p><strong>Audio<\/strong><\/p>\n<ul>\n<li>Enhanced Audio Return Channel (eARC) (Canal de retorno de audio mejorado) S\u00ed<\/li>\n<li>N\u00famero de altavoces 2<\/li>\n<li>Potencia estimada RMS 20<\/li>\n<li>Canales de salida de audio .0<\/li>\n<li>Decodificadores incorporados Dolby Atmos<\/li>\n<li>Tecnolog\u00edas de decodificaci\u00f3n de audio Dolby MS12<\/li>\n<li>Ecualizador S\u00ed<\/li>\n<\/ul>\n<p><strong>Puertos e Interfaces<\/strong><\/p>\n<ul>\n<li>N\u00famero de puertos HDMI 3<\/li>\n<li>PC (D-Sub) No<\/li>\n<li>Versi\u00f3n HDMI 2.0<\/li>\n<li>Canal de retorno de audio (ARC) S\u00ed<\/li>\n<li>Ethernet LAN (RJ-45) cantidad de puertos 1<\/li>\n<li>Cantidad de puertos USB 2.02<\/li>\n<li>Entrada de video compuesto 1<\/li>\n<li>Audio digital, salida optica 1<\/li>\n<li>Entrada de audio para PC S\u00ed<\/li>\n<li>N\u00famero de puertos RF 2<\/li>\n<li>Salidas para auriculares 1<\/li>\n<li>Interfaz com\u00fan No<\/li>\n<li>Interfaz com\u00fan Plus (CI+) S\u00ed<\/li>\n<\/ul>\n<p><strong>Peso y dimensiones<\/strong><\/p>\n<ul>\n<li>Ancho del soporte 100,4<\/li>\n<li>Profundidad del soporte 31,3<\/li>\n<li>Ancho del dispositivo (con soporte) 1232<\/li>\n<li>Profundidad dispositivo (con soporte) 313<\/li>\n<li>Altura del dispositivo (con soporte) 778<\/li>\n<li>Peso (con soporte) 13,7<\/li>\n<li>Ancho (sin base) 123,2<\/li>\n<li>Profundidad (sin base) 7,6<\/li>\n<li>Altura (sin base) 71,1<\/li>\n<li>Peso (sin base) 13,2<\/li>\n<li>Rango de pulgadas De 50 a 60<\/li>\n<\/ul>\n<p><strong>Control de energ\u00eda<\/strong><\/p>\n<ul>\n<li>Energy efficiency class (SDR) F<\/li>\n<li>Energy efficiency class (HDR) G<\/li>\n<li>Energy efficiency scale De la A a la G<\/li>\n<li>Energy consumption (SDR) per 1000 hours 77<\/li>\n<li>Energy consumption (HDR) per 1000 hours 110<\/li>\n<li>Consumo energ\u00e9tico 77<\/li>\n<li>Consumo de energ\u00eda (inactivo) 0,5<\/li>\n<li>Consumo de energ\u00eda (max) 170<\/li>\n<li>Voltaje de entrada AC100 &#8211; 240<\/li>\n<li>Frecuencia de entrada AC 50\/60<\/li>\n<\/ul>\n<p><strong>Empaquetado<\/strong><\/p>\n<ul>\n<li>Soporte de sobremesa S\u00ed<\/li>\n<li>Mando a distancia incluido S\u00ed<\/li>\n<li>Ancho del paquete 1387<\/li>\n<li>Profundidad del paquete 145<\/li>\n<li>Altura del paquete 838<\/li>\n<li>Peso del paquete 18,8<\/li>\n<li>Tipo de embalaje Caja<\/li>\n<li>Incluye mando a distancia Smart Remote S\u00ed<\/li>\n<li>Tipo de control remoto ERF2O36H(0011)<\/li>\n<\/ul>\n<p><strong>Sintonizador de la TV<\/strong><\/p>\n<ul>\n<li>Tipo de sintonizador Anal\u00f3gico y digital<\/li>\n<li>Autobusqueda de canal S\u00ed<\/li>\n<li>Formato de se\u00f1al digital DVB-C, DVB-S, DVB-S2, DVB-T, DVB-T2<\/li>\n<\/ul>\n<p><strong>Caracter\u00edsticas de administraci\u00f3n<\/strong><\/p>\n<ul>\n<li>Control por voz S\u00ed<\/li>\n<li>Gu\u00eda electr\u00f3nica de programaci\u00f3n S\u00ed<\/li>\n<li>Exhibici\u00f3n en pantalla (OSD) S\u00ed<\/li>\n<li>N\u00famero de lenguajes OSD 33<\/li>\n<li>Funciona con Amazon Alexa S\u00ed<\/li>\n<li>Temporizador de apagado S\u00ed<\/li>\n<li>Periodo de programaci\u00f3n 8<\/li>\n<\/ul>\n<p><strong>Dise\u00f1o<\/strong><\/p>\n<ul>\n<li>Color del producto Negro, Gris<\/li>\n<li>montaje VESA S\u00ed<\/li>\n<li>Interfaz de panel de montaje 400 x 200<\/li>\n<li>Tipo de soporte Base de patas<\/li>\n<li>Color del soporte Gris<\/li>\n<\/ul>\n<p><strong>Desempe\u00f1o<\/strong><\/p>\n<ul>\n<li>Control parental S\u00ed<\/li>\n<li>Grabaci\u00f3n USB S\u00ed<\/li>\n<li>Alto Rango Din\u00e1mico (HDR) S\u00ed<\/li>\n<li>High Dynamic Range (HDR) technology Dolby Vision, High Dynamic Range 10 (HDR10), High Dynamic Range 10+ (HDR10 Plus), Hybrid Log-Gamma (HLG)<\/li>\n<li>Funciones de teletexto S\u00ed<\/li>\n<li>Funci\u00f3n de subt\u00edtulos S\u00ed<\/li>\n<li>Sensor de luz ambiental S\u00ed<\/li>\n<li>Oscurecimiento local S\u00ed<\/li>\n<li>4K upscaler S\u00ed<\/li>\n<li>N\u00famero de n\u00facleos de procesador 4<\/li>\n<\/ul>\n<p><strong>Smart TV<\/strong><\/p>\n<ul>\n<li>Versi\u00f3n de sistema operativo 6<\/li>\n<li>Duplicaci\u00f3n de pantalla S\u00ed<\/li>\n<li>HbbTV S\u00ed<\/li>\n<li>Hybrid Broadcast Broadband TV (HbbTV) version 2.0.3<\/li>\n<li>Aplicaciones de v\u00eddeo Amazon Prime Video, DAZN, Disney+, Movistar, Netflix, YouTube<\/li>\n<li>TV por Internet S\u00ed<\/li>\n<li>Smart TV S\u00ed<\/li>\n<li>Sistema operativo instalado VIDAA U<\/li>\n<\/ul>\n<p><strong>Conexi\u00f3n<\/strong><\/p>\n<ul>\n<li>Wifi S\u00ed<\/li>\n<li>Ethernet S\u00ed<\/li>\n<li>Bluetooth S\u00ed<\/li>\n<li>Versi\u00f3n de Bluetooth 4.2<\/li>\n<li>Navegaci\u00f3n S\u00ed<\/li>\n<li>Navegador web S\u00ed<\/li>\n<\/ul>\n<\/div>\n","protected":false},"excerpt":{"rendered":"<p>NOMBRE DEL PRODUCTO Marca HISENSE Modelo 55U6KQ EAN 6942147492987 Exhibici\u00f3n Relaci\u00f3n de aspecto nativa 16:9 Formatos gr\u00e1ficos soportados 3840 x<\/p>\n","protected":false},"featured_media":218657,"comment_status":"open","ping_status":"closed","template":"","meta":{"_joinchat":[]},"product_cat":[795,6464,7144,7068],"product_tag":[],"class_list":{"0":"post-218656","1":"product","2":"type-product","3":"status-publish","4":"has-post-thumbnail","6":"product_cat-electronica","7":"product_cat-televisores-electronica","8":"product_cat-uhd-4k","9":"product_cat-tv-40-59","11":"first","12":"instock","13":"sale","14":"taxable","15":"shipping-taxable","16":"purchasable","17":"product-type-simple"},"_links":{"self":[{"href":"https:\/\/desdropi.com\/elparque\/wp-json\/wp\/v2\/product\/218656"}],"collection":[{"href":"https:\/\/desdropi.com\/elparque\/wp-json\/wp\/v2\/product"}],"about":[{"href":"https:\/\/desdropi.com\/elparque\/wp-json\/wp\/v2\/types\/product"}],"replies":[{"embeddable":true,"href":"https:\/\/desdropi.com\/elparque\/wp-json\/wp\/v2\/comments?post=218656"}],"version-history":[{"count":0,"href":"https:\/\/desdropi.com\/elparque\/wp-json\/wp\/v2\/product\/218656\/revisions"}],"wp:featuredmedia":[{"embeddable":true,"href":"https:\/\/desdropi.com\/elparque\/wp-json\/wp\/v2\/media\/218657"}],"wp:attachment":[{"href":"https:\/\/desdropi.com\/elparque\/wp-json\/wp\/v2\/media?parent=218656"}],"wp:term":[{"taxonomy":"product_cat","embeddable":true,"href":"https:\/\/desdropi.com\/elparque\/wp-json\/wp\/v2\/product_cat?post=218656"},{"taxonomy":"product_tag","embeddable":true,"href":"https:\/\/desdropi.com\/elparque\/wp-json\/wp\/v2\/product_tag?post=218656"}],"curies":[{"name":"wp","href":"https:\/\/api.w.org\/{rel}","templated":true}]}}