{"id":218673,"date":"2024-04-15T14:08:31","date_gmt":"2024-04-15T12:08:31","guid":{"rendered":"https:\/\/desdropi.com\/elparque\/?post_type=product&#038;p=218673"},"modified":"2024-05-17T13:03:21","modified_gmt":"2024-05-17T11:03:21","slug":"tv-panasonic-24-tx24msw504-hd-androidtv-hdr10-neg","status":"publish","type":"product","link":"https:\/\/desdropi.com\/elparque\/tv-panasonic-24-tx24msw504-hd-androidtv-hdr10-neg\/","title":{"rendered":"TV PANASONIC 24&#8243; TX24MSW504 HD ANDROIDTV HDR10 NEG"},"content":{"rendered":"<div class=\"descripcion-tab\">\n<strong>NOMBRE DEL PRODUCTO:<\/strong><\/p>\n<ul>\n<li><strong>Marca:<\/strong> PANASONIC<\/li>\n<li><strong>Modelo:<\/strong> TX-24MSW504<\/li>\n<li><strong>EAN:<\/strong> 5025232949243<\/li>\n<\/ul>\n<p><strong>Exhibici\u00f3n:<\/strong><\/p>\n<ul>\n<li>Nombre comercial de la relaci\u00f3n de contraste din\u00e1mico: Ultimate Contrast<\/li>\n<li>Frecuencia nativa de refresco: 100<\/li>\n<li>Tecnolog\u00eda del panel: LCD<\/li>\n<li>Tecnolog\u00eda de interpolaci\u00f3n de movimiento: Smooth Motion Drive Pro<\/li>\n<li>Resoluci\u00f3n de la pantalla: 1366 x 768<\/li>\n<li>Relaci\u00f3n de aspecto nativa: 16:9<\/li>\n<li>Pulgadas: 24&#8243;<\/li>\n<li>Diagonal de pantalla: 60<\/li>\n<li>Resoluci\u00f3n: HD<\/li>\n<li>Forma de la pantalla: Plana<\/li>\n<\/ul>\n<p><strong>Audio:<\/strong><\/p>\n<ul>\n<li>Potencia estimada RMS: 6<\/li>\n<li>N\u00famero de altavoces: 2<\/li>\n<li>Decodificadores incorporados: Dolby Atmos<\/li>\n<li>Enhanced Audio Return Channel (eARC): S\u00ed<\/li>\n<li>Modos de sonido: M\u00fasica, Habla, Est\u00e1ndar<\/li>\n<li>Tecnolog\u00edas de decodificaci\u00f3n de audio: Dolby Digital 5.1 Surround Sound<\/li>\n<\/ul>\n<p><strong>Puertos e Interfaces:<\/strong><\/p>\n<ul>\n<li>Salidas para auriculares: 1<\/li>\n<li>N\u00famero de puertos HDMI: 4<\/li>\n<li>Versi\u00f3n HDMI: 2.1<\/li>\n<li>Interfaz com\u00fan: S\u00ed<\/li>\n<li>Ethernet LAN (RJ-45) cantidad de puertos: 1<\/li>\n<li>Audio digital, salida \u00f3ptica: 1<\/li>\n<li>Versi\u00f3n Common interface Plus (CI+): 1.4<\/li>\n<li>Cantidad de puertos USB 2.0: 2<\/li>\n<li>Interfaz com\u00fan Plus (CI+): S\u00ed<\/li>\n<li>HDCP: S\u00ed<\/li>\n<li>Entrada de CA: S\u00ed<\/li>\n<li>HDCP versi\u00f3n: 1.4<\/li>\n<li>Canal de retorno de audio (ARC): S\u00ed<\/li>\n<\/ul>\n<p><strong>Peso y dimensiones:<\/strong><\/p>\n<ul>\n<li>Peso (sin base): 2,5<\/li>\n<li>Altura (sin base): 332<\/li>\n<li>Profundidad (sin base): 84<\/li>\n<li>Ancho (sin base): 552<\/li>\n<li>Ancho del dispositivo (con soporte): 552<\/li>\n<li>Profundidad del soporte: 13,1<\/li>\n<li>Ancho del soporte: 48,2<\/li>\n<li>Peso (con soporte): 3<\/li>\n<li>Altura del dispositivo (con soporte): 366<\/li>\n<li>Profundidad dispositivo (con soporte): 131<\/li>\n<li>Rango de pulgadas: De 20 a 32<\/li>\n<\/ul>\n<p><strong>Control de energ\u00eda:<\/strong><\/p>\n<ul>\n<li>Voltaje de entrada AC: 220 &#8211; 240<\/li>\n<li>Energy efficiency class (SDR): E<\/li>\n<li>Energy efficiency class (HDR): F<\/li>\n<li>Consumo energ\u00e9tico: 40<\/li>\n<li>Energy consumption (SDR) per 1000 hours: 16<\/li>\n<li>Frecuencia de entrada AC: 50\/60<\/li>\n<li>Energy efficiency scale: De la A a la G<\/li>\n<li>Energy consumption (HDR) per 1000 hours: 21<\/li>\n<\/ul>\n<p><strong>Empaquetado:<\/strong><\/p>\n<ul>\n<li>Peso del paquete: 4<\/li>\n<li>Tipo de embalaje: Caja<\/li>\n<li>Ancho del paquete: 620<\/li>\n<li>Altura del paquete: 400<\/li>\n<li>Profundidad del paquete: 135<\/li>\n<\/ul>\n<p><strong>Sintonizador de la TV:<\/strong><\/p>\n<ul>\n<li>N\u00famero de sintonizadores: 2<\/li>\n<li>Tipo de sintonizador: Anal\u00f3gico y digital<\/li>\n<li>Formato de se\u00f1al digital: DVB-S2, DVB-T, DVB-T2<\/li>\n<\/ul>\n<p><strong>Contenido del embalaje:<\/strong><\/p>\n<ul>\n<li>Soporte de sobremesa: S\u00ed<\/li>\n<li>Mando a distancia: S\u00ed<\/li>\n<\/ul>\n<p><strong>Caracter\u00edsticas de administraci\u00f3n:<\/strong><\/p>\n<ul>\n<li>Funciona con el Asistente de Google: S\u00ed<\/li>\n<li>N\u00famero de lenguajes OSD: 1<\/li>\n<li>Voice guide: S\u00ed<\/li>\n<li>Gu\u00eda electr\u00f3nica de programaci\u00f3n: S\u00ed<\/li>\n<li>Exhibici\u00f3n en pantalla (OSD): S\u00ed<\/li>\n<li>Idiomas OSD: Ingl\u00e9s<\/li>\n<li>Tipo de control: Inal\u00e1mbrico<\/li>\n<li>Temporizador Encendido\/Apagado: S\u00ed<\/li>\n<li>Apagado autom\u00e1tico: S\u00ed<\/li>\n<li>Modo ECO: S\u00ed<\/li>\n<li>Temporizador de apagado: S\u00ed<\/li>\n<\/ul>\n<p><strong>Dise\u00f1o:<\/strong><\/p>\n<ul>\n<li>Montaje VESA: S\u00ed<\/li>\n<li>Color del producto: Negro<\/li>\n<li>Soporte giratorio: S\u00ed<\/li>\n<li>Tipo de soporte: Soporte central<\/li>\n<li>Color del soporte: Negro<\/li>\n<li>Interfaz de panel de montaje: 100 x 100<\/li>\n<\/ul>\n<p><strong>Desempe\u00f1o:<\/strong><\/p>\n<ul>\n<li>Alto Rango Din\u00e1mico (HDR): S\u00ed<\/li>\n<li>Teletexto: 2000<\/li>\n<li>High Dynamic Range (HDR) technology: Dolby Vision IQ, High Dynamic Range 10 (HDR10), High Dynamic Range 10+ Adaptive (HDR10 Plus Adaptive), Hybrid Log-Gamma (HLG)<\/li>\n<li>Sensor de luz ambiental: S\u00ed<\/li>\n<li>Funciones de teletexto: S\u00ed<\/li>\n<li>NVIDIA G-SYNC: S\u00ed<\/li>\n<li>Calman Ready: S\u00ed<\/li>\n<li>Formatos de imagen soportados: JPEG<\/li>\n<li>AMD FreeSync: S\u00ed<\/li>\n<li>Formatos de v\u00eddeo compatibles: 3GPP, AVI, FLV, HEVC, M4V, MKV, MP4, PS, TS, VOB, VRO, WMV<\/li>\n<li>Game features: Modo autom\u00e1tico de baja latencia (ALLM), Frecuencia de actualizaci\u00f3n variable (VRR)<\/li>\n<li>Tecnolog\u00eda de procesamiento de imagen: Panasonic HCX Pro AI<\/li>\n<li>Grabaci\u00f3n USB: S\u00ed<\/li>\n<li>Formatos de audio soportados: AAC, FLAC, MP3, WMA-PRO<\/li>\n<li>Pantalla m\u00faltiple: S\u00ed<\/li>\n<li>Tipo de FreeSync de AMD: FreeSync Premium<\/li>\n<\/ul>\n<p><strong>Smart TV:<\/strong><\/p>\n<ul>\n<li>Modos inteligentes: Cine, personalizado, Dolby Vision Dark, Din\u00e1mico, Modo director, Juego, Normal, Foto, Deportes, True Cinema<\/li>\n<li>Versi\u00f3n de sistema operativo: 8,0<\/li>\n<li>TV por Internet: S\u00ed<\/li>\n<li>Chromecast integrado: S\u00ed<\/li>\n<li>Smart TV: S\u00ed<\/li>\n<li>Sistema operativo instalado: Android<\/li>\n<\/ul>\n<p><strong>Conexi\u00f3n:<\/strong><\/p>\n<ul>\n<li>Wifi: S\u00ed<\/li>\n<li>Soporte HID: S\u00ed<\/li>\n<li>Navegaci\u00f3n: S\u00ed<\/li>\n<li>Navegador web: S\u00ed<\/li>\n<li>Ethernet: S\u00ed<\/li>\n<li>Bluetooth: S\u00ed<\/li>\n<li>Perfiles de Bluetooth: A2DP, HOGP<\/li>\n<\/ul>\n<\/div>\n","protected":false},"excerpt":{"rendered":"<p>NOMBRE DEL PRODUCTO: Marca: PANASONIC Modelo: TX-24MSW504 EAN: 5025232949243 Exhibici\u00f3n: Nombre comercial de la relaci\u00f3n de contraste din\u00e1mico: Ultimate Contrast<\/p>\n","protected":false},"featured_media":218678,"comment_status":"open","ping_status":"closed","template":"","meta":{"_joinchat":[]},"product_cat":[6464,7067,795],"product_tag":[],"class_list":{"0":"post-218673","1":"product","2":"type-product","3":"status-publish","4":"has-post-thumbnail","6":"product_cat-televisores-electronica","7":"product_cat-tv-20-39","8":"product_cat-electronica","10":"first","11":"instock","12":"sale","13":"taxable","14":"shipping-taxable","15":"purchasable","16":"product-type-simple"},"_links":{"self":[{"href":"https:\/\/desdropi.com\/elparque\/wp-json\/wp\/v2\/product\/218673"}],"collection":[{"href":"https:\/\/desdropi.com\/elparque\/wp-json\/wp\/v2\/product"}],"about":[{"href":"https:\/\/desdropi.com\/elparque\/wp-json\/wp\/v2\/types\/product"}],"replies":[{"embeddable":true,"href":"https:\/\/desdropi.com\/elparque\/wp-json\/wp\/v2\/comments?post=218673"}],"version-history":[{"count":0,"href":"https:\/\/desdropi.com\/elparque\/wp-json\/wp\/v2\/product\/218673\/revisions"}],"wp:featuredmedia":[{"embeddable":true,"href":"https:\/\/desdropi.com\/elparque\/wp-json\/wp\/v2\/media\/218678"}],"wp:attachment":[{"href":"https:\/\/desdropi.com\/elparque\/wp-json\/wp\/v2\/media?parent=218673"}],"wp:term":[{"taxonomy":"product_cat","embeddable":true,"href":"https:\/\/desdropi.com\/elparque\/wp-json\/wp\/v2\/product_cat?post=218673"},{"taxonomy":"product_tag","embeddable":true,"href":"https:\/\/desdropi.com\/elparque\/wp-json\/wp\/v2\/product_tag?post=218673"}],"curies":[{"name":"wp","href":"https:\/\/api.w.org\/{rel}","templated":true}]}}