{"id":218695,"date":"2024-04-15T17:54:49","date_gmt":"2024-04-15T15:54:49","guid":{"rendered":"https:\/\/desdropi.com\/elparque\/?post_type=product&#038;p=218695"},"modified":"2024-05-17T13:03:22","modified_gmt":"2024-05-17T11:03:22","slug":"tv-tcl-75-75c649-uhd-qled-googletv-game-master","status":"publish","type":"product","link":"https:\/\/desdropi.com\/elparque\/tv-tcl-75-75c649-uhd-qled-googletv-game-master\/","title":{"rendered":"TV TCL 75&#8243; 75C649 UHD QLED GOOGLETV GAME MASTER"},"content":{"rendered":"<div class=\"descripcion-tab\">\n<strong>NOMBRE DEL PRODUCTO<\/strong><br \/>\nMarca TCL<br \/>\nModelo 75C649<br \/>\nEAN5901292520649<br \/>\n<strong>Exhibici\u00f3n<\/strong><\/p>\n<ul>\n<li>Relaci\u00f3n de aspecto nativa 16:9<\/li>\n<li>Tiempo de respuesta 15<\/li>\n<li>Tecnolog\u00eda de interpolaci\u00f3n de movimiento PPI (Picture Performance Index) 3100<\/li>\n<li>Frecuencia nativa de refresco 60<\/li>\n<li>Nombre comercial de la relaci\u00f3n de contraste din\u00e1mico Mega Contrast<\/li>\n<li>Diagonal de pantalla 189,3<\/li>\n<li>Relaci\u00f3n de luminosidad m\u00e1xima 65<\/li>\n<li>Profundidad de color 10<\/li>\n<li>Tipo de matriz VA<\/li>\n<li>Pulgadas 75&#8243;<\/li>\n<li>Resoluci\u00f3n 4K Ultra HD<\/li>\n<li>Resoluci\u00f3n de la pantalla 3840 x 2160<\/li>\n<li>Tecnolog\u00eda del panel QLED<\/li>\n<li>Retroiluminaci\u00f3n del panel Direct LED<\/li>\n<li>Forma de la pantalla Plana<\/li>\n<\/ul>\n<p><strong>Audio<\/strong><\/p>\n<ul>\n<li>N\u00famero de altavoces 2<\/li>\n<li>Potencia estimada RMS 30<\/li>\n<li>Canales de salida de audio 2.0<\/li>\n<li>Decodificadores incorporados DTS, Dolby Atmos<\/li>\n<li>Tecnolog\u00edas de decodificaci\u00f3n de audio DTS:X, Dolby Digital AC4, Dolby TrueHD<\/li>\n<li>Ecualizador S\u00ed<\/li>\n<li>Nivelador autom\u00e1tico de volumen S\u00ed<\/li>\n<li>Enhanced Audio Return Channel (eARC) (Canal de retorno de audio mejorado) S\u00ed<\/li>\n<\/ul>\n<p><strong>Puertos e Interfaces<\/strong><\/p>\n<ul>\n<li>N\u00famero de puertos HDMI 3<\/li>\n<li>PC (D-Sub) No<\/li>\n<li>Versi\u00f3n HDMI 2.1<\/li>\n<li>Cambio r\u00e1pido entre entradas HDMI S\u00ed<\/li>\n<li>HDCP S\u00ed<\/li>\n<li>Ethernet LAN (RJ-45) cantidad de puertos 1<\/li>\n<li>Cantidad de puertos tipo A USB 3.2 Gen 1 (3.1 Gen 1) 1<\/li>\n<li>Audio digital, salida optica 1<\/li>\n<li>Salidas para auriculares 1<\/li>\n<li>N\u00famero de puertos RF2<\/li>\n<li>Tipo de conector RFF, IEC<\/li>\n<li>Interfaz com\u00fan S\u00ed<\/li>\n<li>Interfaz com\u00fan Plus (CI+) S\u00ed<\/li>\n<li>Versi\u00f3n Common interface Plus (CI+) 1.4<\/li>\n<li>Control de electr\u00f3nica de consumo (CEC) T-link<\/li>\n<\/ul>\n<p><strong>Peso y dimensiones<\/strong><\/p>\n<ul>\n<li>Ancho del dispositivo (con soporte) 1668<\/li>\n<li>Profundidad dispositivo (con soporte) 335<\/li>\n<li>Altura del dispositivo (con soporte) 1025<\/li>\n<li>Peso (con soporte) 24<\/li>\n<li>Ancho (sin base) 166,8<\/li>\n<li>Profundidad (sin base) 9,2<\/li>\n<li>Altura (sin base)96,2<\/li>\n<li>Peso (sin base)23,5<\/li>\n<li>Ancho del soporte144<\/li>\n<li>Profundidad del soporte 33,5<\/li>\n<li>Rango de pulgadas De 65 a 75<\/li>\n<\/ul>\n<p><strong>Control de energ\u00eda<\/strong><\/p>\n<ul>\n<li>Energy efficiency class (SDR) G<\/li>\n<li>Energy efficiency class (HDR) G<\/li>\n<li>Energy consumption (SDR) per 1000 hours 140<\/li>\n<li>Energy consumption (HDR) per 1000 hours 280<\/li>\n<li>Consumo de energ\u00eda (inactivo) 0,5<\/li>\n<li>Voltaje de entrada AC 220-240<\/li>\n<li>Frecuencia de entrada AC 50<\/li>\n<li>Energy efficiency scale De la A a la G<\/li>\n<\/ul>\n<p><strong>Detalles t\u00e9cnicos<\/strong><\/p>\n<ul>\n<li>No contiene Cadmio<\/li>\n<li>Memoria interna 10200<\/li>\n<\/ul>\n<p><strong>Empaquetado<\/strong><\/p>\n<ul>\n<li>Soporte de sobremesa S\u00ed<\/li>\n<li>Cables incluidos Corriente alterna<\/li>\n<li>Mando a distancia incluido S\u00ed<\/li>\n<li>Tipo de control remotoRC 833<\/li>\n<li>Ancho del paquete 1855<\/li>\n<li>Profundidad del paquete 190<\/li>\n<li>Altura del paquete 1120<\/li>\n<li>Peso del paquete 34,1<\/li>\n<\/ul>\n<p><strong>Sintonizador de la TV<\/strong><\/p>\n<ul>\n<li>Tipo de sintonizador Anal\u00f3gico y digital<\/li>\n<li>Se\u00f1al anal\u00f3gica NTSC, PAL BG, PAL DK, PAL I, PAL L, SECAM B\/G, SECAM D\/K, SECAM L<\/li>\n<li>Autobusqueda de canal S\u00ed<\/li>\n<li>Formato de se\u00f1al digital DVB-S2, DVB-T2, ISDB-C<\/li>\n<\/ul>\n<p><strong>Aprobaciones reguladoras<\/strong><\/p>\n<ul>\n<li>Certificaci\u00f3n T\u00fcv Rheinland<\/li>\n<\/ul>\n<p><strong>Otras caracter\u00edsticas<\/strong><\/p>\n<ul>\n<li>Longitud del cable 1,5<\/li>\n<li>Arquitectura del procesador ARM rtd288o<\/li>\n<li>Frecuencia del procesador 1,3<\/li>\n<li>Tipo de enchufe Tipo C<\/li>\n<li>Memoria del usuario 9,2<\/li>\n<li>Digital Living Network Alliance (DLNA) certified S\u00ed<\/li>\n<\/ul>\n<p><strong>Caracter\u00edsticas de administraci\u00f3n<\/strong><\/p>\n<ul>\n<li>Tipo de control Botones, Inal\u00e1mbrico<\/li>\n<li>Gu\u00eda electr\u00f3nica de programaci\u00f3n S\u00ed<\/li>\n<li>Periodo de programaci\u00f3n 8<\/li>\n<li>Exhibici\u00f3n en pantalla (OSD) S\u00ed<\/li>\n<li>Apagado autom\u00e1tico S\u00ed<\/li>\n<li>Temporizador de apagado S\u00ed<\/li>\n<li>Firmware actualizable S\u00ed<\/li>\n<li>Firmware actualizable mediante Red, USB<\/li>\n<li>Funciona con Amazon Alexa S\u00ed<\/li>\n<li>Funciona con el Asistente de Google S\u00ed<\/li>\n<li>N\u00famero de lenguajes OSD 29<\/li>\n<li>Control por voz S\u00ed<\/li>\n<\/ul>\n<p><strong>Dise\u00f1o<\/strong><\/p>\n<ul>\n<li>Color del producto Titanio<\/li>\n<li>montaje VESA S\u00ed<\/li>\n<li>Interfaz de panel de montaje 300 x 300<\/li>\n<li>Dise\u00f1o sin marco S\u00ed<\/li>\n<li>Introduction year 2023<\/li>\n<li>Bezel type3 Bezel-less<\/li>\n<li>Tipo de soporte Base de patas<\/li>\n<li>Color del soporte Titanio<\/li>\n<\/ul>\n<p><strong>Desempe\u00f1o<\/strong><\/p>\n<ul>\n<li>Soporte remoto inteligente S\u00ed<\/li>\n<li>Alto Rango Din\u00e1mico (HDR) S\u00ed<\/li>\n<li>Modo de juego S\u00ed<\/li>\n<li>Funciones de teletexto S\u00ed<\/li>\n<li>Funci\u00f3n de subt\u00edtulos S\u00ed<\/li>\n<li>Formatos de v\u00eddeo compatibles AVI, H.264, H.265, MKV, MP4, MPG, TS, VP9, WEBM, WMV<\/li>\n<li>Formatos de audio soportados EAC3, MP3, PCM, WMA<\/li>\n<li>Formatos de imagen soportados BMP, HEIF, JPG, PNG<\/li>\n<li>Modo ambiente S\u00ed<\/li>\n<li>Oscurecimiento local S\u00ed<\/li>\n<li>Tecnolog\u00eda de procesamiento de imagen TCL AiPQ 3.0 Engine<\/li>\n<li>Reducci\u00f3n de ruido S\u00ed<\/li>\n<li>Pantalla multiple S\u00ed<\/li>\n<li>Game features Modo autom\u00e1tico de baja latencia (ALLM, Auto Low Latency Mode), Frecuencia de actualizaci\u00f3n variable (VRR, Variable Refresh Rate)<\/li>\n<li>4K upscaler S\u00ed<\/li>\n<li>AMD FreeSync S\u00ed<\/li>\n<li>Tipo de Free Sync de AMD Free Sync<\/li>\n<li>N\u00famero de n\u00facleos de procesador 4<\/li>\n<\/ul>\n<p><strong>Smart TV<\/strong><\/p>\n<ul>\n<li>Versi\u00f3n de sistema operativo ATV 11.0<\/li>\n<li>Apple AirPlay 2 support S\u00ed<\/li>\n<li>HbbTV S\u00ed<\/li>\n<li>Hybrid Broadcast Broadband TV (HbbTV) version 2.0.2<\/li>\n<li>Chromecast integrado S\u00ed<\/li>\n<li>Plataforma de distribuciones de aplicaciones Google Play<\/li>\n<li>Aplicaciones de v\u00eddeo Amazon Prime Video, Apple TV, Disney+, Netflix, Twitch, YouTube<\/li>\n<li>Aplicaciones de m\u00fasica Spotify<\/li>\n<li>TV por Internet S\u00ed<\/li>\n<li>Smart TV S\u00ed<\/li>\n<li>Sistema operativo instalado Google TV<\/li>\n<\/ul>\n<p><strong>Datos log\u00edsticos<\/strong><\/p>\n<ul>\n<li>Anchura del pal\u00e9 190<\/li>\n<li>Longitud del pal\u00e9 126<\/li>\n<li>Altura del pal\u00e9 80<\/li>\n<li>Cantidad por pal\u00e9 4<\/li>\n<li>Cantidad por cami\u00f3n 168<\/li>\n<li>N\u00famero de pal\u00e9s por cami\u00f3n 42<\/li>\n<\/ul>\n<p><strong>Conexi\u00f3n<\/strong><\/p>\n<ul>\n<li>Wifi S\u00ed<\/li>\n<li>Ethernet S\u00ed<\/li>\n<li>Wi-Fi est\u00e1ndares 802.11a, 802.11b, 802.11g, Wi-Fi 4 (802.11n), Wi-Fi 5 (802.11ac)<\/li>\n<li>Bluetooth S\u00ed<\/li>\n<li>Versi\u00f3n de Bluetooth 5.0<\/li>\n<li>Perfiles de Bluetooth A2DP, SBC<\/li>\n<li>Miracast S\u00ed<\/li>\n<li>Navegador web S\u00ed<\/li>\n<li>Soporte HID S\u00ed<\/li>\n<\/ul>\n<\/div>\n","protected":false},"excerpt":{"rendered":"<p>NOMBRE DEL PRODUCTO Marca TCL Modelo 75C649 EAN5901292520649 Exhibici\u00f3n Relaci\u00f3n de aspecto nativa 16:9 Tiempo de respuesta 15 Tecnolog\u00eda de<\/p>\n","protected":false},"featured_media":218709,"comment_status":"open","ping_status":"closed","template":"","meta":{"_joinchat":[]},"product_cat":[795,6464,7144,7069],"product_tag":[],"class_list":{"0":"post-218695","1":"product","2":"type-product","3":"status-publish","4":"has-post-thumbnail","6":"product_cat-electronica","7":"product_cat-televisores-electronica","8":"product_cat-uhd-4k","9":"product_cat-tv-60-79","11":"first","12":"instock","13":"sale","14":"taxable","15":"shipping-taxable","16":"purchasable","17":"product-type-simple"},"_links":{"self":[{"href":"https:\/\/desdropi.com\/elparque\/wp-json\/wp\/v2\/product\/218695"}],"collection":[{"href":"https:\/\/desdropi.com\/elparque\/wp-json\/wp\/v2\/product"}],"about":[{"href":"https:\/\/desdropi.com\/elparque\/wp-json\/wp\/v2\/types\/product"}],"replies":[{"embeddable":true,"href":"https:\/\/desdropi.com\/elparque\/wp-json\/wp\/v2\/comments?post=218695"}],"version-history":[{"count":0,"href":"https:\/\/desdropi.com\/elparque\/wp-json\/wp\/v2\/product\/218695\/revisions"}],"wp:featuredmedia":[{"embeddable":true,"href":"https:\/\/desdropi.com\/elparque\/wp-json\/wp\/v2\/media\/218709"}],"wp:attachment":[{"href":"https:\/\/desdropi.com\/elparque\/wp-json\/wp\/v2\/media?parent=218695"}],"wp:term":[{"taxonomy":"product_cat","embeddable":true,"href":"https:\/\/desdropi.com\/elparque\/wp-json\/wp\/v2\/product_cat?post=218695"},{"taxonomy":"product_tag","embeddable":true,"href":"https:\/\/desdropi.com\/elparque\/wp-json\/wp\/v2\/product_tag?post=218695"}],"curies":[{"name":"wp","href":"https:\/\/api.w.org\/{rel}","templated":true}]}}