{"id":218701,"date":"2024-04-15T17:53:26","date_gmt":"2024-04-15T15:53:26","guid":{"rendered":"https:\/\/desdropi.com\/elparque\/?post_type=product&#038;p=218701"},"modified":"2024-05-17T13:03:22","modified_gmt":"2024-05-17T11:03:22","slug":"tv-lg-42-42c34la-uhd-oled-alfa9-dolbyatmos","status":"publish","type":"product","link":"https:\/\/desdropi.com\/elparque\/tv-lg-42-42c34la-uhd-oled-alfa9-dolbyatmos\/","title":{"rendered":"TV LG 42&#8243; 42C34LA UHD OLED ALFA9 DOLBYATMOS"},"content":{"rendered":"<div class=\"descripcion-tab\">\n<strong>NOMBRE DEL PRODUCTO:<\/strong><\/p>\n<ul>\n<li><strong>Marca:<\/strong> LG<\/li>\n<li><strong>Modelo:<\/strong> OLED42C34LA<\/li>\n<li><strong>EAN:<\/strong> 8806098764464<\/li>\n<\/ul>\n<p><strong>Exhibici\u00f3n:<\/strong><\/p>\n<ul>\n<li>Pulgadas: 42&#8243;<\/li>\n<li>Resoluci\u00f3n de la pantalla: 3840 x 2160<\/li>\n<li>Tecnolog\u00eda del panel: OLED<\/li>\n<li>Relaci\u00f3n de aspecto nativa: 16:9<\/li>\n<li>Frecuencia nativa de refresco: 120<\/li>\n<li>Diagonal de pantalla: 106<\/li>\n<li>Resoluci\u00f3n: 4K Ultra HD<\/li>\n<li>Retroiluminaci\u00f3n del panel: OLED<\/li>\n<li>Tipo de matriz: OLED<\/li>\n<li>Forma de la pantalla: Plana<\/li>\n<\/ul>\n<p><strong>Audio:<\/strong><\/p>\n<ul>\n<li>Canales de salida de audio: 2.2<\/li>\n<li>Potencia estimada RMS: 40<\/li>\n<li>Decodificadores incorporados: Dolby Atmos<\/li>\n<li>Modos de sonido: AI Sound Pro, Clear Voice Pro<\/li>\n<li>Enhanced Audio Return Channel (eARC): S\u00ed<\/li>\n<\/ul>\n<p><strong>Puertos e Interfaces:<\/strong><\/p>\n<ul>\n<li>PC (D-Sub): No<\/li>\n<li>N\u00famero de puertos HDMI: 4<\/li>\n<li>Versi\u00f3n HDMI: 2.1<\/li>\n<li>Ethernet LAN (RJ-45) cantidad de puertos: 1<\/li>\n<li>Cantidad de puertos USB 2.0: 3<\/li>\n<li>Audio digital, salida \u00f3ptica: 1<\/li>\n<li>N\u00famero de puertos RF: 2<\/li>\n<li>Interfaz com\u00fan: S\u00ed<\/li>\n<li>Control de electr\u00f3nica de consumo (CEC): SimpLink<\/li>\n<\/ul>\n<p><strong>Peso y dimensiones:<\/strong><\/p>\n<ul>\n<li>Ancho del dispositivo (con soporte): 932<\/li>\n<li>Ancho (sin base): 93,2<\/li>\n<li>Peso (con soporte): 10,1<\/li>\n<li>Peso (sin base): 9,8<\/li>\n<li>Profundidad dispositivo (con soporte): 170<\/li>\n<li>Altura del dispositivo (con soporte): 577<\/li>\n<li>Altura (sin base): 54<\/li>\n<li>Profundidad (sin base): 4,11<\/li>\n<li>Rango de pulgadas: De 33 a 42<\/li>\n<\/ul>\n<p><strong>Control de energ\u00eda:<\/strong><\/p>\n<ul>\n<li>Energy efficiency class (SDR): G<\/li>\n<li>Energy efficiency class (HDR): G<\/li>\n<li>Energy consumption (SDR) per 1000 hours: 52<\/li>\n<li>Energy consumption (HDR) per 1000 hours: 84<\/li>\n<li>Consumo de energ\u00eda (inactivo): 0,5<\/li>\n<li>Voltaje de entrada AC: 100 &#8211; 240<\/li>\n<li>Frecuencia de entrada AC: 50\/60<\/li>\n<li>Energy efficiency scale: De la A a la G<\/li>\n<\/ul>\n<p><strong>Empaquetado:<\/strong><\/p>\n<ul>\n<li>Soporte de sobremesa: S\u00ed<\/li>\n<li>Mando a distancia incluido: S\u00ed<\/li>\n<\/ul>\n<p><strong>Caracter\u00edsticas de administraci\u00f3n:<\/strong><\/p>\n<ul>\n<li>Control por voz: S\u00ed<\/li>\n<\/ul>\n<p><strong>Dise\u00f1o:<\/strong><\/p>\n<ul>\n<li>Color del producto: Negro<\/li>\n<li>Montaje VESA: S\u00ed<\/li>\n<li>Interfaz de panel de montaje: 300 x 200<\/li>\n<li>Introduction year: 2023<\/li>\n<li>Tipo de soporte: Base de patas<\/li>\n<li>Color del soporte: Negro<\/li>\n<\/ul>\n<p><strong>Desempe\u00f1o:<\/strong><\/p>\n<ul>\n<li>Alto Rango Din\u00e1mico (HDR): S\u00ed<\/li>\n<li>High Dynamic Range (HDR) technology: Dolby Vision, High Dynamic Range 10 (HDR10), Hybrid Log-Gamma (HLG)<\/li>\n<li>Modo de juego: S\u00ed<\/li>\n<li>Formatos de audio soportados: AAC, AC3, AC4, EAC3, HE-AAC, MP2, MP3, PCM, WMA<\/li>\n<li>AI Upscale: S\u00ed<\/li>\n<li>Tecnolog\u00eda de procesamiento de imagen: LG AI Picture Pro<\/li>\n<li>Galer\u00eda de im\u00e1genes: S\u00ed<\/li>\n<li>Pantalla m\u00faltiple: S\u00ed<\/li>\n<li>AMD FreeSync: S\u00ed<\/li>\n<li>Tipo de FreeSync de AMD: FreeSync Premium<\/li>\n<li>Game features: Modo autom\u00e1tico de baja latencia (ALLM), Game Optimizer, Frecuencia de actualizaci\u00f3n variable (VRR), 4K upscaler<\/li>\n<\/ul>\n<p><strong>Smart TV:<\/strong><\/p>\n<ul>\n<li>TV por Internet: S\u00ed<\/li>\n<li>Versi\u00f3n de sistema operativo: 23<\/li>\n<li>Apple AirPlay 2 support: S\u00ed<\/li>\n<li>Sound mirroring: S\u00ed<\/li>\n<li>Modos inteligentes: Cine, Modo director, Juego, Deportes, Est\u00e1ndar, Vivo<\/li>\n<li>Smart TV: S\u00ed<\/li>\n<li>Sistema operativo instalado: Web OS<\/li>\n<\/ul>\n<p><strong>Conexi\u00f3n:<\/strong><\/p>\n<ul>\n<li>Wifi: S\u00ed<\/li>\n<li>Ethernet: S\u00ed<\/li>\n<li>Bluetooth: S\u00ed<\/li>\n<li>Wi-Fi est\u00e1ndares: Wi-Fi 5 (802.11ac)<\/li>\n<li>Versi\u00f3n de Bluetooth: 5.0<\/li>\n<li>Navegaci\u00f3n: S\u00ed<\/li>\n<li>Navegador web: S\u00ed<\/li>\n<\/ul>\n<\/div>\n","protected":false},"excerpt":{"rendered":"<p>NOMBRE DEL PRODUCTO: Marca: LG Modelo: OLED42C34LA EAN: 8806098764464 Exhibici\u00f3n: Pulgadas: 42&#8243; Resoluci\u00f3n de la pantalla: 3840 x 2160 Tecnolog\u00eda<\/p>\n","protected":false},"featured_media":218705,"comment_status":"open","ping_status":"closed","template":"","meta":{"_joinchat":[]},"product_cat":[6464,7068,795],"product_tag":[],"class_list":{"0":"post-218701","1":"product","2":"type-product","3":"status-publish","4":"has-post-thumbnail","6":"product_cat-televisores-electronica","7":"product_cat-tv-40-59","8":"product_cat-electronica","10":"first","11":"instock","12":"sale","13":"taxable","14":"shipping-taxable","15":"purchasable","16":"product-type-simple"},"_links":{"self":[{"href":"https:\/\/desdropi.com\/elparque\/wp-json\/wp\/v2\/product\/218701"}],"collection":[{"href":"https:\/\/desdropi.com\/elparque\/wp-json\/wp\/v2\/product"}],"about":[{"href":"https:\/\/desdropi.com\/elparque\/wp-json\/wp\/v2\/types\/product"}],"replies":[{"embeddable":true,"href":"https:\/\/desdropi.com\/elparque\/wp-json\/wp\/v2\/comments?post=218701"}],"version-history":[{"count":0,"href":"https:\/\/desdropi.com\/elparque\/wp-json\/wp\/v2\/product\/218701\/revisions"}],"wp:featuredmedia":[{"embeddable":true,"href":"https:\/\/desdropi.com\/elparque\/wp-json\/wp\/v2\/media\/218705"}],"wp:attachment":[{"href":"https:\/\/desdropi.com\/elparque\/wp-json\/wp\/v2\/media?parent=218701"}],"wp:term":[{"taxonomy":"product_cat","embeddable":true,"href":"https:\/\/desdropi.com\/elparque\/wp-json\/wp\/v2\/product_cat?post=218701"},{"taxonomy":"product_tag","embeddable":true,"href":"https:\/\/desdropi.com\/elparque\/wp-json\/wp\/v2\/product_tag?post=218701"}],"curies":[{"name":"wp","href":"https:\/\/api.w.org\/{rel}","templated":true}]}}