{"id":218714,"date":"2024-04-15T18:04:10","date_gmt":"2024-04-15T16:04:10","guid":{"rendered":"https:\/\/desdropi.com\/elparque\/?post_type=product&#038;p=218714"},"modified":"2024-05-17T13:03:23","modified_gmt":"2024-05-17T11:03:23","slug":"tv-sony-55-kd55x75w-uhd-google-tv","status":"publish","type":"product","link":"https:\/\/desdropi.com\/elparque\/tv-sony-55-kd55x75w-uhd-google-tv\/","title":{"rendered":"TV SONY 55&#8243; KD55X75W UHD GOOGLE TV"},"content":{"rendered":"<div class=\"descripcion-tab\"><strong>NOMBRE DEL PRODUCTO<\/strong><br \/>\nMarca SONY<br \/>\nModelo KD55X75WLAEP<br \/>\nEAN 4548736150270<\/div>\n<div class=\"descripcion-tab\">\n<strong>Exhibici\u00f3n<\/strong><\/p>\n<ul>\n<li>Relaci\u00f3n de aspecto nativa 16:9<\/li>\n<li>Formato de pantalla, ajustes 16:9<\/li>\n<li>Formato de v\u00eddeo soportado 480i, 480p, 576i, 576p, 720p, 1080i, 1080p, 2160p<\/li>\n<li>Formatos gr\u00e1ficos soportados 3840 x 2160, 4096 x 2160<\/li>\n<li>Tecnolog\u00eda de interpolaci\u00f3n de movimiento Motionflow XR 240 Hz<\/li>\n<li>Frecuencia nativa de refresco 60<\/li>\n<li>Admite visualizaci\u00f3n de frecuencia de actualizaci\u00f3n 24 Hz, 30 Hz, 60 Hz, 120 Hz<\/li>\n<li>Diagonal de pantalla 139<\/li>\n<li>Resoluci\u00f3n 4K Ultra HD<\/li>\n<li>Pulgadas 55&#8243;<\/li>\n<li>Resoluci\u00f3n de la pantalla 3840 x 2160<\/li>\n<li>Tecnolog\u00eda del panel LED<\/li>\n<li>Retroiluminaci\u00f3n del panel Direct LED<\/li>\n<li>Forma de la pantalla Plana<\/li>\n<\/ul>\n<p><strong>Audio<\/strong><\/p>\n<ul>\n<li>N\u00famero de altavoces 2<\/li>\n<li>Potencia estimada RMS 20<\/li>\n<li>Decodificadores incorporados DTS, Dolby Digital<\/li>\n<li>Tecnolog\u00edas de decodificaci\u00f3n de audio DTS Digital Surround, Dolby Digital, Dolby Digital Plus, Dolby Pulse<\/li>\n<li>Modos de sonido Pel\u00edcula, M\u00fasica, Habla, Deportes, Est\u00e1ndar<\/li>\n<li>Adaptive sound S\u00ed<\/li>\n<li>Enhanced Audio Return Channel (eARC) (Canal de retorno de audio mejorado) S\u00ed<\/li>\n<li>Control de sonido adaptativo (ASC, Adaptive Sound Control) S\u00ed<\/li>\n<\/ul>\n<p><strong>Puertos e Interfaces<\/strong><\/p>\n<ul>\n<li>Interfaz com\u00fan Plus (CI+) S\u00ed<\/li>\n<li>N\u00famero de puertos RF1<\/li>\n<li>RS-232C ports 1<\/li>\n<li>Salidas para auriculares 1<\/li>\n<li>Salida de video compuesto 1<\/li>\n<li>Entrada de video compuesto 1<\/li>\n<li>Cantidad de puertos USB 2.02<\/li>\n<li>Ethernet LAN (RJ-45) cantidad de puertos 1<\/li>\n<li>HDCP S\u00ed<\/li>\n<li>Canal de retorno de audio (ARC) S\u00ed<\/li>\n<li>PC (D-Sub) No<\/li>\n<li>N\u00famero de puertos HDMI 4<\/li>\n<\/ul>\n<p><strong>Peso y dimensiones<\/strong><\/p>\n<ul>\n<li>Ancho (sin base) 124,3<\/li>\n<li>Altura (sin base) 72,1<\/li>\n<li>Profundidad (sin base) 7,1<\/li>\n<li>Ancho del dispositivo (con soporte) 1243<\/li>\n<li>Altura del dispositivo (con soporte) 789<\/li>\n<li>Profundidad dispositivo (con soporte) 334<\/li>\n<li>Peso (sin base) 15,3<\/li>\n<li>Peso (con soporte) 15,6<\/li>\n<li>Rango de pulgadas De 50 a 60<\/li>\n<\/ul>\n<p><strong>Control de energ\u00eda<\/strong><\/p>\n<ul>\n<li>Energy efficiency scale De la A a la G<\/li>\n<li>Modo de ahorro de energ\u00eda S\u00ed<\/li>\n<li>Frecuencia de entrada AC 50<\/li>\n<li>Voltaje de entrada AC 220 &#8211; 240<\/li>\n<li>Energy efficiency class (SDR) G<\/li>\n<li>Energy efficiency class (HDR) G<\/li>\n<li>Energy consumption (SDR) per 1000 hours 91<\/li>\n<li>Consumo energ\u00e9tico202<\/li>\n<li>Energy consumption (HDR) per 1000 hours 123<\/li>\n<li>Consumo de energ\u00eda (inactivo) 0,5<\/li>\n<\/ul>\n<p><strong>Empaquetado<\/strong><\/p>\n<ul>\n<li>Ancho del paquete1348<\/li>\n<li>Altura del paquete 828<\/li>\n<li>Profundidad del paquete 160<\/li>\n<li>Peso del paquete 21<\/li>\n<li>Mando a distancia incluido S\u00ed<\/li>\n<li>Cables incluidos Corriente alterna<\/li>\n<li>Soporte de sobremesa S\u00ed<\/li>\n<\/ul>\n<p><strong>Sintonizador de la TV<\/strong><\/p>\n<ul>\n<li>Tipo de sintonizador Anal\u00f3gico y digital<\/li>\n<li>Se\u00f1al anal\u00f3gica PAL, SECAM<\/li>\n<li>Auto busqueda de canal S\u00ed<\/li>\n<li>TV bandas soportada Televisi\u00f3n por cable, UHF, VHF<\/li>\n<li>Formato de se\u00f1al digital DVB-C, DVB-S, DVB-S2, DVB-T2, ISDB-T<\/li>\n<\/ul>\n<p><strong>Caracter\u00edsticas de administraci\u00f3n<\/strong><\/p>\n<ul>\n<li>Temporizador Encendido\/Apagado S\u00ed<\/li>\n<li>Apagado autom\u00e1tico S\u00ed<\/li>\n<li>Temporizador de apagado S\u00ed<\/li>\n<li>modo hotel S\u00ed<\/li>\n<li>Modo ECO S\u00ed<\/li>\n<li>Exhibici\u00f3n en pantalla (OSD) S\u00ed<\/li>\n<li>Control por voz S\u00ed<\/li>\n<li>Voice guide S\u00ed<\/li>\n<li>Gu\u00eda electr\u00f3nica de programaci\u00f3n S\u00ed<\/li>\n<\/ul>\n<p><strong>Dise\u00f1o<\/strong><\/p>\n<ul>\n<li>Rollable display No<\/li>\n<li>Color del producto Negro<\/li>\n<li>Interruptor de encendido\/apagado integrado S\u00ed<\/li>\n<li>montaje VESA S\u00ed<\/li>\n<li>Interfaz de panel de montaje 300 x 300<\/li>\n<li>Iluminaci\u00f3n ambiental S\u00ed<\/li>\n<li>Introduction year 2023<\/li>\n<li>Color del soporte Negro<\/li>\n<\/ul>\n<p><strong>Desempe\u00f1o<\/strong><\/p>\n<ul>\n<li>Alto Rango Din\u00e1mico (HDR) S\u00ed<\/li>\n<li>High Dynamic Range (HDR) technology High Dynamic Range 10 (HDR10), Hybrid Log-Gamma (HLG)<\/li>\n<li>Modo de juego S\u00ed<\/li>\n<li>Funciones de teletexto S\u00ed<\/li>\n<li>Funci\u00f3n de subt\u00edtulos S\u00ed<\/li>\n<li>Formatos de v\u00eddeo compatibles 3G PP, ASF, AVC, AVCHD, AVI, HEVC, MKV, MOV, MP4, MPEG1, MPEG2, MPEG2-TS, MPEG4, VP8, WEBM, WMV<\/li>\n<li>Formatos de audio soportados AAC, ASF, FLAC, MP3, MP4, WAV, WMA<\/li>\n<li>Formatos de imagen soportados JPEG<\/li>\n<li>Formatos de compresi\u00f3n de video ASF, AVC, MP4, MPEG1, MPEG2, VC-1, VP8, WEBM<\/li>\n<li>Sensor de luz ambiental S\u00ed<\/li>\n<li>Oscurecimiento local S\u00ed<\/li>\n<li>Tecnolog\u00eda de procesamiento de imagen Sony Dynamic Contrast Enhancer, Sony Live Colour, Sony XR Contrast Booster, Sony XR Smoothing, Sony XR Triluminos Pro<\/li>\n<li>Game features Modo autom\u00e1tico de baja latencia (ALLM, Auto Low Latency Mode), Frecuencia de actualizaci\u00f3n variable (VRR, Variable Refresh Rate)<\/li>\n<li>4K upscaler S\u00ed<\/li>\n<li>Control parental S\u00ed<\/li>\n<li>Soporte remoto inteligente S\u00ed<\/li>\n<\/ul>\n<p><strong>Smart TV<\/strong><\/p>\n<ul>\n<li>Versi\u00f3n de sistema operativo Android 10<\/li>\n<li>Duplicaci\u00f3n de pantalla S\u00ed<\/li>\n<li>Modos inteligentes Cine, Juego, Graphics, Foto, Deportes, Est\u00e1ndar<\/li>\n<li>Universal guide S\u00ed<\/li>\n<li>Plataforma de distribuciones de aplicaciones Google Play<\/li>\n<li>Aplicaciones de v\u00eddeo 4oD, All 4, Amazon Prime Video, Apple TV, BBC iPlayer, DAZN, Disney+, Freeview Play, Google TV, ITV Hub, My5, Rakuten TV, Vimeo, YouTube<\/li>\n<li>Aplicaciones de m\u00fasica Classic FM, Spotify, YouTube Music<\/li>\n<li>Aplicaciones de deportes BT Sport<\/li>\n<li>Aplicaciones de estilo de vida Facebook, Google Talk, Skype<\/li>\n<li>TV por Internet S\u00ed<\/li>\n<li>Smart TV S\u00ed<\/li>\n<li>Sistema operativo instalado Android<\/li>\n<\/ul>\n<p><strong>Conexi\u00f3n<\/strong><\/p>\n<ul>\n<li>Wifi S\u00ed<\/li>\n<li>Ethernet S\u00ed<\/li>\n<li>Wi-Fi est\u00e1ndares 802.11a, 802.11b, 802.11g, Wi-Fi 4 (802.11n), Wi-Fi 5 (802.11ac)<\/li>\n<li>Bluetooth S\u00ed<\/li>\n<li>Versi\u00f3n de Bluetooth 4.2<\/li>\n<li>Perfiles de Bluetooth A2DP, AVRCP, HID, HOGP, SPP<\/li>\n<li>Miracast S\u00ed<\/li>\n<li>Navegaci\u00f3n S\u00ed<\/li>\n<li>Navegador web S\u00ed<\/li>\n<li>Navegador compatible Vewd<\/li>\n<li>Soporte HID S\u00ed<\/li>\n<\/ul>\n<\/div>\n","protected":false},"excerpt":{"rendered":"<p>NOMBRE DEL PRODUCTO Marca SONY Modelo KD55X75WLAEP EAN 4548736150270 Exhibici\u00f3n Relaci\u00f3n de aspecto nativa 16:9 Formato de pantalla, ajustes 16:9<\/p>\n","protected":false},"featured_media":218688,"comment_status":"open","ping_status":"closed","template":"","meta":{"_joinchat":[]},"product_cat":[795,6464,7144,7068],"product_tag":[],"class_list":{"0":"post-218714","1":"product","2":"type-product","3":"status-publish","4":"has-post-thumbnail","6":"product_cat-electronica","7":"product_cat-televisores-electronica","8":"product_cat-uhd-4k","9":"product_cat-tv-40-59","11":"first","12":"instock","13":"sale","14":"taxable","15":"shipping-taxable","16":"purchasable","17":"product-type-simple"},"_links":{"self":[{"href":"https:\/\/desdropi.com\/elparque\/wp-json\/wp\/v2\/product\/218714"}],"collection":[{"href":"https:\/\/desdropi.com\/elparque\/wp-json\/wp\/v2\/product"}],"about":[{"href":"https:\/\/desdropi.com\/elparque\/wp-json\/wp\/v2\/types\/product"}],"replies":[{"embeddable":true,"href":"https:\/\/desdropi.com\/elparque\/wp-json\/wp\/v2\/comments?post=218714"}],"version-history":[{"count":0,"href":"https:\/\/desdropi.com\/elparque\/wp-json\/wp\/v2\/product\/218714\/revisions"}],"wp:featuredmedia":[{"embeddable":true,"href":"https:\/\/desdropi.com\/elparque\/wp-json\/wp\/v2\/media\/218688"}],"wp:attachment":[{"href":"https:\/\/desdropi.com\/elparque\/wp-json\/wp\/v2\/media?parent=218714"}],"wp:term":[{"taxonomy":"product_cat","embeddable":true,"href":"https:\/\/desdropi.com\/elparque\/wp-json\/wp\/v2\/product_cat?post=218714"},{"taxonomy":"product_tag","embeddable":true,"href":"https:\/\/desdropi.com\/elparque\/wp-json\/wp\/v2\/product_tag?post=218714"}],"curies":[{"name":"wp","href":"https:\/\/api.w.org\/{rel}","templated":true}]}}