{"id":218725,"date":"2024-04-15T19:01:49","date_gmt":"2024-04-15T17:01:49","guid":{"rendered":"https:\/\/desdropi.com\/elparque\/?post_type=product&#038;p=218725"},"modified":"2024-05-17T13:03:23","modified_gmt":"2024-05-17T11:03:23","slug":"tv-samsung-43-tq43ls03b-uhd-theframe-qled-suprem","status":"publish","type":"product","link":"https:\/\/desdropi.com\/elparque\/tv-samsung-43-tq43ls03b-uhd-theframe-qled-suprem\/","title":{"rendered":"TV SAMSUNG 43&#8243; TQ43LS03B UHD THEFRAME QLED SUPREM"},"content":{"rendered":"<div class=\"descripcion-tab\">\n<strong>NOMBRE DEL PRODUCTO:<\/strong><\/p>\n<ul>\n<li><strong>Marca:<\/strong> SAMSUNG<\/li>\n<li><strong>Modelo:<\/strong> TQ43LS03BGUXXC<\/li>\n<li><strong>EAN:<\/strong> 8806094913293<\/li>\n<\/ul>\n<p><strong>Exhibici\u00f3n:<\/strong><\/p>\n<ul>\n<li>Pulgadas: 45&#8243;<\/li>\n<li>Resoluci\u00f3n de la pantalla: 3840 x 2160<\/li>\n<li>Tecnolog\u00eda del panel: QLED<\/li>\n<li>Relaci\u00f3n de aspecto nativa: 16:9<\/li>\n<li>Frecuencia nativa de refresco: 100<\/li>\n<li>N\u00famero de colores de la pantalla: 1 billones de colores<\/li>\n<li>Diagonal de pantalla: 114,3<\/li>\n<li>Admite visualizaci\u00f3n de frecuencia de actualizaci\u00f3n: 100 Hz, 120 Hz<\/li>\n<li>Resoluci\u00f3n: 4K Ultra HD<\/li>\n<li>Forma de la pantalla: Plana<\/li>\n<\/ul>\n<p><strong>Audio:<\/strong><\/p>\n<ul>\n<li>Enhanced Audio Return Channel (eARC): S\u00ed<\/li>\n<li>N\u00famero de altavoces: 2<\/li>\n<li>Potencia estimada RMS: 20<\/li>\n<li>Canales de salida de audio: 2.0<\/li>\n<li>Subwoofer incorporado: No<\/li>\n<li>Decodificadores incorporados: Dolby Atmos<\/li>\n<li>Tecnolog\u00edas de decodificaci\u00f3n de audio: Dolby Digital Plus<\/li>\n<li>Audio pre-selection descriptor: S\u00ed<\/li>\n<li>Adaptive sound+: S\u00ed<\/li>\n<li>Q-Symphony: S\u00ed<\/li>\n<li>Music wall: S\u00ed<\/li>\n<li>Active voice amplifier (AVA): S\u00ed<\/li>\n<li>Multiroom: S\u00ed<\/li>\n<li>Multiroom audio technology: Samsung Multiroom Link<\/li>\n<\/ul>\n<p><strong>Puertos e Interfaces:<\/strong><\/p>\n<ul>\n<li>N\u00famero de puertos HDMI: 4<\/li>\n<li>PC (D-Sub): No<\/li>\n<li>Ethernet LAN (RJ-45) cantidad de puertos: 1<\/li>\n<li>Audio digital, salida optica: 1<\/li>\n<li>Canal de retorno de audio (ARC): S\u00ed<\/li>\n<li>Cambio r\u00e1pido entre entradas HDMI: S\u00ed<\/li>\n<li>RS-232C ports: 1<\/li>\n<li>N\u00famero de puertos RF: 2<\/li>\n<li>Interfaz com\u00fan: S\u00ed<\/li>\n<li>Interfaz com\u00fan Plus (CI+): S\u00ed<\/li>\n<li>Versi\u00f3n Common interface Plus (CI+): 1.4<\/li>\n<li>Control de electr\u00f3nica de consumo (CEC): Anynet+<\/li>\n<li>Entrada de CA: S\u00ed<\/li>\n<\/ul>\n<p><strong>Peso y dimensiones:<\/strong><\/p>\n<ul>\n<li>Ancho (sin base): 969,5 mm<\/li>\n<li>Altura (sin base): 557,8 mm<\/li>\n<li>Profundidad (sin base): 24,9 mm<\/li>\n<li>Ancho del dispositivo (con soporte): 969,5 mm<\/li>\n<li>Altura del dispositivo (con soporte): 591,9 mm<\/li>\n<li>Profundidad dispositivo (con soporte): 196,8 mm<\/li>\n<li>Ancho del soporte: 678 mm<\/li>\n<li>Profundidad del soporte: 196,8 mm<\/li>\n<li>Peso (sin base): 8,6 kg<\/li>\n<li>Peso (con soporte): 8,9 kg<\/li>\n<li>Rango de pulgadas: De 43 a 48<\/li>\n<\/ul>\n<p><strong>Control de energ\u00eda:<\/strong><\/p>\n<ul>\n<li>Voltaje de entrada AC: 220 &#8211; 240<\/li>\n<li>Frecuencia de entrada AC: 50\/60<\/li>\n<li>Modo de ahorro de energ\u00eda: S\u00ed<\/li>\n<li>Energy efficiency scale: De la A a la G<\/li>\n<li>Energy consumption (SDR) per 1000 hours: 84<\/li>\n<li>Energy consumption (HDR) per 1000 hours: 181<\/li>\n<li>Energy efficiency class (SDR): G<\/li>\n<li>Energy efficiency class (HDR): G<\/li>\n<li>Consumo de energ\u00eda (inactivo): 0,5<\/li>\n<li>Consumo energ\u00e9tico: 84,4<\/li>\n<li>Consumo de energ\u00eda (m\u00e1x): 170<\/li>\n<\/ul>\n<p><strong>Empaquetado:<\/strong><\/p>\n<ul>\n<li>Soporte de sobremesa: S\u00ed<\/li>\n<li>Cables incluidos: Corriente alterna<\/li>\n<li>Mando a distancia incluido: S\u00ed<\/li>\n<li>Tipo de control remoto: TM2281E<\/li>\n<li>Manual electr\u00f3nico: S\u00ed<\/li>\n<li>Incluye mando a distancia Smart Remote: S\u00ed<\/li>\n<li>Ancho del paquete: 1087 mm<\/li>\n<li>Profundidad del paquete: 165 mm<\/li>\n<li>Altura del paquete: 677 mm<\/li>\n<li>Peso del paquete: 15,5 kg<\/li>\n<\/ul>\n<p><strong>Sintonizador de la TV:<\/strong><\/p>\n<ul>\n<li>Tipo de sintonizador: Anal\u00f3gico y digital<\/li>\n<li>N\u00famero de sintonizadores: 2<\/li>\n<li>Formato de se\u00f1al digital: DVB-C, DVB-S2, DVB-T2<\/li>\n<\/ul>\n<p><strong>Otras caracter\u00edsticas:<\/strong><\/p>\n<ul>\n<li>Caja de conexiones One Connect: S\u00ed<\/li>\n<li>Tipo de caja de conexiones One Connect: One Connect (Y22 4K)<\/li>\n<\/ul>\n<p><strong>Caracter\u00edsticas de administraci\u00f3n:<\/strong><\/p>\n<ul>\n<li>Voice guide: S\u00ed<\/li>\n<li>Gu\u00eda electr\u00f3nica de programaci\u00f3n: S\u00ed<\/li>\n<li>Exhibici\u00f3n en pantalla (OSD): S\u00ed<\/li>\n<li>N\u00famero de lenguajes OSD: 27<\/li>\n<li>Apagado autom\u00e1tico: S\u00ed<\/li>\n<li>Funciona con Samsung Bixby: S\u00ed<\/li>\n<\/ul>\n<p><strong>Caracter\u00edsticas especiales:<\/strong><\/p>\n<ul>\n<li>Tecnolog\u00edas Samsung (AV\/TV): Supreme UHD Dimming<\/li>\n<\/ul>\n<p><strong>Dise\u00f1o:<\/strong><\/p>\n<ul>\n<li>Color del producto: Negro<\/li>\n<li>Montaje VESA: S\u00ed<\/li>\n<li>Interfaz de panel de montaje: 200 x 200<\/li>\n<li>Indicadores LED: S\u00ed<\/li>\n<li>Color del soporte: Negro<\/li>\n<li>Cuadro: S\u00ed<\/li>\n<\/ul>\n<p><strong>Desempe\u00f1o:<\/strong><\/p>\n<ul>\n<li>Sonido de TV a dispositivo m\u00f3vil: S\u00ed<\/li>\n<li>ConnectShare (HDD): S\u00ed<\/li>\n<li>ConnectShare (USB): S\u00ed<\/li>\n<li>Funci\u00f3n Multi View: S\u00ed<\/li>\n<li>Compatibilidad con Wireless Dex: S\u00ed<\/li>\n<li>Compatibilidad con la aplicaci\u00f3n SmartThings: S\u00ed<\/li>\n<li>Tap view: S\u00ed<\/li>\n<li>Game features: Modo autom\u00e1tico de baja latencia (ALLM, Auto Low Latency Mode), Dynamic Black EQ, Game Motion Plus, HGiG, Super Ultra Wide Game View<\/li>\n<\/ul>\n<p><strong>Smart TV:<\/strong><\/p>\n<ul>\n<li>HbbTV: S\u00ed<\/li>\n<li>Sound mirroring: S\u00ed<\/li>\n<li>Hybrid Broadcast Broadband TV (HbbTV) version: 2.0.3<\/li>\n<li>Modos inteligentes: Ahorro energ\u00e9tico, Modo director<\/li>\n<li>Duplicaci\u00f3n de inicio de TV: S\u00ed<\/li>\n<li>TV por Internet: S\u00ed<\/li>\n<li>Smart TV: S\u00ed<\/li>\n<li>Sistema operativo instalado: Tizen<\/li>\n<\/ul>\n<p><strong>Conexi\u00f3n:<\/strong><\/p>\n<ul>\n<li>Wifi: S\u00ed<\/li>\n<li>Ethernet: S\u00ed<\/li>\n<li>Wi-Fi est\u00e1ndares: 802.11a, 802.11g, Wi-Fi 4 (802.11n), Wi-Fi 5 (802.11ac)<\/li>\n<li>Wi-Fi Direct: S\u00ed<\/li>\n<li>Bluetooth: S\u00ed<\/li>\n<li>Versi\u00f3n de Bluetooth: 5.2<\/li>\n<li>Bluetooth Low Energy (BLE): S\u00ed<\/li>\n<li>Navegaci\u00f3n: S\u00ed<\/li>\n<li>Navegador web: S\u00ed<\/li>\n<li>Soporte HID: S\u00ed<\/li>\n<\/ul>\n<\/div>\n","protected":false},"excerpt":{"rendered":"<p>NOMBRE DEL PRODUCTO: Marca: SAMSUNG Modelo: TQ43LS03BGUXXC EAN: 8806094913293 Exhibici\u00f3n: Pulgadas: 45&#8243; Resoluci\u00f3n de la pantalla: 3840 x 2160 Tecnolog\u00eda<\/p>\n","protected":false},"featured_media":218745,"comment_status":"open","ping_status":"closed","template":"","meta":{"_joinchat":[]},"product_cat":[795,6464,7068],"product_tag":[],"class_list":{"0":"post-218725","1":"product","2":"type-product","3":"status-publish","4":"has-post-thumbnail","6":"product_cat-electronica","7":"product_cat-televisores-electronica","8":"product_cat-tv-40-59","10":"first","11":"instock","12":"sale","13":"taxable","14":"shipping-taxable","15":"purchasable","16":"product-type-simple"},"_links":{"self":[{"href":"https:\/\/desdropi.com\/elparque\/wp-json\/wp\/v2\/product\/218725"}],"collection":[{"href":"https:\/\/desdropi.com\/elparque\/wp-json\/wp\/v2\/product"}],"about":[{"href":"https:\/\/desdropi.com\/elparque\/wp-json\/wp\/v2\/types\/product"}],"replies":[{"embeddable":true,"href":"https:\/\/desdropi.com\/elparque\/wp-json\/wp\/v2\/comments?post=218725"}],"version-history":[{"count":0,"href":"https:\/\/desdropi.com\/elparque\/wp-json\/wp\/v2\/product\/218725\/revisions"}],"wp:featuredmedia":[{"embeddable":true,"href":"https:\/\/desdropi.com\/elparque\/wp-json\/wp\/v2\/media\/218745"}],"wp:attachment":[{"href":"https:\/\/desdropi.com\/elparque\/wp-json\/wp\/v2\/media?parent=218725"}],"wp:term":[{"taxonomy":"product_cat","embeddable":true,"href":"https:\/\/desdropi.com\/elparque\/wp-json\/wp\/v2\/product_cat?post=218725"},{"taxonomy":"product_tag","embeddable":true,"href":"https:\/\/desdropi.com\/elparque\/wp-json\/wp\/v2\/product_tag?post=218725"}],"curies":[{"name":"wp","href":"https:\/\/api.w.org\/{rel}","templated":true}]}}