{"id":218748,"date":"2024-04-15T19:10:34","date_gmt":"2024-04-15T17:10:34","guid":{"rendered":"https:\/\/desdropi.com\/elparque\/?post_type=product&#038;p=218748"},"modified":"2024-05-17T13:03:24","modified_gmt":"2024-05-17T11:03:24","slug":"tv-hisense-65-65a7kq-uhd-qled-smart-tv-hdr10","status":"publish","type":"product","link":"https:\/\/desdropi.com\/elparque\/tv-hisense-65-65a7kq-uhd-qled-smart-tv-hdr10\/","title":{"rendered":"TV HISENSE 65&#8243; 65A7KQ UHD QLED SMART TV HDR10+"},"content":{"rendered":"<div class=\"descripcion-tab\">\n<strong>NOMBRE DEL PRODUCTO:<\/strong><\/p>\n<ul>\n<li><strong>Marca:<\/strong> HISENSE<\/li>\n<li><strong>Modelo:<\/strong> 65A7KQ<\/li>\n<li><strong>EAN:<\/strong> 6942147492840<\/li>\n<\/ul>\n<p><strong>Exhibici\u00f3n:<\/strong><\/p>\n<ul>\n<li>Tecnolog\u00eda del panel: QLED<\/li>\n<li>Frecuencia nativa de refresco: 60<\/li>\n<li>Relaci\u00f3n de aspecto nativa: 16:9<\/li>\n<li>Pulgadas: 65&#8243;<\/li>\n<li>Resoluci\u00f3n de la pantalla: 3840 x 2160<\/li>\n<li>Resoluci\u00f3n: 4K Ultra HD<\/li>\n<li>Retroiluminaci\u00f3n del panel: Direct LED<\/li>\n<li>Tipo de matriz: VA<\/li>\n<li>Raz\u00f3n de contraste (t\u00edpica): 3200:1<\/li>\n<li>\u00c1ngulo de visi\u00f3n, horizontal: 178<\/li>\n<li>\u00c1ngulo de visi\u00f3n, vertical: 178<\/li>\n<li>Brillo de pantalla: 350<\/li>\n<li>Tiempo de respuesta: 8<\/li>\n<li>Diagonal de pantalla: 164<\/li>\n<li>Forma de la pantalla: Plana<\/li>\n<\/ul>\n<p><strong>Audio:<\/strong><\/p>\n<ul>\n<li>Potencia estimada RMS: 20<\/li>\n<li>Ecualizador: S\u00ed<\/li>\n<li>Decodificadores incorporados: DTS, Dolby Atmos<\/li>\n<li>Tecnolog\u00edas de decodificaci\u00f3n de audio: Dolby MS12<\/li>\n<li>N\u00famero de altavoces: 2<\/li>\n<\/ul>\n<p><strong>Puertos e Interfaces:<\/strong><\/p>\n<ul>\n<li>Cantidad de puertos USB 2.0: 2<\/li>\n<li>N\u00famero de puertos RF: 2<\/li>\n<li>Ethernet LAN (RJ-45) cantidad de puertos: 1<\/li>\n<li>Salidas para auriculares: 1<\/li>\n<li>Interfaz com\u00fan Plus (CI+): S\u00ed<\/li>\n<li>Entrada de audio (L,R): 1<\/li>\n<li>N\u00famero de puertos HDMI: 3<\/li>\n<li>PC (D-Sub): No<\/li>\n<\/ul>\n<p><strong>Peso y dimensiones:<\/strong><\/p>\n<ul>\n<li>Ancho del dispositivo (con soporte): 1449 mm<\/li>\n<li>Profundidad dispositivo (con soporte): 294 mm<\/li>\n<li>Altura del dispositivo (con soporte): 903 mm<\/li>\n<li>Peso (sin base): 18,5 kg<\/li>\n<li>Ancho (sin base): 144,9 mm<\/li>\n<li>Profundidad (sin base): 7,8 mm<\/li>\n<li>Altura (sin base): 83,5 mm<\/li>\n<li>Peso (con soporte): 19,1 kg<\/li>\n<li>Rango de pulgadas: De 65 a 75<\/li>\n<\/ul>\n<p><strong>Control de energ\u00eda:<\/strong><\/p>\n<ul>\n<li>Consumo energ\u00e9tico: 210<\/li>\n<li>Consumo de energ\u00eda (inactivo): 0,5<\/li>\n<li>Voltaje de entrada AC: 100 &#8211; 240<\/li>\n<li>Frecuencia de entrada AC: 50 &#8211; 60<\/li>\n<li>Energy efficiency class (SDR): G<\/li>\n<li>Energy efficiency class (HDR): G<\/li>\n<li>Energy consumption (SDR) per 1000 hours: 111<\/li>\n<li>Energy consumption (HDR) per 1000 hours: 180<\/li>\n<\/ul>\n<p><strong>Empaquetado:<\/strong><\/p>\n<ul>\n<li>Peso del paquete: 26,5 kg<\/li>\n<li>Mando a distancia incluido: S\u00ed<\/li>\n<li>Cables incluidos: Corriente alterna<\/li>\n<li>Profundidad del paquete: 171 mm<\/li>\n<li>Altura del paquete: 1017 mm<\/li>\n<li>Ancho del paquete: 1610 mm<\/li>\n<li>Tipo de control remoto: ERF2O36H<\/li>\n<\/ul>\n<p><strong>Sintonizador de la TV:<\/strong><\/p>\n<ul>\n<li>Tipo de sintonizador: Digital<\/li>\n<li>Se\u00f1al anal\u00f3gica: No compatible<\/li>\n<li>Formato de se\u00f1al digital: DVB-C, DVB-S, DVB-S2, DVB-T, DVB-T2<\/li>\n<\/ul>\n<p><strong>Caracter\u00edsticas de administraci\u00f3n:<\/strong><\/p>\n<ul>\n<li>Gu\u00eda electr\u00f3nica de programaci\u00f3n: S\u00ed<\/li>\n<li>N\u00famero de lenguajes OSD: 33<\/li>\n<li>Modo hotel: S\u00ed<\/li>\n<\/ul>\n<p><strong>Dise\u00f1o:<\/strong><\/p>\n<ul>\n<li>Interfaz de panel de montaje: 400 x 200<\/li>\n<li>Material de la carcasa: Pl\u00e1stico<\/li>\n<li>Montaje VESA: S\u00ed<\/li>\n<li>Color del producto: Negro<\/li>\n<\/ul>\n<p><strong>Desempe\u00f1o:<\/strong><\/p>\n<ul>\n<li>Funciones de teletexto: S\u00ed<\/li>\n<li>Formatos de v\u00eddeo compatibles: H.264, HEVC, HEVC\/H.265, MPEG2, MPEG4, VP9<\/li>\n<li>Reducci\u00f3n de ruido: S\u00ed<\/li>\n<li>Soporte remoto inteligente: S\u00ed<\/li>\n<li>4K upscaler: S\u00ed<\/li>\n<li>High Dynamic Range (HDR) technology: High Dynamic Range 10 (HDR10), High Dynamic Range 10+ (HDR10 Plus), Hybrid Log-Gamma (HLG)<\/li>\n<li>Ampliaci\u00f3n de la escala de video: S\u00ed<\/li>\n<li>Alto Rango Din\u00e1mico (HDR): S\u00ed<\/li>\n<li>N\u00famero de n\u00facleos de procesador: 4<\/li>\n<\/ul>\n<p><strong>Smart TV:<\/strong><\/p>\n<ul>\n<li>TV por Internet: S\u00ed<\/li>\n<li>Grabaci\u00f3n diferida (timeshift): S\u00ed<\/li>\n<li>HbbTV: S\u00ed<\/li>\n<li>Aplicaciones de v\u00eddeo: Amazon Prime Video, DAZN, Disney+, Movistar, Netflix, YouTube<\/li>\n<li>Versi\u00f3n de sistema operativo: 6<\/li>\n<li>Hybrid Broadcast Broadband TV (HbbTV) version: 2.0.3<\/li>\n<li>Smart TV: S\u00ed<\/li>\n<li>Sistema operativo instalado: VIDAA U<\/li>\n<\/ul>\n<p><strong>Conexi\u00f3n:<\/strong><\/p>\n<ul>\n<li>Bluetooth: S\u00ed<\/li>\n<li>Wi-Fi est\u00e1ndares: 802.11a, 802.11b, 802.11g, Wi-Fi 4 (802.11n), Wi-Fi 5 (802.11ac)<\/li>\n<li>Versi\u00f3n de Bluetooth: 4.2<\/li>\n<li>Navegador web: S\u00ed<\/li>\n<li>Wifi: S\u00ed<\/li>\n<li>Ethernet: S\u00ed<\/li>\n<\/ul>\n<\/div>\n","protected":false},"excerpt":{"rendered":"<p>NOMBRE DEL PRODUCTO: Marca: HISENSE Modelo: 65A7KQ EAN: 6942147492840 Exhibici\u00f3n: Tecnolog\u00eda del panel: QLED Frecuencia nativa de refresco: 60 Relaci\u00f3n<\/p>\n","protected":false},"featured_media":218751,"comment_status":"open","ping_status":"closed","template":"","meta":{"_joinchat":[]},"product_cat":[795,6464,7144,7069],"product_tag":[],"class_list":{"0":"post-218748","1":"product","2":"type-product","3":"status-publish","4":"has-post-thumbnail","6":"product_cat-electronica","7":"product_cat-televisores-electronica","8":"product_cat-uhd-4k","9":"product_cat-tv-60-79","11":"first","12":"instock","13":"sale","14":"taxable","15":"shipping-taxable","16":"purchasable","17":"product-type-simple"},"_links":{"self":[{"href":"https:\/\/desdropi.com\/elparque\/wp-json\/wp\/v2\/product\/218748"}],"collection":[{"href":"https:\/\/desdropi.com\/elparque\/wp-json\/wp\/v2\/product"}],"about":[{"href":"https:\/\/desdropi.com\/elparque\/wp-json\/wp\/v2\/types\/product"}],"replies":[{"embeddable":true,"href":"https:\/\/desdropi.com\/elparque\/wp-json\/wp\/v2\/comments?post=218748"}],"version-history":[{"count":0,"href":"https:\/\/desdropi.com\/elparque\/wp-json\/wp\/v2\/product\/218748\/revisions"}],"wp:featuredmedia":[{"embeddable":true,"href":"https:\/\/desdropi.com\/elparque\/wp-json\/wp\/v2\/media\/218751"}],"wp:attachment":[{"href":"https:\/\/desdropi.com\/elparque\/wp-json\/wp\/v2\/media?parent=218748"}],"wp:term":[{"taxonomy":"product_cat","embeddable":true,"href":"https:\/\/desdropi.com\/elparque\/wp-json\/wp\/v2\/product_cat?post=218748"},{"taxonomy":"product_tag","embeddable":true,"href":"https:\/\/desdropi.com\/elparque\/wp-json\/wp\/v2\/product_tag?post=218748"}],"curies":[{"name":"wp","href":"https:\/\/api.w.org\/{rel}","templated":true}]}}