{"id":218768,"date":"2024-04-15T19:34:36","date_gmt":"2024-04-15T17:34:36","guid":{"rendered":"https:\/\/desdropi.com\/elparque\/?post_type=product&#038;p=218768"},"modified":"2024-05-17T13:03:25","modified_gmt":"2024-05-17T11:03:25","slug":"tv-haier-65-h65k702ug-uhd-android-bt","status":"publish","type":"product","link":"https:\/\/desdropi.com\/elparque\/tv-haier-65-h65k702ug-uhd-android-bt\/","title":{"rendered":"TV HAIER 65&#8243; H65K702UG UHD ANDROID BT"},"content":{"rendered":"<div class=\"descripcion-tab\">\n<strong>NOMBRE DEL PRODUCTO<\/strong><br \/>\nMarca HAIER<br \/>\nModelo H65K702UG<br \/>\nEAN6971926012108<br \/>\n<strong>Exhibici\u00f3n<\/strong><\/p>\n<ul>\n<li>Resoluci\u00f3n de la pantalla 3840 x 2160 Pixeles<\/li>\n<li>Profundidad de color 8 bit<\/li>\n<li>Relaci\u00f3n de aspecto 16:9<\/li>\n<li>Brillo de pantalla 350 nits<\/li>\n<li>Tiempo de respuesta 8 ms<\/li>\n<li>Frecuencia nativa de refresco 60 Hz<\/li>\n<li>\u00c1ngulo de visi\u00f3n, horizontal 176\u00b0<\/li>\n<li>\u00c1ngulo de visi\u00f3n, vertical 176\u00b0<\/li>\n<li>Diagonal de pantalla 165,1 cm<\/li>\n<li>Tipo de matriz IPS<\/li>\n<li>Pulgadas 65&#8243;<\/li>\n<li>Resoluci\u00f3n de la pantalla 3840 x 2160 Pixeles<\/li>\n<li>Tecnolog\u00eda del panel LED<\/li>\n<li>Retroiluminaci\u00f3n del panel Direct LED<\/li>\n<li>Resoluci\u00f3n 4K Ultra HD<\/li>\n<li>Forma de la pantalla Plana<\/li>\n<li>Forma de la pantalla Plana<\/li>\n<li>3D No<\/li>\n<\/ul>\n<p><strong>Audio<\/strong><\/p>\n<ul>\n<li>Altavoces incorporados S\u00ed<\/li>\n<li>N\u00famero de altavoces 2<\/li>\n<li>Potencia estimada RMS 20 W<\/li>\n<li>Tecnolog\u00edas de decodificaci\u00f3n de audio Dolby Digital Plus, Dolby Audio, DTS, DTS HD, DTS X<\/li>\n<\/ul>\n<p><strong>Puertos e Interfaces<\/strong><\/p>\n<ul>\n<li>Interfaz com\u00fan Plus (CI+) S\u00ed<\/li>\n<li>Versi\u00f3n Common interface Plus (CI+) 1.3<\/li>\n<li>N\u00famero de puertos HDMI 4<\/li>\n<li>Versi\u00f3n HDMI 2.1<\/li>\n<li>Cantidad de puertos USB 2.02<\/li>\n<li>Entrada de audio (L,R) 1<\/li>\n<li>Entrada de video compuesto 1<\/li>\n<li>Ethernet LAN (RJ-45) cantidad de puertos 1<\/li>\n<li>Puerto DVI No<\/li>\n<li>Audio digital, salida optica 1<\/li>\n<\/ul>\n<p><strong>Peso y dimensiones<\/strong><\/p>\n<ul>\n<li>Ancho 1448 mm<\/li>\n<li>Ancho del dispositivo (con soporte) 1448 mm<\/li>\n<li>Profundidad 81 mm<\/li>\n<li>Profundidad dispositivo (con soporte) 300 mm<\/li>\n<li>Altura 815 mm<\/li>\n<li>Altura del dispositivo (con soporte) 899 mm<\/li>\n<li>Rango de pulgadas De 65 a 75<\/li>\n<\/ul>\n<p><strong>Control de energ\u00eda<\/strong><\/p>\n<ul>\n<li>Frecuencia de entrada AC 50 &#8211; 60 Hz<\/li>\n<li>Voltaje de entrada AC 220 &#8211; 240 V<\/li>\n<li>Consumo de energ\u00eda (inactivo) 0,5 W<\/li>\n<li>Consumo energ\u00e9tico 130 W<\/li>\n<li>Energy efficiency class (SDR) G<\/li>\n<\/ul>\n<p><strong>Red<\/strong><\/p>\n<ul>\n<li>Wifi S\u00ed<\/li>\n<\/ul>\n<p><strong>Sintonizador de la TV<\/strong><\/p>\n<ul>\n<li>Tipo de sintonizador Anal\u00f3gico y digital<\/li>\n<li>Formato de se\u00f1al digital DVB-C,DVB-S,DVB-S2,DVB-T,DVB-T2<\/li>\n<\/ul>\n<p><strong>Contenido del embalaje<\/strong><\/p>\n<ul>\n<li>Gu\u00eda de configuraci\u00f3n r\u00e1pida S\u00ed<\/li>\n<li>Soporte de sobremesa S\u00ed<\/li>\n<li>Mando a distancia S\u00ed<\/li>\n<\/ul>\n<p><strong>Caracter\u00edsticas de administraci\u00f3n<\/strong><\/p>\n<ul>\n<li>modo hotel S\u00ed<\/li>\n<\/ul>\n<p><strong>Dise\u00f1o<\/strong><\/p>\n<ul>\n<li>montaje VESA S\u00ed<\/li>\n<li>Color del producto Negro<\/li>\n<li>Interfaces de montaje VESA 400 x 200 mm<\/li>\n<\/ul>\n<p><strong>Desempe\u00f1o<\/strong><\/p>\n<ul>\n<li>Hybrid Log Gamma (HLG) S\u00ed<\/li>\n<li>HDR S\u00ed<\/li>\n<li>Reducci\u00f3n de ruido S\u00ed<\/li>\n<\/ul>\n<p><strong>Smart TV<\/strong><\/p>\n<ul>\n<li>HbbTV S\u00ed<\/li>\n<li>Smart TV S\u00ed<\/li>\n<li>Sistema operativo instalado Android TV 11.0<\/li>\n<\/ul>\n<p><strong>Conexi\u00f3n<\/strong><\/p>\n<ul>\n<li>Wifi S\u00ed<\/li>\n<li>Ethernet S\u00ed<\/li>\n<li>Wi-Fi est\u00e1ndares 802.11b, 802.11g, 802.11n<\/li>\n<\/ul>\n<\/div>\n","protected":false},"excerpt":{"rendered":"<p>NOMBRE DEL PRODUCTO Marca HAIER Modelo H65K702UG EAN6971926012108 Exhibici\u00f3n Resoluci\u00f3n de la pantalla 3840 x 2160 Pixeles Profundidad de color<\/p>\n","protected":false},"featured_media":218776,"comment_status":"open","ping_status":"closed","template":"","meta":{"_joinchat":[]},"product_cat":[795,6464,7144,7069],"product_tag":[],"class_list":{"0":"post-218768","1":"product","2":"type-product","3":"status-publish","4":"has-post-thumbnail","6":"product_cat-electronica","7":"product_cat-televisores-electronica","8":"product_cat-uhd-4k","9":"product_cat-tv-60-79","11":"first","12":"instock","13":"sale","14":"taxable","15":"shipping-taxable","16":"purchasable","17":"product-type-simple"},"_links":{"self":[{"href":"https:\/\/desdropi.com\/elparque\/wp-json\/wp\/v2\/product\/218768"}],"collection":[{"href":"https:\/\/desdropi.com\/elparque\/wp-json\/wp\/v2\/product"}],"about":[{"href":"https:\/\/desdropi.com\/elparque\/wp-json\/wp\/v2\/types\/product"}],"replies":[{"embeddable":true,"href":"https:\/\/desdropi.com\/elparque\/wp-json\/wp\/v2\/comments?post=218768"}],"version-history":[{"count":0,"href":"https:\/\/desdropi.com\/elparque\/wp-json\/wp\/v2\/product\/218768\/revisions"}],"wp:featuredmedia":[{"embeddable":true,"href":"https:\/\/desdropi.com\/elparque\/wp-json\/wp\/v2\/media\/218776"}],"wp:attachment":[{"href":"https:\/\/desdropi.com\/elparque\/wp-json\/wp\/v2\/media?parent=218768"}],"wp:term":[{"taxonomy":"product_cat","embeddable":true,"href":"https:\/\/desdropi.com\/elparque\/wp-json\/wp\/v2\/product_cat?post=218768"},{"taxonomy":"product_tag","embeddable":true,"href":"https:\/\/desdropi.com\/elparque\/wp-json\/wp\/v2\/product_tag?post=218768"}],"curies":[{"name":"wp","href":"https:\/\/api.w.org\/{rel}","templated":true}]}}