{"id":218771,"date":"2024-04-15T19:34:25","date_gmt":"2024-04-15T17:34:25","guid":{"rendered":"https:\/\/desdropi.com\/elparque\/?post_type=product&#038;p=218771"},"modified":"2024-05-17T13:03:25","modified_gmt":"2024-05-17T11:03:25","slug":"tv-lg-65-65ur78006lk-uhd-stv-web23-alfa5-aithinq","status":"publish","type":"product","link":"https:\/\/desdropi.com\/elparque\/tv-lg-65-65ur78006lk-uhd-stv-web23-alfa5-aithinq\/","title":{"rendered":"TV LG 65&#8243; 65UR78006LK UHD STV WEB23 ALFA5 AITHINQ"},"content":{"rendered":"<div class=\"descripcion-tab\">\n<strong>NOMBRE DEL PRODUCTO:<\/strong><\/p>\n<ul>\n<li><strong>Marca:<\/strong> LG<\/li>\n<li><strong>Modelo:<\/strong> 65UR78006LK<\/li>\n<li><strong>EAN:<\/strong> 8806087095296<\/li>\n<\/ul>\n<p><strong>Exhibici\u00f3n:<\/strong><\/p>\n<ul>\n<li>Pulgadas: 65&#8243;<\/li>\n<li>Resoluci\u00f3n: 4K Ultra HD<\/li>\n<li>Resoluci\u00f3n de la pantalla: 3840 x 2160<\/li>\n<li>Tecnolog\u00eda del panel: LED<\/li>\n<li>Retroiluminaci\u00f3n del panel: Direct LED<\/li>\n<li>Relaci\u00f3n de aspecto nativa: 16:9<\/li>\n<li>Diagonal de pantalla: 164&#8243;<\/li>\n<li>Tipo de matriz: IPS<\/li>\n<li>Forma de la pantalla: Plana<\/li>\n<\/ul>\n<p><strong>Audio:<\/strong><\/p>\n<ul>\n<li>N\u00famero de altavoces: 2<\/li>\n<li>Potencia estimada RMS: 20<\/li>\n<li>Decodificadores incorporados: Dolby Atmos, Dolby Digital<\/li>\n<li>Modos de sonido: AI Sound Pro<\/li>\n<li>Enhanced Audio Return Channel (eARC) (Canal de retorno de audio mejorado): S\u00ed<\/li>\n<li>Control de sonido adaptativo (ASC, Adaptive Sound Control): S\u00ed<\/li>\n<\/ul>\n<p><strong>Puertos e Interfaces:<\/strong><\/p>\n<ul>\n<li>Control de electr\u00f3nica de consumo (CEC): SimpLink<\/li>\n<li>Entrada de CA: S\u00ed<\/li>\n<li>Interfaz com\u00fan Plus (CI+): S\u00ed<\/li>\n<li>Interfaz com\u00fan: S\u00ed<\/li>\n<li>N\u00famero de puertos RF: 1<\/li>\n<li>Audio digital, salida \u00f3ptica: 1<\/li>\n<li>Cantidad de puertos USB: 2.0 (2)<\/li>\n<li>Ethernet LAN (RJ-45) cantidad de puertos: 1<\/li>\n<li>HDCP: S\u00ed<\/li>\n<li>N\u00famero de puertos HDMI: 3<\/li>\n<li>Versi\u00f3n HDMI: 2.1<\/li>\n<\/ul>\n<p><strong>Peso y dimensiones:<\/strong><\/p>\n<ul>\n<li>Profundidad del soporte: 26,9 mm<\/li>\n<li>Ancho del soporte: 115,6 mm<\/li>\n<li>Peso (sin base): 21,4 kg<\/li>\n<li>Altura (sin base): 83,8 mm<\/li>\n<li>Profundidad (sin base): 5,77 mm<\/li>\n<li>Ancho (sin base): 145,4 mm<\/li>\n<li>Peso (con soporte): 21,6 kg<\/li>\n<li>Altura del dispositivo (con soporte): 903 mm<\/li>\n<li>Profundidad dispositivo (con soporte): 269 mm<\/li>\n<li>Ancho del dispositivo (con soporte): 1454 mm<\/li>\n<li>Rango de pulgadas: De 65 a 75<\/li>\n<\/ul>\n<p><strong>Control de energ\u00eda:<\/strong><\/p>\n<ul>\n<li>Energy efficiency class (SDR): F<\/li>\n<li>Energy efficiency class (HDR): G<\/li>\n<li>Energy consumption (SDR) per 1000 hours: 100<\/li>\n<li>Energy consumption (HDR) per 1000 hours: 154<\/li>\n<li>Consumo de energ\u00eda (inactivo): 0,5<\/li>\n<li>Energy efficiency scale: De la A a la G<\/li>\n<li>Voltaje de entrada AC: 100 &#8211; 240<\/li>\n<li>Frecuencia de entrada AC: 50\/60<\/li>\n<li>Modo de ahorro de energ\u00eda: S\u00ed<\/li>\n<\/ul>\n<p><strong>Empaquetado:<\/strong><\/p>\n<ul>\n<li>Soporte de sobremesa: S\u00ed<\/li>\n<li>Cables incluidos: Corriente alterna<\/li>\n<li>Tipo de embalaje: Caja<\/li>\n<li>Peso del paquete: 27,6 kg<\/li>\n<li>Altura del paquete: 970 mm<\/li>\n<li>Profundidad del paquete: 172 mm<\/li>\n<li>Ancho del paquete: 1600 mm<\/li>\n<li>Mando a distancia incluido: S\u00ed<\/li>\n<\/ul>\n<p><strong>Sintonizador de la TV:<\/strong><\/p>\n<ul>\n<li>Tipo de sintonizador: Digital<\/li>\n<li>Se\u00f1al anal\u00f3gica: No compatible<\/li>\n<li>Autob\u00fasqueda de canal: S\u00ed<\/li>\n<li>Formato de se\u00f1al digital: DVB-S2, DVB-T2<\/li>\n<\/ul>\n<p><strong>Caracter\u00edsticas de administraci\u00f3n:<\/strong><\/p>\n<ul>\n<li>Temporizador de apagado: S\u00ed<\/li>\n<li>Apagado autom\u00e1tico: S\u00ed<\/li>\n<li>Modo ECO: S\u00ed<\/li>\n<li>Gu\u00eda electr\u00f3nica de programaci\u00f3n: S\u00ed<\/li>\n<li>Exhibici\u00f3n en pantalla (OSD): S\u00ed<\/li>\n<\/ul>\n<p><strong>Dise\u00f1o:<\/strong><\/p>\n<ul>\n<li>Color del producto: Azul<\/li>\n<li>Montaje VESA: S\u00ed<\/li>\n<li>Interfaz de panel de montaje: 300 x 300<\/li>\n<\/ul>\n<p><strong>Desempe\u00f1o:<\/strong><\/p>\n<ul>\n<li>Alto Rango Din\u00e1mico (HDR): S\u00ed<\/li>\n<li>High Dynamic Range (HDR) technology: Filmmaker Mode, High Dynamic Range 10 (HDR10), Hybrid Log-Gamma (HLG)<\/li>\n<li>Funciones de teletexto: S\u00ed<\/li>\n<li>Funci\u00f3n de subt\u00edtulos: S\u00ed<\/li>\n<li>Formatos de audio soportados: AAC, AC3, AC4, EAC3, HE-AAC, MP2, MP3, PCM, WMA, apt-X, eAAC+<\/li>\n<li>Formatos de compresi\u00f3n de video: H.265, HEVC, MPEG2, MPEG4, VP9<\/li>\n<li>Reducci\u00f3n de ruido: S\u00ed<\/li>\n<li>Game features: Modo autom\u00e1tico de baja latencia (ALLM, Auto Low Latency Mode)<\/li>\n<li>Modo de juego: S\u00ed<\/li>\n<li>Soporte remoto inteligente: S\u00ed<\/li>\n<\/ul>\n<p><strong>Smart TV:<\/strong><\/p>\n<ul>\n<li>Versi\u00f3n de sistema operativo: 23<\/li>\n<li>HbbTV: S\u00ed<\/li>\n<li>Apple AirPlay 2 support: S\u00ed<\/li>\n<li>Grabaci\u00f3n diferida (timeshift): S\u00ed<\/li>\n<li>Duplicaci\u00f3n de pantalla: S\u00ed<\/li>\n<li>Modos inteligentes: Cine, Modo director, Deportes<\/li>\n<li>Aplicaciones de v\u00eddeo: Amazon Prime Video, Apple TV, DAZN, Disney+, NOW TV, Netflix, RaiPlay, Rakuten TV, YouTube<\/li>\n<li>Aplicaciones de m\u00fasica: Spotify<\/li>\n<li>Aplicaciones de deportes: DAZN, Sports Alerts<\/li>\n<li>Aplicaciones de estilo de vida: Sedition Art<\/li>\n<li>TV por Internet: S\u00ed<\/li>\n<li>Smart TV: S\u00ed<\/li>\n<li>Sistema operativo instalado: Web OS<\/li>\n<\/ul>\n<p><strong>Conexi\u00f3n:<\/strong><\/p>\n<ul>\n<li>Wifi: S\u00ed<\/li>\n<li>Ethernet: S\u00ed<\/li>\n<li>Bluetooth: S\u00ed<\/li>\n<li>Versi\u00f3n de Bluetooth: 5.0<\/li>\n<li>Wi-Fi est\u00e1ndares: Wi-Fi 5 (802.11ac)<\/li>\n<li>Navegaci\u00f3n: S\u00ed<\/li>\n<li>Navegador web: S\u00ed<\/li>\n<li>Miracast: S\u00ed<\/li>\n<\/ul>\n<\/div>\n","protected":false},"excerpt":{"rendered":"<p>NOMBRE DEL PRODUCTO: Marca: LG Modelo: 65UR78006LK EAN: 8806087095296 Exhibici\u00f3n: Pulgadas: 65&#8243; Resoluci\u00f3n: 4K Ultra HD Resoluci\u00f3n de la pantalla:<\/p>\n","protected":false},"featured_media":218774,"comment_status":"open","ping_status":"closed","template":"","meta":{"_joinchat":[]},"product_cat":[6464,7069,795],"product_tag":[],"class_list":{"0":"post-218771","1":"product","2":"type-product","3":"status-publish","4":"has-post-thumbnail","6":"product_cat-televisores-electronica","7":"product_cat-tv-60-79","8":"product_cat-electronica","10":"first","11":"instock","12":"sale","13":"taxable","14":"shipping-taxable","15":"purchasable","16":"product-type-simple"},"_links":{"self":[{"href":"https:\/\/desdropi.com\/elparque\/wp-json\/wp\/v2\/product\/218771"}],"collection":[{"href":"https:\/\/desdropi.com\/elparque\/wp-json\/wp\/v2\/product"}],"about":[{"href":"https:\/\/desdropi.com\/elparque\/wp-json\/wp\/v2\/types\/product"}],"replies":[{"embeddable":true,"href":"https:\/\/desdropi.com\/elparque\/wp-json\/wp\/v2\/comments?post=218771"}],"version-history":[{"count":0,"href":"https:\/\/desdropi.com\/elparque\/wp-json\/wp\/v2\/product\/218771\/revisions"}],"wp:featuredmedia":[{"embeddable":true,"href":"https:\/\/desdropi.com\/elparque\/wp-json\/wp\/v2\/media\/218774"}],"wp:attachment":[{"href":"https:\/\/desdropi.com\/elparque\/wp-json\/wp\/v2\/media?parent=218771"}],"wp:term":[{"taxonomy":"product_cat","embeddable":true,"href":"https:\/\/desdropi.com\/elparque\/wp-json\/wp\/v2\/product_cat?post=218771"},{"taxonomy":"product_tag","embeddable":true,"href":"https:\/\/desdropi.com\/elparque\/wp-json\/wp\/v2\/product_tag?post=218771"}],"curies":[{"name":"wp","href":"https:\/\/api.w.org\/{rel}","templated":true}]}}