{"id":218797,"date":"2024-04-15T19:52:51","date_gmt":"2024-04-15T17:52:51","guid":{"rendered":"https:\/\/desdropi.com\/elparque\/?post_type=product&#038;p=218797"},"modified":"2024-08-06T00:00:15","modified_gmt":"2024-08-05T22:00:15","slug":"tv-hisense-65-65a6k-uhd-smart-tv-dts-x-hdr10","status":"publish","type":"product","link":"https:\/\/desdropi.com\/elparque\/tv-hisense-65-65a6k-uhd-smart-tv-dts-x-hdr10\/","title":{"rendered":"TV HISENSE 65&#8243; 65A6K UHD SMART TV DTS X HDR10+"},"content":{"rendered":"<div class=\"descripcion-tab\"><strong>NOMBRE DEL PRODUCTO:<\/strong><\/p>\n<ul>\n<li><strong>Marca:<\/strong> HISENSE<\/li>\n<li><strong>Modelo:<\/strong> 65A6K<\/li>\n<li><strong>EAN:<\/strong> 6942147491539<\/li>\n<\/ul>\n<p><strong>Exhibici\u00f3n:<\/strong><\/p>\n<ul>\n<li>Relaci\u00f3n de aspecto nativa: 16:9<\/li>\n<li>Raz\u00f3n de contraste (t\u00edpica): 1200:1<\/li>\n<li>Diagonal de pantalla: 164&#8243;<\/li>\n<li>Brillo de pantalla: 300<\/li>\n<li>Tiempo de respuesta: 8<\/li>\n<li>Retroiluminaci\u00f3n del panel: Direct LED<\/li>\n<li>Tipo de matriz: IPS<\/li>\n<li>Tecnolog\u00eda del panel: LED<\/li>\n<li>Pulgadas: 65&#8243;<\/li>\n<li>Resoluci\u00f3n: 4K Ultra HD<\/li>\n<li>Resoluci\u00f3n de la pantalla: 3840 x 2160<\/li>\n<li>Forma de la pantalla: Plana<\/li>\n<\/ul>\n<p><strong>Audio:<\/strong><\/p>\n<ul>\n<li>Decodificadores incorporados: DTS<\/li>\n<li>N\u00famero de altavoces: 2<\/li>\n<li>Potencia estimada RMS: 20<\/li>\n<\/ul>\n<p><strong>Puertos e Interfaces:<\/strong><\/p>\n<ul>\n<li>N\u00famero de puertos HDMI: 1<\/li>\n<li>Versi\u00f3n HDMI: 2.0<\/li>\n<li>Ethernet LAN (RJ-45) cantidad de puertos: 1<\/li>\n<li>Entrada de audio (L,R): 1<\/li>\n<li>Interfaz com\u00fan Plus (CI+): S\u00ed<\/li>\n<li>Interfaz com\u00fan: No<\/li>\n<li>N\u00famero de puertos RF: 2<\/li>\n<li>Salidas para auriculares: 1<\/li>\n<li>Cantidad de puertos tipo A USB 3.2 Gen 1 (3.1 Gen 1): 2<\/li>\n<li>PC (D-Sub): No<\/li>\n<\/ul>\n<p><strong>Peso y dimensiones:<\/strong><\/p>\n<ul>\n<li>Ancho del dispositivo (con soporte): 1452<\/li>\n<li>Profundidad dispositivo (con soporte): 300<\/li>\n<li>Altura del dispositivo (con soporte): 869<\/li>\n<li>Ancho (sin base): 145,2<\/li>\n<li>Profundidad (sin base): 7,4<\/li>\n<li>Altura (sin base): 83,4<\/li>\n<li>Peso (con soporte): 16,7<\/li>\n<li>Peso (sin base): 16,5<\/li>\n<li>Rango de pulgadas: De 65 a 75<\/li>\n<\/ul>\n<p><strong>Control de energ\u00eda:<\/strong><\/p>\n<ul>\n<li>Voltaje de entrada AC: 100 &#8211; 240<\/li>\n<li>Frecuencia de entrada AC: 50\/60<\/li>\n<li>Energy consumption (SDR) per 1000 hours: 98<\/li>\n<li>Energy efficiency class (SDR): F<\/li>\n<li>Energy consumption (HDR) per 1000 hours: 140<\/li>\n<li>Energy efficiency class (HDR): G<\/li>\n<li>Consumo de energ\u00eda (inactivo): 0,5<\/li>\n<li>Consumo energ\u00e9tico: 160<\/li>\n<\/ul>\n<p><strong>Empaquetado:<\/strong><\/p>\n<ul>\n<li>Ancho del paquete: 1602<\/li>\n<li>Profundidad del paquete: 161<\/li>\n<li>Altura del paquete: 996<\/li>\n<li>Peso del paquete: 24,5<\/li>\n<\/ul>\n<p><strong>Sintonizador de la TV:<\/strong><\/p>\n<ul>\n<li>Tipo de sintonizador: Digital<\/li>\n<li>Se\u00f1al anal\u00f3gica: No compatible<\/li>\n<li>Formato de se\u00f1al digital: DVB-T2, DVB-S, DVB-C, DVB-S2, DVB-T<\/li>\n<\/ul>\n<p><strong>Dise\u00f1o:<\/strong><\/p>\n<ul>\n<li>Montaje VESA: S\u00ed<\/li>\n<li>Interfaz de panel de montaje: 400 x 300<\/li>\n<li>Color del producto: Negro<\/li>\n<\/ul>\n<p><strong>Desempe\u00f1o:<\/strong><\/p>\n<ul>\n<li>Formatos de v\u00eddeo compatibles: VP8, MPEG1, VP9, MPEG2, HEVC, AVI, HEVC\/H.265, VC-1<\/li>\n<li>Formatos de compresi\u00f3n de video: H.264<\/li>\n<li>Alto Rango Din\u00e1mico (HDR): S\u00ed<\/li>\n<li>High Dynamic Range (HDR) technology: High Dynamic Range 10 (HDR10), High Dynamic Range 10+ (HDR10 Plus), Dolby Vision<\/li>\n<li>Formatos de audio soportados: AAC, FLAC, MP3, OPUS, PCM, WAV, WMA<\/li>\n<li>Formatos de imagen soportados: BMP, GIF, JPEG, PNG<\/li>\n<li>Grabaci\u00f3n USB: No<\/li>\n<\/ul>\n<p><strong>Smart TV:<\/strong><\/p>\n<ul>\n<li>HbbTV: S\u00ed<\/li>\n<li>Hybrid Broadcast Broadband TV (HbbTV) version: 2.0.3<\/li>\n<li>Aplicaciones de v\u00eddeo: DAZN, Disney+, Netflix, YouTube<\/li>\n<li>Aplicaciones de estilo de vida: Facebook<\/li>\n<li>TV por Internet: No<\/li>\n<li>Smart TV: S\u00ed<\/li>\n<\/ul>\n<p><strong>Conexi\u00f3n:<\/strong><\/p>\n<ul>\n<li>Wifi: S\u00ed<\/li>\n<li>Ethernet: S\u00ed<\/li>\n<li>Wi-Fi est\u00e1ndares: 802.11a, 802.11g, Wi-Fi 5 (802.11ac), 802.11b, Wi-Fi 4 (802.11n)<\/li>\n<li>Bluetooth: S\u00ed<\/li>\n<li>Versi\u00f3n de Bluetooth: 5.1<\/li>\n<\/ul>\n<\/div>\n","protected":false},"excerpt":{"rendered":"<p>NOMBRE DEL PRODUCTO: Marca: HISENSE Modelo: 65A6K EAN: 6942147491539 Exhibici\u00f3n: Relaci\u00f3n de aspecto nativa: 16:9 Raz\u00f3n de contraste (t\u00edpica): 1200:1<\/p>\n","protected":false},"featured_media":218804,"comment_status":"open","ping_status":"closed","template":"","meta":{"_joinchat":[]},"product_cat":[6464,7069,795],"product_tag":[],"class_list":{"0":"post-218797","1":"product","2":"type-product","3":"status-publish","4":"has-post-thumbnail","6":"product_cat-televisores-electronica","7":"product_cat-tv-60-79","8":"product_cat-electronica","10":"first","11":"instock","12":"taxable","13":"shipping-taxable","14":"purchasable","15":"product-type-simple"},"_links":{"self":[{"href":"https:\/\/desdropi.com\/elparque\/wp-json\/wp\/v2\/product\/218797"}],"collection":[{"href":"https:\/\/desdropi.com\/elparque\/wp-json\/wp\/v2\/product"}],"about":[{"href":"https:\/\/desdropi.com\/elparque\/wp-json\/wp\/v2\/types\/product"}],"replies":[{"embeddable":true,"href":"https:\/\/desdropi.com\/elparque\/wp-json\/wp\/v2\/comments?post=218797"}],"version-history":[{"count":0,"href":"https:\/\/desdropi.com\/elparque\/wp-json\/wp\/v2\/product\/218797\/revisions"}],"wp:featuredmedia":[{"embeddable":true,"href":"https:\/\/desdropi.com\/elparque\/wp-json\/wp\/v2\/media\/218804"}],"wp:attachment":[{"href":"https:\/\/desdropi.com\/elparque\/wp-json\/wp\/v2\/media?parent=218797"}],"wp:term":[{"taxonomy":"product_cat","embeddable":true,"href":"https:\/\/desdropi.com\/elparque\/wp-json\/wp\/v2\/product_cat?post=218797"},{"taxonomy":"product_tag","embeddable":true,"href":"https:\/\/desdropi.com\/elparque\/wp-json\/wp\/v2\/product_tag?post=218797"}],"curies":[{"name":"wp","href":"https:\/\/api.w.org\/{rel}","templated":true}]}}