{"id":218814,"date":"2024-04-15T19:58:03","date_gmt":"2024-04-15T17:58:03","guid":{"rendered":"https:\/\/desdropi.com\/elparque\/?post_type=product&#038;p=218814"},"modified":"2024-05-17T13:03:26","modified_gmt":"2024-05-17T11:03:26","slug":"tv-sony-65-xr65a80l-uhd-oled-100hz-google-tv","status":"publish","type":"product","link":"https:\/\/desdropi.com\/elparque\/tv-sony-65-xr65a80l-uhd-oled-100hz-google-tv\/","title":{"rendered":"TV SONY 65&#8243; XR65A80L UHD OLED 100HZ GOOGLE TV"},"content":{"rendered":"<div class=\"descripcion-tab\">\n<ul>\n<li><strong>Nombre del producto<\/strong>: SONY XR65A80LAEP<\/li>\n<li><strong>Marca<\/strong>: SONY<\/li>\n<li><strong>Modelo<\/strong>: XR65A80LAEP<\/li>\n<li><strong>EAN<\/strong>: 4548736150683<\/li>\n<\/ul>\n<p><strong>Exhibici\u00f3n:<\/strong><\/p>\n<ul>\n<li>Pulgadas: 65&#8243;<\/li>\n<li>Diagonal de pantalla: 164 cm<\/li>\n<li>Resoluci\u00f3n de la pantalla: 3840 x 2160<\/li>\n<li>Tecnolog\u00eda del panel: OLED<\/li>\n<li>Relaci\u00f3n de aspecto nativa: 16:9<\/li>\n<li>Formatos gr\u00e1ficos soportados: 3840 x 2160<\/li>\n<li>Retroiluminaci\u00f3n del panel: OLED<\/li>\n<li>Resoluci\u00f3n: 4K Ultra HD<\/li>\n<li>Forma de la pantalla: Plana<\/li>\n<\/ul>\n<p><strong>Audio:<\/strong><\/p>\n<ul>\n<li>N\u00famero de altavoces: 5<\/li>\n<li>Potencia estimada RMS: 50<\/li>\n<li>Decodificadores incorporados: Dolby Atmos<\/li>\n<li>Modos de sonido: Cine, Di\u00e1logo, Dolby Audio, M\u00fasica, Deportes, Est\u00e1ndar<\/li>\n<li>Enhanced Audio Return Channel (eARC): S\u00ed<\/li>\n<\/ul>\n<p><strong>Puertos e Interfaces:<\/strong><\/p>\n<ul>\n<li>Interfaz com\u00fan Plus (CI+): S\u00ed<\/li>\n<li>N\u00famero de puertos RF: 1<\/li>\n<li>Audio digital, salida \u00f3ptica: 1<\/li>\n<li>Entrada de audio (L,R): 1<\/li>\n<li>Entrada de video compuesto: 1<\/li>\n<li>Cantidad de puertos USB 2.0: 2<\/li>\n<li>Ethernet LAN (RJ-45) cantidad de puertos: 1<\/li>\n<li>HDCP: S\u00ed<\/li>\n<li>Canal de retorno de audio (ARC): S\u00ed<\/li>\n<li>N\u00famero de puertos HDMI: 4<\/li>\n<\/ul>\n<p><strong>Peso y dimensiones:<\/strong><\/p>\n<ul>\n<li>Ancho del soporte: 116,4 mm<\/li>\n<li>Peso (sin base): 23,3 kg<\/li>\n<li>Altura (sin base): 32,7 mm<\/li>\n<li>Profundidad (sin base): 86,2 mm<\/li>\n<li>Ancho (sin base): 144,8 mm<\/li>\n<li>Peso (con soporte): 24,2 kg<\/li>\n<li>Altura del dispositivo (con soporte): 53 mm<\/li>\n<li>Profundidad dispositivo (con soporte): 836 mm<\/li>\n<li>Ancho del dispositivo (con soporte): 1448 mm<\/li>\n<li>Rango de pulgadas: De 65 a 75<\/li>\n<\/ul>\n<p><strong>Control de energ\u00eda:<\/strong><\/p>\n<ul>\n<li>Clase de eficiencia energ\u00e9tica (SDR): F<\/li>\n<li>Clase de eficiencia energ\u00e9tica (HDR): G<\/li>\n<li>Consumo de energ\u00eda (SDR) por 1000 horas: 96 kWh<\/li>\n<li>Consumo de energ\u00eda (HDR) por 1000 horas: 112 kWh<\/li>\n<li>Modo de ahorro de energ\u00eda: S\u00ed<\/li>\n<li>Frecuencia de entrada AC: 50 Hz<\/li>\n<li>Voltaje de entrada AC: 220 &#8211; 240 V<\/li>\n<li>Consumo de energ\u00eda (inactivo): 0,5 W<\/li>\n<li>Consumo energ\u00e9tico: 460 W<\/li>\n<\/ul>\n<p><strong>Empaquetado:<\/strong><\/p>\n<ul>\n<li>Peso del paquete: 32 kg<\/li>\n<li>Altura del paquete: 180 mm<\/li>\n<li>Profundidad del paquete: 958 mm<\/li>\n<li>Ancho del paquete: 1574 mm<\/li>\n<li>Mando a distancia incluido: S\u00ed<\/li>\n<li>Cables incluidos: Corriente alterna<\/li>\n<li>Soporte de sobremesa: S\u00ed<\/li>\n<\/ul>\n<p><strong>Sintonizador de TV:<\/strong><\/p>\n<ul>\n<li>Tipo de sintonizador: Anal\u00f3gico y digital<\/li>\n<li>Se\u00f1al anal\u00f3gica: PAL, SECAM<\/li>\n<li>TV bandas soportadas: VHF, UHF<\/li>\n<li>Formato de se\u00f1al digital: DVB-T2, DVB-S, DVB-C, DVB-S2, DVB-T<\/li>\n<\/ul>\n<p><strong>Caracter\u00edsticas de administraci\u00f3n:<\/strong><\/p>\n<ul>\n<li>Temporizador Encendido\/Apagado: S\u00ed<\/li>\n<li>Temporizador de apagado: S\u00ed<\/li>\n<li>Apagado autom\u00e1tico: S\u00ed<\/li>\n<li>Exhibici\u00f3n en pantalla (OSD): S\u00ed<\/li>\n<li>Gu\u00eda electr\u00f3nica de programaci\u00f3n: S\u00ed<\/li>\n<li>Control por voz: S\u00ed<\/li>\n<\/ul>\n<p><strong>Dise\u00f1o:<\/strong><\/p>\n<ul>\n<li>Rollable display: No<\/li>\n<li>Color del producto: Negro<\/li>\n<li>Montaje VESA: S\u00ed (300 x 300)<\/li>\n<li>A\u00f1o de introducci\u00f3n: 2023<\/li>\n<\/ul>\n<p><strong>Desempe\u00f1o:<\/strong><\/p>\n<ul>\n<li>Alto Rango Din\u00e1mico (HDR): S\u00ed<\/li>\n<li>Tecnolog\u00eda de Alto Rango Din\u00e1mico (HDR): Hybrid Log-Gamma (HLG), High Dynamic Range 10 (HDR10), Dolby Vision<\/li>\n<li>Modo de juego: S\u00ed<\/li>\n<li>Funciones de teletexto: S\u00ed<\/li>\n<li>Teletexto: 1000<\/li>\n<li>Sensor de luz ambiental: S\u00ed<\/li>\n<li>Oscurecimiento local: S\u00ed<\/li>\n<li>Tecnolog\u00eda de procesamiento de imagen: Sony XR Super Resolution, Sony XR Triluminos Pro, Sony XR HDR Remaster, Sony XR Smoothing<\/li>\n<li>4K upscaler: S\u00ed<\/li>\n<li>Grabaci\u00f3n USB: S\u00ed<\/li>\n<li>Control parental: S\u00ed<\/li>\n<\/ul>\n<p><strong>Smart TV:<\/strong><\/p>\n<ul>\n<li>Versi\u00f3n de sistema operativo: Android 10<\/li>\n<li>Duplicaci\u00f3n de pantalla: S\u00ed<\/li>\n<li>Soporte de Apple AirPlay 2: S\u00ed<\/li>\n<li>Modos inteligentes: Cine, personalizado, Dolby Vision Bright, Dolby Vision Dark, Juego, Graphics, IMAX Enhanced, Netflix Calibrated, Foto, Est\u00e1ndar, Vivo<\/li>\n<li>Plataforma de distribuciones de aplicaciones: Google Play<\/li>\n<li>Aplicaciones de v\u00eddeo: 4oD, All 4, Amazon Prime Video, Apple TV, DAZN, Disney+, Freeview Play, Google TV, ITV Hub, My5, Rakuten TV, Vimeo, YouTube<\/li>\n<li>Aplicaciones de m\u00fasica: Classic FM, Spotify, YouTube Music<\/li>\n<li>Aplicaciones de deportes: BT Sport<\/li>\n<li>Aplicaciones de estilo de vida: Facebook, Google Apps, Skype<\/li>\n<li>TV por Internet: S\u00ed<\/li>\n<li>Smart TV: S\u00ed<\/li>\n<li>Sistema operativo instalado: Android<\/li>\n<\/ul>\n<p><strong>Conexi\u00f3n:<\/strong><\/p>\n<ul>\n<li>Wifi: S\u00ed<\/li>\n<li>Ethernet: S\u00ed<\/li>\n<li>Est\u00e1ndares de Wi-Fi: 802.11a, 802.11g, Wi-Fi 5 (802.11ac), 802.11b, Wi-Fi 4 (802.11n)<\/li>\n<li>Wi-Fi Direct: S\u00ed<\/li>\n<li>Bluetooth: S\u00ed<\/li>\n<li>Versi\u00f3n de Bluetooth: 4.2<\/li>\n<li>Perfiles de Bluetooth: A2DP, HID, HOGP, AVRCP, SPP<\/li>\n<li>Miracast: S\u00ed<\/li>\n<\/ul>\n<\/div>\n","protected":false},"excerpt":{"rendered":"<p>Nombre del producto: SONY XR65A80LAEP Marca: SONY Modelo: XR65A80LAEP EAN: 4548736150683 Exhibici\u00f3n: Pulgadas: 65&#8243; Diagonal de pantalla: 164 cm Resoluci\u00f3n<\/p>\n","protected":false},"featured_media":218817,"comment_status":"open","ping_status":"closed","template":"","meta":{"_joinchat":[]},"product_cat":[6464,7144,7069],"product_tag":[],"class_list":{"0":"post-218814","1":"product","2":"type-product","3":"status-publish","4":"has-post-thumbnail","6":"product_cat-televisores-electronica","7":"product_cat-uhd-4k","8":"product_cat-tv-60-79","10":"first","11":"instock","12":"sale","13":"taxable","14":"shipping-taxable","15":"purchasable","16":"product-type-simple"},"_links":{"self":[{"href":"https:\/\/desdropi.com\/elparque\/wp-json\/wp\/v2\/product\/218814"}],"collection":[{"href":"https:\/\/desdropi.com\/elparque\/wp-json\/wp\/v2\/product"}],"about":[{"href":"https:\/\/desdropi.com\/elparque\/wp-json\/wp\/v2\/types\/product"}],"replies":[{"embeddable":true,"href":"https:\/\/desdropi.com\/elparque\/wp-json\/wp\/v2\/comments?post=218814"}],"version-history":[{"count":0,"href":"https:\/\/desdropi.com\/elparque\/wp-json\/wp\/v2\/product\/218814\/revisions"}],"wp:featuredmedia":[{"embeddable":true,"href":"https:\/\/desdropi.com\/elparque\/wp-json\/wp\/v2\/media\/218817"}],"wp:attachment":[{"href":"https:\/\/desdropi.com\/elparque\/wp-json\/wp\/v2\/media?parent=218814"}],"wp:term":[{"taxonomy":"product_cat","embeddable":true,"href":"https:\/\/desdropi.com\/elparque\/wp-json\/wp\/v2\/product_cat?post=218814"},{"taxonomy":"product_tag","embeddable":true,"href":"https:\/\/desdropi.com\/elparque\/wp-json\/wp\/v2\/product_tag?post=218814"}],"curies":[{"name":"wp","href":"https:\/\/api.w.org\/{rel}","templated":true}]}}