{"id":218816,"date":"2024-04-15T20:01:38","date_gmt":"2024-04-15T18:01:38","guid":{"rendered":"https:\/\/desdropi.com\/elparque\/?post_type=product&#038;p=218816"},"modified":"2024-06-05T11:33:55","modified_gmt":"2024-06-05T09:33:55","slug":"tv-lg-65-65g26la-uhd-oled-alfa9-evo-4khfr120fps-2","status":"publish","type":"product","link":"https:\/\/desdropi.com\/elparque\/tv-lg-65-65g26la-uhd-oled-alfa9-evo-4khfr120fps-2\/","title":{"rendered":"TV LG 65&#8243; 65G26LA UHD OLED ALFA9 EVO+ 4KHFR120FPS"},"content":{"rendered":"<div class=\"descripcion-tab\">\n<strong>NOMBRE DEL PRODUCTO:<\/strong><\/p>\n<ul>\n<li><strong>Marca:<\/strong> LG<\/li>\n<li><strong>Modelo:<\/strong> OLED65G26LA<\/li>\n<li><strong>EAN:<\/strong> 8806091619099<\/li>\n<\/ul>\n<p><strong>Exhibici\u00f3n:<\/strong><\/p>\n<ul>\n<li>Pulgadas: 65&#8243;<\/li>\n<li>Resoluci\u00f3n de la pantalla: 3840 x 2160<\/li>\n<li>Tecnolog\u00eda del panel: OLED<\/li>\n<li>Relaci\u00f3n de aspecto nativa: 16:9<\/li>\n<li>Frecuencia nativa de refresco: 120<\/li>\n<li>Diagonal de pantalla: 165,1&#8243;<\/li>\n<li>Tipo de matriz: OLED<\/li>\n<li>Retroiluminaci\u00f3n del panel: OLED<\/li>\n<li>Resoluci\u00f3n: 4K Ultra HD<\/li>\n<li>Forma de la pantalla: Plana<\/li>\n<\/ul>\n<p><strong>Audio:<\/strong><\/p>\n<ul>\n<li>N\u00famero de altavoces: 4<\/li>\n<li>Potencia estimada RMS: 60<\/li>\n<li>Decodificadores incorporados: Dolby Atmos<\/li>\n<li>Modos de sonido: AI Sound Pro, Clear Voice Pro<\/li>\n<\/ul>\n<p><strong>Puertos e Interfaces:<\/strong><\/p>\n<ul>\n<li>PC (D-Sub): No<\/li>\n<li>N\u00famero de puertos HDMI: 4<\/li>\n<li>Versi\u00f3n HDMI: 2.1<\/li>\n<li>Ethernet LAN (RJ-45) cantidad de puertos: 1<\/li>\n<li>Cantidad de puertos USB 2.0: 3<\/li>\n<li>Audio digital, salida \u00f3ptica: 1<\/li>\n<li>N\u00famero de puertos RF: 2<\/li>\n<li>Interfaz com\u00fan: S\u00ed<\/li>\n<li>Interfaz com\u00fan Plus (CI+): S\u00ed<\/li>\n<li>Wireless Display de Intel\u00ae (Intel\u00ae WiDi): S\u00ed<\/li>\n<\/ul>\n<p><strong>Peso y dimensiones:<\/strong><\/p>\n<ul>\n<li>Ancho (sin base): 144,1<\/li>\n<li>Profundidad (sin base): 2,43<\/li>\n<li>Altura (sin base): 82,1<\/li>\n<li>Peso (sin base): 22,8<\/li>\n<li>Rango de pulgadas: De 65 a 75<\/li>\n<\/ul>\n<p><strong>Control de energ\u00eda:<\/strong><\/p>\n<ul>\n<li>Energy efficiency class (SDR): F<\/li>\n<li>Energy efficiency class (HDR): G<\/li>\n<li>Energy consumption (SDR) per 1000 hours: 95<\/li>\n<li>Energy consumption (HDR) per 1000 hours: 213<\/li>\n<li>Consumo de energ\u00eda (inactivo): 0,5<\/li>\n<li>Voltaje de entrada AC: 100 &#8211; 240<\/li>\n<li>Frecuencia de entrada AC: 50\/60<\/li>\n<li>Energy efficiency scale: De la A a la G<\/li>\n<\/ul>\n<p><strong>Empaquetado:<\/strong><\/p>\n<ul>\n<li>Mando a distancia incluido: S\u00ed<\/li>\n<li>Soporte de sobremesa: No<\/li>\n<li>Soporte de pared: S\u00ed<\/li>\n<\/ul>\n<p><strong>Sintonizador de la TV:<\/strong><\/p>\n<ul>\n<li>Tipo de sintonizador: Anal\u00f3gico y digital<\/li>\n<li>Formato de se\u00f1al digital: DVB-C, DVB-S, DVB-S2, DVB-T, DVB-T2<\/li>\n<\/ul>\n<p><strong>Caracter\u00edsticas de administraci\u00f3n:<\/strong><\/p>\n<ul>\n<li>Control por voz: S\u00ed<\/li>\n<\/ul>\n<p><strong>Dise\u00f1o:<\/strong><\/p>\n<ul>\n<li>Color del producto: Plata<\/li>\n<li>Montaje VESA: S\u00ed<\/li>\n<li>Dise\u00f1o sin marco: S\u00ed<\/li>\n<li>A\u00f1o del modelo: 2022<\/li>\n<\/ul>\n<p><strong>Desempe\u00f1o:<\/strong><\/p>\n<ul>\n<li>Alto Rango Din\u00e1mico (HDR): S\u00ed<\/li>\n<li>Modo de juego: S\u00ed<\/li>\n<li>High Dynamic Range (HDR) technology: Dolby Vision IQ, High Dynamic Range 10 Pro (HDR10 Pro), Hybrid Log-Gamma (HLG)<\/li>\n<li>Funciones de teletexto: S\u00ed<\/li>\n<li>Teletexto: 2000<\/li>\n<li>Reducci\u00f3n de ruido: No<\/li>\n<li>Tecnolog\u00eda de procesamiento de imagen: LG AI Picture Pro, LG True Color Accuracy Pro, LG Ultra Luminance Pro<\/li>\n<li>AMD FreeSync: S\u00ed<\/li>\n<li>Tipo de FreeSync de AMD: FreeSync Premium<\/li>\n<li>NVIDIA G-SYNC: S\u00ed<\/li>\n<li>Game features: Frecuencia de actualizaci\u00f3n variable (VRR, Variable Refresh Rate)<\/li>\n<li>4K upscaler: S\u00ed<\/li>\n<li>Grabaci\u00f3n USB: S\u00ed<\/li>\n<\/ul>\n<p><strong>Smart TV:<\/strong><\/p>\n<ul>\n<li>TV por Internet: S\u00ed<\/li>\n<li>Apple AirPlay 2 support: S\u00ed<\/li>\n<li>Grabaci\u00f3n diferida (timeshift): S\u00ed<\/li>\n<li>Modos inteligentes: Modo director<\/li>\n<li>Smart TV: S\u00ed<\/li>\n<li>Sistema operativo instalado: Web OS<\/li>\n<\/ul>\n<p><strong>Conexi\u00f3n:<\/strong><\/p>\n<ul>\n<li>Wifi: S\u00ed<\/li>\n<li>Ethernet: S\u00ed<\/li>\n<li>Wi-Fi est\u00e1ndares: Wi-Fi 6 (802.11ax)<\/li>\n<li>Bluetooth: S\u00ed<\/li>\n<li>Versi\u00f3n de Bluetooth: 5.0<\/li>\n<li>Miracast: S\u00ed<\/li>\n<li>Navegaci\u00f3n: S\u00ed<\/li>\n<li>Navegador web: S\u00ed<\/li>\n<\/ul>\n<\/div>\n","protected":false},"excerpt":{"rendered":"<p>NOMBRE DEL PRODUCTO: Marca: LG Modelo: OLED65G26LA EAN: 8806091619099 Exhibici\u00f3n: Pulgadas: 65&#8243; Resoluci\u00f3n de la pantalla: 3840 x 2160 Tecnolog\u00eda<\/p>\n","protected":false},"featured_media":218824,"comment_status":"open","ping_status":"closed","template":"","meta":{"_joinchat":[]},"product_cat":[6464,7144,7069,795],"product_tag":[],"class_list":{"0":"post-218816","1":"product","2":"type-product","3":"status-publish","4":"has-post-thumbnail","6":"product_cat-televisores-electronica","7":"product_cat-uhd-4k","8":"product_cat-tv-60-79","9":"product_cat-electronica","11":"first","12":"instock","13":"taxable","14":"shipping-taxable","15":"purchasable","16":"product-type-simple"},"_links":{"self":[{"href":"https:\/\/desdropi.com\/elparque\/wp-json\/wp\/v2\/product\/218816"}],"collection":[{"href":"https:\/\/desdropi.com\/elparque\/wp-json\/wp\/v2\/product"}],"about":[{"href":"https:\/\/desdropi.com\/elparque\/wp-json\/wp\/v2\/types\/product"}],"replies":[{"embeddable":true,"href":"https:\/\/desdropi.com\/elparque\/wp-json\/wp\/v2\/comments?post=218816"}],"version-history":[{"count":0,"href":"https:\/\/desdropi.com\/elparque\/wp-json\/wp\/v2\/product\/218816\/revisions"}],"wp:featuredmedia":[{"embeddable":true,"href":"https:\/\/desdropi.com\/elparque\/wp-json\/wp\/v2\/media\/218824"}],"wp:attachment":[{"href":"https:\/\/desdropi.com\/elparque\/wp-json\/wp\/v2\/media?parent=218816"}],"wp:term":[{"taxonomy":"product_cat","embeddable":true,"href":"https:\/\/desdropi.com\/elparque\/wp-json\/wp\/v2\/product_cat?post=218816"},{"taxonomy":"product_tag","embeddable":true,"href":"https:\/\/desdropi.com\/elparque\/wp-json\/wp\/v2\/product_tag?post=218816"}],"curies":[{"name":"wp","href":"https:\/\/api.w.org\/{rel}","templated":true}]}}