{"id":218870,"date":"2024-04-16T09:08:52","date_gmt":"2024-04-16T07:08:52","guid":{"rendered":"https:\/\/desdropi.com\/elparque\/?post_type=product&#038;p=218870"},"modified":"2024-05-17T13:03:29","modified_gmt":"2024-05-17T11:03:29","slug":"tv-haier-50-h50k702ug-uhd-android-bt","status":"publish","type":"product","link":"https:\/\/desdropi.com\/elparque\/tv-haier-50-h50k702ug-uhd-android-bt\/","title":{"rendered":"TV HAIER 50&#8243; H50K702UG UHD ANDROID BT"},"content":{"rendered":"<div class=\"descripcion-tab\">\n<div class=\"flex-1 overflow-hidden\">\n<div class=\"react-scroll-to-bottom--css-hgwck-79elbk h-full\">\n<div class=\"react-scroll-to-bottom--css-hgwck-1n7m0yu\">\n<div>\n<div class=\"flex flex-col text-sm pb-9\">\n<div class=\"w-full text-token-text-primary\" dir=\"auto\" data-testid=\"conversation-turn-13\">\n<div class=\"px-4 py-2 justify-center text-base md:gap-6 m-auto\">\n<div class=\"flex flex-1 text-base mx-auto gap-3 juice:gap-4 juice:md:gap-6 md:px-5 lg:px-1 xl:px-5 md:max-w-3xl lg:max-w-[40rem] xl:max-w-[48rem]\">\n<div class=\"relative flex w-full flex-col agent-turn\">\n<div class=\"flex-col gap-1 md:gap-3\">\n<div class=\"flex flex-grow flex-col max-w-full\">\n<div class=\"min-h-[20px] text-message flex flex-col items-start gap-3 whitespace-pre-wrap break-words [.text-message+&amp;]:mt-5 overflow-x-auto\" dir=\"auto\" data-message-author-role=\"assistant\" data-message-id=\"bb8336bb-ced5-4771-9b2a-f8c510863cdb\">\n<div class=\"markdown prose w-full break-words dark:prose-invert light\">\n<ul>\n<li><strong>Nombre del producto<\/strong>: HAIER H50K702UG<\/li>\n<li><strong>Marca<\/strong>: HAIER<\/li>\n<li><strong>Modelo<\/strong>: H50K702UG<\/li>\n<li><strong>EAN<\/strong>: 6971926012122<\/li>\n<\/ul>\n<p><strong>Exhibici\u00f3n:<\/strong><\/p>\n<ul>\n<li>Resoluci\u00f3n de la pantalla: 3840 x 2160 Pixeles<\/li>\n<li>Profundidad de color: 8 bit<\/li>\n<li>Relaci\u00f3n de aspecto: 16:9<\/li>\n<li>Brillo de pantalla: 350 nits<\/li>\n<li>Tiempo de respuesta: 8 ms<\/li>\n<li>Frecuencia nativa de refresco: 60 Hz<\/li>\n<li>\u00c1ngulo de visi\u00f3n, horizontal: 176\u00b0<\/li>\n<li>\u00c1ngulo de visi\u00f3n, vertical: 176\u00b0<\/li>\n<li>Diagonal de pantalla: 127 cm<\/li>\n<li>Tipo de matriz: IPS<\/li>\n<li>Pulgadas: 50&#8243;<\/li>\n<li>Tecnolog\u00eda del panel: LED<\/li>\n<li>Retroiluminaci\u00f3n del panel: Direct LED<\/li>\n<li>Resoluci\u00f3n: 4K Ultra HD<\/li>\n<li>Forma de la pantalla: Plana<\/li>\n<li>3D: No<\/li>\n<\/ul>\n<p><strong>Audio:<\/strong><\/p>\n<ul>\n<li>Altavoces incorporados: S\u00ed<\/li>\n<li>N\u00famero de altavoces: 2<\/li>\n<li>Potencia estimada RMS: 20 W<\/li>\n<li>Tecnolog\u00edas de decodificaci\u00f3n de audio: Dolby Digital Plus, Dolby Audio, DTS, DTS HD, DTS X<\/li>\n<\/ul>\n<p><strong>Puertos e Interfaces:<\/strong><\/p>\n<ul>\n<li>Interfaz com\u00fan Plus (CI+): S\u00ed<\/li>\n<li>Versi\u00f3n Common interface Plus (CI+): 1.3<\/li>\n<li>N\u00famero de puertos HDMI: 4<\/li>\n<li>Versi\u00f3n HDMI: 2.1<\/li>\n<li>Cantidad de puertos USB 2.0: 2<\/li>\n<li>Entrada de audio (L,R): 1<\/li>\n<li>Entrada de video compuesto: 1<\/li>\n<li>Ethernet LAN (RJ-45) cantidad de puertos: 1<\/li>\n<li>Puerto DVI: No<\/li>\n<li>Audio digital, salida \u00f3ptica: 1<\/li>\n<\/ul>\n<p><strong>Peso y dimensiones:<\/strong><\/p>\n<ul>\n<li>Peso: 6,87 kg<\/li>\n<li>Peso con stand: 7,1 kg<\/li>\n<li>Ancho: 1115,8 mm<\/li>\n<li>Ancho del dispositivo (con soporte): 1115,8 mm<\/li>\n<li>Profundidad: 81 mm<\/li>\n<li>Profundidad dispositivo (con soporte): 265,2 mm<\/li>\n<li>Altura: 629 mm<\/li>\n<li>Altura del dispositivo (con soporte): 651,8 mm<\/li>\n<li>Rango de pulgadas: De 50 a 60<\/li>\n<\/ul>\n<p><strong>Control de energ\u00eda:<\/strong><\/p>\n<ul>\n<li>Frecuencia de entrada AC: 50 &#8211; 60 Hz<\/li>\n<li>Voltaje de entrada AC: 220 &#8211; 240 V<\/li>\n<li>Consumo de energ\u00eda (inactivo): 0,5 W<\/li>\n<li>Consumo energ\u00e9tico: 95 W<\/li>\n<li>Clase de eficiencia energ\u00e9tica (SDR): G<\/li>\n<\/ul>\n<p><strong>Red:<\/strong><\/p>\n<ul>\n<li>Wifi: S\u00ed<\/li>\n<\/ul>\n<p><strong>Empaquetado:<\/strong><\/p>\n<ul>\n<li>Sintonizador de la TV<\/li>\n<li>Tipo de sintonizador: Anal\u00f3gico y digital<\/li>\n<li>Formato de se\u00f1al digital: DVB-C, DVB-S, DVB-S2, DVB-T, DVB-T2<\/li>\n<li>Gu\u00eda de configuraci\u00f3n r\u00e1pida: S\u00ed<\/li>\n<li>Soporte de sobremesa: S\u00ed<\/li>\n<li>Mando a distancia: S\u00ed<\/li>\n<\/ul>\n<p><strong>Caracter\u00edsticas de administraci\u00f3n:<\/strong><\/p>\n<ul>\n<li>Modo hotel: S\u00ed<\/li>\n<\/ul>\n<p><strong>Dise\u00f1o:<\/strong><\/p>\n<ul>\n<li>Montaje VESA: S\u00ed (200 x 200 mm)<\/li>\n<li>Color del producto: Negro<\/li>\n<\/ul>\n<p><strong>Desempe\u00f1o:<\/strong><\/p>\n<ul>\n<li>Hybrid Log Gamma (HLG): S\u00ed<\/li>\n<li>HDR: S\u00ed<\/li>\n<li>Reducci\u00f3n de ruido: S\u00ed<\/li>\n<\/ul>\n<p><strong>Smart TV:<\/strong><\/p>\n<ul>\n<li>HbbTV: S\u00ed<\/li>\n<li>Smart TV: S\u00ed<\/li>\n<li>Sistema operativo instalado: Android TV 11.0<\/li>\n<\/ul>\n<p><strong>Conexi\u00f3n:<\/strong><\/p>\n<ul>\n<li>Wifi: S\u00ed<\/li>\n<li>Ethernet: S\u00ed<\/li>\n<li>Wi-Fi est\u00e1ndares: 802.11b, 802.11g, 802.11n<\/li>\n<\/ul>\n<\/div>\n<\/div>\n<\/div>\n<div class=\"mt-1 flex gap-3 empty:hidden\">\n<div class=\"text-gray-400 flex self-end lg:self-center items-center justify-center lg:justify-start mt-0 -ml-1 h-7 gap-[2px] visible\">\n<p>&nbsp;<\/p>\n<div class=\"flex items-center gap-1.5 text-xs\"><\/div>\n<div class=\"flex\"><\/div>\n<\/div>\n<\/div>\n<div class=\"pr-2 lg:pr-0\"><\/div>\n<\/div>\n<div class=\"absolute\">\n<div class=\"flex w-full gap-2 items-center justify-center\"><\/div>\n<\/div>\n<\/div>\n<\/div>\n<\/div>\n<\/div>\n<\/div>\n<\/div>\n<\/div>\n<\/div>\n<\/div>\n<div class=\"w-full pt-2 md:pt-0 dark:border-white\/20 md:border-transparent md:dark:border-transparent md:w-[calc(100%-.5rem)]\">\n<form class=\"stretch mx-2 flex flex-row gap-3 last:mb-2 md:mx-4 md:last:mb-6 lg:mx-auto lg:max-w-2xl xl:max-w-3xl\">\n<div class=\"relative flex h-full flex-1 flex-col\">\n<div class=\"absolute bottom-full left-0 right-0\"><\/div>\n<div class=\"flex w-full items-center\"><\/div>\n<\/div>\n<\/form>\n<\/div>\n<\/div>\n","protected":false},"excerpt":{"rendered":"<p>Nombre del producto: HAIER H50K702UG Marca: HAIER Modelo: H50K702UG EAN: 6971926012122 Exhibici\u00f3n: Resoluci\u00f3n de la pantalla: 3840 x 2160 Pixeles<\/p>\n","protected":false},"featured_media":218776,"comment_status":"open","ping_status":"closed","template":"","meta":{"_joinchat":[]},"product_cat":[795,7145,7068],"product_tag":[],"class_list":{"0":"post-218870","1":"product","2":"type-product","3":"status-publish","4":"has-post-thumbnail","6":"product_cat-electronica","7":"product_cat-hd","8":"product_cat-tv-40-59","10":"first","11":"instock","12":"sale","13":"taxable","14":"shipping-taxable","15":"purchasable","16":"product-type-simple"},"_links":{"self":[{"href":"https:\/\/desdropi.com\/elparque\/wp-json\/wp\/v2\/product\/218870"}],"collection":[{"href":"https:\/\/desdropi.com\/elparque\/wp-json\/wp\/v2\/product"}],"about":[{"href":"https:\/\/desdropi.com\/elparque\/wp-json\/wp\/v2\/types\/product"}],"replies":[{"embeddable":true,"href":"https:\/\/desdropi.com\/elparque\/wp-json\/wp\/v2\/comments?post=218870"}],"version-history":[{"count":0,"href":"https:\/\/desdropi.com\/elparque\/wp-json\/wp\/v2\/product\/218870\/revisions"}],"wp:featuredmedia":[{"embeddable":true,"href":"https:\/\/desdropi.com\/elparque\/wp-json\/wp\/v2\/media\/218776"}],"wp:attachment":[{"href":"https:\/\/desdropi.com\/elparque\/wp-json\/wp\/v2\/media?parent=218870"}],"wp:term":[{"taxonomy":"product_cat","embeddable":true,"href":"https:\/\/desdropi.com\/elparque\/wp-json\/wp\/v2\/product_cat?post=218870"},{"taxonomy":"product_tag","embeddable":true,"href":"https:\/\/desdropi.com\/elparque\/wp-json\/wp\/v2\/product_tag?post=218870"}],"curies":[{"name":"wp","href":"https:\/\/api.w.org\/{rel}","templated":true}]}}