{"id":218872,"date":"2024-04-16T09:17:36","date_gmt":"2024-04-16T07:17:36","guid":{"rendered":"https:\/\/desdropi.com\/elparque\/?post_type=product&#038;p=218872"},"modified":"2024-05-17T13:03:29","modified_gmt":"2024-05-17T11:03:29","slug":"tv-tcl-50-50c805-uhd-miniled-qled-googletv-144hz","status":"publish","type":"product","link":"https:\/\/desdropi.com\/elparque\/tv-tcl-50-50c805-uhd-miniled-qled-googletv-144hz\/","title":{"rendered":"TV TCL 50&#8243; 50C805 UHD MINILED QLED GOOGLETV 144HZ"},"content":{"rendered":"<div class=\"descripcion-tab\">\n<div class=\"flex-1 overflow-hidden\">\n<div class=\"react-scroll-to-bottom--css-hgwck-79elbk h-full\">\n<div class=\"react-scroll-to-bottom--css-hgwck-1n7m0yu\">\n<div>\n<div class=\"flex flex-col text-sm pb-9\">\n<div class=\"w-full text-token-text-primary\" dir=\"auto\" data-testid=\"conversation-turn-15\">\n<div class=\"px-4 py-2 justify-center text-base md:gap-6 m-auto\">\n<div class=\"flex flex-1 text-base mx-auto gap-3 juice:gap-4 juice:md:gap-6 md:px-5 lg:px-1 xl:px-5 md:max-w-3xl lg:max-w-[40rem] xl:max-w-[48rem]\">\n<div class=\"relative flex w-full flex-col agent-turn\">\n<div class=\"flex-col gap-1 md:gap-3\">\n<div class=\"flex flex-grow flex-col max-w-full\">\n<div class=\"min-h-[20px] text-message flex flex-col items-start gap-3 whitespace-pre-wrap break-words [.text-message+&amp;]:mt-5 overflow-x-auto\" dir=\"auto\" data-message-author-role=\"assistant\" data-message-id=\"ec066394-dbe6-46d4-8d8a-12be3d52f5d0\">\n<div class=\"markdown prose w-full break-words dark:prose-invert light\">\n<ul>\n<li><strong>Nombre del producto:<\/strong> TCL 50C805<\/li>\n<li><strong>Marca:<\/strong> TCL<\/li>\n<li><strong>Modelo:<\/strong> 50C805<\/li>\n<li><strong>EAN:<\/strong> 5901292521486<\/li>\n<\/ul>\n<p><strong>Exhibici\u00f3n:<\/strong><\/p>\n<ul>\n<li>Relaci\u00f3n de aspecto nativa: 16:9<\/li>\n<li>Tiempo de respuesta: 15<\/li>\n<li>Tecnolog\u00eda de interpolaci\u00f3n de movimiento: PPI (Picture Performance Index) 3100<\/li>\n<li>Frecuencia nativa de refresco: 144<\/li>\n<li>Nombre comercial de la relaci\u00f3n de contraste din\u00e1mico: Mega<\/li>\n<li>Diagonal de pantalla: 127 cm<\/li>\n<li>Relaci\u00f3n de luminosidad m\u00e1xima: 1300 nits<\/li>\n<li>Pulgadas: 50&#8243;<\/li>\n<li>Resoluci\u00f3n: 4K Ultra HD<\/li>\n<li>Resoluci\u00f3n de la pantalla: 3840 x 2160<\/li>\n<li>Tecnolog\u00eda del panel: QLED<\/li>\n<li>Retroiluminaci\u00f3n del panel: MiniLED<\/li>\n<li>Forma de la pantalla: Plana<\/li>\n<\/ul>\n<p><strong>Audio:<\/strong><\/p>\n<ul>\n<li>N\u00famero de altavoces: 2<\/li>\n<li>Potencia estimada RMS: 20 W<\/li>\n<li>Canales de salida de audio: 2.0<\/li>\n<li>Decodificadores incorporados: Dolby Atmos, Virtualization &amp; Upmix<\/li>\n<li>Tecnolog\u00edas de decodificaci\u00f3n de audio: Dolby AC4, Dolby TrueHD<\/li>\n<li>Ecualizador: 7 bandas<\/li>\n<li>Nivelador autom\u00e1tico de volumen: S\u00ed<\/li>\n<li>Enhanced Audio Return Channel (eARC): S\u00ed<\/li>\n<\/ul>\n<p><strong>Puertos e Interfaces:<\/strong><\/p>\n<ul>\n<li>N\u00famero de puertos HDMI: 4<\/li>\n<li>Cambio r\u00e1pido entre entradas HDMI: S\u00ed<\/li>\n<li>HDCP: S\u00ed<\/li>\n<li>Ethernet LAN (RJ-45) cantidad de puertos: 1<\/li>\n<li>Cantidad de puertos tipo A USB 3.2 Gen 1: 1<\/li>\n<li>Audio digital, salida \u00f3ptica: 1<\/li>\n<li>Salidas para auriculares: 1<\/li>\n<li>Interfaz com\u00fan: S\u00ed<\/li>\n<\/ul>\n<p><strong>Peso y dimensiones:<\/strong><\/p>\n<ul>\n<li>Ancho del dispositivo (con soporte): 1112 mm<\/li>\n<li>Profundidad dispositivo (con soporte): 265 mm<\/li>\n<li>Altura del dispositivo (con soporte): 700 mm<\/li>\n<li>Peso (con soporte): 10,5 kg<\/li>\n<li>Ancho (sin base): 111,2 mm<\/li>\n<li>Profundidad (sin base): 10,1 mm<\/li>\n<li>Altura (sin base): 64,8 mm<\/li>\n<li>Peso (sin base): 10,3 kg<\/li>\n<li>Rango de pulgadas: De 50 a 60<\/li>\n<\/ul>\n<p><strong>Control de energ\u00eda:<\/strong><\/p>\n<ul>\n<li>Clase de eficiencia energ\u00e9tica (SDR): G<\/li>\n<li>Clase de eficiencia energ\u00e9tica (HDR): G<\/li>\n<li>Consumo de energ\u00eda (inactivo): 0,5 W<\/li>\n<li>Voltaje de entrada AC: 220-240 V<\/li>\n<li>Frecuencia de entrada AC: 50 Hz<\/li>\n<li>Consumo de energ\u00eda (SDR) por 1000 horas: 71 W<\/li>\n<li>Consumo de energ\u00eda (HDR) por 1000 horas: 185 W<\/li>\n<li>Escala de eficiencia energ\u00e9tica: De la A a la G<\/li>\n<\/ul>\n<p><strong>Empaquetado:<\/strong><\/p>\n<ul>\n<li>Soporte de sobremesa: S\u00ed<\/li>\n<li>Cables incluidos: Corriente alterna<\/li>\n<li>Mando a distancia incluido: S\u00ed<\/li>\n<li>Tipo de control remoto: RC833<\/li>\n<li>Ancho del paquete: 1265 mm<\/li>\n<li>Profundidad del paquete: 126 mm<\/li>\n<li>Altura del paquete: 770 mm<\/li>\n<li>Peso del paquete: 13,6 kg<\/li>\n<\/ul>\n<p><strong>Sintonizador de la TV:<\/strong><\/p>\n<ul>\n<li>Tipo de sintonizador: Anal\u00f3gico y digital<\/li>\n<li>Se\u00f1al anal\u00f3gica: NTSC, PAL BG, PAL DK, PAL I, PAL L, SECAM B\/G, SECAM D\/K, SECAM L<\/li>\n<li>Autob\u00fasqueda de canal: S\u00ed<\/li>\n<li>Formato de se\u00f1al digital: DVB-S2, DVB-T2, DVB-C<\/li>\n<\/ul>\n<p><strong>Caracter\u00edsticas de administraci\u00f3n:<\/strong><\/p>\n<ul>\n<li>Exhibici\u00f3n en pantalla (OSD): S\u00ed<\/li>\n<li>Apagado autom\u00e1tico: S\u00ed<\/li>\n<li>Temporizador de apagado: S\u00ed<\/li>\n<li>N\u00famero de lenguajes OSD: 29<\/li>\n<\/ul>\n<p><strong>Dise\u00f1o:<\/strong><\/p>\n<ul>\n<li>Color del producto: Titanio cepillado<\/li>\n<li>Montaje VESA: S\u00ed (300 x 300)<\/li>\n<li>Dise\u00f1o sin marco: S\u00ed<\/li>\n<li>Introduction year: 2023<\/li>\n<li>Color del soporte: Negro<\/li>\n<\/ul>\n<p><strong>Desempe\u00f1o:<\/strong><\/p>\n<ul>\n<li>Soporte remoto inteligente: S\u00ed<\/li>\n<li>Alto Rango Din\u00e1mico (HDR): S\u00ed<\/li>\n<li>High Dynamic Range (HDR) technology: HDR10, HDR10 Plus, Hybrid Log-Gamma (HLG)<\/li>\n<li>Modo de juego: S\u00ed<\/li>\n<li>Funciones de teletexto: S\u00ed<\/li>\n<li>Funci\u00f3n de subt\u00edtulos: S\u00ed<\/li>\n<li>Tecnolog\u00eda de procesamiento de imagen: TCL AiPQ 3.0 Engine<\/li>\n<li>Reducci\u00f3n de ruido: S\u00ed<\/li>\n<li>Game features: Modo autom\u00e1tico de baja latencia (ALLM)<\/li>\n<li>4K upscaler: S\u00ed<\/li>\n<li>N\u00famero de n\u00facleos de procesador: 4<\/li>\n<\/ul>\n<p><strong>Smart TV:<\/strong><\/p>\n<ul>\n<li>Versi\u00f3n de sistema operativo: ATV 12.0<\/li>\n<li>HbbTV: S\u00ed<\/li>\n<li>Hybrid Broadcast Broadband TV (HbbTV) version: 2.0.3<\/li>\n<li>Chromecast integrado: S\u00ed<\/li>\n<li>Plataforma de distribuciones de aplicaciones: Google Play<\/li>\n<li>Aplicaciones de v\u00eddeo: Amazon Prime Video, Apple TV, Netflix, Twitch, YouTube y m\u00e1s<\/li>\n<li>Aplicaciones de m\u00fasica: Spotify<\/li>\n<li>Smart TV: S\u00ed<\/li>\n<li>Sistema operativo instalado: Google TV<\/li>\n<\/ul>\n<p><strong>Conexi\u00f3n:<\/strong><\/p>\n<ul>\n<li>Wifi: S\u00ed<\/li>\n<li>Ethernet: S\u00ed<\/li>\n<li>Wi-Fi est\u00e1ndares: 802.11a, 802.11b, 802.11g, Wi-Fi 4 (802.11n), Wi-Fi 5 (802.11ac)<\/li>\n<li>Bluetooth: S\u00ed<\/li>\n<li>Perfiles de Bluetooth: A2DP, HID<\/li>\n<li>Soporte HID: S\u00ed<\/li>\n<\/ul>\n<\/div>\n<\/div>\n<\/div>\n<div class=\"mt-1 flex gap-3 empty:hidden\">\n<div class=\"text-gray-400 flex self-end lg:self-center items-center justify-center lg:justify-start mt-0 -ml-1 h-7 gap-[2px] visible\">\n<p>&nbsp;<\/p>\n<div class=\"flex items-center gap-1.5 text-xs\"><\/div>\n<div class=\"flex\"><\/div>\n<\/div>\n<\/div>\n<div class=\"pr-2 lg:pr-0\"><\/div>\n<\/div>\n<div class=\"absolute\">\n<div class=\"flex w-full gap-2 items-center justify-center\"><\/div>\n<\/div>\n<\/div>\n<\/div>\n<\/div>\n<\/div>\n<\/div>\n<\/div>\n<\/div>\n<\/div>\n<\/div>\n<div class=\"w-full pt-2 md:pt-0 dark:border-white\/20 md:border-transparent md:dark:border-transparent md:w-[calc(100%-.5rem)]\">\n<form class=\"stretch mx-2 flex flex-row gap-3 last:mb-2 md:mx-4 md:last:mb-6 lg:mx-auto lg:max-w-2xl xl:max-w-3xl\">\n<div class=\"relative flex h-full flex-1 flex-col\">\n<div class=\"absolute bottom-full left-0 right-0\"><\/div>\n<div class=\"flex w-full items-center\"><\/div>\n<\/div>\n<\/form>\n<\/div>\n<\/div>\n","protected":false},"excerpt":{"rendered":"<p>Nombre del producto: TCL 50C805 Marca: TCL Modelo: 50C805 EAN: 5901292521486 Exhibici\u00f3n: Relaci\u00f3n de aspecto nativa: 16:9 Tiempo de respuesta:<\/p>\n","protected":false},"featured_media":218873,"comment_status":"open","ping_status":"closed","template":"","meta":{"_joinchat":[]},"product_cat":[795,6464,7144,7068],"product_tag":[],"class_list":{"0":"post-218872","1":"product","2":"type-product","3":"status-publish","4":"has-post-thumbnail","6":"product_cat-electronica","7":"product_cat-televisores-electronica","8":"product_cat-uhd-4k","9":"product_cat-tv-40-59","11":"first","12":"instock","13":"sale","14":"taxable","15":"shipping-taxable","16":"purchasable","17":"product-type-simple"},"_links":{"self":[{"href":"https:\/\/desdropi.com\/elparque\/wp-json\/wp\/v2\/product\/218872"}],"collection":[{"href":"https:\/\/desdropi.com\/elparque\/wp-json\/wp\/v2\/product"}],"about":[{"href":"https:\/\/desdropi.com\/elparque\/wp-json\/wp\/v2\/types\/product"}],"replies":[{"embeddable":true,"href":"https:\/\/desdropi.com\/elparque\/wp-json\/wp\/v2\/comments?post=218872"}],"version-history":[{"count":0,"href":"https:\/\/desdropi.com\/elparque\/wp-json\/wp\/v2\/product\/218872\/revisions"}],"wp:featuredmedia":[{"embeddable":true,"href":"https:\/\/desdropi.com\/elparque\/wp-json\/wp\/v2\/media\/218873"}],"wp:attachment":[{"href":"https:\/\/desdropi.com\/elparque\/wp-json\/wp\/v2\/media?parent=218872"}],"wp:term":[{"taxonomy":"product_cat","embeddable":true,"href":"https:\/\/desdropi.com\/elparque\/wp-json\/wp\/v2\/product_cat?post=218872"},{"taxonomy":"product_tag","embeddable":true,"href":"https:\/\/desdropi.com\/elparque\/wp-json\/wp\/v2\/product_tag?post=218872"}],"curies":[{"name":"wp","href":"https:\/\/api.w.org\/{rel}","templated":true}]}}