{"id":218880,"date":"2024-04-16T09:28:34","date_gmt":"2024-04-16T07:28:34","guid":{"rendered":"https:\/\/desdropi.com\/elparque\/?post_type=product&#038;p=218880"},"modified":"2024-05-17T13:03:29","modified_gmt":"2024-05-17T11:03:29","slug":"tv-tcl-55-55c745-uhd-qled-fullarray-googletv-144h","status":"publish","type":"product","link":"https:\/\/desdropi.com\/elparque\/tv-tcl-55-55c745-uhd-qled-fullarray-googletv-144h\/","title":{"rendered":"TV TCL 55&#8243; 55C745 UHD QLED FULLARRAY GOOGLETV 144H"},"content":{"rendered":"<div class=\"descripcion-tab\">\n<ul>\n<li><strong>Nombre del producto:<\/strong> TCL 55C745<\/li>\n<li><strong>Marca:<\/strong> TCL<\/li>\n<li><strong>Modelo:<\/strong> 55C745<\/li>\n<li><strong>EAN:<\/strong> 5901292519643<\/li>\n<\/ul>\n<p><strong>Exhibici\u00f3n:<\/strong><\/p>\n<ul>\n<li>Relaci\u00f3n de aspecto nativa: 16:9<\/li>\n<li>Tecnolog\u00eda de interpolaci\u00f3n de movimiento: PPI (Picture Performance Index) 3900<\/li>\n<li>Frecuencia nativa de refresco: 144 Hz<\/li>\n<li>Nombre comercial de la relaci\u00f3n de contraste din\u00e1mico: Mega Contrast<\/li>\n<li>Diagonal de pantalla: 139,7 cm<\/li>\n<li>Relaci\u00f3n de luminosidad m\u00e1xima: 65<\/li>\n<li>Profundidad de color: 10 bits<\/li>\n<li>Tipo de matriz: VA<\/li>\n<li>Mejora de la imagen: Aprendizaje autom\u00e1tico UHD IA SR<\/li>\n<li>Pulgadas: 55&#8243;<\/li>\n<li>Resoluci\u00f3n: 4K Ultra HD<\/li>\n<li>Resoluci\u00f3n de la pantalla: 3840 x 2160<\/li>\n<li>Tecnolog\u00eda del panel: QLED<\/li>\n<li>Retroiluminaci\u00f3n del panel: Full Array Local Dimming<\/li>\n<li>Forma de la pantalla: Plana<\/li>\n<\/ul>\n<p><strong>Audio:<\/strong><\/p>\n<ul>\n<li>N\u00famero de altavoces: 2<\/li>\n<li>Potencia estimada RMS: 30 W<\/li>\n<li>Decodificadores incorporados: DTS, Dolby Atmos<\/li>\n<li>Tecnolog\u00edas de decodificaci\u00f3n de audio: Dolby Atmos, DTS Virtual-X, Virtualization &amp; upmix, Dolby AC4, Dolby TrueHD<\/li>\n<li>Ecualizador: S\u00ed<\/li>\n<li>Nivelador autom\u00e1tico de volumen: S\u00ed<\/li>\n<li>Enhanced Audio Return Channel (eARC): S\u00ed<\/li>\n<\/ul>\n<p><strong>Puertos e Interfaces:<\/strong><\/p>\n<ul>\n<li>N\u00famero de puertos HDMI: 4<\/li>\n<li>PC (D-Sub): No<\/li>\n<li>Versi\u00f3n HDMI: 2.1<\/li>\n<li>Cambio r\u00e1pido entre entradas HDMI: S\u00ed<\/li>\n<li>HDCP: S\u00ed<\/li>\n<li>Ethernet LAN (RJ-45) cantidad de puertos: 1<\/li>\n<li>Cantidad de puertos tipo A USB 3.2 Gen 1 (3.1 Gen 1): 1<\/li>\n<li>Audio digital, salida \u00f3ptica: 1<\/li>\n<li>Salidas para auriculares: 1<\/li>\n<li>N\u00famero de puertos RF: 1<\/li>\n<li>Interfaz com\u00fan: S\u00ed<\/li>\n<li>Interfaz com\u00fan Plus (CI+): S\u00ed<\/li>\n<li>Versi\u00f3n Common interface Plus (CI+): 1.4<\/li>\n<\/ul>\n<p><strong>Peso y dimensiones:<\/strong><\/p>\n<ul>\n<li>Ancho del dispositivo (con soporte): 1225 mm<\/li>\n<li>Profundidad dispositivo (con soporte): 316 mm<\/li>\n<li>Altura del dispositivo (con soporte): 771 mm<\/li>\n<li>Peso (con soporte): 14,2 kg<\/li>\n<li>Ancho (sin base): 1225 mm<\/li>\n<li>Altura (sin base): 711 mm<\/li>\n<li>Peso (sin base): 13,1 kg<\/li>\n<li>Ancho del soporte: 355 mm<\/li>\n<li>Profundidad del soporte: 316 mm<\/li>\n<li>Rango de pulgadas: De 50 a 60<\/li>\n<\/ul>\n<p><strong>Control de energ\u00eda:<\/strong><\/p>\n<ul>\n<li>Clase de eficiencia energ\u00e9tica (SDR): F<\/li>\n<li>Clase de eficiencia energ\u00e9tica (HDR): G<\/li>\n<li>Consumo de energ\u00eda (SDR) por 1000 horas: 77 kWh<\/li>\n<li>Consumo de energ\u00eda (HDR) por 1000 horas: 190 kWh<\/li>\n<li>Consumo de energ\u00eda (inactivo): 0,5 W<\/li>\n<li>Voltaje de entrada AC: 220-240 V<\/li>\n<li>Frecuencia de entrada AC: 50 Hz<\/li>\n<li>Escala de eficiencia energ\u00e9tica: De la A a la G<\/li>\n<\/ul>\n<p><strong>Detalles t\u00e9cnicos:<\/strong><\/p>\n<ul>\n<li>No contiene Cadmio<\/li>\n<li>Memoria interna: 3 GB<\/li>\n<\/ul>\n<p><strong>Empaquetado:<\/strong><\/p>\n<ul>\n<li>Soporte de sobremesa: S\u00ed<\/li>\n<li>Cables incluidos: Corriente alterna<\/li>\n<li>Mando a distancia incluido: S\u00ed<\/li>\n<li>Tipo de control remoto: RC833<\/li>\n<\/ul>\n<p><strong>Sintonizador de la TV:<\/strong><\/p>\n<ul>\n<li>Tipo de sintonizador: Anal\u00f3gico y digital<\/li>\n<li>Se\u00f1al anal\u00f3gica: NTSC, PAL BG, PAL DK, PAL I, PAL L, SECAM B\/G, SECAM D\/K, SECAM L<\/li>\n<li>Autob\u00fasqueda de canal: S\u00ed<\/li>\n<li>Formato de se\u00f1al digital: DVB-S2, DVB-T2, ISDB-C<\/li>\n<\/ul>\n<p><strong>Aprobaciones reguladoras:<\/strong><\/p>\n<ul>\n<li>Certificaci\u00f3n: T\u00fcv Rheinland<\/li>\n<\/ul>\n<p><strong>Caracter\u00edsticas de administraci\u00f3n:<\/strong><\/p>\n<ul>\n<li>Tipo de control: Botones, Inal\u00e1mbrico<\/li>\n<li>Gu\u00eda electr\u00f3nica de programaci\u00f3n: S\u00ed<\/li>\n<li>Periodo de programaci\u00f3n: 8 d\u00edas<\/li>\n<li>Exhibici\u00f3n en pantalla (OSD): S\u00ed<\/li>\n<li>Apagado autom\u00e1tico: S\u00ed<\/li>\n<li>Temporizador de apagado: S\u00ed<\/li>\n<li>Firmware actualizable: S\u00ed<\/li>\n<li>Firmware actualizable mediante: Red, USB<\/li>\n<li>Funciona con Amazon Alexa: S\u00ed<\/li>\n<li>Funciona con el Asistente de Google: S\u00ed<\/li>\n<li>N\u00famero de lenguajes OSD: 29<\/li>\n<li>Control por voz: S\u00ed<\/li>\n<\/ul>\n<p><strong>Dise\u00f1o:<\/strong><\/p>\n<ul>\n<li>Color del producto: Titanio<\/li>\n<li>Montaje VESA: S\u00ed (300 x 300)<\/li>\n<li>Dise\u00f1o sin marco: S\u00ed<\/li>\n<li>Introduction year: 2023<\/li>\n<li>Tipo de soporte: Base de patas<\/li>\n<li>Color del soporte: Titanio<\/li>\n<li>Bezel type: 3 Bezel-less<\/li>\n<\/ul>\n<p><strong>Desempe\u00f1o:<\/strong><\/p>\n<ul>\n<li>Soporte remoto inteligente: S\u00ed<\/li>\n<li>Alto Rango Din\u00e1mico (HDR): S\u00ed<\/li>\n<li>Modo de juego: S\u00ed<\/li>\n<li>Funciones de teletexto: S\u00ed<\/li>\n<li>Funci\u00f3n de subt\u00edtulos: S\u00ed<\/li>\n<li>High Dynamic Range (HDR) technology: HDR10, HDR10 Plus, Hybrid Log-Gamma (HLG)<\/li>\n<li>Formatos de v\u00eddeo compatibles: AVI, H.264, H.265, MKV, MP4, MPG, TS, VP9, WEBM, WMV<\/li>\n<li>Formatos de audio soportados: EAC3, MP3, PCM, WMA<\/li>\n<li>Formatos de imagen soportados: BMP, HEIF, JPG, PNG<\/li>\n<li>Modo ambiente: S\u00ed<\/li>\n<li>Oscurecimiento local: S\u00ed<\/li>\n<li>Tecnolog\u00eda de procesamiento de imagen: AiPQ 3.0 Processor<\/li>\n<li>Reducci\u00f3n de ruido: S\u00ed<\/li>\n<li>Pantalla m\u00faltiple: S\u00ed<\/li>\n<li>Game features: Modo autom\u00e1tico de baja latencia (ALLM), Frecuencia de actualizaci\u00f3n variable (VRR)<\/li>\n<li>4K upscaler: S\u00ed<\/li>\n<li>AMD FreeSync: S\u00ed<\/li>\n<li>Tipo de FreeSync de AMD: FreeSync<\/li>\n<li>Dolby Vision: S\u00ed<\/li>\n<li>N\u00famero de n\u00facleos de procesador: 4<\/li>\n<\/ul>\n<p><strong>Smart TV:<\/strong><\/p>\n<ul>\n<li>Versi\u00f3n de sistema operativo: ATV 11.0<\/li>\n<li>Apple AirPlay 2 support: S\u00ed<\/li>\n<li>HbbTV: S\u00ed<\/li>\n<\/ul>\n<\/div>\n","protected":false},"excerpt":{"rendered":"<p>Nombre del producto: TCL 55C745 Marca: TCL Modelo: 55C745 EAN: 5901292519643 Exhibici\u00f3n: Relaci\u00f3n de aspecto nativa: 16:9 Tecnolog\u00eda de interpolaci\u00f3n<\/p>\n","protected":false},"featured_media":218881,"comment_status":"open","ping_status":"closed","template":"","meta":{"_joinchat":[]},"product_cat":[795,7144,7068],"product_tag":[],"class_list":{"0":"post-218880","1":"product","2":"type-product","3":"status-publish","4":"has-post-thumbnail","6":"product_cat-electronica","7":"product_cat-uhd-4k","8":"product_cat-tv-40-59","10":"first","11":"instock","12":"sale","13":"taxable","14":"shipping-taxable","15":"purchasable","16":"product-type-simple"},"_links":{"self":[{"href":"https:\/\/desdropi.com\/elparque\/wp-json\/wp\/v2\/product\/218880"}],"collection":[{"href":"https:\/\/desdropi.com\/elparque\/wp-json\/wp\/v2\/product"}],"about":[{"href":"https:\/\/desdropi.com\/elparque\/wp-json\/wp\/v2\/types\/product"}],"replies":[{"embeddable":true,"href":"https:\/\/desdropi.com\/elparque\/wp-json\/wp\/v2\/comments?post=218880"}],"version-history":[{"count":0,"href":"https:\/\/desdropi.com\/elparque\/wp-json\/wp\/v2\/product\/218880\/revisions"}],"wp:featuredmedia":[{"embeddable":true,"href":"https:\/\/desdropi.com\/elparque\/wp-json\/wp\/v2\/media\/218881"}],"wp:attachment":[{"href":"https:\/\/desdropi.com\/elparque\/wp-json\/wp\/v2\/media?parent=218880"}],"wp:term":[{"taxonomy":"product_cat","embeddable":true,"href":"https:\/\/desdropi.com\/elparque\/wp-json\/wp\/v2\/product_cat?post=218880"},{"taxonomy":"product_tag","embeddable":true,"href":"https:\/\/desdropi.com\/elparque\/wp-json\/wp\/v2\/product_tag?post=218880"}],"curies":[{"name":"wp","href":"https:\/\/api.w.org\/{rel}","templated":true}]}}