{"id":218899,"date":"2024-04-16T11:09:57","date_gmt":"2024-04-16T09:09:57","guid":{"rendered":"https:\/\/desdropi.com\/elparque\/?post_type=product&#038;p=218899"},"modified":"2024-05-17T13:03:30","modified_gmt":"2024-05-17T11:03:30","slug":"tv-sony-55-xr55x90l-uhd-100hz-google-tv","status":"publish","type":"product","link":"https:\/\/desdropi.com\/elparque\/tv-sony-55-xr55x90l-uhd-100hz-google-tv\/","title":{"rendered":"TV SONY 55&#8243; XR55X90L UHD 100HZ GOOGLE TV"},"content":{"rendered":"<div class=\"descripcion-tab\">\n<ul>\n<li><strong>Nombre del producto:<\/strong> Sony XR55X90LAEP<\/li>\n<li><strong>Marca:<\/strong> Sony<\/li>\n<li><strong>Modelo:<\/strong> XR55X90LAEP<\/li>\n<li><strong>EAN:<\/strong> 4548736150881<\/li>\n<\/ul>\n<p><strong>Exhibici\u00f3n:<\/strong><\/p>\n<ul>\n<li>Relaci\u00f3n de aspecto nativa: 16:9<\/li>\n<li>Tecnolog\u00eda de interpolaci\u00f3n de movimiento: XR Motion Clarity<\/li>\n<li>Admite visualizaci\u00f3n de frecuencia de actualizaci\u00f3n: 100 Hz, 120 Hz<\/li>\n<li>\u00c1ngulo de visi\u00f3n, horizontal: 178\u00b0<\/li>\n<li>\u00c1ngulo de visi\u00f3n, vertical: 178\u00b0<\/li>\n<li>Diagonal de pantalla: 139 cm<\/li>\n<li>Formato de pantalla, ajustes: 4:3, 16:9<\/li>\n<li>Formato de v\u00eddeo soportado: 480p, 720p, 1080p, 2160p<\/li>\n<li>Formatos gr\u00e1ficos soportados: 640 x 480 (VGA), 1280 x 720 (HD 720), 1920 x 1080 (HD 1080), 3840 x 2160<\/li>\n<li>Frecuencia nativa de refresco: 120 Hz<\/li>\n<li>Tipo de matriz: VA<\/li>\n<li>Resoluci\u00f3n: 4K Ultra HD<\/li>\n<li>Pulgadas: 55&#8243;<\/li>\n<li>Resoluci\u00f3n de la pantalla: 3840 x 2160<\/li>\n<li>Tecnolog\u00eda del panel: LED<\/li>\n<li>Retroiluminaci\u00f3n del panel: Full Array Local Dimming<\/li>\n<li>Forma de la pantalla: Plana<\/li>\n<\/ul>\n<p><strong>Audio:<\/strong><\/p>\n<ul>\n<li>N\u00famero de altavoces: 4<\/li>\n<li>Potencia estimada RMS: 30 W<\/li>\n<li>Canales de salida de audio: 2.0<\/li>\n<li>Decodificadores incorporados: DTS, Dolby Atmos<\/li>\n<li>Tecnolog\u00edas de decodificaci\u00f3n de audio: DTS Digital Surround<\/li>\n<li>Modos de sonido: Cine, Di\u00e1logo, Dolby Audio, M\u00fasica, Deportes, Est\u00e1ndar<\/li>\n<li>Enhanced Audio Return Channel (eARC): S\u00ed<\/li>\n<\/ul>\n<p><strong>Puertos e Interfaces:<\/strong><\/p>\n<ul>\n<li>N\u00famero de puertos HDMI: 4<\/li>\n<li>PC (D-Sub): No<\/li>\n<li>HDCP: S\u00ed<\/li>\n<li>Ethernet LAN (RJ-45) cantidad de puertos: 1<\/li>\n<li>Cantidad de puertos USB 2.0: 2<\/li>\n<li>Entrada de video compuesto: 1<\/li>\n<li>Entrada de audio (L,R): 1<\/li>\n<li>Audio digital, salida \u00f3ptica: 2<\/li>\n<li>N\u00famero de puertos RF: 1<\/li>\n<li>Interfaz com\u00fan Plus (CI+): S\u00ed<\/li>\n<li>Control de electr\u00f3nica de consumo (CEC): BRAVIA Sync<\/li>\n<li>Versi\u00f3n HDMI: 2.1<\/li>\n<\/ul>\n<p><strong>Peso y dimensiones:<\/strong><\/p>\n<ul>\n<li>Ancho del dispositivo (con soporte): 1225 mm<\/li>\n<li>Profundidad dispositivo (con soporte): 345 mm<\/li>\n<li>Altura del dispositivo (con soporte): 738 mm<\/li>\n<li>Peso (con soporte): 17,7 kg<\/li>\n<li>Ancho (sin base): 122,5 mm<\/li>\n<li>Profundidad (sin base): 5,6 mm<\/li>\n<li>Altura (sin base): 70,7 mm<\/li>\n<li>Peso (sin base): 16,9 kg<\/li>\n<li>Ancho del soporte: 106,7 mm<\/li>\n<li>Rango de pulgadas: De 50 a 60<\/li>\n<\/ul>\n<p><strong>Control de energ\u00eda:<\/strong><\/p>\n<ul>\n<li>Clase de eficiencia energ\u00e9tica (SDR): G<\/li>\n<li>Clase de eficiencia energ\u00e9tica (HDR): G<\/li>\n<li>Consumo de energ\u00eda (SDR) por 1000 horas: 82 kWh<\/li>\n<li>Consumo energ\u00e9tico: 241 kWh<\/li>\n<li>Consumo de energ\u00eda (HDR) por 1000 horas: 115 kWh<\/li>\n<li>Consumo de energ\u00eda (inactivo): 0,5 W<\/li>\n<li>Voltaje de entrada AC: 220 &#8211; 240 V<\/li>\n<li>Frecuencia de entrada AC: 50 Hz<\/li>\n<li>Modo de ahorro de energ\u00eda: S\u00ed<\/li>\n<li>Escala de eficiencia energ\u00e9tica: De la A a la G<\/li>\n<\/ul>\n<p><strong>Empaquetado:<\/strong><\/p>\n<ul>\n<li>Soporte de sobremesa: S\u00ed<\/li>\n<li>Cables incluidos: Corriente alterna<\/li>\n<li>Mando a distancia incluido: S\u00ed<\/li>\n<li>Manual electr\u00f3nico: S\u00ed<\/li>\n<li>Ancho del paquete: 1348 mm<\/li>\n<li>Profundidad del paquete: 160 mm<\/li>\n<li>Altura del paquete: 842 mm<\/li>\n<li>Peso del paquete: 24 kg<\/li>\n<li>Tipo de embalaje: Caja<\/li>\n<\/ul>\n<p><strong>Sintonizador de la TV:<\/strong><\/p>\n<ul>\n<li>Tipo de sintonizador: Anal\u00f3gico y digital<\/li>\n<li>Se\u00f1al anal\u00f3gica: NTSC 3.58, NTSC 4.43, PAL, PAL BG, PAL DK, SECAM, SECAM B\/G, SECAM D\/K<\/li>\n<li>B\u00fasqueda autom\u00e1tica de canal: S\u00ed<\/li>\n<li>Bandas de TV soportadas: UHF, VHF<\/li>\n<li>N\u00famero de sintonizadores: 2<\/li>\n<li>Formato de se\u00f1al digital: DVB-C, DVB-S, DVB-S2, DVB-T, DVB-T2<\/li>\n<\/ul>\n<p><strong>Caracter\u00edsticas de administraci\u00f3n:<\/strong><\/p>\n<ul>\n<li>Control por voz: S\u00ed<\/li>\n<li>Gu\u00eda electr\u00f3nica de programaci\u00f3n: S\u00ed<\/li>\n<li>Temporizador de apagado: S\u00ed<\/li>\n<li>Temporizador Encendido\/Apagado: S\u00ed<\/li>\n<li>Funciona con Amazon Alexa: S\u00ed<\/li>\n<li>Funciona con el Asistente de Google: S\u00ed<\/li>\n<li>Gu\u00eda de voz: S\u00ed<\/li>\n<li>Exhibici\u00f3n en pantalla (OSD): S\u00ed<\/li>\n<li>N\u00famero de lenguajes OSD: 71<\/li>\n<li>Apagado autom\u00e1tico: S\u00ed<\/li>\n<\/ul>\n<p><strong>Dise\u00f1o:<\/strong><\/p>\n<ul>\n<li>Color del producto: Plata<\/li>\n<li>Montaje VESA: S\u00ed (300 x 300)<\/li>\n<li>Nombre del color: Dark Silver<\/li>\n<\/ul>\n<p><strong>Desempe\u00f1o:<\/strong><\/p>\n<ul>\n<li>Control parental: S\u00ed<\/li>\n<li>Grabaci\u00f3n USB: S\u00ed<\/li>\n<li>Alto Rango Din\u00e1mico (HDR): S\u00ed<\/li>\n<li>Tecnolog\u00eda High Dynamic Range (HDR): Dolby Vision, High Dynamic Range 10 (HDR10), Hybrid Log-Gamma (HLG)<\/li>\n<li>Funciones de teletexto: S\u00ed<\/li>\n<li>Teletexto: 1000<\/li>\n<li>Formatos de compresi\u00f3n de video: AVC, AVCHD, HDV, MP4, MPEG1, MPEG2<\/li>\n<li>Sensor de luz ambiental: S\u00ed<\/li>\n<li>Oscurecimiento local: S\u00ed<\/li>\n<li>Tecnolog\u00eda de procesamiento de imagen: Sony Cognitive Processor XR, Sony Dynamic Contrast Enhancer, Sony Live Colour, Sony XR HDR Remaster, Sony XR Smoothing, Sony XR Super Resolution, Sony XR Triluminos Pro<\/li>\n<li>Game features: Modo autom\u00e1tico de baja latencia (ALLM), Frecuencia de actualizaci\u00f3n variable (VRR)<\/li>\n<li>Formatos de v\u00eddeo compatibles: 3GPP, ASF, AVC, AVCHD, AVI, HEVC, M-JPEG, MKV, MOV, MP4, MPEG1,<\/li>\n<\/ul>\n<\/div>\n","protected":false},"excerpt":{"rendered":"<p>Nombre del producto: Sony XR55X90LAEP Marca: Sony Modelo: XR55X90LAEP EAN: 4548736150881 Exhibici\u00f3n: Relaci\u00f3n de aspecto nativa: 16:9 Tecnolog\u00eda de interpolaci\u00f3n<\/p>\n","protected":false},"featured_media":218900,"comment_status":"open","ping_status":"closed","template":"","meta":{"_joinchat":[]},"product_cat":[795,6464,7144,7068],"product_tag":[],"class_list":{"0":"post-218899","1":"product","2":"type-product","3":"status-publish","4":"has-post-thumbnail","6":"product_cat-electronica","7":"product_cat-televisores-electronica","8":"product_cat-uhd-4k","9":"product_cat-tv-40-59","11":"first","12":"instock","13":"sale","14":"taxable","15":"shipping-taxable","16":"purchasable","17":"product-type-simple"},"_links":{"self":[{"href":"https:\/\/desdropi.com\/elparque\/wp-json\/wp\/v2\/product\/218899"}],"collection":[{"href":"https:\/\/desdropi.com\/elparque\/wp-json\/wp\/v2\/product"}],"about":[{"href":"https:\/\/desdropi.com\/elparque\/wp-json\/wp\/v2\/types\/product"}],"replies":[{"embeddable":true,"href":"https:\/\/desdropi.com\/elparque\/wp-json\/wp\/v2\/comments?post=218899"}],"version-history":[{"count":0,"href":"https:\/\/desdropi.com\/elparque\/wp-json\/wp\/v2\/product\/218899\/revisions"}],"wp:featuredmedia":[{"embeddable":true,"href":"https:\/\/desdropi.com\/elparque\/wp-json\/wp\/v2\/media\/218900"}],"wp:attachment":[{"href":"https:\/\/desdropi.com\/elparque\/wp-json\/wp\/v2\/media?parent=218899"}],"wp:term":[{"taxonomy":"product_cat","embeddable":true,"href":"https:\/\/desdropi.com\/elparque\/wp-json\/wp\/v2\/product_cat?post=218899"},{"taxonomy":"product_tag","embeddable":true,"href":"https:\/\/desdropi.com\/elparque\/wp-json\/wp\/v2\/product_tag?post=218899"}],"curies":[{"name":"wp","href":"https:\/\/api.w.org\/{rel}","templated":true}]}}