{"id":218918,"date":"2024-04-16T11:31:30","date_gmt":"2024-04-16T09:31:30","guid":{"rendered":"https:\/\/desdropi.com\/elparque\/?post_type=product&#038;p=218918"},"modified":"2024-05-17T13:03:31","modified_gmt":"2024-05-17T11:03:31","slug":"tv-sony-85-xr85x90l-uhd-100hz-google-tv-2","status":"publish","type":"product","link":"https:\/\/desdropi.com\/elparque\/tv-sony-85-xr85x90l-uhd-100hz-google-tv-2\/","title":{"rendered":"TV SONY 85&#8243; XR85X90L UHD 100HZ GOOGLE TV"},"content":{"rendered":"<div class=\"descripcion-tab\">\n<strong>NOMBRE DEL PRODUCTO:<\/strong><\/p>\n<ul>\n<li><strong>Marca:<\/strong> Sony<\/li>\n<li><strong>Modelo:<\/strong> XR85X90LPAEP<\/li>\n<li><strong>EAN:<\/strong> 4548736150782<\/li>\n<\/ul>\n<p><strong>Exhibici\u00f3n:<\/strong><\/p>\n<ul>\n<li>Relaci\u00f3n de aspecto nativa: 16:9<\/li>\n<li>Formato de v\u00eddeo soportado: 480p, 576p, 720p, 1080i, 1080p, 2160p<\/li>\n<li>Formatos gr\u00e1ficos soportados: 1920 x 1080 (HD 1080), 3840 x 2160<\/li>\n<li>Tecnolog\u00eda de interpolaci\u00f3n de movimiento: XR Motion Clarity<\/li>\n<li>Frecuencia nativa de refresco: 120 Hz<\/li>\n<li>Admite visualizaci\u00f3n de frecuencia de actualizaci\u00f3n: 24 Hz, 25 Hz, 30 Hz, 50 Hz, 60 Hz, 100 Hz, 120 Hz<\/li>\n<li>Tipo de matriz: VA<\/li>\n<li>Resoluci\u00f3n: 4K Ultra HD<\/li>\n<li>Pulgadas: 85&#8243;<\/li>\n<li>Diagonal de pantalla: 215&#8243;<\/li>\n<li>Resoluci\u00f3n de la pantalla: 3840 x 2160<\/li>\n<li>Tecnolog\u00eda del panel: LED<\/li>\n<li>Retroiluminaci\u00f3n LED: S\u00ed<\/li>\n<li>Retroiluminaci\u00f3n del panel: Full Array Local Dimming<\/li>\n<li>Forma de la pantalla: Plana<\/li>\n<\/ul>\n<p><strong>Audio:<\/strong><\/p>\n<ul>\n<li>N\u00famero de altavoces: 4<\/li>\n<li>Potencia estimada RMS: 40 W<\/li>\n<li>Subwoofer incorporado: S\u00ed<\/li>\n<li>Potencia RMS de subwoofer: 10 W<\/li>\n<li>Tipo de subwoofer: Altavoz de subgraves (subwoofer) activo<\/li>\n<li>Decodificadores incorporados: Dolby Atmos<\/li>\n<li>Tecnolog\u00edas de decodificaci\u00f3n de audio: DTS Digital Surround<\/li>\n<li>Ecualizador: S\u00ed<\/li>\n<li>Modos de sonido: Di\u00e1logo, Dolby Audio, M\u00fasica, Deportes, Est\u00e1ndar<\/li>\n<li>Nivelador autom\u00e1tico de volumen: S\u00ed<\/li>\n<li>Adaptive sound: S\u00ed<\/li>\n<li>Enhanced Audio Return Channel (eARC): S\u00ed<\/li>\n<li>Control de sonido adaptativo (ASC, Adaptive Sound Control): S\u00ed<\/li>\n<\/ul>\n<p><strong>Puertos e Interfaces:<\/strong><\/p>\n<ul>\n<li>N\u00famero de puertos HDMI: 4<\/li>\n<li>PC (D-Sub): No<\/li>\n<li>Canal de retorno de audio (ARC): S\u00ed<\/li>\n<li>HDCP: S\u00ed<\/li>\n<li>Ethernet LAN (RJ-45), cantidad de puertos: 1<\/li>\n<li>Cantidad de puertos USB 2.0: 2<\/li>\n<li>Audio digital, salida \u00f3ptica: 1<\/li>\n<li>N\u00famero de puertos RF: 1<\/li>\n<li>Interfaz com\u00fan: S\u00ed<\/li>\n<li>Interfaz com\u00fan Plus (CI+): S\u00ed<\/li>\n<li>Control de electr\u00f3nica de consumo (CEC): BRAVIA Sync<\/li>\n<\/ul>\n<p><strong>Peso y dimensiones:<\/strong><\/p>\n<ul>\n<li>Rango de pulgadas: M\u00e1s de 75<\/li>\n<\/ul>\n<p><strong>Control de energ\u00eda:<\/strong><\/p>\n<ul>\n<li>Consumo de energ\u00eda (inactivo): 0,5 W<\/li>\n<\/ul>\n<p><strong>Empaquetado:<\/strong><\/p>\n<ul>\n<li>Soporte de sobremesa: S\u00ed<\/li>\n<li>Cables incluidos: Corriente alterna<\/li>\n<li>Mando a distancia incluido: S\u00ed<\/li>\n<\/ul>\n<p><strong>Sintonizador de la TV:<\/strong><\/p>\n<ul>\n<li>Tipo de sintonizador: Anal\u00f3gico y digital<\/li>\n<li>Se\u00f1al anal\u00f3gica: PAL BG, PAL DK, SECAM B\/G, SECAM D\/K<\/li>\n<li>Autob\u00fasqueda de canal: S\u00ed<\/li>\n<li>TV bandas soportada: UHF, VHF<\/li>\n<li>Formato de se\u00f1al digital: DVB-C, DVB-S, DVB-S2, DVB-T, DVB-T2<\/li>\n<\/ul>\n<p><strong>Caracter\u00edsticas de administraci\u00f3n:<\/strong><\/p>\n<ul>\n<li>Control por voz: S\u00ed<\/li>\n<li>Gu\u00eda electr\u00f3nica de programaci\u00f3n: S\u00ed<\/li>\n<li>Exhibici\u00f3n en pantalla (OSD): S\u00ed<\/li>\n<li>Modo ECO: S\u00ed<\/li>\n<li>Apagado autom\u00e1tico: S\u00ed<\/li>\n<li>Temporizador de apagado: S\u00ed<\/li>\n<li>Temporizador Encendido\/Apagado: S\u00ed<\/li>\n<li>Firmware actualizable: S\u00ed<\/li>\n<li>Funciona con el Asistente de Google: S\u00ed<\/li>\n<\/ul>\n<p><strong>Dise\u00f1o:<\/strong><\/p>\n<ul>\n<li>Rollable display: No<\/li>\n<li>Color del producto: Negro<\/li>\n<li>montaje VESA: S\u00ed<\/li>\n<li>Interfaz de panel de montaje: 400 x 400<\/li>\n<li>Material de la carcasa: Aluminio<\/li>\n<li>Iluminaci\u00f3n ambiental: S\u00ed<\/li>\n<li>Dise\u00f1o sin marco: S\u00ed<\/li>\n<li>Introduction year: 2023<\/li>\n<li>Tipo de soporte: Base de patas<\/li>\n<li>Color del soporte: Negro<\/li>\n<\/ul>\n<p><strong>Desempe\u00f1o:<\/strong><\/p>\n<ul>\n<li>Alto Rango Din\u00e1mico (HDR): S\u00ed<\/li>\n<li>High Dynamic Range (HDR) technology: Dolby Vision, High Dynamic Range 10 (HDR10), Hybrid Log-Gamma (HLG)<\/li>\n<li>Modo de juego: S\u00ed<\/li>\n<li>Funciones de teletexto: S\u00ed<\/li>\n<li>Funci\u00f3n de subt\u00edtulos: S\u00ed<\/li>\n<li>Formatos de v\u00eddeo compatibles: 3GPP, ASF, AVC, AVCHD, AVI, HEVC, MKV, MOV, MP4, MPEG1, MPEG2, MPEG2-PS, MPEG2-TS, MPEG4, VP8, VP9, WEBM<\/li>\n<li>Formatos de audio soportados: 3GPP2, AAC, AC3, AC4, ASF, OGG, WAV<\/li>\n<li>Sensor de luz ambiental: S\u00ed<\/li>\n<li>Eco sensor: S\u00ed<\/li>\n<li>AI Upscale: S\u00ed<\/li>\n<li>Tecnolog\u00eda de procesamiento de imagen: Sony Cognitive Processor XR, Sony Dynamic Contrast Enhancer, Sony Live Colour, Sony XR Contrast Booster, Sony XR Smoothing, Sony XR Super Resolution, Sony XR Triluminos Pro<\/li>\n<li>Reducci\u00f3n de ruido: S\u00ed<\/li>\n<li>Galer\u00eda de im\u00e1genes: S\u00ed<\/li>\n<li>Dialog enhancement: S\u00ed<\/li>\n<li>Game features: Modo autom\u00e1tico de baja latencia (ALLM, Auto Low Latency Mode), Frecuencia de actualizaci\u00f3n variable (VRR, Variable Refresh Rate)<\/li>\n<li>Calman Ready: S\u00ed<\/li>\n<li>4K upscaler: S\u00ed<\/li>\n<li>Compatibilidad con la aplicaci\u00f3n SmartThings: S\u00ed<\/li>\n<li>Compatibilidad con c\u00e1mara 360: S\u00ed<\/li>\n<li>Adaptive picture: S\u00ed<\/li>\n<li>Ampliaci\u00f3n de la escala de video: S\u00ed<\/li>\n<li>Acceso remoto: S\u00ed<\/li>\n<li>Control parental: S\u00ed<\/li>\n<li>Soporte remoto inteligente: S\u00ed<\/li>\n<li>Grabaci\u00f3n USB: S\u00ed<\/li>\n<li>ConnectShare (HDD): S\u00ed<\/li>\n<li>ConnectShare (USB): S\u00ed<\/li>\n<\/ul>\n<p><strong>Smart TV:<\/strong><\/p>\n<ul>\n<li>V\u00eddeo a la carta de apoyo (VOD): S\u00ed<\/li>\n<li>Apple AirPlay 2 support: S\u00ed<\/li>\n<li>Sound mirroring: S\u00ed<\/li>\n<li>Modos inteligentes: Cine, personalizado, Dolby Vision, Dolby Vision Bright, Dolby Vision Dark, Juego, Graphics, IMAX Enhanced, Netflix Calibrated, Foto, Est\u00e1ndar, Vivo<\/li>\n<li>Interacci\u00f3n de voz de campo lejano: S\u00ed<\/li>\n<li>Chromecast integrado: S\u00ed<\/li>\n<li>Plataforma de distribuciones de aplicaciones: Google Play<\/li>\n<li>Aplicaciones de v\u00eddeo: Google TV, Netflix, YouTube<\/li>\n<li>TV por Internet: S\u00ed<\/li>\n<li>Smart TV: S\u00ed<\/li>\n<li>Sistema operativo instalado: Android TV<\/li>\n<\/ul>\n<p><strong>Conexi\u00f3n:<\/strong><\/p>\n<ul>\n<li>Wifi: S\u00ed<\/li>\n<li>Ethernet: S\u00ed<\/li>\n<li>Wi-Fi est\u00e1ndares: 802.11a, 802.11b, 802.11g, Wi-Fi 4 (802.11n), Wi-Fi 5 (802.11ac)<\/li>\n<li>Wi-Fi Direct: S\u00ed<\/li>\n<li>Bluetooth: S\u00ed<\/li>\n<li>Versi\u00f3n de Bluetooth: 4.2<\/li>\n<li>Bluetooth Low Energy (BLE): S\u00ed<\/li>\n<li>Perfiles de Bluetooth: A2DP, AVRCP, HID, HOGP, SPP<\/li>\n<li>Navegaci\u00f3n: S\u00ed<\/li>\n<li>Navegador web: S\u00ed<\/li>\n<li>Navegador compatible: Vewd<\/li>\n<li>Soporte HID: S\u00ed<\/li>\n<\/ul>\n<\/div>\n","protected":false},"excerpt":{"rendered":"<p>NOMBRE DEL PRODUCTO: Marca: Sony Modelo: XR85X90LPAEP EAN: 4548736150782 Exhibici\u00f3n: Relaci\u00f3n de aspecto nativa: 16:9 Formato de v\u00eddeo soportado: 480p,<\/p>\n","protected":false},"featured_media":218919,"comment_status":"open","ping_status":"closed","template":"","meta":{"_joinchat":[]},"product_cat":[6464,7144,7070,795],"product_tag":[],"class_list":{"0":"post-218918","1":"product","2":"type-product","3":"status-publish","4":"has-post-thumbnail","6":"product_cat-televisores-electronica","7":"product_cat-uhd-4k","8":"product_cat-tv-80-99","9":"product_cat-electronica","11":"first","12":"instock","13":"sale","14":"taxable","15":"shipping-taxable","16":"purchasable","17":"product-type-simple"},"_links":{"self":[{"href":"https:\/\/desdropi.com\/elparque\/wp-json\/wp\/v2\/product\/218918"}],"collection":[{"href":"https:\/\/desdropi.com\/elparque\/wp-json\/wp\/v2\/product"}],"about":[{"href":"https:\/\/desdropi.com\/elparque\/wp-json\/wp\/v2\/types\/product"}],"replies":[{"embeddable":true,"href":"https:\/\/desdropi.com\/elparque\/wp-json\/wp\/v2\/comments?post=218918"}],"version-history":[{"count":0,"href":"https:\/\/desdropi.com\/elparque\/wp-json\/wp\/v2\/product\/218918\/revisions"}],"wp:featuredmedia":[{"embeddable":true,"href":"https:\/\/desdropi.com\/elparque\/wp-json\/wp\/v2\/media\/218919"}],"wp:attachment":[{"href":"https:\/\/desdropi.com\/elparque\/wp-json\/wp\/v2\/media?parent=218918"}],"wp:term":[{"taxonomy":"product_cat","embeddable":true,"href":"https:\/\/desdropi.com\/elparque\/wp-json\/wp\/v2\/product_cat?post=218918"},{"taxonomy":"product_tag","embeddable":true,"href":"https:\/\/desdropi.com\/elparque\/wp-json\/wp\/v2\/product_tag?post=218918"}],"curies":[{"name":"wp","href":"https:\/\/api.w.org\/{rel}","templated":true}]}}