{"id":218929,"date":"2024-04-16T11:37:55","date_gmt":"2024-04-16T09:37:55","guid":{"rendered":"https:\/\/desdropi.com\/elparque\/?post_type=product&#038;p=218929"},"modified":"2024-05-17T13:03:31","modified_gmt":"2024-05-17T11:03:31","slug":"tv-sony-65-kd65x85l-uhd-100hz-google-tv","status":"publish","type":"product","link":"https:\/\/desdropi.com\/elparque\/tv-sony-65-kd65x85l-uhd-100hz-google-tv\/","title":{"rendered":"TV SONY 65&#8243; KD65X85L UHD 100HZ GOOGLE TV"},"content":{"rendered":"<div class=\"descripcion-tab\">\n<strong>NOMBRE DEL PRODUCTO:<\/strong> KD65X85LAEP<strong>Marca:<\/strong> SONY<\/p>\n<p><strong>Modelo:<\/strong> KD65X85LAEP<\/p>\n<p><strong>EAN:<\/strong> 4548736150980<\/p>\n<p><strong>Exhibici\u00f3n:<\/strong><\/p>\n<ul>\n<li>Relaci\u00f3n de aspecto nativa: 16:9<\/li>\n<li>Formato de v\u00eddeo soportado: 480p, 720p, 1080i, 1080p, 2160p<\/li>\n<li>Formatos gr\u00e1ficos soportados: 3840 x 2160, 4096 x 2160<\/li>\n<li>Tecnolog\u00eda de interpolaci\u00f3n de movimiento: Motionflow XR 960 Hz<\/li>\n<li>Frecuencia nativa de refresco: 120 Hz<\/li>\n<li>Admite visualizaci\u00f3n de frecuencia de actualizaci\u00f3n: 24 Hz, 30 Hz, 60 Hz, 120 Hz<\/li>\n<li>Diagonal de pantalla: 164&#8243;<\/li>\n<li>Tipo de matriz: VA<\/li>\n<li>Resoluci\u00f3n: 4K Ultra HD<\/li>\n<li>Pulgadas: 65&#8243;<\/li>\n<li>Resoluci\u00f3n de la pantalla: 3840 x 2160<\/li>\n<li>Tecnolog\u00eda del panel: LED<\/li>\n<li>Retroiluminaci\u00f3n del panel: Full Array Local Dimming<\/li>\n<li>Forma de la pantalla: Plana<\/li>\n<\/ul>\n<p><strong>Audio:<\/strong><\/p>\n<ul>\n<li>N\u00famero de altavoces: 2<\/li>\n<li>Potencia estimada RMS: 20<\/li>\n<li>Decodificadores incorporados: Dolby Atmos, Dolby Digital<\/li>\n<li>Tecnolog\u00edas de decodificaci\u00f3n de audio: DTS Digital Surround<\/li>\n<li>Modos de sonido: Dolby Audio<\/li>\n<li>Enhanced Audio Return Channel (eARC): S\u00ed<\/li>\n<li>Control de sonido adaptativo (ASC): S\u00ed<\/li>\n<\/ul>\n<p><strong>Puertos e Interfaces:<\/strong><\/p>\n<ul>\n<li>N\u00famero de puertos HDMI: 4<\/li>\n<li>Versi\u00f3n HDMI: 2.0\/2.1<\/li>\n<li>Cambio r\u00e1pido entre entradas HDMI: S\u00ed<\/li>\n<li>Canal de retorno de audio (ARC): S\u00ed<\/li>\n<li>HDCP: S\u00ed<\/li>\n<li>Puerto DVI: S\u00ed<\/li>\n<li>Ethernet LAN (RJ-45) cantidad de puertos: 1<\/li>\n<li>Cantidad de puertos USB 2.0: 2<\/li>\n<li>Entrada de video compuesto: 1<\/li>\n<li>Entrada de audio (L,R): 1<\/li>\n<li>Entrada de audio para PC: S\u00ed<\/li>\n<li>Audio digital, salida \u00f3ptica: 1<\/li>\n<li>RS-232C ports: 1<\/li>\n<li>N\u00famero de puertos RF: 1<\/li>\n<li>Interfaz com\u00fan Plus (CI+): S\u00ed<\/li>\n<li>Control de electr\u00f3nica de consumo (CEC): BRAVIA Sync<\/li>\n<\/ul>\n<p><strong>Peso y dimensiones:<\/strong><\/p>\n<ul>\n<li>Ancho del dispositivo (con soporte): 1446,7 mm<\/li>\n<li>Profundidad dispositivo (con soporte): 336 mm<\/li>\n<li>Altura del dispositivo (con soporte): 906,7 mm<\/li>\n<li>Peso (con soporte): 24,7 kg<\/li>\n<li>Ancho (sin base): 144,7 mm<\/li>\n<li>Profundidad (sin base): 6,29 mm<\/li>\n<li>Altura (sin base): 83,2 mm<\/li>\n<li>Peso (sin base): 23,6 kg<\/li>\n<li>Rango de pulgadas: De 65 a 75&#8243;<\/li>\n<\/ul>\n<p><strong>Control de energ\u00eda:<\/strong><\/p>\n<ul>\n<li>Energy efficiency class (SDR): F<\/li>\n<li>Energy efficiency class (HDR): G<\/li>\n<li>Energy consumption (SDR) per 1000 hours: 101 kWh<\/li>\n<li>Consumo energ\u00e9tico: 231 kWh<\/li>\n<li>Energy consumption (HDR) per 1000 hours: 130 kWh<\/li>\n<li>Consumo de energ\u00eda (inactivo): 0,5 W<\/li>\n<li>Voltaje de entrada AC: 220 &#8211; 240 V<\/li>\n<li>Frecuencia de entrada AC: 50 Hz<\/li>\n<li>Modo de ahorro de energ\u00eda: S\u00ed<\/li>\n<li>Energy efficiency scale: De la A a la G<\/li>\n<\/ul>\n<p><strong>Empaquetado:<\/strong><\/p>\n<ul>\n<li>Soporte de sobremesa: S\u00ed<\/li>\n<li>Cables incluidos: Corriente alterna<\/li>\n<li>Mando a distancia incluido: S\u00ed<\/li>\n<li>Incluye mando a distancia Smart Remote: S\u00ed<\/li>\n<li>Ancho del paquete: 1588 mm<\/li>\n<li>Altura del paquete: 1011 mm<\/li>\n<li>Profundidad del paquete: 167 mm<\/li>\n<li>Peso del paquete: 34 kg<\/li>\n<li>Tipo de embalaje: Caja<\/li>\n<\/ul>\n<p><strong>Sintonizador de la TV:<\/strong><\/p>\n<ul>\n<li>Tipo de sintonizador: Anal\u00f3gico y digital<\/li>\n<li>Se\u00f1al anal\u00f3gica: NTSC M, PAL M<\/li>\n<li>N\u00famero de sintonizadores: 1<\/li>\n<li>Autob\u00fasqueda de canal: S\u00ed<\/li>\n<li>TV bandas soportada: Televisi\u00f3n por cable, UHF, VHF<\/li>\n<li>Formato de se\u00f1al digital: ATSC<\/li>\n<\/ul>\n<p><strong>Caracter\u00edsticas de administraci\u00f3n:<\/strong><\/p>\n<ul>\n<li>Control por voz: S\u00ed<\/li>\n<li>Voice guide: S\u00ed<\/li>\n<li>Gu\u00eda electr\u00f3nica de programaci\u00f3n: S\u00ed<\/li>\n<li>Modo hotel: S\u00ed<\/li>\n<li>Temporizador Encendido\/Apagado: S\u00ed<\/li>\n<li>Modo ECO: S\u00ed<\/li>\n<li>Apagado autom\u00e1tico: S\u00ed<\/li>\n<li>Temporizador de apagado: S\u00ed<\/li>\n<li>Funciona con Amazon Alexa: S\u00ed<\/li>\n<li>Funciona con el Asistente de Google: S\u00ed<\/li>\n<\/ul>\n<p><strong>Dise\u00f1o:<\/strong><\/p>\n<ul>\n<li>Color del producto: Negro<\/li>\n<li>Interruptor de encendido\/apagado integrado: S\u00ed<\/li>\n<li>Montaje VESA: S\u00ed<\/li>\n<li>Interfaz de panel de montaje: 300 x 300 mm<\/li>\n<li>Introduction year: 2023<\/li>\n<li>Tipo de soporte: Base de patas<\/li>\n<li>Soporte giratorio: S\u00ed<\/li>\n<li>Color del soporte: Negro<\/li>\n<\/ul>\n<p><strong>Desempe\u00f1o:<\/strong><\/p>\n<ul>\n<li>Control parental: S\u00ed<\/li>\n<li>Soporte remoto inteligente: S\u00ed<\/li>\n<li>Alto Rango Din\u00e1mico (HDR): S\u00ed<\/li>\n<li>High Dynamic Range (HDR) technology: Dolby Vision, High Dynamic Range (HDR) 1000<\/li>\n<li>Modo de juego: S\u00ed<\/li>\n<li>Funci\u00f3n de subt\u00edtulos: S\u00ed<\/li>\n<li>Formatos de v\u00eddeo compatibles: 3GP, 3GPP, AVC, AVI, AVS, DIVX, MP4, MPEG, MPEG1, MPEG2, MPEG2-PS, MPEG2-TS, MPEG21, MPEG4, MPEG4-ASP, MPEG4-SP, MPEG-4 Part 2, MxPEG, SVI, WEBM, WMA<\/li>\n<li>Formatos de audio soportados: 3G2, 3GA, AAC, AAC+, AC3, MP3, MP3 VBR, MP4<\/li>\n<li>Oscurecimiento local: S\u00ed<\/li>\n<li>Tecnolog\u00eda de procesamiento de imagen: Sony 4K HDR Processor X1, Sony 4K X-Reality PRO, Sony XR Triluminos Pro<\/li>\n<li>Reducci\u00f3n de ruido: S\u00ed<\/li>\n<li>Game features: Modo autom\u00e1tico de baja latencia (ALLM), Frecuencia de actualizaci\u00f3n variable (VRR)<\/li>\n<li>4K upscaler: S\u00ed<\/li>\n<\/ul>\n<p><strong>Smart TV:<\/strong><\/p>\n<ul>\n<li>Versi\u00f3n de sistema operativo: Android TV<\/li>\n<li>Duplicaci\u00f3n de pantalla: S\u00ed<\/li>\n<li>Apple AirPlay 2 support: S\u00ed<\/li>\n<li>Modos inteligentes: Cine, personalizado, Dolby Vision Bright, Dolby Vision Dark, Juego, Graphics, Pel\u00edcula, Foto, Est\u00e1ndar, Vivo<\/li>\n<li>Universal guide: S\u00ed<\/li>\n<li>Plataforma de distribuciones de aplicaciones: Google Play<\/li>\n<li>Aplicaciones de v\u00eddeo: 4oD, All 4, Amazon Prime Video, Apple TV, BBC iPlayer, DAZN, Disney+, Freeview Play, ITV Hub, My5, Rakuten TV, Vimeo, YouTube<\/li>\n<li>Aplicaciones de m\u00fasica: Classic FM, YouTube Music<\/li>\n<li>Aplicaciones de deportes: BT Sport<\/li>\n<li>Aplicaciones de estilo de vida: Facebook, Google Talk, Skype<\/li>\n<li>TV por Internet: S\u00ed<\/li>\n<li>Smart TV: S\u00ed<\/li>\n<li>Sistema operativo instalado: Android<\/li>\n<\/ul>\n<p><strong>Conexi\u00f3n:<\/strong><\/p>\n<ul>\n<li>Wifi: S\u00ed<\/li>\n<li>Ethernet: S\u00ed<\/li>\n<li>Wi-Fi est\u00e1ndares: 802.11a, 802.11b, 802.11g, Wi-Fi 4 (802.11n), Wi-Fi 5 (802.11ac)<\/li>\n<li>Wi-Fi Direct: S\u00ed<\/li>\n<li>Bluetooth: S\u00ed<\/li>\n<li>Versi\u00f3n de Bluetooth: 4.2<\/li>\n<li>Perfiles de Bluetooth: AVRCP, HDP, HID, HOGP, SPP<\/li>\n<li>Miracast: S\u00ed<\/li>\n<li>Navegaci\u00f3n: S\u00ed<\/li>\n<li>Navegador web: S\u00ed<\/li>\n<li>Navegador compatible: Vewd<\/li>\n<li>Soporte HID: S\u00ed<\/li>\n<\/ul>\n<\/div>\n","protected":false},"excerpt":{"rendered":"<p>NOMBRE DEL PRODUCTO: KD65X85LAEPMarca: SONY Modelo: KD65X85LAEP EAN: 4548736150980 Exhibici\u00f3n: Relaci\u00f3n de aspecto nativa: 16:9 Formato de v\u00eddeo soportado: 480p,<\/p>\n","protected":false},"featured_media":218893,"comment_status":"open","ping_status":"closed","template":"","meta":{"_joinchat":[]},"product_cat":[795,6464,7144,7069],"product_tag":[],"class_list":{"0":"post-218929","1":"product","2":"type-product","3":"status-publish","4":"has-post-thumbnail","6":"product_cat-electronica","7":"product_cat-televisores-electronica","8":"product_cat-uhd-4k","9":"product_cat-tv-60-79","11":"first","12":"instock","13":"sale","14":"taxable","15":"shipping-taxable","16":"purchasable","17":"product-type-simple"},"_links":{"self":[{"href":"https:\/\/desdropi.com\/elparque\/wp-json\/wp\/v2\/product\/218929"}],"collection":[{"href":"https:\/\/desdropi.com\/elparque\/wp-json\/wp\/v2\/product"}],"about":[{"href":"https:\/\/desdropi.com\/elparque\/wp-json\/wp\/v2\/types\/product"}],"replies":[{"embeddable":true,"href":"https:\/\/desdropi.com\/elparque\/wp-json\/wp\/v2\/comments?post=218929"}],"version-history":[{"count":0,"href":"https:\/\/desdropi.com\/elparque\/wp-json\/wp\/v2\/product\/218929\/revisions"}],"wp:featuredmedia":[{"embeddable":true,"href":"https:\/\/desdropi.com\/elparque\/wp-json\/wp\/v2\/media\/218893"}],"wp:attachment":[{"href":"https:\/\/desdropi.com\/elparque\/wp-json\/wp\/v2\/media?parent=218929"}],"wp:term":[{"taxonomy":"product_cat","embeddable":true,"href":"https:\/\/desdropi.com\/elparque\/wp-json\/wp\/v2\/product_cat?post=218929"},{"taxonomy":"product_tag","embeddable":true,"href":"https:\/\/desdropi.com\/elparque\/wp-json\/wp\/v2\/product_tag?post=218929"}],"curies":[{"name":"wp","href":"https:\/\/api.w.org\/{rel}","templated":true}]}}