{"id":219006,"date":"2024-04-16T13:53:13","date_gmt":"2024-04-16T11:53:13","guid":{"rendered":"https:\/\/desdropi.com\/elparque\/?post_type=product&#038;p=219006"},"modified":"2024-05-18T01:00:08","modified_gmt":"2024-05-17T23:00:08","slug":"smartwatch-denver-swc-363-negro","status":"publish","type":"product","link":"https:\/\/desdropi.com\/elparque\/smartwatch-denver-swc-363-negro\/","title":{"rendered":"SMARTWATCH DENVER SWC-363 NEGRO"},"content":{"rendered":"<div class=\"descripcion-tab\">\n<strong>NOMBRE DEL PRODUCTO: DENVER SWC-363<\/strong><strong>Exhibici\u00f3n:<\/strong><\/p>\n<ul>\n<li>Tipo de visualizador: Digital<\/li>\n<li>Pantalla t\u00e1ctil: S\u00ed<\/li>\n<li>Diagonal de la pantalla: 4,32 pulgadas<\/li>\n<li>Tecnolog\u00eda de visualizaci\u00f3n: IPS<\/li>\n<li>Pantalla a color: S\u00ed<\/li>\n<li>Pantalla con esquinas redondeadas: S\u00ed<\/li>\n<\/ul>\n<p><strong>Puertos e Interfaces:<\/strong><\/p>\n<ul>\n<li>Puerto USB: No<\/li>\n<li>Bluetooth: S\u00ed<\/li>\n<li>Comunicaci\u00f3n de Campo Cercano (NFC): No<\/li>\n<\/ul>\n<p><strong>Peso y dimensiones:<\/strong><\/p>\n<ul>\n<li>Ancho: 38 mm<\/li>\n<li>Profundidad: 26,3 mm<\/li>\n<li>Grosor: 1,2 mm<\/li>\n<li>Peso: 163 g<\/li>\n<\/ul>\n<p><strong>Control de energ\u00eda:<\/strong><\/p>\n<ul>\n<li>Tipo de bater\u00eda: Bater\u00eda integrada<\/li>\n<li>Capacidad de bater\u00eda: 235 mAh<\/li>\n<li>Autonom\u00eda: 360 horas<\/li>\n<li>Duraci\u00f3n de la bater\u00eda: 5 d\u00edas<\/li>\n<\/ul>\n<p><strong>Dise\u00f1o:<\/strong><\/p>\n<ul>\n<li>Posicionamiento de mercado: Reloj inteligente<\/li>\n<li>Color de la esfera: Negro<\/li>\n<li>Color de la correa: Negro<\/li>\n<li>Tama\u00f1o de banda: Talla \u00fanica<\/li>\n<li>Forma: Rectangular<\/li>\n<li>G\u00e9nero: Unisex<\/li>\n<li>Funciones de protecci\u00f3n: A prueba de salpicaduras<\/li>\n<li>C\u00f3digo IP (International Protection): IP67<\/li>\n<\/ul>\n<p><strong>Desempe\u00f1o:<\/strong><\/p>\n<ul>\n<li>Micr\u00f3fono incorporado: No<\/li>\n<li>Altavoces incorporados: No<\/li>\n<li>C\u00e1mara incorporada: No<\/li>\n<li>Radio FM: No<\/li>\n<li>Fabricante de procesador: Realtek<\/li>\n<li>Modelo del procesador: RTL8762C<\/li>\n<\/ul>\n<p><strong>Caracter\u00edsticas:<\/strong><\/p>\n<ul>\n<li>Sensor frecuencia card\u00edaca: S\u00ed<\/li>\n<li>Tensi\u00f3metro: S\u00ed<\/li>\n<li>Sensor de nivel de ox\u00edgeno en sangre: S\u00ed<\/li>\n<li>Pod\u00f3metro: S\u00ed<\/li>\n<li>Activity tracker: S\u00ed<\/li>\n<li>Modo multideporte: S\u00ed<\/li>\n<li>Calidad del sue\u00f1o: S\u00ed<\/li>\n<li>Identificador de llamadas: S\u00ed<\/li>\n<li>Notificaciones de SMS: S\u00ed<\/li>\n<li>Notificaciones del calendario: S\u00ed<\/li>\n<li>Control de la m\u00fasica: S\u00ed<\/li>\n<li>Notificaciones de llamada: S\u00ed<\/li>\n<li>Actividad recomendada: Baloncesto, Alpinismo, Ciclismo, F\u00fatbol, Correr, Tenis<\/li>\n<\/ul>\n<p><strong>Conexi\u00f3n:<\/strong><\/p>\n<ul>\n<li>Tarjeta SIM Datos M\u00f3viles: No<\/li>\n<\/ul>\n<\/div>\n","protected":false},"excerpt":{"rendered":"<p><span style=\"color: #ff0000;\"><strong>\u00a1ENV\u00cdO GRATIS!<\/strong><\/span><\/p>\n","protected":false},"featured_media":219008,"comment_status":"open","ping_status":"closed","template":"","meta":{"_joinchat":[]},"product_cat":[795,6873],"product_tag":[],"class_list":{"0":"post-219006","1":"product","2":"type-product","3":"status-publish","4":"has-post-thumbnail","6":"product_cat-electronica","7":"product_cat-smartwatches","9":"first","10":"instock","11":"taxable","12":"shipping-taxable","13":"purchasable","14":"product-type-simple"},"_links":{"self":[{"href":"https:\/\/desdropi.com\/elparque\/wp-json\/wp\/v2\/product\/219006"}],"collection":[{"href":"https:\/\/desdropi.com\/elparque\/wp-json\/wp\/v2\/product"}],"about":[{"href":"https:\/\/desdropi.com\/elparque\/wp-json\/wp\/v2\/types\/product"}],"replies":[{"embeddable":true,"href":"https:\/\/desdropi.com\/elparque\/wp-json\/wp\/v2\/comments?post=219006"}],"version-history":[{"count":0,"href":"https:\/\/desdropi.com\/elparque\/wp-json\/wp\/v2\/product\/219006\/revisions"}],"wp:featuredmedia":[{"embeddable":true,"href":"https:\/\/desdropi.com\/elparque\/wp-json\/wp\/v2\/media\/219008"}],"wp:attachment":[{"href":"https:\/\/desdropi.com\/elparque\/wp-json\/wp\/v2\/media?parent=219006"}],"wp:term":[{"taxonomy":"product_cat","embeddable":true,"href":"https:\/\/desdropi.com\/elparque\/wp-json\/wp\/v2\/product_cat?post=219006"},{"taxonomy":"product_tag","embeddable":true,"href":"https:\/\/desdropi.com\/elparque\/wp-json\/wp\/v2\/product_tag?post=219006"}],"curies":[{"name":"wp","href":"https:\/\/api.w.org\/{rel}","templated":true}]}}