{"id":219013,"date":"2024-04-16T13:57:02","date_gmt":"2024-04-16T11:57:02","guid":{"rendered":"https:\/\/desdropi.com\/elparque\/?post_type=product&#038;p=219013"},"modified":"2024-05-17T13:37:09","modified_gmt":"2024-05-17T11:37:09","slug":"smartwatch-xiaomi-redmi-watch-3-active-black","status":"publish","type":"product","link":"https:\/\/desdropi.com\/elparque\/smartwatch-xiaomi-redmi-watch-3-active-black\/","title":{"rendered":"SMARTWATCH XIAOMI REDMI WATCH 3 ACTIVE BLACK"},"content":{"rendered":"<div class=\"descripcion-tab\">\n<strong>NOMBRE DEL PRODUCTO: XIAOMI BHR7266GL<\/strong><strong>Exhibici\u00f3n:<\/strong><\/p>\n<ul>\n<li>Tipo de visualizador: Digital<\/li>\n<li>Tecnolog\u00eda de visualizaci\u00f3n: LED<\/li>\n<li>Resoluci\u00f3n de la pantalla: 240 x 280<\/li>\n<li>Diagonal de la pantalla: 4,65 pulgadas<\/li>\n<li>Pantalla t\u00e1ctil: S\u00ed<\/li>\n<li>Brillo de pantalla: 450 cd\/m\u00b2<\/li>\n<\/ul>\n<p><strong>Puertos e Interfaces:<\/strong><\/p>\n<ul>\n<li>Bluetooth: S\u00ed<\/li>\n<li>Versi\u00f3n de Bluetooth: 5.3<\/li>\n<li>Bluetooth Low Energy (BLE): S\u00ed<\/li>\n<\/ul>\n<p><strong>Peso y dimensiones:<\/strong><\/p>\n<ul>\n<li>Ancho: 46,9 mm<\/li>\n<li>Profundidad: 38,9 mm<\/li>\n<li>Grosor: 1,09 mm<\/li>\n<li>Peso: 41,7 g<\/li>\n<\/ul>\n<p><strong>Control de energ\u00eda:<\/strong><\/p>\n<ul>\n<li>Tipo de bater\u00eda: Bater\u00eda integrada<\/li>\n<li>Tecnolog\u00eda de bater\u00eda: Pol\u00edmero de litio<\/li>\n<li>Capacidad de bater\u00eda: 289 mAh<\/li>\n<li>Autonom\u00eda: 288 horas<\/li>\n<li>Tiempo de carga: 2 horas<\/li>\n<\/ul>\n<p><strong>Contenido del embalaje:<\/strong><\/p>\n<ul>\n<li>Manual de usuario: S\u00ed<\/li>\n<\/ul>\n<p><strong>Dise\u00f1o:<\/strong><\/p>\n<ul>\n<li>Posicionamiento de mercado: Reloj inteligente<\/li>\n<li>Color de la correa: Negro<\/li>\n<li>Color de la esfera: Negro<\/li>\n<li>Forma: Rectangular<\/li>\n<li>Tama\u00f1o de banda: Talla \u00fanica<\/li>\n<li>Tama\u00f1o de mu\u00f1eca: 135 &#8211; 200 mm<\/li>\n<li>Watch case size: 47 mm<\/li>\n<li>Resistencia al agua: 5 ATM<\/li>\n<li>Humedad: Resistente al agua hasta 50 m<\/li>\n<li>Material de la banda: Termopl\u00e1stico de poliuretano (TPU)<\/li>\n<li>A prueba de agua: S\u00ed<\/li>\n<\/ul>\n<p><strong>Desempe\u00f1o:<\/strong><\/p>\n<ul>\n<li>Micr\u00f3fono incorporado: S\u00ed<\/li>\n<li>Altavoces incorporados: S\u00ed<\/li>\n<li>C\u00e1mara incorporada: No<\/li>\n<li>Sistemas operativos m\u00f3viles soportados: Android 6.0, Android 7.0, Android 7.1, Android 7.1.2, Android 8.0, Android 8.1, Android 9.0, iOS 12, iOS 13, iOS 13.4, iOS 14, iOS 14.5, iOS 15, iOS 16<\/li>\n<li>Capacidad de RAM: 2 GB<\/li>\n<\/ul>\n<p><strong>Caracter\u00edsticas:<\/strong><\/p>\n<ul>\n<li>Sensor frecuencia card\u00edaca: S\u00ed<\/li>\n<li>Sensor de nivel de ox\u00edgeno en sangre: S\u00ed<\/li>\n<li>Aceler\u00f3metro: S\u00ed<\/li>\n<li>Activity tracker: S\u00ed<\/li>\n<li>Modo multideporte: S\u00ed<\/li>\n<li>Calidad del sue\u00f1o: S\u00ed<\/li>\n<\/ul>\n<p><strong>Conexi\u00f3n:<\/strong><\/p>\n<ul>\n<li>Tarjeta SIM Datos M\u00f3viles: No<\/li>\n<\/ul>\n<\/div>\n","protected":false},"excerpt":{"rendered":"<p><span style=\"color: #ff0000;\"><strong>\u00a1ENV\u00cdO GRATIS!<\/strong><\/span><\/p>\n","protected":false},"featured_media":219014,"comment_status":"open","ping_status":"closed","template":"","meta":{"_joinchat":[]},"product_cat":[795,6873],"product_tag":[],"class_list":{"0":"post-219013","1":"product","2":"type-product","3":"status-publish","4":"has-post-thumbnail","6":"product_cat-electronica","7":"product_cat-smartwatches","9":"first","10":"instock","11":"taxable","12":"shipping-taxable","13":"purchasable","14":"product-type-simple"},"_links":{"self":[{"href":"https:\/\/desdropi.com\/elparque\/wp-json\/wp\/v2\/product\/219013"}],"collection":[{"href":"https:\/\/desdropi.com\/elparque\/wp-json\/wp\/v2\/product"}],"about":[{"href":"https:\/\/desdropi.com\/elparque\/wp-json\/wp\/v2\/types\/product"}],"replies":[{"embeddable":true,"href":"https:\/\/desdropi.com\/elparque\/wp-json\/wp\/v2\/comments?post=219013"}],"version-history":[{"count":0,"href":"https:\/\/desdropi.com\/elparque\/wp-json\/wp\/v2\/product\/219013\/revisions"}],"wp:featuredmedia":[{"embeddable":true,"href":"https:\/\/desdropi.com\/elparque\/wp-json\/wp\/v2\/media\/219014"}],"wp:attachment":[{"href":"https:\/\/desdropi.com\/elparque\/wp-json\/wp\/v2\/media?parent=219013"}],"wp:term":[{"taxonomy":"product_cat","embeddable":true,"href":"https:\/\/desdropi.com\/elparque\/wp-json\/wp\/v2\/product_cat?post=219013"},{"taxonomy":"product_tag","embeddable":true,"href":"https:\/\/desdropi.com\/elparque\/wp-json\/wp\/v2\/product_tag?post=219013"}],"curies":[{"name":"wp","href":"https:\/\/api.w.org\/{rel}","templated":true}]}}