{"id":219047,"date":"2024-04-16T17:31:32","date_gmt":"2024-04-16T15:31:32","guid":{"rendered":"https:\/\/desdropi.com\/elparque\/?post_type=product&#038;p=219047"},"modified":"2024-05-18T01:00:08","modified_gmt":"2024-05-17T23:00:08","slug":"smartwatch-dcu-colorful-2-rosa-metal","status":"publish","type":"product","link":"https:\/\/desdropi.com\/elparque\/smartwatch-dcu-colorful-2-rosa-metal\/","title":{"rendered":"SMARTWATCH DCU COLORFUL 2 ROSA\/METAL"},"content":{"rendered":"<div class=\"descripcion-tab\">\n<strong>NOMBRE DEL PRODUCTO: Smartwatch DCU 34157043<\/strong><strong>Exhibici\u00f3n:<\/strong><\/p>\n<ul>\n<li>Tipo de visualizador: Digital<\/li>\n<li>Resoluci\u00f3n de la pantalla: 240 x 280<\/li>\n<li>Pantalla t\u00e1ctil: S\u00ed<\/li>\n<li>Diagonal de la pantalla: 4,85 pulgadas<\/li>\n<li>Tecnolog\u00eda de visualizaci\u00f3n: IPS<\/li>\n<\/ul>\n<p><strong>Puertos e Interfaces:<\/strong><\/p>\n<ul>\n<li>Auriculares: No<\/li>\n<li>Comunicaci\u00f3n de Campo Cercano (NFC): No<\/li>\n<li>Versi\u00f3n de Bluetooth: 5.1<\/li>\n<li>Wifi: No<\/li>\n<li>Puerto USB: No<\/li>\n<\/ul>\n<p><strong>Control de energ\u00eda:<\/strong><\/p>\n<ul>\n<li>Autonom\u00eda: 168 horas<\/li>\n<li>Capacidad de bater\u00eda: 230 mAh<\/li>\n<li>Tecnolog\u00eda de bater\u00eda: I\u00f3n de litio<\/li>\n<li>Tipo de bater\u00eda: Bater\u00eda integrada<\/li>\n<\/ul>\n<p><strong>Dise\u00f1o:<\/strong><\/p>\n<ul>\n<li>Posicionamiento de mercado: Reloj inteligente<\/li>\n<li>Watch case size: 44.5 mm<\/li>\n<li>Color de la esfera: Oro<\/li>\n<li>Watch case material: Poliuretano termopl\u00e1stico (TPU)<\/li>\n<li>Color de la correa: Negro, Oscuro metalizado, Oro, Oro rosa<\/li>\n<li>Material de la banda: Silicona<\/li>\n<li>Tama\u00f1o de banda: Talla \u00fanica<\/li>\n<li>Forma: Rectangular<\/li>\n<\/ul>\n<p><strong>Desempe\u00f1o:<\/strong><\/p>\n<ul>\n<li>Micr\u00f3fono incorporado: S\u00ed<\/li>\n<li>Altavoces incorporados: S\u00ed<\/li>\n<li>C\u00e1mara incorporada: No<\/li>\n<li>Radio FM: No<\/li>\n<\/ul>\n<p><strong>Caracter\u00edsticas:<\/strong><\/p>\n<ul>\n<li>Sensor frecuencia card\u00edaca: S\u00ed<\/li>\n<li>Notificaciones de SMS: S\u00ed<\/li>\n<\/ul>\n<p><strong>Conexi\u00f3n:<\/strong><\/p>\n<ul>\n<li>Tarjeta SIM Datos M\u00f3viles: S\u00ed<\/li>\n<\/ul>\n<\/div>\n","protected":false},"excerpt":{"rendered":"<p><span style=\"color: #ff0000;\"><strong>\u00a1ENV\u00cdO GRATIS!<\/strong><\/span><\/p>\n","protected":false},"featured_media":219048,"comment_status":"open","ping_status":"closed","template":"","meta":{"_joinchat":[]},"product_cat":[795,6873],"product_tag":[],"class_list":{"0":"post-219047","1":"product","2":"type-product","3":"status-publish","4":"has-post-thumbnail","6":"product_cat-electronica","7":"product_cat-smartwatches","9":"first","10":"instock","11":"taxable","12":"shipping-taxable","13":"purchasable","14":"product-type-simple"},"_links":{"self":[{"href":"https:\/\/desdropi.com\/elparque\/wp-json\/wp\/v2\/product\/219047"}],"collection":[{"href":"https:\/\/desdropi.com\/elparque\/wp-json\/wp\/v2\/product"}],"about":[{"href":"https:\/\/desdropi.com\/elparque\/wp-json\/wp\/v2\/types\/product"}],"replies":[{"embeddable":true,"href":"https:\/\/desdropi.com\/elparque\/wp-json\/wp\/v2\/comments?post=219047"}],"version-history":[{"count":0,"href":"https:\/\/desdropi.com\/elparque\/wp-json\/wp\/v2\/product\/219047\/revisions"}],"wp:featuredmedia":[{"embeddable":true,"href":"https:\/\/desdropi.com\/elparque\/wp-json\/wp\/v2\/media\/219048"}],"wp:attachment":[{"href":"https:\/\/desdropi.com\/elparque\/wp-json\/wp\/v2\/media?parent=219047"}],"wp:term":[{"taxonomy":"product_cat","embeddable":true,"href":"https:\/\/desdropi.com\/elparque\/wp-json\/wp\/v2\/product_cat?post=219047"},{"taxonomy":"product_tag","embeddable":true,"href":"https:\/\/desdropi.com\/elparque\/wp-json\/wp\/v2\/product_tag?post=219047"}],"curies":[{"name":"wp","href":"https:\/\/api.w.org\/{rel}","templated":true}]}}