{"id":219070,"date":"2024-04-16T18:03:18","date_gmt":"2024-04-16T16:03:18","guid":{"rendered":"https:\/\/desdropi.com\/elparque\/?post_type=product&#038;p=219070"},"modified":"2024-05-17T13:03:35","modified_gmt":"2024-05-17T11:03:35","slug":"smartwatch-dcu-elegance-2-correas-negro-marron","status":"publish","type":"product","link":"https:\/\/desdropi.com\/elparque\/smartwatch-dcu-elegance-2-correas-negro-marron\/","title":{"rendered":"SMARTWATCH DCU ELEGANCE 2 CORREAS NEGRO\/MARRON"},"content":{"rendered":"<div class=\"descripcion-tab\">\n<strong>NOMBRE DEL PRODUCTO: Smartwatch DCU 34157015<\/strong><strong>Exhibici\u00f3n:<\/strong><\/p>\n<ul>\n<li>Resoluci\u00f3n de la pantalla: 240 x 280<\/li>\n<li>Pantalla t\u00e1ctil: S\u00ed<\/li>\n<li>Diagonal de la pantalla: 2,54&#8243;<\/li>\n<li>Pantalla con funci\u00f3n Always-on: S\u00ed<\/li>\n<li>Pantalla a color: S\u00ed<\/li>\n<li>Tipo de vidrio de reloj: Corning Gorilla Glass<\/li>\n<li>Retroiluminaci\u00f3n: S\u00ed<\/li>\n<\/ul>\n<p><strong>Puertos e Interfaces:<\/strong><\/p>\n<ul>\n<li>Puerto USB: S\u00ed (USB tipo A)<\/li>\n<li>Bluetooth: S\u00ed<\/li>\n<li>Wifi: S\u00ed<\/li>\n<\/ul>\n<p><strong>Peso y dimensiones:<\/strong><\/p>\n<ul>\n<li>Ancho: 42 mm<\/li>\n<li>Profundidad: 10 mm<\/li>\n<li>Grosor: 1 mm<\/li>\n<li>Peso: 47 g<\/li>\n<li>Ancho de banda: 3 mm<\/li>\n<li>Longitud total (banda + reloj): 24,5 cm<\/li>\n<\/ul>\n<p><strong>Control de energ\u00eda:<\/strong><\/p>\n<ul>\n<li>Autonom\u00eda: 240 horas<\/li>\n<li>Tiempo en espera (Bluetooth): 400 horas<\/li>\n<li>Duraci\u00f3n de la bater\u00eda: 12 horas<\/li>\n<li>Tiempo de reposo: 480 horas<\/li>\n<li>Tensi\u00f3n de carga: 5 V<\/li>\n<li>Tiempo de carga: 2 horas<\/li>\n<li>Tiempo de recarga de bater\u00eda (80%): 1 hora<\/li>\n<li>Vida \u00fatil de la bater\u00eda (m\u00e1x.): 1 ciclo de carga<\/li>\n<li>Bater\u00eda recargable: S\u00ed<\/li>\n<\/ul>\n<p><strong>Condiciones ambientales:<\/strong><\/p>\n<ul>\n<li>Intervalo de temperatura operativa: -20\u00b0C a 80\u00b0C<\/li>\n<li>Intervalo de temperatura de almacenaje: 0\u00b0C a 30\u00b0C<\/li>\n<li>Altitud de funcionamiento: 0 a 3000 metros sobre el nivel del mar<\/li>\n<\/ul>\n<p><strong>Detalles t\u00e9cnicos:<\/strong><\/p>\n<ul>\n<li>Cumplimiento de sostenibilidad: S\u00ed<\/li>\n<li>Productos compatibles: Compatible con dispositivos iOS 9.0 o superior y Android 4.4 o superior<\/li>\n<li>Compatibilidad: Compatible con dispositivos iOS 9.0 o superior y Android 4.4 o superior<\/li>\n<\/ul>\n<p><strong>Empaquetado:<\/strong><\/p>\n<ul>\n<li>Ancho del paquete: 113 mm<\/li>\n<li>Profundidad del paquete: 30 mm<\/li>\n<li>Altura del paquete: 155 mm<\/li>\n<li>Peso del paquete: 250 g<\/li>\n<li>Tipo de embalaje: Caja<\/li>\n<\/ul>\n<p><strong>Software:<\/strong><\/p>\n<ul>\n<li>Sistemas operativos compatibles: Compatible con dispositivos iOS 9.0 o superior y Android 4.4 o superior<\/li>\n<li>Software incluido: Compatible con dispositivos iOS 9.0 o superior y Android 4.4 o superior<\/li>\n<\/ul>\n<p><strong>Contenido del embalaje:<\/strong><\/p>\n<ul>\n<li>Adaptador AC incluido: S\u00ed<\/li>\n<li>Cables incluidos: USB<\/li>\n<li>Manual de usuario: S\u00ed<\/li>\n<li>Base de cargador: S\u00ed<\/li>\n<li>Cargador: S\u00ed<\/li>\n<li>Tarjeta de garant\u00eda: S\u00ed<\/li>\n<li>Gu\u00eda de instalaci\u00f3n r\u00e1pida: S\u00ed<\/li>\n<\/ul>\n<p><strong>Otras caracter\u00edsticas:<\/strong><\/p>\n<ul>\n<li>Indicaci\u00f3n de bater\u00eda baja: S\u00ed<\/li>\n<li>Voltaje de la pila: 5 V<\/li>\n<\/ul>\n<p><strong>Dise\u00f1o:<\/strong><\/p>\n<ul>\n<li>Posicionamiento de mercado: Reloj inteligente<\/li>\n<li>Watch case size: 26 mm<\/li>\n<li>Color de la esfera: Negro, Blanco<\/li>\n<li>Color de la correa: Negro, Marr\u00f3n<\/li>\n<li>Material de la banda: Silicona, Textil<\/li>\n<li>Tama\u00f1o de banda: S\/M &amp; M\/L<\/li>\n<li>G\u00e9nero: Masculino<\/li>\n<li>Material de hebilla: Aluminio<\/li>\n<li>A prueba de agua: S\u00ed<\/li>\n<li>Tipo de cierre: Hebilla para correa con una clavija<\/li>\n<li>Funciones de protecci\u00f3n: Resistente al agua<\/li>\n<li>C\u00f3digo IP (International Protection): IP68<\/li>\n<li>Humedad: resistente al agua hasta 1 metro<\/li>\n<li>Color del producto: Negro, Marr\u00f3n<\/li>\n<li>Material: Silicona<\/li>\n<\/ul>\n<p><strong>Desempe\u00f1o:<\/strong><\/p>\n<ul>\n<li>Resoluci\u00f3n: 240 x 280<\/li>\n<li>Efecto de cancelaci\u00f3n de ruido: No<\/li>\n<li>Idiomas de soporte: CAT, Ingl\u00e9s, Espa\u00f1ol, Franc\u00e9s, Japon\u00e9s, Coreano, Ruso, Ucraniano<\/li>\n<li>Bloqueo del teclado: No<\/li>\n<\/ul>\n<p><strong>Caracter\u00edsticas:<\/strong><\/p>\n<ul>\n<li>Actividad recomendada: B\u00e1dminton, Baloncesto, Ciclismo, Fitness, F\u00fatbol, Golf, Correr, Tenis<\/li>\n<li>Supervisi\u00f3n de la actividad: S\u00ed<\/li>\n<li>Control de la m\u00fasica: S\u00ed<\/li>\n<li>Funci\u00f3n \u00abEncuentra mi tel\u00e9fono\u00bb: S\u00ed<\/li>\n<li>Control de c\u00e1mara para deportes de acci\u00f3n: S\u00ed<\/li>\n<li>Pausa autom\u00e1tica: No<\/li>\n<li>Funci\u00f3n Virtual Racer: S\u00ed<\/li>\n<li>Perfiles para m\u00faltiples bicis: S\u00ed<\/li>\n<li>Alerta de tiempo: S\u00ed<\/li>\n<li>Mediciones fisiol\u00f3gicas: S\u00ed<\/li>\n<li>Minutos activos: S\u00ed<\/li>\n<li>Notificaciones de llamada: S\u00ed<\/li>\n<li>Reloj despertador vibrante: S\u00ed<\/li>\n<li>Botones dedicados SmartWatch: Reproducci\u00f3n de m\u00fasica, Poder, SOS<\/li>\n<li>Sensor frecuencia card\u00edaca: S\u00ed<\/li>\n<li>Medici\u00f3n del pulso por contacto: S\u00ed<\/li>\n<li>Heart rate sensor type: Electrical<\/li>\n<li>Medici\u00f3n de frecuencia card\u00edaca: Autom\u00e1tico<\/li>\n<li>Tensi\u00f3metro: S\u00ed<\/li>\n<li>Sensor de nivel de ox\u00edgeno en sangre: S\u00ed<\/li>\n<li>Distancia recorrida: S\u00ed<\/li>\n<li>Pod\u00f3metro: S\u00ed<\/li>\n<li>Calor\u00edas quemadas: S\u00ed<\/li>\n<li>Aceler\u00f3metro: S\u00ed<\/li>\n<li>Modo multideporte: S\u00ed<\/li>\n<li>Calidad del sue\u00f1o: S\u00ed<\/li>\n<li>Servicios de mensajes cortos (SMS): S\u00ed<\/li>\n<li>Motor vibratorio: S\u00ed<\/li>\n<li>Funci\u00f3n de alerta SOS: S\u00ed<\/li>\n<li>Mensajer\u00eda instant\u00e1nea (IM): S\u00ed<\/li>\n<li>Sensor de luz ambiental: S\u00ed<\/li>\n<li>Identificador de llamadas: S\u00ed<\/li>\n<li>Correo electr\u00f3nico: S\u00ed<\/li>\n<li>Modo reloj: 24h<\/li>\n<li>Notificaciones inteligentes: S\u00ed<\/li>\n<li>Smart wake-up: S\u00ed<\/li>\n<li>Activaci\u00f3n por voz: No<\/li>\n<li>Remote capture photo: S\u00ed<\/li>\n<li>Visualizaci\u00f3n de clima: S\u00ed<\/li>\n<li>Notificaciones del calendario: S\u00ed<\/li>\n<li>Notificaciones de SMS: S\u00ed<\/li>\n<li>Funci\u00f3n de alerta anti-p\u00e9rdida: S\u00ed<\/li>\n<li>Temporizador: S\u00ed<\/li>\n<li>Br\u00fajula electr\u00f3nica: S\u00ed<\/li>\n<li>Reproductor de m\u00fasica: S\u00ed<\/li>\n<li>Sensor capacitivo: S\u00ed<\/li>\n<li>Sensor de presi\u00f3n atmosf\u00e9rica: S\u00ed<\/li>\n<li>Sensor geomagn\u00e9tico: S\u00ed<\/li>\n<li>Sensor de temperatura de la piel: S\u00ed<\/li>\n<li>Funci\u00f3n de monitorizaci\u00f3n del estr\u00e9s: S\u00ed<\/li>\n<li>Alarma(s) audibles: S\u00ed<\/li>\n<li>Alt\u00edmetro barom\u00e9trico: S\u00ed<\/li>\n<li>Cron\u00f3metro: S\u00ed<\/li>\n<li>Tiempo \/ distancia de alerta: S\u00ed<\/li>\n<li>Alertas de ritmo: S\u00ed<\/li>\n<li>Transferencia de unidad a unidad: No<\/li>\n<li>Calendario de caza\/pesca: S\u00ed<\/li>\n<li>Duraci\u00f3n de contador (m\u00e1ximo): 240<\/li>\n<li>Prueba de aptitud: S\u00ed<\/li>\n<li>Orientaci\u00f3n en tiempo real: S\u00ed<\/li>\n<li>Programaci\u00f3n del entrenamiento: S\u00ed<\/li>\n<li>Duraci\u00f3n del programa de entrenamiento: 10<\/li>\n<\/ul>\n<p><strong>Datos log\u00edsticos:<\/strong><\/p>\n<ul>\n<li>Cantidad m\u00ednima del pedido: 1<\/li>\n<li>Cantidad por capa de pal\u00e9 (Reino Unido): 400<\/li>\n<li>Cantidad por pal\u00e9 (Reino Unido): 400<\/li>\n<li>Peso del pal\u00e9 (Reino Unido): 5<\/li>\n<li>Longitud del pal\u00e9 (Reino Unido): 100<\/li>\n<li>Anchura del pal\u00e9 (Reino Unido): 100<\/li>\n<li>Altura del pal\u00e9 (Reino Unido): 100<\/li>\n<li>N\u00famero de capas por pal\u00e9: 600<\/li>\n<li>N\u00famero de cajas de cart\u00f3n por pal\u00e9: 8<\/li>\n<\/ul>\n<\/div>\n","protected":false},"excerpt":{"rendered":"<p><span style=\"color: #ff0000;\"><strong>\u00a1ENV\u00cdO GRATIS!<\/strong><\/span><\/p>\n","protected":false},"featured_media":219075,"comment_status":"open","ping_status":"closed","template":"","meta":{"_joinchat":[]},"product_cat":[795,6873],"product_tag":[],"class_list":{"0":"post-219070","1":"product","2":"type-product","3":"status-publish","4":"has-post-thumbnail","6":"product_cat-electronica","7":"product_cat-smartwatches","9":"first","10":"instock","11":"sale","12":"taxable","13":"shipping-taxable","14":"purchasable","15":"product-type-simple"},"_links":{"self":[{"href":"https:\/\/desdropi.com\/elparque\/wp-json\/wp\/v2\/product\/219070"}],"collection":[{"href":"https:\/\/desdropi.com\/elparque\/wp-json\/wp\/v2\/product"}],"about":[{"href":"https:\/\/desdropi.com\/elparque\/wp-json\/wp\/v2\/types\/product"}],"replies":[{"embeddable":true,"href":"https:\/\/desdropi.com\/elparque\/wp-json\/wp\/v2\/comments?post=219070"}],"version-history":[{"count":0,"href":"https:\/\/desdropi.com\/elparque\/wp-json\/wp\/v2\/product\/219070\/revisions"}],"wp:featuredmedia":[{"embeddable":true,"href":"https:\/\/desdropi.com\/elparque\/wp-json\/wp\/v2\/media\/219075"}],"wp:attachment":[{"href":"https:\/\/desdropi.com\/elparque\/wp-json\/wp\/v2\/media?parent=219070"}],"wp:term":[{"taxonomy":"product_cat","embeddable":true,"href":"https:\/\/desdropi.com\/elparque\/wp-json\/wp\/v2\/product_cat?post=219070"},{"taxonomy":"product_tag","embeddable":true,"href":"https:\/\/desdropi.com\/elparque\/wp-json\/wp\/v2\/product_tag?post=219070"}],"curies":[{"name":"wp","href":"https:\/\/api.w.org\/{rel}","templated":true}]}}