{"id":219099,"date":"2024-04-16T18:30:00","date_gmt":"2024-04-16T16:30:00","guid":{"rendered":"https:\/\/desdropi.com\/elparque\/?post_type=product&#038;p=219099"},"modified":"2024-05-17T13:03:35","modified_gmt":"2024-05-17T11:03:35","slug":"smartwatch-dcu-4g-ninos-gpslbsagpswifi-azul","status":"publish","type":"product","link":"https:\/\/desdropi.com\/elparque\/smartwatch-dcu-4g-ninos-gpslbsagpswifi-azul\/","title":{"rendered":"SMARTWATCH DCU 4G NI\u00d1OS GPS+LBS+AGPS+WIFI AZUL"},"content":{"rendered":"<div class=\"descripcion-tab\">\n<strong>NOMBRE DEL PRODUCTO: Smartwatch DCU 34159031<\/strong><strong>Exhibici\u00f3n:<\/strong><\/p>\n<ul>\n<li>Tipo de visualizador: IPS<\/li>\n<li>Resoluci\u00f3n de la pantalla: 240 x 240<\/li>\n<li>Retroiluminaci\u00f3n: S\u00ed<\/li>\n<li>Pantalla a color: S\u00ed<\/li>\n<li>Diagonal de la pantalla: 1,69&#8243; (40,6 mm)<\/li>\n<li>Pantalla t\u00e1ctil: S\u00ed<\/li>\n<\/ul>\n<p><strong>Puertos e Interfaces:<\/strong><\/p>\n<ul>\n<li>Wifi: S\u00ed<\/li>\n<\/ul>\n<p><strong>Peso y dimensiones:<\/strong><\/p>\n<ul>\n<li>Control de energ\u00eda<\/li>\n<li>Tecnolog\u00eda de bater\u00eda: Pol\u00edmero de litio<\/li>\n<li>Capacidad de bater\u00eda: 720 mAh<\/li>\n<li>Bater\u00eda recargable: S\u00ed<\/li>\n<li>Duraci\u00f3n de bater\u00eda (modo ahorro de energ\u00eda): 6-8 d\u00edas<\/li>\n<li>Duraci\u00f3n de la bater\u00eda: 1-2 d\u00edas<\/li>\n<li>Tipo de bater\u00eda: Bater\u00eda integrada<\/li>\n<\/ul>\n<p><strong>Detalles t\u00e9cnicos:<\/strong><\/p>\n<ul>\n<li>Productos compatibles: Dispositivos iOS 9.0 o superior y Android 6.0 o superior<\/li>\n<li>Cumplimiento de sostenibilidad: S\u00ed<\/li>\n<\/ul>\n<p><strong>Contenido del embalaje:<\/strong><\/p>\n<ul>\n<li>Manual de usuario: S\u00ed<\/li>\n<li>Gu\u00eda de instalaci\u00f3n r\u00e1pida: S\u00ed<\/li>\n<li>Tarjeta de garant\u00eda: S\u00ed<\/li>\n<li>Banda pectoral: No<\/li>\n<\/ul>\n<p><strong>Dise\u00f1o:<\/strong><\/p>\n<ul>\n<li>Color de la esfera: Azul<\/li>\n<li>Tama\u00f1o de banda: Talla \u00fanica<\/li>\n<li>Posicionamiento de mercado: Reloj inteligente<\/li>\n<li>Material de la banda: Silicona<\/li>\n<li>C\u00f3digo IP (International Protection): IP67<\/li>\n<li>Color de la correa: Azul<\/li>\n<li>Forma: Rectangular<\/li>\n<\/ul>\n<p><strong>Desempe\u00f1o:<\/strong><\/p>\n<ul>\n<li>Sistemas operativos m\u00f3viles soportados: Android, iOS<\/li>\n<li>Idiomas de soporte: Multi<\/li>\n<\/ul>\n<p><strong>Caracter\u00edsticas:<\/strong><\/p>\n<ul>\n<li>Calendario: S\u00ed<\/li>\n<li>Alerta vibratoria: S\u00ed<\/li>\n<li>Modo reloj: 12h\/24h<\/li>\n<li>Cron\u00f3metro: S\u00ed<\/li>\n<li>Alarma: S\u00ed<\/li>\n<li>Pron\u00f3sticos del clima: S\u00ed<\/li>\n<li>Control de la m\u00fasica: S\u00ed<\/li>\n<li>Funci\u00f3n \u00abEncuentra mi tel\u00e9fono\u00bb: S\u00ed<\/li>\n<li>Modo multideporte: S\u00ed<\/li>\n<li>Calor\u00edas quemadas: S\u00ed<\/li>\n<li>Distancia recorrida: S\u00ed<\/li>\n<li>Pod\u00f3metro: S\u00ed<\/li>\n<li>Seguimiento de ejercicio: S\u00ed<\/li>\n<li>Notificaciones inteligentes: S\u00ed<\/li>\n<li>Notificaciones de llamada: S\u00ed<\/li>\n<li>Notificaciones de SMS: S\u00ed<\/li>\n<li>Tensi\u00f3metro: S\u00ed<\/li>\n<li>Sensor frecuencia card\u00edaca: S\u00ed<\/li>\n<li>Medidor de distancia integrado: S\u00ed<\/li>\n<li>Transferencia de datos de frecuencia cardiaca: USB<\/li>\n<li>Actividad recomendada: B\u00e1dminton, Baloncesto, Ciclismo, Fitness, F\u00fatbol, Correr, Nataci\u00f3n, Tenis<\/li>\n<li>Supervisi\u00f3n de la actividad: S\u00ed<\/li>\n<li>Medici\u00f3n del efecto del entrenamiento: S\u00ed<\/li>\n<li>Funci\u00f3n Virtual Partner: S\u00ed<\/li>\n<li>Funci\u00f3n Virtual Racer: S\u00ed<\/li>\n<li>Alerta de tiempo: S\u00ed<\/li>\n<li>Mediciones fisiol\u00f3gicas: S\u00ed<\/li>\n<li>Din\u00e1micas de correr: S\u00ed<\/li>\n<li>Minutos activos: S\u00ed<\/li>\n<li>Reloj despertador vibrante: S\u00ed<\/li>\n<li>Reproductor de m\u00fasica: S\u00ed<\/li>\n<li>Remote music playback: S\u00ed<\/li>\n<li>Activaci\u00f3n por voz: No<\/li>\n<\/ul>\n<p><strong>Datos log\u00edsticos:<\/strong><\/p>\n<ul>\n<li>Cantidad por paquete: 1<\/li>\n<\/ul>\n<p><strong>Conexi\u00f3n:<\/strong><\/p>\n<ul>\n<li>Tarjeta SIM Datos M\u00f3viles: S\u00ed<\/li>\n<\/ul>\n<\/div>\n","protected":false},"excerpt":{"rendered":"<p><span style=\"color: #ff0000;\"><strong>\u00a1ENV\u00cdO GRATIS!<\/strong><\/span><\/p>\n","protected":false},"featured_media":219101,"comment_status":"open","ping_status":"closed","template":"","meta":{"_joinchat":[]},"product_cat":[795,6873],"product_tag":[],"class_list":{"0":"post-219099","1":"product","2":"type-product","3":"status-publish","4":"has-post-thumbnail","6":"product_cat-electronica","7":"product_cat-smartwatches","9":"first","10":"instock","11":"sale","12":"taxable","13":"shipping-taxable","14":"purchasable","15":"product-type-simple"},"_links":{"self":[{"href":"https:\/\/desdropi.com\/elparque\/wp-json\/wp\/v2\/product\/219099"}],"collection":[{"href":"https:\/\/desdropi.com\/elparque\/wp-json\/wp\/v2\/product"}],"about":[{"href":"https:\/\/desdropi.com\/elparque\/wp-json\/wp\/v2\/types\/product"}],"replies":[{"embeddable":true,"href":"https:\/\/desdropi.com\/elparque\/wp-json\/wp\/v2\/comments?post=219099"}],"version-history":[{"count":0,"href":"https:\/\/desdropi.com\/elparque\/wp-json\/wp\/v2\/product\/219099\/revisions"}],"wp:featuredmedia":[{"embeddable":true,"href":"https:\/\/desdropi.com\/elparque\/wp-json\/wp\/v2\/media\/219101"}],"wp:attachment":[{"href":"https:\/\/desdropi.com\/elparque\/wp-json\/wp\/v2\/media?parent=219099"}],"wp:term":[{"taxonomy":"product_cat","embeddable":true,"href":"https:\/\/desdropi.com\/elparque\/wp-json\/wp\/v2\/product_cat?post=219099"},{"taxonomy":"product_tag","embeddable":true,"href":"https:\/\/desdropi.com\/elparque\/wp-json\/wp\/v2\/product_tag?post=219099"}],"curies":[{"name":"wp","href":"https:\/\/api.w.org\/{rel}","templated":true}]}}