{"id":219108,"date":"2024-04-16T18:45:46","date_gmt":"2024-04-16T16:45:46","guid":{"rendered":"https:\/\/desdropi.com\/elparque\/?post_type=product&#038;p=219108"},"modified":"2024-05-17T13:03:36","modified_gmt":"2024-05-17T11:03:36","slug":"smartwatch-amazfit-bip-5-dark-gray","status":"publish","type":"product","link":"https:\/\/desdropi.com\/elparque\/smartwatch-amazfit-bip-5-dark-gray\/","title":{"rendered":"SMARTWATCH AMAZFIT BIP 5 DARK GRAY"},"content":{"rendered":"<div class=\"descripcion-tab\">\n<strong>NOMBRE DEL PRODUCTO: Smartwatch AMAZFIT W2215EU1N<\/strong><strong>Exhibici\u00f3n:<\/strong><\/p>\n<ul>\n<li>Tipo de visualizador: Digital<\/li>\n<li>Diagonal de la pantalla: 4,85<\/li>\n<li>Resoluci\u00f3n de la pantalla: 320 x 380<\/li>\n<li>Pantalla t\u00e1ctil: S\u00ed<\/li>\n<li>Tecnolog\u00eda de visualizaci\u00f3n: LCD<\/li>\n<li>Densidad del pixel: 260<\/li>\n<\/ul>\n<p><strong>Puertos e Interfaces:<\/strong><\/p>\n<ul>\n<li>Bluetooth: S\u00ed<\/li>\n<li>Versi\u00f3n de Bluetooth: 5.2<\/li>\n<li>Bluetooth Low Energy (BLE): S\u00ed<\/li>\n<li>Wifi: No<\/li>\n<li>Puerto USB: No<\/li>\n<li>Comunicaci\u00f3n de Campo Cercano (NFC): No<\/li>\n<li>Auriculares: No<\/li>\n<\/ul>\n<p><strong>Peso y dimensiones:<\/strong><\/p>\n<ul>\n<li>Dimensiones (Ancho x Profundidad x Altura): 38,1 x 11,2 x 45,9<\/li>\n<li>Peso: 26g<\/li>\n<\/ul>\n<p><strong>Control de energ\u00eda:<\/strong><\/p>\n<ul>\n<li>Tipo de bater\u00eda: Bater\u00eda integrada<\/li>\n<li>Capacidad de bater\u00eda: 300mAh<\/li>\n<li>Duraci\u00f3n de la bater\u00eda: 26 d\u00edas<\/li>\n<li>Autonom\u00eda: 240 horas<\/li>\n<\/ul>\n<p><strong>Contenido del embalaje:<\/strong><\/p>\n<ul>\n<li>Manual de usuario: S\u00ed<\/li>\n<li>Cargador: S\u00ed<\/li>\n<\/ul>\n<p><strong>Dise\u00f1o:<\/strong><\/p>\n<ul>\n<li>Posicionamiento de mercado: Reloj inteligente<\/li>\n<li>Watch case size: 38mm<\/li>\n<li>Forma: Rectangular<\/li>\n<li>C\u00f3digo IP (International Protection): IP68<\/li>\n<li>Material de la banda: Silicona<\/li>\n<li>Tama\u00f1o de mu\u00f1eca: 155 &#8211; 210mm<\/li>\n<li>Material de la correa: Silicona<\/li>\n<li>Conector de carga magn\u00e9tica: S\u00ed<\/li>\n<li>Color de la esfera: Negro<\/li>\n<li>Color de la correa: Negro<\/li>\n<\/ul>\n<p><strong>Desempe\u00f1o:<\/strong><\/p>\n<ul>\n<li>Altavoces incorporados: S\u00ed<\/li>\n<li>Micr\u00f3fono incorporado: S\u00ed<\/li>\n<li>C\u00e1mara incorporada: No<\/li>\n<li>Radio FM: No<\/li>\n<li>Sistemas operativos m\u00f3viles soportados: Android 10, Android 10.0, Android 11.0, Android 12.0, Android 13.0, Android 7.0, Android 7.1, Android 7.1.2, Android 8.0, Android 8.1, Android 9.0, iOS 14, iOS 14.5, iOS 15<\/li>\n<\/ul>\n<p><strong>Caracter\u00edsticas:<\/strong><\/p>\n<ul>\n<li>Sensor de nivel de ox\u00edgeno en sangre: S\u00ed<\/li>\n<li>Reloj despertador vibrante: S\u00ed<\/li>\n<li>Notificaciones de SMS: S\u00ed<\/li>\n<li>Notificaciones de llamada: S\u00ed<\/li>\n<li>Funci\u00f3n \u00abEncuentra mi tel\u00e9fono\u00bb: S\u00ed<\/li>\n<li>Alarma: S\u00ed<\/li>\n<li>Cron\u00f3metro: S\u00ed<\/li>\n<li>Visualizaci\u00f3n de clima: S\u00ed<\/li>\n<li>Sensor frecuencia card\u00edaca: S\u00ed<\/li>\n<li>Funci\u00f3n de monitorizaci\u00f3n del estr\u00e9s: S\u00ed<\/li>\n<li>Calidad del sue\u00f1o: S\u00ed<\/li>\n<li>Actividad recomendada: B\u00e9isbol, Baloncesto, Boxeo, Alpinismo, Ciclismo, Pesca, Fitness, F\u00fatbol, Gimnasia, Caza, Pilates, Remo, Correr, Skateboarding, Esquiar, Surf, Taekwondo, Para hacer jogging, Yoga<\/li>\n<\/ul>\n<p><strong>Conexi\u00f3n:<\/strong><\/p>\n<ul>\n<li>GPS (sat\u00e9lite): S\u00ed<\/li>\n<li>Tarjeta SIM Datos M\u00f3viles: No<\/li>\n<\/ul>\n<\/div>\n","protected":false},"excerpt":{"rendered":"<p><span style=\"color: #ff0000;\"><strong>\u00a1ENV\u00cdO GRATIS!<\/strong><\/span><\/p>\n","protected":false},"featured_media":219112,"comment_status":"open","ping_status":"closed","template":"","meta":{"_joinchat":[]},"product_cat":[795,6873],"product_tag":[],"class_list":{"0":"post-219108","1":"product","2":"type-product","3":"status-publish","4":"has-post-thumbnail","6":"product_cat-electronica","7":"product_cat-smartwatches","9":"first","10":"instock","11":"sale","12":"taxable","13":"shipping-taxable","14":"purchasable","15":"product-type-simple"},"_links":{"self":[{"href":"https:\/\/desdropi.com\/elparque\/wp-json\/wp\/v2\/product\/219108"}],"collection":[{"href":"https:\/\/desdropi.com\/elparque\/wp-json\/wp\/v2\/product"}],"about":[{"href":"https:\/\/desdropi.com\/elparque\/wp-json\/wp\/v2\/types\/product"}],"replies":[{"embeddable":true,"href":"https:\/\/desdropi.com\/elparque\/wp-json\/wp\/v2\/comments?post=219108"}],"version-history":[{"count":0,"href":"https:\/\/desdropi.com\/elparque\/wp-json\/wp\/v2\/product\/219108\/revisions"}],"wp:featuredmedia":[{"embeddable":true,"href":"https:\/\/desdropi.com\/elparque\/wp-json\/wp\/v2\/media\/219112"}],"wp:attachment":[{"href":"https:\/\/desdropi.com\/elparque\/wp-json\/wp\/v2\/media?parent=219108"}],"wp:term":[{"taxonomy":"product_cat","embeddable":true,"href":"https:\/\/desdropi.com\/elparque\/wp-json\/wp\/v2\/product_cat?post=219108"},{"taxonomy":"product_tag","embeddable":true,"href":"https:\/\/desdropi.com\/elparque\/wp-json\/wp\/v2\/product_tag?post=219108"}],"curies":[{"name":"wp","href":"https:\/\/api.w.org\/{rel}","templated":true}]}}