{"id":219130,"date":"2024-04-16T19:03:06","date_gmt":"2024-04-16T17:03:06","guid":{"rendered":"https:\/\/desdropi.com\/elparque\/?post_type=product&#038;p=219130"},"modified":"2024-05-17T13:03:37","modified_gmt":"2024-05-17T11:03:37","slug":"smartwatch-amazfit-active-midnight-black","status":"publish","type":"product","link":"https:\/\/desdropi.com\/elparque\/smartwatch-amazfit-active-midnight-black\/","title":{"rendered":"SMARTWATCH AMAZFIT ACTIVE MIDNIGHT BLACK"},"content":{"rendered":"<div class=\"descripcion-tab\">\n<strong>NOMBRE DEL PRODUCTO: Smartwatch AMAZFIT W2211EU5N<\/strong><strong>Exhibici\u00f3n:<\/strong><\/p>\n<ul>\n<li>Tipo de visualizador: Digital<\/li>\n<li>Resoluci\u00f3n de la pantalla: 390 x 450<\/li>\n<li>Pantalla t\u00e1ctil: S\u00ed<\/li>\n<li>Diagonal de la pantalla: 4,45 pulgadas<\/li>\n<li>Tecnolog\u00eda de visualizaci\u00f3n: AMOLED<\/li>\n<li>Pantalla con funci\u00f3n Always-on: S\u00ed<\/li>\n<li>Densidad del pixel: 341 ppi<\/li>\n<\/ul>\n<p><strong>Puertos e Interfaces:<\/strong><\/p>\n<ul>\n<li>Versi\u00f3n de Bluetooth: 5.2<\/li>\n<li>Bluetooth Low Energy (BLE): S\u00ed<\/li>\n<li>Bluetooth: S\u00ed<\/li>\n<li>Comunicaci\u00f3n de Campo Cercano (NFC): No<\/li>\n<li>Auriculares Bluetooth<\/li>\n<\/ul>\n<p><strong>Peso y dimensiones:<\/strong><\/p>\n<ul>\n<li>Ancho de banda: 2 mm<\/li>\n<li>Peso: 24,1 g<\/li>\n<\/ul>\n<p><strong>Control de energ\u00eda:<\/strong><\/p>\n<ul>\n<li>Tipo de bater\u00eda: Bater\u00eda integrada<\/li>\n<li>Tecnolog\u00eda de bater\u00eda: Pol\u00edmero de litio<\/li>\n<li>Capacidad de bater\u00eda: 300 mAh<\/li>\n<li>Tiempo de carga: 2 horas<\/li>\n<li>Autonom\u00eda: 336 horas<\/li>\n<li>Cargador inal\u00e1mbrico: S\u00ed<\/li>\n<\/ul>\n<p><strong>Dise\u00f1o:<\/strong><\/p>\n<ul>\n<li>Posicionamiento de mercado: Reloj inteligente<\/li>\n<li>Color de la esfera: Negro<\/li>\n<li>Color de la correa: Negro<\/li>\n<li>Forma: Rectangular<\/li>\n<li>Material de la banda: Silicona<\/li>\n<li>Material de la caja del reloj: Aluminio, Policarbonato (PC)<\/li>\n<li>Resistencia al agua: 5 ATM<\/li>\n<\/ul>\n<p><strong>Desempe\u00f1o:<\/strong><\/p>\n<ul>\n<li>Capacidad de RAM: 32 MB<\/li>\n<li>Micr\u00f3fono incorporado: S\u00ed<\/li>\n<li>Altavoces incorporados: S\u00ed<\/li>\n<li>C\u00e1mara incorporada: No<\/li>\n<\/ul>\n<p><strong>Caracter\u00edsticas:<\/strong><\/p>\n<ul>\n<li>Sensor frecuencia card\u00edaca: S\u00ed<\/li>\n<li>Aceler\u00f3metro: S\u00ed<\/li>\n<li>Sensor geomagn\u00e9tico: S\u00ed<\/li>\n<li>Sensor de temperatura de la piel: S\u00ed<\/li>\n<li>Motor vibratorio: S\u00ed<\/li>\n<li>Notificaciones inteligentes: S\u00ed<\/li>\n<li>Notificaciones de SMS: S\u00ed<\/li>\n<li>Sensor de nivel de ox\u00edgeno en sangre: S\u00ed<\/li>\n<li>Funci\u00f3n de monitorizaci\u00f3n del estr\u00e9s: S\u00ed<\/li>\n<li>Calidad del sue\u00f1o: S\u00ed<\/li>\n<li>Tensi\u00f3metro: S\u00ed<\/li>\n<li>Modo multideporte: S\u00ed<\/li>\n<li>Visualizaci\u00f3n de clima: S\u00ed<\/li>\n<li>Notificaciones del calendario: S\u00ed<\/li>\n<li>Captura remota de fotos: S\u00ed<\/li>\n<\/ul>\n<p><strong>Conexi\u00f3n:<\/strong><\/p>\n<ul>\n<li>GPS (sat\u00e9lite): S\u00ed<\/li>\n<\/ul>\n<\/div>\n","protected":false},"excerpt":{"rendered":"<p><span style=\"color: #ff0000;\"><strong>\u00a1ENV\u00cdO GRATIS!<\/strong><\/span><\/p>\n","protected":false},"featured_media":219132,"comment_status":"open","ping_status":"closed","template":"","meta":{"_joinchat":[]},"product_cat":[795,6873],"product_tag":[],"class_list":{"0":"post-219130","1":"product","2":"type-product","3":"status-publish","4":"has-post-thumbnail","6":"product_cat-electronica","7":"product_cat-smartwatches","9":"first","10":"instock","11":"sale","12":"taxable","13":"shipping-taxable","14":"purchasable","15":"product-type-simple"},"_links":{"self":[{"href":"https:\/\/desdropi.com\/elparque\/wp-json\/wp\/v2\/product\/219130"}],"collection":[{"href":"https:\/\/desdropi.com\/elparque\/wp-json\/wp\/v2\/product"}],"about":[{"href":"https:\/\/desdropi.com\/elparque\/wp-json\/wp\/v2\/types\/product"}],"replies":[{"embeddable":true,"href":"https:\/\/desdropi.com\/elparque\/wp-json\/wp\/v2\/comments?post=219130"}],"version-history":[{"count":0,"href":"https:\/\/desdropi.com\/elparque\/wp-json\/wp\/v2\/product\/219130\/revisions"}],"wp:featuredmedia":[{"embeddable":true,"href":"https:\/\/desdropi.com\/elparque\/wp-json\/wp\/v2\/media\/219132"}],"wp:attachment":[{"href":"https:\/\/desdropi.com\/elparque\/wp-json\/wp\/v2\/media?parent=219130"}],"wp:term":[{"taxonomy":"product_cat","embeddable":true,"href":"https:\/\/desdropi.com\/elparque\/wp-json\/wp\/v2\/product_cat?post=219130"},{"taxonomy":"product_tag","embeddable":true,"href":"https:\/\/desdropi.com\/elparque\/wp-json\/wp\/v2\/product_tag?post=219130"}],"curies":[{"name":"wp","href":"https:\/\/api.w.org\/{rel}","templated":true}]}}